{"id":212,"date":"2015-12-23T09:32:26","date_gmt":"2015-12-23T08:32:26","guid":{"rendered":"http:\/\/agora.xtec.cat\/cee-laginesta\/?page_id=212"},"modified":"2020-06-05T22:19:28","modified_gmt":"2020-06-05T20:19:28","slug":"credv","status":"publish","type":"page","link":"https:\/\/agora.xtec.cat\/cee-laginesta\/treball-xarxa\/credv\/","title":{"rendered":"CREDV"},"content":{"rendered":"<p>Per aquells alumnes amb algun tipus de discapacitat visual greu, l&#8217;escola disposa de l&#8217;assessorament del <a href=\"http:\/\/xtec.gencat.cat\/ca\/serveis\/see\/credv\/\" target=\"_blank\" rel=\"noopener noreferrer\">CREDV<\/a> en col\u00b7laboraci\u00f3 amb l&#8217;ONCE.<\/p>\n<p>El professional fa la valoraci\u00f3 de l&#8217;alumne, i orienta i dota de recursos els mestres i educadors per a la seva actuaci\u00f3 al dia a dia i a l&#8217;aula. La intervenci\u00f3 es concreta en tres grans \u00e0mbits: alumnat i fam\u00edlies, centres i professorat, i zona educativa.<\/p>\n","protected":false},"excerpt":{"rendered":"<p>Per aquells alumnes amb algun tipus de discapacitat visual greu, l&#8217;escola disposa de l&#8217;assessorament del <a href=\"http:\/\/xtec.gencat.cat\/ca\/serveis\/see\/credv\/\" target=\"_blank\" rel=\"noopener noreferrer\">CREDV<\/a> en col\u00b7laboraci\u00f3 amb l&#8217;ONCE.<br \/>\nEl professional fa la valoraci\u00f3 de l&#8217;alumne, i orienta i dota de recursos els mestres i educadors per a la seva actuaci\u00f3&hellip;  <a href=\"https:\/\/agora.xtec.cat\/cee-laginesta\/treball-xarxa\/credv\/\" title=\"Read CREDV\">Llegeix m\u00e9s\u00bb<\/a><\/p>\n","protected":false},"author":1,"featured_media":0,"parent":274,"menu_order":50,"comment_status":"closed","ping_status":"closed","template":"page-templates\/side-menu.php","meta":{"_bbp_topic_count":0,"_bbp_reply_count":0,"_bbp_total_topic_count":0,"_bbp_total_reply_count":0,"_bbp_voice_count":0,"_bbp_anonymous_reply_count":0,"_bbp_topic_count_hidden":0,"_bbp_reply_count_hidden":0,"_bbp_forum_subforum_count":0,"footnotes":""},"class_list":["post-212","page","type-page","status-publish","hentry"],"post_mailing_queue_ids":[],"_links":{"self":[{"href":"https:\/\/agora.xtec.cat\/cee-laginesta\/wp-json\/wp\/v2\/pages\/212","targetHints":{"allow":["GET"]}}],"collection":[{"href":"https:\/\/agora.xtec.cat\/cee-laginesta\/wp-json\/wp\/v2\/pages"}],"about":[{"href":"https:\/\/agora.xtec.cat\/cee-laginesta\/wp-json\/wp\/v2\/types\/page"}],"author":[{"embeddable":true,"href":"https:\/\/agora.xtec.cat\/cee-laginesta\/wp-json\/wp\/v2\/users\/1"}],"replies":[{"embeddable":true,"href":"https:\/\/agora.xtec.cat\/cee-laginesta\/wp-json\/wp\/v2\/comments?post=212"}],"version-history":[{"count":4,"href":"https:\/\/agora.xtec.cat\/cee-laginesta\/wp-json\/wp\/v2\/pages\/212\/revisions"}],"predecessor-version":[{"id":5456,"href":"https:\/\/agora.xtec.cat\/cee-laginesta\/wp-json\/wp\/v2\/pages\/212\/revisions\/5456"}],"up":[{"embeddable":true,"href":"https:\/\/agora.xtec.cat\/cee-laginesta\/wp-json\/wp\/v2\/pages\/274"}],"wp:attachment":[{"href":"https:\/\/agora.xtec.cat\/cee-laginesta\/wp-json\/wp\/v2\/media?parent=212"}],"curies":[{"name":"wp","href":"https:\/\/api.w.org\/{rel}","templated":true}]}}