{"id":73,"date":"2014-09-18T14:01:51","date_gmt":"2014-09-18T13:01:51","guid":{"rendered":"http:\/\/agora.xtec.cat\/cee-josepsol\/?page_id=73"},"modified":"2026-03-03T11:00:37","modified_gmt":"2026-03-03T10:00:37","slug":"menjador-escolar","status":"publish","type":"page","link":"https:\/\/agora.xtec.cat\/cee-josepsol\/serveis\/menjador-escolar\/","title":{"rendered":"Menjador"},"content":{"rendered":"<p>El centre disposa de servei de menjador amb cuina pr\u00f2pia. Gestionat per l&#8217;empresa &#8220;<a href=\"https:\/\/comacasamenjadors.cat\/\"><em>Com a casa -Menjadors escolars<\/em><\/a>&#8220;.<\/p>\n<p>Els men\u00fas estan revisats per una nutricionista i s&#8217;adeq\u00fcen a les necessitats de cada alumne.<\/p>\n<p>El menjador es realitza en dos torns:<\/p>\n<p>1r. El primer torn dina de <strong>12:30 a 13:30h<\/strong>. En aquesta franja hor\u00e0ria dinen els m\u00e9s petits de l&#8217;escola, juntament amb aquells alumnes que presenten unes necessitats espec\u00edfiques en l&#8217;\u00e0mbit de l&#8217;alimentaci\u00f3.<\/p>\n<p>2n. El segon torn dina de <strong>13 a 14h<\/strong>. En aquesta franja dinen els alumnes m\u00e9s aut\u00f2noms de l&#8217;escola, les etapes de primaria i secundaria.<\/p>\n<p>En totes dues franges intervenen un grup de monitors i monitores que, des de l&#8217;inici de curs, es coordinen amb el tutor o tutora d&#8217;aula per tal de vetllar pel <a href=\"http:\/\/agora.xtec.cat\/cee-josepsol\/wp-content\/uploads\/usu23\/2014\/09\/Menjador-petit.jpg\"><img loading=\"lazy\" decoding=\"async\" class=\"wp-image-470 alignleft\" src=\"http:\/\/agora.xtec.cat\/cee-josepsol\/wp-content\/uploads\/usu23\/2014\/09\/Menjador-petit-1024x768.jpg\" alt=\"\" width=\"188\" height=\"141\" srcset=\"https:\/\/agora.xtec.cat\/cee-josepsol\/wp-content\/uploads\/usu23\/2014\/09\/Menjador-petit-1024x768.jpg 1024w, https:\/\/agora.xtec.cat\/cee-josepsol\/wp-content\/uploads\/usu23\/2014\/09\/Menjador-petit-300x225.jpg 300w, https:\/\/agora.xtec.cat\/cee-josepsol\/wp-content\/uploads\/usu23\/2014\/09\/Menjador-petit-768x576.jpg 768w, https:\/\/agora.xtec.cat\/cee-josepsol\/wp-content\/uploads\/usu23\/2014\/09\/Menjador-petit-200x150.jpg 200w\" sizes=\"auto, (max-width: 188px) 100vw, 188px\" \/><\/a>seguiment i la programaci\u00f3 de l&#8217;alumne\/a.<\/p>\n<p>Aquest curs hi ha un total de 32 monitors i monitores.<\/p>\n<p>En aquest enlla\u00e7 trobareu el<a href=\"https:\/\/agora.xtec.cat\/cee-josepsol\/tag\/menu\/\"> Men\u00fa<\/a><\/p>\n","protected":false},"excerpt":{"rendered":"<p>El centre disposa de servei de menjador amb cuina pr\u00f2pia. Gestionat per l&#8217;empresa &#8220;Com a casa -Menjadors escolars&#8220;. Els men\u00fas estan revisats per una nutricionista i s&#8217;adeq\u00fcen a les necessitats de cada alumne. El menjador es realitza en dos torns: 1r. El primer torn dina de 12:30 a 13:30h. En aquesta franja hor\u00e0ria dinen els [&hellip;]<\/p>\n","protected":false},"author":1,"featured_media":0,"parent":66,"menu_order":30,"comment_status":"closed","ping_status":"closed","template":"","meta":{"_bbp_topic_count":0,"_bbp_reply_count":0,"_bbp_total_topic_count":0,"_bbp_total_reply_count":0,"_bbp_voice_count":0,"_bbp_anonymous_reply_count":0,"_bbp_topic_count_hidden":0,"_bbp_reply_count_hidden":0,"_bbp_forum_subforum_count":0,"site-sidebar-layout":"default","site-content-layout":"","ast-site-content-layout":"default","site-content-style":"default","site-sidebar-style":"default","ast-global-header-display":"","ast-banner-title-visibility":"","ast-main-header-display":"","ast-hfb-above-header-display":"","ast-hfb-below-header-display":"","ast-hfb-mobile-header-display":"","site-post-title":"","ast-breadcrumbs-content":"","ast-featured-img":"","footer-sml-layout":"","theme-transparent-header-meta":"","adv-header-id-meta":"","stick-header-meta":"","header-above-stick-meta":"","header-main-stick-meta":"","header-below-stick-meta":"","astra-migrate-meta-layouts":"set","ast-page-background-enabled":"default","ast-page-background-meta":{"desktop":{"background-color":"var(--ast-global-color-4)","background-image":"","background-repeat":"repeat","background-position":"center center","background-size":"auto","background-attachment":"scroll","background-type":"","background-media":"","overlay-type":"","overlay-color":"","overlay-opacity":"","overlay-gradient":""},"tablet":{"background-color":"","background-image":"","background-repeat":"repeat","background-position":"center center","background-size":"auto","background-attachment":"scroll","background-type":"","background-media":"","overlay-type":"","overlay-color":"","overlay-opacity":"","overlay-gradient":""},"mobile":{"background-color":"","background-image":"","background-repeat":"repeat","background-position":"center center","background-size":"auto","background-attachment":"scroll","background-type":"","background-media":"","overlay-type":"","overlay-color":"","overlay-opacity":"","overlay-gradient":""}},"ast-content-background-meta":{"desktop":{"background-color":"var(--ast-global-color-5)","background-image":"","background-repeat":"repeat","background-position":"center center","background-size":"auto","background-attachment":"scroll","background-type":"","background-media":"","overlay-type":"","overlay-color":"","overlay-opacity":"","overlay-gradient":""},"tablet":{"background-color":"var(--ast-global-color-5)","background-image":"","background-repeat":"repeat","background-position":"center center","background-size":"auto","background-attachment":"scroll","background-type":"","background-media":"","overlay-type":"","overlay-color":"","overlay-opacity":"","overlay-gradient":""},"mobile":{"background-color":"var(--ast-global-color-5)","background-image":"","background-repeat":"repeat","background-position":"center center","background-size":"auto","background-attachment":"scroll","background-type":"","background-media":"","overlay-type":"","overlay-color":"","overlay-opacity":"","overlay-gradient":""}},"footnotes":""},"class_list":["post-73","page","type-page","status-publish","hentry"],"post_mailing_queue_ids":[],"_links":{"self":[{"href":"https:\/\/agora.xtec.cat\/cee-josepsol\/wp-json\/wp\/v2\/pages\/73","targetHints":{"allow":["GET"]}}],"collection":[{"href":"https:\/\/agora.xtec.cat\/cee-josepsol\/wp-json\/wp\/v2\/pages"}],"about":[{"href":"https:\/\/agora.xtec.cat\/cee-josepsol\/wp-json\/wp\/v2\/types\/page"}],"author":[{"embeddable":true,"href":"https:\/\/agora.xtec.cat\/cee-josepsol\/wp-json\/wp\/v2\/users\/1"}],"replies":[{"embeddable":true,"href":"https:\/\/agora.xtec.cat\/cee-josepsol\/wp-json\/wp\/v2\/comments?post=73"}],"version-history":[{"count":4,"href":"https:\/\/agora.xtec.cat\/cee-josepsol\/wp-json\/wp\/v2\/pages\/73\/revisions"}],"predecessor-version":[{"id":4802,"href":"https:\/\/agora.xtec.cat\/cee-josepsol\/wp-json\/wp\/v2\/pages\/73\/revisions\/4802"}],"up":[{"embeddable":true,"href":"https:\/\/agora.xtec.cat\/cee-josepsol\/wp-json\/wp\/v2\/pages\/66"}],"wp:attachment":[{"href":"https:\/\/agora.xtec.cat\/cee-josepsol\/wp-json\/wp\/v2\/media?parent=73"}],"curies":[{"name":"wp","href":"https:\/\/api.w.org\/{rel}","templated":true}]}}