{"id":64,"date":"2014-09-18T12:39:08","date_gmt":"2014-09-18T11:39:08","guid":{"rendered":"http:\/\/agora.xtec.cat\/cee-josepsol\/?page_id=64"},"modified":"2024-09-29T21:06:51","modified_gmt":"2024-09-29T19:06:51","slug":"projecte-educatiu","status":"publish","type":"page","link":"https:\/\/agora.xtec.cat\/cee-josepsol\/projecte-educatiu\/","title":{"rendered":"Projecte educatiu"},"content":{"rendered":"<p>El Projecte Educatiu (PEC) intenta recollir els trets fonamentals que formen els elements metodol\u00f2gics, l\u2019organitzaci\u00f3 i el funcionament del Centre per atendre les necessitats educatives i terap\u00e8utiques de l\u2019alumnat.<\/p>\n<p>El CEE Josep Sol, \u00e9s l\u2019\u00fanic Centre d\u2019Educaci\u00f3 Especial de la poblaci\u00f3 de Santa Coloma de Gramenet. At\u00e9n alumnat amb discapacitats greus o severes que necessitin una elevada intensitat de suport educatiu i mesures curriculars, metodol\u00f2giques, organitzatives o psicopedag\u00f2giques altament individualitzades.<\/p>\n<p>L&#8217;escola elabora d\u2019uns acords d\u2019organitzaci\u00f3 i funcionament que sostenen i donen identitat al CEE. Aquest acords estan recollits en forma de Projecte d&#8217;Etapa ( Infantil, Prim\u00e0ria i Secund\u00e0ria) i Plans d\u2019atenci\u00f3.<\/p>\n<p>Per tal de poder atendre les necessitats educatives dels alumnes aquests s&#8217;organitzen segons criteris d&#8217;edat cronol\u00f2gica, caracter\u00edstiques i necessitats, en la mesura del possible. Atenent el criteri organitzatiu de l&#8217;edat cronol\u00f2gica, els alumnes es distribueixen\u00a0 en el nostre centre en tres etapes educatives.<\/p>\n<p>Les peculiaritats i especificitats de cada una de les etapes en qu\u00e8 s&#8217;organitza el nostre centre queden recollides en el projecte d&#8217;etapa que s&#8217;elaboren i es revisen cada inici de curs.<\/p>\n<p>Les caracter\u00edstiques i necessitats dels nostres alumnes, a m\u00e9s a m\u00e9s, fan que sigui necessari atendre aspectes m\u00e9s espec\u00edfics. Per poder fer-ho d&#8217;una manera global s&#8217;han elaborat els diferents plans d&#8217;atenci\u00f3 al voltant de les caracter\u00edstiques i necessitats dels nostres alumnes.<\/p>\n<p>Pla d&#8217;atenci\u00f3 a l&#8217;alumnat amb TEA.\u00a0 Aquest projecte recull totes les intervencions espec\u00edfiques i la manera de treballar amb els alumnes amb TEA.<\/p>\n<p>Pla d&#8217;atenci\u00f3 a l&#8217;alumnat amb Pluridiscapacitat. Aquest projecte recull totes les intervencions espec\u00edfiques i la manera de treballar amb els alumnes amb Pluridiscapacitat.<\/p>\n","protected":false},"excerpt":{"rendered":"<p>El Projecte Educatiu (PEC) intenta recollir els trets fonamentals que formen els elements metodol\u00f2gics, l\u2019organitzaci\u00f3 i el funcionament del Centre per atendre les necessitats educatives i terap\u00e8utiques de l\u2019alumnat. El CEE Josep Sol, \u00e9s l\u2019\u00fanic Centre d\u2019Educaci\u00f3 Especial de la poblaci\u00f3 de Santa Coloma de Gramenet. At\u00e9n alumnat amb discapacitats greus o severes que necessitin [&hellip;]<\/p>\n","protected":false},"author":1,"featured_media":0,"parent":0,"menu_order":0,"comment_status":"closed","ping_status":"closed","template":"page-templates\/side-menu.php","meta":{"_bbp_topic_count":0,"_bbp_reply_count":0,"_bbp_total_topic_count":0,"_bbp_total_reply_count":0,"_bbp_voice_count":0,"_bbp_anonymous_reply_count":0,"_bbp_topic_count_hidden":0,"_bbp_reply_count_hidden":0,"_bbp_forum_subforum_count":0,"site-sidebar-layout":"default","site-content-layout":"","ast-site-content-layout":"","site-content-style":"default","site-sidebar-style":"default","ast-global-header-display":"","ast-banner-title-visibility":"","ast-main-header-display":"","ast-hfb-above-header-display":"","ast-hfb-below-header-display":"","ast-hfb-mobile-header-display":"","site-post-title":"","ast-breadcrumbs-content":"","ast-featured-img":"","footer-sml-layout":"","theme-transparent-header-meta":"","adv-header-id-meta":"","stick-header-meta":"","header-above-stick-meta":"","header-main-stick-meta":"","header-below-stick-meta":"","astra-migrate-meta-layouts":"default","ast-page-background-enabled":"default","ast-page-background-meta":{"desktop":{"background-color":"var(--ast-global-color-4)","background-image":"","background-repeat":"repeat","background-position":"center center","background-size":"auto","background-attachment":"scroll","background-type":"","background-media":"","overlay-type":"","overlay-color":"","overlay-opacity":"","overlay-gradient":""},"tablet":{"background-color":"","background-image":"","background-repeat":"repeat","background-position":"center center","background-size":"auto","background-attachment":"scroll","background-type":"","background-media":"","overlay-type":"","overlay-color":"","overlay-opacity":"","overlay-gradient":""},"mobile":{"background-color":"","background-image":"","background-repeat":"repeat","background-position":"center center","background-size":"auto","background-attachment":"scroll","background-type":"","background-media":"","overlay-type":"","overlay-color":"","overlay-opacity":"","overlay-gradient":""}},"ast-content-background-meta":{"desktop":{"background-color":"var(--ast-global-color-5)","background-image":"","background-repeat":"repeat","background-position":"center center","background-size":"auto","background-attachment":"scroll","background-type":"","background-media":"","overlay-type":"","overlay-color":"","overlay-opacity":"","overlay-gradient":""},"tablet":{"background-color":"var(--ast-global-color-5)","background-image":"","background-repeat":"repeat","background-position":"center center","background-size":"auto","background-attachment":"scroll","background-type":"","background-media":"","overlay-type":"","overlay-color":"","overlay-opacity":"","overlay-gradient":""},"mobile":{"background-color":"var(--ast-global-color-5)","background-image":"","background-repeat":"repeat","background-position":"center center","background-size":"auto","background-attachment":"scroll","background-type":"","background-media":"","overlay-type":"","overlay-color":"","overlay-opacity":"","overlay-gradient":""}},"footnotes":""},"class_list":["post-64","page","type-page","status-publish","hentry"],"post_mailing_queue_ids":[],"_links":{"self":[{"href":"https:\/\/agora.xtec.cat\/cee-josepsol\/wp-json\/wp\/v2\/pages\/64","targetHints":{"allow":["GET"]}}],"collection":[{"href":"https:\/\/agora.xtec.cat\/cee-josepsol\/wp-json\/wp\/v2\/pages"}],"about":[{"href":"https:\/\/agora.xtec.cat\/cee-josepsol\/wp-json\/wp\/v2\/types\/page"}],"author":[{"embeddable":true,"href":"https:\/\/agora.xtec.cat\/cee-josepsol\/wp-json\/wp\/v2\/users\/1"}],"replies":[{"embeddable":true,"href":"https:\/\/agora.xtec.cat\/cee-josepsol\/wp-json\/wp\/v2\/comments?post=64"}],"version-history":[{"count":4,"href":"https:\/\/agora.xtec.cat\/cee-josepsol\/wp-json\/wp\/v2\/pages\/64\/revisions"}],"predecessor-version":[{"id":4119,"href":"https:\/\/agora.xtec.cat\/cee-josepsol\/wp-json\/wp\/v2\/pages\/64\/revisions\/4119"}],"wp:attachment":[{"href":"https:\/\/agora.xtec.cat\/cee-josepsol\/wp-json\/wp\/v2\/media?parent=64"}],"curies":[{"name":"wp","href":"https:\/\/api.w.org\/{rel}","templated":true}]}}