{"id":581,"date":"2018-07-10T12:51:07","date_gmt":"2018-07-10T10:51:07","guid":{"rendered":"http:\/\/agora.xtec.cat\/cee-josepsol\/?page_id=581"},"modified":"2023-01-16T09:57:38","modified_gmt":"2023-01-16T08:57:38","slug":"projecte-curricular","status":"publish","type":"page","link":"https:\/\/agora.xtec.cat\/cee-josepsol\/projecte-educatiu\/projecte-curricular\/","title":{"rendered":"Projecte Curricular"},"content":{"rendered":"<p>En el nostre centre els alumnes poden cursar l&#8217;Educaci\u00f3 Infantil i l&#8217;Educaci\u00f3 B\u00e0sica Obligat\u00f2ria<\/p>\n<p>Els continguts acad\u00e8mics dels diferents curr\u00edculums prescriptius estan organitzats i adaptats per tal de poder donar una resposta educativa ajustada als nostres alumnes. Les adaptacions parteixen del curr\u00edculum d&#8217;infantil i del curr\u00edculum d&#8217;educaci\u00f3 prim\u00e0ria. De forma interrelacionada i transversal es treballen les habilitats adaptatives que es recullen en els documents d&#8217;atenci\u00f3 a la diversitat.<\/p>\n<p>A partir del desplegament i adaptaci\u00f3 curricular del nostre centre se&#8217;n deriven diferents projectes did\u00e0ctics.<\/p>\n<ul>\n<li>Projecte de lectoescriptura. Aquest projecte recull i pauta el treball espec\u00edfic de la lectoescriptura amb els nostres alumnes.<\/li>\n<li>Projecte d&#8217;activitats aqu\u00e0tiques. Aquest projecte recull els objectius de treball i els destinataris de les activitats aqu\u00e0tiques.<\/li>\n<li>Projecte de Psicomotricitat. Aquest projecte recull els objectius de treball i els destinataris de les activitats de psicomotricitat.<\/li>\n<li>Projecte de Taller d&#8217;expressi\u00f3 i joc dram\u00e0tic.<\/li>\n<li>Projecte d&#8217;intervenci\u00f3 a la sala multisensorial. Aquest projecte recull els objectius de treball i els destinataris de la sala multisensorial.<\/li>\n<\/ul>\n","protected":false},"excerpt":{"rendered":"<p>En el nostre centre els alumnes poden cursar l&#8217;Educaci\u00f3 Infantil i l&#8217;Educaci\u00f3 B\u00e0sica Obligat\u00f2ria Els continguts acad\u00e8mics dels diferents curr\u00edculums prescriptius estan organitzats i adaptats per tal de poder donar una resposta educativa ajustada als nostres alumnes. Les adaptacions parteixen del curr\u00edculum d&#8217;infantil i del curr\u00edculum d&#8217;educaci\u00f3 prim\u00e0ria. De forma interrelacionada i transversal es treballen [&hellip;]<\/p>\n","protected":false},"author":1,"featured_media":0,"parent":64,"menu_order":0,"comment_status":"closed","ping_status":"closed","template":"page-templates\/side-menu.php","meta":{"_bbp_topic_count":0,"_bbp_reply_count":0,"_bbp_total_topic_count":0,"_bbp_total_reply_count":0,"_bbp_voice_count":0,"_bbp_anonymous_reply_count":0,"_bbp_topic_count_hidden":0,"_bbp_reply_count_hidden":0,"_bbp_forum_subforum_count":0,"site-sidebar-layout":"default","site-content-layout":"","ast-site-content-layout":"","site-content-style":"default","site-sidebar-style":"default","ast-global-header-display":"","ast-banner-title-visibility":"","ast-main-header-display":"","ast-hfb-above-header-display":"","ast-hfb-below-header-display":"","ast-hfb-mobile-header-display":"","site-post-title":"","ast-breadcrumbs-content":"","ast-featured-img":"","footer-sml-layout":"","theme-transparent-header-meta":"","adv-header-id-meta":"","stick-header-meta":"","header-above-stick-meta":"","header-main-stick-meta":"","header-below-stick-meta":"","astra-migrate-meta-layouts":"default","ast-page-background-enabled":"default","ast-page-background-meta":{"desktop":{"background-color":"var(--ast-global-color-4)","background-image":"","background-repeat":"repeat","background-position":"center center","background-size":"auto","background-attachment":"scroll","background-type":"","background-media":"","overlay-type":"","overlay-color":"","overlay-opacity":"","overlay-gradient":""},"tablet":{"background-color":"","background-image":"","background-repeat":"repeat","background-position":"center center","background-size":"auto","background-attachment":"scroll","background-type":"","background-media":"","overlay-type":"","overlay-color":"","overlay-opacity":"","overlay-gradient":""},"mobile":{"background-color":"","background-image":"","background-repeat":"repeat","background-position":"center center","background-size":"auto","background-attachment":"scroll","background-type":"","background-media":"","overlay-type":"","overlay-color":"","overlay-opacity":"","overlay-gradient":""}},"ast-content-background-meta":{"desktop":{"background-color":"var(--ast-global-color-5)","background-image":"","background-repeat":"repeat","background-position":"center center","background-size":"auto","background-attachment":"scroll","background-type":"","background-media":"","overlay-type":"","overlay-color":"","overlay-opacity":"","overlay-gradient":""},"tablet":{"background-color":"var(--ast-global-color-5)","background-image":"","background-repeat":"repeat","background-position":"center center","background-size":"auto","background-attachment":"scroll","background-type":"","background-media":"","overlay-type":"","overlay-color":"","overlay-opacity":"","overlay-gradient":""},"mobile":{"background-color":"var(--ast-global-color-5)","background-image":"","background-repeat":"repeat","background-position":"center center","background-size":"auto","background-attachment":"scroll","background-type":"","background-media":"","overlay-type":"","overlay-color":"","overlay-opacity":"","overlay-gradient":""}},"footnotes":""},"class_list":["post-581","page","type-page","status-publish","hentry"],"post_mailing_queue_ids":[],"_links":{"self":[{"href":"https:\/\/agora.xtec.cat\/cee-josepsol\/wp-json\/wp\/v2\/pages\/581","targetHints":{"allow":["GET"]}}],"collection":[{"href":"https:\/\/agora.xtec.cat\/cee-josepsol\/wp-json\/wp\/v2\/pages"}],"about":[{"href":"https:\/\/agora.xtec.cat\/cee-josepsol\/wp-json\/wp\/v2\/types\/page"}],"author":[{"embeddable":true,"href":"https:\/\/agora.xtec.cat\/cee-josepsol\/wp-json\/wp\/v2\/users\/1"}],"replies":[{"embeddable":true,"href":"https:\/\/agora.xtec.cat\/cee-josepsol\/wp-json\/wp\/v2\/comments?post=581"}],"version-history":[{"count":3,"href":"https:\/\/agora.xtec.cat\/cee-josepsol\/wp-json\/wp\/v2\/pages\/581\/revisions"}],"predecessor-version":[{"id":3859,"href":"https:\/\/agora.xtec.cat\/cee-josepsol\/wp-json\/wp\/v2\/pages\/581\/revisions\/3859"}],"up":[{"embeddable":true,"href":"https:\/\/agora.xtec.cat\/cee-josepsol\/wp-json\/wp\/v2\/pages\/64"}],"wp:attachment":[{"href":"https:\/\/agora.xtec.cat\/cee-josepsol\/wp-json\/wp\/v2\/media?parent=581"}],"curies":[{"name":"wp","href":"https:\/\/api.w.org\/{rel}","templated":true}]}}