{"id":485,"date":"2017-11-17T10:25:23","date_gmt":"2017-11-17T09:25:23","guid":{"rendered":"http:\/\/agora.xtec.cat\/cee-josepsol\/?page_id=485"},"modified":"2026-02-24T16:12:20","modified_gmt":"2026-02-24T15:12:20","slug":"infermeria","status":"publish","type":"page","link":"https:\/\/agora.xtec.cat\/cee-josepsol\/lescola\/salut\/infermeria\/","title":{"rendered":"Infermeria"},"content":{"rendered":"<p>Al CEE Josep Sol es compta amb la pres\u00e8ncia d&#8217;una infermera cada dia durant tot l&#8217;horari escolar, aquesta <strong>dep\u00e8n directament de l&#8217;Hospital Sant Joan de D\u00e9u. <\/strong>El conveni entre els Departaments d&#8217;educaci\u00f3 i sanitat \u00e9s el que defineix les funcions d&#8217;aquest professional al\u00a0 nostre centre.<\/p>\n<p>Les seves funcions es recullen cada any a la Programaci\u00f3 General de Centre. Aquestes funcions no impliquen una exempci\u00f3 d&#8217;algunes d&#8217;elles de l&#8217;equip docent, sin\u00f3 una tasca compartida.<\/p>\n<p><a href=\"https:\/\/www.sjdhospitalbarcelona.org\/ca\" target=\"_blank\" rel=\"noopener noreferrer\">Hospital Sant Joan de D\u00e9u<\/a><\/p>\n<p><img loading=\"lazy\" decoding=\"async\" class=\"alignnone  wp-image-4742\" src=\"https:\/\/agora.xtec.cat\/cee-josepsol\/wp-content\/uploads\/usu23\/2026\/02\/infermeria-2-e1771945746851.png\" alt=\"\" width=\"257\" height=\"288\" srcset=\"https:\/\/agora.xtec.cat\/cee-josepsol\/wp-content\/uploads\/usu23\/2026\/02\/infermeria-2-e1771945746851.png 502w, https:\/\/agora.xtec.cat\/cee-josepsol\/wp-content\/uploads\/usu23\/2026\/02\/infermeria-2-e1771945746851-268x300.png 268w\" sizes=\"auto, (max-width: 257px) 100vw, 257px\" \/>\u00a0 \u00a0<img loading=\"lazy\" decoding=\"async\" class=\"alignnone  wp-image-4743\" style=\"font-weight: inherit;\" src=\"https:\/\/agora.xtec.cat\/cee-josepsol\/wp-content\/uploads\/usu23\/2026\/02\/infermeria-1.png\" alt=\"\" width=\"278\" height=\"282\" srcset=\"https:\/\/agora.xtec.cat\/cee-josepsol\/wp-content\/uploads\/usu23\/2026\/02\/infermeria-1.png 676w, https:\/\/agora.xtec.cat\/cee-josepsol\/wp-content\/uploads\/usu23\/2026\/02\/infermeria-1-296x300.png 296w\" sizes=\"auto, (max-width: 278px) 100vw, 278px\" \/><span style=\"font-size: 16px;\">\u00a0<\/span><\/p>\n","protected":false},"excerpt":{"rendered":"<p>Al CEE Josep Sol es compta amb la pres\u00e8ncia d&#8217;una infermera cada dia durant tot l&#8217;horari escolar, aquesta dep\u00e8n directament de l&#8217;Hospital Sant Joan de D\u00e9u. El conveni entre els Departaments d&#8217;educaci\u00f3 i sanitat \u00e9s el que defineix les funcions d&#8217;aquest professional al\u00a0 nostre centre. Les seves funcions es recullen cada any a la Programaci\u00f3 [&hellip;]<\/p>\n","protected":false},"author":1,"featured_media":0,"parent":38,"menu_order":0,"comment_status":"closed","ping_status":"closed","template":"","meta":{"_bbp_topic_count":0,"_bbp_reply_count":0,"_bbp_total_topic_count":0,"_bbp_total_reply_count":0,"_bbp_voice_count":0,"_bbp_anonymous_reply_count":0,"_bbp_topic_count_hidden":0,"_bbp_reply_count_hidden":0,"_bbp_forum_subforum_count":0,"site-sidebar-layout":"default","site-content-layout":"","ast-site-content-layout":"default","site-content-style":"default","site-sidebar-style":"default","ast-global-header-display":"","ast-banner-title-visibility":"","ast-main-header-display":"","ast-hfb-above-header-display":"","ast-hfb-below-header-display":"","ast-hfb-mobile-header-display":"","site-post-title":"","ast-breadcrumbs-content":"","ast-featured-img":"","footer-sml-layout":"","theme-transparent-header-meta":"default","adv-header-id-meta":"","stick-header-meta":"","header-above-stick-meta":"","header-main-stick-meta":"","header-below-stick-meta":"","astra-migrate-meta-layouts":"set","ast-page-background-enabled":"default","ast-page-background-meta":{"desktop":{"background-color":"var(--ast-global-color-4)","background-image":"","background-repeat":"repeat","background-position":"center center","background-size":"auto","background-attachment":"scroll","background-type":"","background-media":"","overlay-type":"","overlay-color":"","overlay-opacity":"","overlay-gradient":""},"tablet":{"background-color":"","background-image":"","background-repeat":"repeat","background-position":"center center","background-size":"auto","background-attachment":"scroll","background-type":"","background-media":"","overlay-type":"","overlay-color":"","overlay-opacity":"","overlay-gradient":""},"mobile":{"background-color":"","background-image":"","background-repeat":"repeat","background-position":"center center","background-size":"auto","background-attachment":"scroll","background-type":"","background-media":"","overlay-type":"","overlay-color":"","overlay-opacity":"","overlay-gradient":""}},"ast-content-background-meta":{"desktop":{"background-color":"var(--ast-global-color-5)","background-image":"","background-repeat":"repeat","background-position":"center center","background-size":"auto","background-attachment":"scroll","background-type":"","background-media":"","overlay-type":"","overlay-color":"","overlay-opacity":"","overlay-gradient":""},"tablet":{"background-color":"var(--ast-global-color-5)","background-image":"","background-repeat":"repeat","background-position":"center center","background-size":"auto","background-attachment":"scroll","background-type":"","background-media":"","overlay-type":"","overlay-color":"","overlay-opacity":"","overlay-gradient":""},"mobile":{"background-color":"var(--ast-global-color-5)","background-image":"","background-repeat":"repeat","background-position":"center center","background-size":"auto","background-attachment":"scroll","background-type":"","background-media":"","overlay-type":"","overlay-color":"","overlay-opacity":"","overlay-gradient":""}},"footnotes":""},"class_list":["post-485","page","type-page","status-publish","hentry"],"post_mailing_queue_ids":[],"_links":{"self":[{"href":"https:\/\/agora.xtec.cat\/cee-josepsol\/wp-json\/wp\/v2\/pages\/485","targetHints":{"allow":["GET"]}}],"collection":[{"href":"https:\/\/agora.xtec.cat\/cee-josepsol\/wp-json\/wp\/v2\/pages"}],"about":[{"href":"https:\/\/agora.xtec.cat\/cee-josepsol\/wp-json\/wp\/v2\/types\/page"}],"author":[{"embeddable":true,"href":"https:\/\/agora.xtec.cat\/cee-josepsol\/wp-json\/wp\/v2\/users\/1"}],"replies":[{"embeddable":true,"href":"https:\/\/agora.xtec.cat\/cee-josepsol\/wp-json\/wp\/v2\/comments?post=485"}],"version-history":[{"count":4,"href":"https:\/\/agora.xtec.cat\/cee-josepsol\/wp-json\/wp\/v2\/pages\/485\/revisions"}],"predecessor-version":[{"id":4744,"href":"https:\/\/agora.xtec.cat\/cee-josepsol\/wp-json\/wp\/v2\/pages\/485\/revisions\/4744"}],"up":[{"embeddable":true,"href":"https:\/\/agora.xtec.cat\/cee-josepsol\/wp-json\/wp\/v2\/pages\/38"}],"wp:attachment":[{"href":"https:\/\/agora.xtec.cat\/cee-josepsol\/wp-json\/wp\/v2\/media?parent=485"}],"curies":[{"name":"wp","href":"https:\/\/api.w.org\/{rel}","templated":true}]}}