{"id":4655,"date":"2026-02-10T11:01:58","date_gmt":"2026-02-10T10:01:58","guid":{"rendered":"https:\/\/agora.xtec.cat\/cee-josepsol\/?page_id=4655"},"modified":"2026-03-03T10:42:06","modified_gmt":"2026-03-03T09:42:06","slug":"csmij","status":"publish","type":"page","link":"https:\/\/agora.xtec.cat\/cee-josepsol\/csmij\/","title":{"rendered":"CSMIJ"},"content":{"rendered":"\n<p>El Servei de Salut Mental Infantojuvenil<strong>,<\/strong>&nbsp;integrat en el sistema p\u00fablic de salut, desenvolupa actuacions d\u2019atenci\u00f3 especialitzada en coordinaci\u00f3 amb l\u2019escola p\u00fablica d\u2019educaci\u00f3 especial Josep Sol<strong>,<\/strong>&nbsp;en el marc de la seva cartera de serveis i sota un model de treball intersectorial salut\u2013educaci\u00f3.<\/p>\n\n\n\n<p>La intervenci\u00f3 del\/de la psic\u00f2leg\/\u00f2loga de salut mental s\u2019orienta a la promoci\u00f3 del benestar emocional de l\u2019alumnat&nbsp;TEA, la prevenci\u00f3 de descompensacions psicopatol\u00f2giques i la millora de la resposta educativa a les necessitats cl\u00edniques detectades.<\/p>\n\n\n\n<p><\/p>\n","protected":false},"excerpt":{"rendered":"<p>El Servei de Salut Mental Infantojuvenil,&nbsp;integrat en el sistema p\u00fablic de salut, desenvolupa actuacions d\u2019atenci\u00f3 especialitzada en coordinaci\u00f3 amb l\u2019escola p\u00fablica d\u2019educaci\u00f3 especial Josep Sol,&nbsp;en el marc de la seva cartera de serveis i sota un model de treball intersectorial salut\u2013educaci\u00f3. La intervenci\u00f3 del\/de la psic\u00f2leg\/\u00f2loga de salut mental s\u2019orienta a la promoci\u00f3 del benestar [&hellip;]<\/p>\n","protected":false},"author":1,"featured_media":0,"parent":0,"menu_order":0,"comment_status":"closed","ping_status":"closed","template":"","meta":{"_bbp_topic_count":0,"_bbp_reply_count":0,"_bbp_total_topic_count":0,"_bbp_total_reply_count":0,"_bbp_voice_count":0,"_bbp_anonymous_reply_count":0,"_bbp_topic_count_hidden":0,"_bbp_reply_count_hidden":0,"_bbp_forum_subforum_count":0,"site-sidebar-layout":"default","site-content-layout":"","ast-site-content-layout":"default","site-content-style":"default","site-sidebar-style":"default","ast-global-header-display":"","ast-banner-title-visibility":"","ast-main-header-display":"","ast-hfb-above-header-display":"","ast-hfb-below-header-display":"","ast-hfb-mobile-header-display":"","site-post-title":"","ast-breadcrumbs-content":"","ast-featured-img":"","footer-sml-layout":"","theme-transparent-header-meta":"default","adv-header-id-meta":"","stick-header-meta":"","header-above-stick-meta":"","header-main-stick-meta":"","header-below-stick-meta":"","astra-migrate-meta-layouts":"set","ast-page-background-enabled":"default","ast-page-background-meta":{"desktop":{"background-color":"var(--ast-global-color-4)","background-image":"","background-repeat":"repeat","background-position":"center center","background-size":"auto","background-attachment":"scroll","background-type":"","background-media":"","overlay-type":"","overlay-color":"","overlay-opacity":"","overlay-gradient":""},"tablet":{"background-color":"","background-image":"","background-repeat":"repeat","background-position":"center center","background-size":"auto","background-attachment":"scroll","background-type":"","background-media":"","overlay-type":"","overlay-color":"","overlay-opacity":"","overlay-gradient":""},"mobile":{"background-color":"","background-image":"","background-repeat":"repeat","background-position":"center center","background-size":"auto","background-attachment":"scroll","background-type":"","background-media":"","overlay-type":"","overlay-color":"","overlay-opacity":"","overlay-gradient":""}},"ast-content-background-meta":{"desktop":{"background-color":"var(--ast-global-color-5)","background-image":"","background-repeat":"repeat","background-position":"center center","background-size":"auto","background-attachment":"scroll","background-type":"","background-media":"","overlay-type":"","overlay-color":"","overlay-opacity":"","overlay-gradient":""},"tablet":{"background-color":"var(--ast-global-color-5)","background-image":"","background-repeat":"repeat","background-position":"center center","background-size":"auto","background-attachment":"scroll","background-type":"","background-media":"","overlay-type":"","overlay-color":"","overlay-opacity":"","overlay-gradient":""},"mobile":{"background-color":"var(--ast-global-color-5)","background-image":"","background-repeat":"repeat","background-position":"center center","background-size":"auto","background-attachment":"scroll","background-type":"","background-media":"","overlay-type":"","overlay-color":"","overlay-opacity":"","overlay-gradient":""}},"footnotes":""},"class_list":["post-4655","page","type-page","status-publish","hentry"],"post_mailing_queue_ids":[],"_links":{"self":[{"href":"https:\/\/agora.xtec.cat\/cee-josepsol\/wp-json\/wp\/v2\/pages\/4655","targetHints":{"allow":["GET"]}}],"collection":[{"href":"https:\/\/agora.xtec.cat\/cee-josepsol\/wp-json\/wp\/v2\/pages"}],"about":[{"href":"https:\/\/agora.xtec.cat\/cee-josepsol\/wp-json\/wp\/v2\/types\/page"}],"author":[{"embeddable":true,"href":"https:\/\/agora.xtec.cat\/cee-josepsol\/wp-json\/wp\/v2\/users\/1"}],"replies":[{"embeddable":true,"href":"https:\/\/agora.xtec.cat\/cee-josepsol\/wp-json\/wp\/v2\/comments?post=4655"}],"version-history":[{"count":2,"href":"https:\/\/agora.xtec.cat\/cee-josepsol\/wp-json\/wp\/v2\/pages\/4655\/revisions"}],"predecessor-version":[{"id":4794,"href":"https:\/\/agora.xtec.cat\/cee-josepsol\/wp-json\/wp\/v2\/pages\/4655\/revisions\/4794"}],"wp:attachment":[{"href":"https:\/\/agora.xtec.cat\/cee-josepsol\/wp-json\/wp\/v2\/media?parent=4655"}],"curies":[{"name":"wp","href":"https:\/\/api.w.org\/{rel}","templated":true}]}}