{"id":4631,"date":"2026-02-10T10:38:35","date_gmt":"2026-02-10T09:38:35","guid":{"rendered":"https:\/\/agora.xtec.cat\/cee-josepsol\/?page_id=4631"},"modified":"2026-02-10T16:15:42","modified_gmt":"2026-02-10T15:15:42","slug":"teatre","status":"publish","type":"page","link":"https:\/\/agora.xtec.cat\/cee-josepsol\/teatre\/","title":{"rendered":"Teatre"},"content":{"rendered":"<p data-pm-slice=\"1 1 []\">A l&#8217;escola treballem el teatre musical, la seva finalitat \u00e9s promoure el desenvolupament de la consci\u00e8ncia de si mateix i afavorir una millor comprensi\u00f3 de la pr\u00f2pia identitat. A trav\u00e9s d\u2019aquesta disciplina art\u00edstica, els alumnes tenen l\u2019oportunitat d&#8217;explorar i expressar les seves emocions de manera creativa, oferint-los un espai segur on poden exterioritzar sentiments que potser no expressarien d\u2019altres formes.<\/p>\n<p>A m\u00e9s, el teatre musical fomenta la col\u00b7laboraci\u00f3 i el treball en equip, ja que tots comparteixen un espai com\u00fa, creant un ambient inclusiu on tothom pot participar. Aquest intercanvi constant facilita l&#8217;establiment de noves relacions i vincles entre els alumnes, i aix\u00f2 permet que es coneguin en profunditat i estableixin connexions que, en altres circumst\u00e0ncies o entorns m\u00e9s convencionals, podrien no arribar a forjar-se.<\/p>\n<p>El teatre musical, per tant, esdev\u00e9 una eina poderosa no nom\u00e9s per al creixement personal, sin\u00f3 tamb\u00e9 per a la cohesi\u00f3 i el benestar social dins del grup.<\/p>\n<p><img loading=\"lazy\" decoding=\"async\" class=\"alignnone size-full wp-image-4702\" src=\"https:\/\/agora.xtec.cat\/cee-josepsol\/wp-content\/uploads\/usu23\/2026\/02\/TEATRE-1.png\" alt=\"\" width=\"829\" height=\"649\" srcset=\"https:\/\/agora.xtec.cat\/cee-josepsol\/wp-content\/uploads\/usu23\/2026\/02\/TEATRE-1.png 829w, https:\/\/agora.xtec.cat\/cee-josepsol\/wp-content\/uploads\/usu23\/2026\/02\/TEATRE-1-300x235.png 300w, https:\/\/agora.xtec.cat\/cee-josepsol\/wp-content\/uploads\/usu23\/2026\/02\/TEATRE-1-768x601.png 768w\" sizes=\"auto, (max-width: 829px) 100vw, 829px\" \/><\/p>\n","protected":false},"excerpt":{"rendered":"<p>A l&#8217;escola treballem el teatre musical, la seva finalitat \u00e9s promoure el desenvolupament de la consci\u00e8ncia de si mateix i afavorir una millor comprensi\u00f3 de la pr\u00f2pia identitat. A trav\u00e9s d\u2019aquesta disciplina art\u00edstica, els alumnes tenen l\u2019oportunitat d&#8217;explorar i expressar les seves emocions de manera creativa, oferint-los un espai segur on poden exterioritzar sentiments que [&hellip;]<\/p>\n","protected":false},"author":1,"featured_media":0,"parent":0,"menu_order":0,"comment_status":"closed","ping_status":"closed","template":"","meta":{"_bbp_topic_count":0,"_bbp_reply_count":0,"_bbp_total_topic_count":0,"_bbp_total_reply_count":0,"_bbp_voice_count":0,"_bbp_anonymous_reply_count":0,"_bbp_topic_count_hidden":0,"_bbp_reply_count_hidden":0,"_bbp_forum_subforum_count":0,"site-sidebar-layout":"default","site-content-layout":"","ast-site-content-layout":"default","site-content-style":"default","site-sidebar-style":"default","ast-global-header-display":"","ast-banner-title-visibility":"","ast-main-header-display":"","ast-hfb-above-header-display":"","ast-hfb-below-header-display":"","ast-hfb-mobile-header-display":"","site-post-title":"","ast-breadcrumbs-content":"","ast-featured-img":"","footer-sml-layout":"","theme-transparent-header-meta":"default","adv-header-id-meta":"","stick-header-meta":"","header-above-stick-meta":"","header-main-stick-meta":"","header-below-stick-meta":"","astra-migrate-meta-layouts":"set","ast-page-background-enabled":"default","ast-page-background-meta":{"desktop":{"background-color":"var(--ast-global-color-4)","background-image":"","background-repeat":"repeat","background-position":"center center","background-size":"auto","background-attachment":"scroll","background-type":"","background-media":"","overlay-type":"","overlay-color":"","overlay-opacity":"","overlay-gradient":""},"tablet":{"background-color":"","background-image":"","background-repeat":"repeat","background-position":"center center","background-size":"auto","background-attachment":"scroll","background-type":"","background-media":"","overlay-type":"","overlay-color":"","overlay-opacity":"","overlay-gradient":""},"mobile":{"background-color":"","background-image":"","background-repeat":"repeat","background-position":"center center","background-size":"auto","background-attachment":"scroll","background-type":"","background-media":"","overlay-type":"","overlay-color":"","overlay-opacity":"","overlay-gradient":""}},"ast-content-background-meta":{"desktop":{"background-color":"var(--ast-global-color-5)","background-image":"","background-repeat":"repeat","background-position":"center center","background-size":"auto","background-attachment":"scroll","background-type":"","background-media":"","overlay-type":"","overlay-color":"","overlay-opacity":"","overlay-gradient":""},"tablet":{"background-color":"var(--ast-global-color-5)","background-image":"","background-repeat":"repeat","background-position":"center center","background-size":"auto","background-attachment":"scroll","background-type":"","background-media":"","overlay-type":"","overlay-color":"","overlay-opacity":"","overlay-gradient":""},"mobile":{"background-color":"var(--ast-global-color-5)","background-image":"","background-repeat":"repeat","background-position":"center center","background-size":"auto","background-attachment":"scroll","background-type":"","background-media":"","overlay-type":"","overlay-color":"","overlay-opacity":"","overlay-gradient":""}},"footnotes":""},"class_list":["post-4631","page","type-page","status-publish","hentry"],"post_mailing_queue_ids":[],"_links":{"self":[{"href":"https:\/\/agora.xtec.cat\/cee-josepsol\/wp-json\/wp\/v2\/pages\/4631","targetHints":{"allow":["GET"]}}],"collection":[{"href":"https:\/\/agora.xtec.cat\/cee-josepsol\/wp-json\/wp\/v2\/pages"}],"about":[{"href":"https:\/\/agora.xtec.cat\/cee-josepsol\/wp-json\/wp\/v2\/types\/page"}],"author":[{"embeddable":true,"href":"https:\/\/agora.xtec.cat\/cee-josepsol\/wp-json\/wp\/v2\/users\/1"}],"replies":[{"embeddable":true,"href":"https:\/\/agora.xtec.cat\/cee-josepsol\/wp-json\/wp\/v2\/comments?post=4631"}],"version-history":[{"count":3,"href":"https:\/\/agora.xtec.cat\/cee-josepsol\/wp-json\/wp\/v2\/pages\/4631\/revisions"}],"predecessor-version":[{"id":4703,"href":"https:\/\/agora.xtec.cat\/cee-josepsol\/wp-json\/wp\/v2\/pages\/4631\/revisions\/4703"}],"wp:attachment":[{"href":"https:\/\/agora.xtec.cat\/cee-josepsol\/wp-json\/wp\/v2\/media?parent=4631"}],"curies":[{"name":"wp","href":"https:\/\/api.w.org\/{rel}","templated":true}]}}