{"id":4615,"date":"2026-02-10T10:35:31","date_gmt":"2026-02-10T09:35:31","guid":{"rendered":"https:\/\/agora.xtec.cat\/cee-josepsol\/?page_id=4615"},"modified":"2026-03-10T10:59:27","modified_gmt":"2026-03-10T09:59:27","slug":"mall-2","status":"publish","type":"page","link":"https:\/\/agora.xtec.cat\/cee-josepsol\/mall-2\/","title":{"rendered":"Mestres d&#8217;Audici\u00f3 i Llenguatge"},"content":{"rendered":"\n<p>Al servei d\u2019audici\u00f3 i llenguatge atenem a l\u2019alumnat que presenta dificultats comunicatives dins l\u2019aula de logop\u00e8dia o dins del grup classe en funci\u00f3 de les necessitats i caracter\u00edstiques individuals.<\/p>\n\n\n\n<p>Partim del vincle com a premissa per poder accedir als aprenentatges i fem \u00fas d\u2019objectes, imatges, pictogrames, plafons de comunicaci\u00f3 i comunicadors (SAAC) com a eines per facilitar la comunicaci\u00f3 i la relaci\u00f3 amb el seu entorn.<\/p>\n\n\n\n<p>Treballem de forma coordinada amb l\u2019equip de mestres i educadors i tamb\u00e9 amb els serveis externs tot definint objectius comuns.<\/p>\n\n\n\n<div class=\"wp-block-columns are-vertically-aligned-center is-layout-flex wp-container-core-columns-is-layout-1 wp-block-columns-is-layout-flex\">\n<div class=\"wp-block-column is-vertically-aligned-center is-layout-flow wp-block-column-is-layout-flow\">\n<figure class=\"wp-block-image aligncenter size-full is-resized is-style-rounded\"><a href=\"https:\/\/agora.xtec.cat\/cee-josepsol\/wp-content\/uploads\/usu23\/2026\/03\/PHOTO-2026-03-03-17-37-52.jpg\"><img loading=\"lazy\" decoding=\"async\" width=\"909\" height=\"461\" src=\"https:\/\/agora.xtec.cat\/cee-josepsol\/wp-content\/uploads\/usu23\/2026\/03\/PHOTO-2026-03-03-17-37-52.jpg\" alt=\"\" class=\"wp-image-4817\" style=\"width:452px;height:auto\" srcset=\"https:\/\/agora.xtec.cat\/cee-josepsol\/wp-content\/uploads\/usu23\/2026\/03\/PHOTO-2026-03-03-17-37-52.jpg 909w, https:\/\/agora.xtec.cat\/cee-josepsol\/wp-content\/uploads\/usu23\/2026\/03\/PHOTO-2026-03-03-17-37-52-300x152.jpg 300w, https:\/\/agora.xtec.cat\/cee-josepsol\/wp-content\/uploads\/usu23\/2026\/03\/PHOTO-2026-03-03-17-37-52-768x389.jpg 768w\" sizes=\"auto, (max-width: 909px) 100vw, 909px\" \/><\/a><\/figure>\n<\/div>\n<\/div>\n\n\n\n<div class=\"wp-block-columns is-layout-flex wp-container-core-columns-is-layout-2 wp-block-columns-is-layout-flex\">\n<div class=\"wp-block-column is-layout-flow wp-block-column-is-layout-flow\">\n<figure class=\"wp-block-image aligncenter size-full is-resized is-style-rounded\"><a href=\"https:\/\/agora.xtec.cat\/cee-josepsol\/wp-content\/uploads\/usu23\/2026\/03\/1-1.png\"><img loading=\"lazy\" decoding=\"async\" width=\"481\" height=\"642\" src=\"https:\/\/agora.xtec.cat\/cee-josepsol\/wp-content\/uploads\/usu23\/2026\/03\/1-1.png\" alt=\"\" class=\"wp-image-4813\" style=\"width:261px;height:auto\" srcset=\"https:\/\/agora.xtec.cat\/cee-josepsol\/wp-content\/uploads\/usu23\/2026\/03\/1-1.png 481w, https:\/\/agora.xtec.cat\/cee-josepsol\/wp-content\/uploads\/usu23\/2026\/03\/1-1-225x300.png 225w\" sizes=\"auto, (max-width: 481px) 100vw, 481px\" \/><\/a><\/figure>\n<\/div>\n\n\n\n<div class=\"wp-block-column is-layout-flow wp-block-column-is-layout-flow\">\n<figure class=\"wp-block-image aligncenter size-large is-resized is-style-rounded\"><a href=\"https:\/\/agora.xtec.cat\/cee-josepsol\/wp-content\/uploads\/usu23\/2026\/03\/1276f2f2-5697-4fba-9256-123c4d201575.jpg\"><img loading=\"lazy\" decoding=\"async\" width=\"768\" height=\"1024\" src=\"https:\/\/agora.xtec.cat\/cee-josepsol\/wp-content\/uploads\/usu23\/2026\/03\/1276f2f2-5697-4fba-9256-123c4d201575-768x1024.jpg\" alt=\"\" class=\"wp-image-4820\" style=\"width:262px;height:auto\" srcset=\"https:\/\/agora.xtec.cat\/cee-josepsol\/wp-content\/uploads\/usu23\/2026\/03\/1276f2f2-5697-4fba-9256-123c4d201575-768x1024.jpg 768w, https:\/\/agora.xtec.cat\/cee-josepsol\/wp-content\/uploads\/usu23\/2026\/03\/1276f2f2-5697-4fba-9256-123c4d201575-225x300.jpg 225w, https:\/\/agora.xtec.cat\/cee-josepsol\/wp-content\/uploads\/usu23\/2026\/03\/1276f2f2-5697-4fba-9256-123c4d201575-1152x1536.jpg 1152w, https:\/\/agora.xtec.cat\/cee-josepsol\/wp-content\/uploads\/usu23\/2026\/03\/1276f2f2-5697-4fba-9256-123c4d201575.jpg 1200w\" sizes=\"auto, (max-width: 768px) 100vw, 768px\" \/><\/a><\/figure>\n<\/div>\n\n\n\n<div class=\"wp-block-column is-layout-flow wp-block-column-is-layout-flow\">\n<figure class=\"wp-block-image aligncenter size-full is-resized is-style-rounded\"><a href=\"https:\/\/agora.xtec.cat\/cee-josepsol\/wp-content\/uploads\/usu23\/2026\/03\/5.png\"><img loading=\"lazy\" decoding=\"async\" width=\"466\" height=\"637\" src=\"https:\/\/agora.xtec.cat\/cee-josepsol\/wp-content\/uploads\/usu23\/2026\/03\/5.png\" alt=\"\" class=\"wp-image-4811\" style=\"width:253px;height:auto\" srcset=\"https:\/\/agora.xtec.cat\/cee-josepsol\/wp-content\/uploads\/usu23\/2026\/03\/5.png 466w, https:\/\/agora.xtec.cat\/cee-josepsol\/wp-content\/uploads\/usu23\/2026\/03\/5-219x300.png 219w\" sizes=\"auto, (max-width: 466px) 100vw, 466px\" \/><\/a><\/figure>\n<\/div>\n<\/div>\n","protected":false},"excerpt":{"rendered":"<p>Al servei d\u2019audici\u00f3 i llenguatge atenem a l\u2019alumnat que presenta dificultats comunicatives dins l\u2019aula de logop\u00e8dia o dins del grup classe en funci\u00f3 de les necessitats i caracter\u00edstiques individuals. Partim del vincle com a premissa per poder accedir als aprenentatges i fem \u00fas d\u2019objectes, imatges, pictogrames, plafons de comunicaci\u00f3 i comunicadors (SAAC) com a eines [&hellip;]<\/p>\n","protected":false},"author":1,"featured_media":0,"parent":0,"menu_order":0,"comment_status":"closed","ping_status":"closed","template":"","meta":{"_bbp_topic_count":0,"_bbp_reply_count":0,"_bbp_total_topic_count":0,"_bbp_total_reply_count":0,"_bbp_voice_count":0,"_bbp_anonymous_reply_count":0,"_bbp_topic_count_hidden":0,"_bbp_reply_count_hidden":0,"_bbp_forum_subforum_count":0,"site-sidebar-layout":"default","site-content-layout":"","ast-site-content-layout":"default","site-content-style":"default","site-sidebar-style":"default","ast-global-header-display":"","ast-banner-title-visibility":"","ast-main-header-display":"","ast-hfb-above-header-display":"","ast-hfb-below-header-display":"","ast-hfb-mobile-header-display":"","site-post-title":"","ast-breadcrumbs-content":"","ast-featured-img":"","footer-sml-layout":"","theme-transparent-header-meta":"default","adv-header-id-meta":"","stick-header-meta":"","header-above-stick-meta":"","header-main-stick-meta":"","header-below-stick-meta":"","astra-migrate-meta-layouts":"set","ast-page-background-enabled":"default","ast-page-background-meta":{"desktop":{"background-color":"var(--ast-global-color-4)","background-image":"","background-repeat":"repeat","background-position":"center center","background-size":"auto","background-attachment":"scroll","background-type":"","background-media":"","overlay-type":"","overlay-color":"","overlay-opacity":"","overlay-gradient":""},"tablet":{"background-color":"","background-image":"","background-repeat":"repeat","background-position":"center center","background-size":"auto","background-attachment":"scroll","background-type":"","background-media":"","overlay-type":"","overlay-color":"","overlay-opacity":"","overlay-gradient":""},"mobile":{"background-color":"","background-image":"","background-repeat":"repeat","background-position":"center center","background-size":"auto","background-attachment":"scroll","background-type":"","background-media":"","overlay-type":"","overlay-color":"","overlay-opacity":"","overlay-gradient":""}},"ast-content-background-meta":{"desktop":{"background-color":"var(--ast-global-color-5)","background-image":"","background-repeat":"repeat","background-position":"center center","background-size":"auto","background-attachment":"scroll","background-type":"","background-media":"","overlay-type":"","overlay-color":"","overlay-opacity":"","overlay-gradient":""},"tablet":{"background-color":"var(--ast-global-color-5)","background-image":"","background-repeat":"repeat","background-position":"center center","background-size":"auto","background-attachment":"scroll","background-type":"","background-media":"","overlay-type":"","overlay-color":"","overlay-opacity":"","overlay-gradient":""},"mobile":{"background-color":"var(--ast-global-color-5)","background-image":"","background-repeat":"repeat","background-position":"center center","background-size":"auto","background-attachment":"scroll","background-type":"","background-media":"","overlay-type":"","overlay-color":"","overlay-opacity":"","overlay-gradient":""}},"footnotes":""},"class_list":["post-4615","page","type-page","status-publish","hentry"],"post_mailing_queue_ids":[],"_links":{"self":[{"href":"https:\/\/agora.xtec.cat\/cee-josepsol\/wp-json\/wp\/v2\/pages\/4615","targetHints":{"allow":["GET"]}}],"collection":[{"href":"https:\/\/agora.xtec.cat\/cee-josepsol\/wp-json\/wp\/v2\/pages"}],"about":[{"href":"https:\/\/agora.xtec.cat\/cee-josepsol\/wp-json\/wp\/v2\/types\/page"}],"author":[{"embeddable":true,"href":"https:\/\/agora.xtec.cat\/cee-josepsol\/wp-json\/wp\/v2\/users\/1"}],"replies":[{"embeddable":true,"href":"https:\/\/agora.xtec.cat\/cee-josepsol\/wp-json\/wp\/v2\/comments?post=4615"}],"version-history":[{"count":4,"href":"https:\/\/agora.xtec.cat\/cee-josepsol\/wp-json\/wp\/v2\/pages\/4615\/revisions"}],"predecessor-version":[{"id":4831,"href":"https:\/\/agora.xtec.cat\/cee-josepsol\/wp-json\/wp\/v2\/pages\/4615\/revisions\/4831"}],"wp:attachment":[{"href":"https:\/\/agora.xtec.cat\/cee-josepsol\/wp-json\/wp\/v2\/media?parent=4615"}],"curies":[{"name":"wp","href":"https:\/\/api.w.org\/{rel}","templated":true}]}}