{"id":4606,"date":"2026-02-10T10:31:37","date_gmt":"2026-02-10T09:31:37","guid":{"rendered":"https:\/\/agora.xtec.cat\/cee-josepsol\/?page_id=4606"},"modified":"2026-02-10T10:51:59","modified_gmt":"2026-02-10T09:51:59","slug":"especialistes","status":"publish","type":"page","link":"https:\/\/agora.xtec.cat\/cee-josepsol\/especialistes\/","title":{"rendered":"Especialistes"},"content":{"rendered":"<p><a href=\"https:\/\/agora.xtec.cat\/cee-josepsol\/mall-2\/\">Mestres d&#8217;Audici\u00f3 i Llenguatge (MALL)<\/a><\/p>\n<p><a href=\"https:\/\/agora.xtec.cat\/cee-josepsol\/musica-2\/\">M\u00fasica<\/a><\/p>\n<p><a href=\"https:\/\/agora.xtec.cat\/cee-josepsol\/ef\/\">Educaci\u00f3 F\u00edsica<\/a><\/p>\n<p><a href=\"https:\/\/agora.xtec.cat\/cee-josepsol\/psicomotricitat-2\/\">Psicomotricitat<\/a><\/p>\n<p><a href=\"https:\/\/agora.xtec.cat\/cee-josepsol\/teatre\/\">Teatre<\/a><\/p>\n<p><a href=\"https:\/\/agora.xtec.cat\/cee-josepsol\/competencia-digital\/\">Compet\u00e8ncia digital<\/a><\/p>\n","protected":false},"excerpt":{"rendered":"<p>Mestres d&#8217;Audici\u00f3 i Llenguatge (MALL) M\u00fasica Educaci\u00f3 F\u00edsica Psicomotricitat Teatre Compet\u00e8ncia digital<\/p>\n","protected":false},"author":1,"featured_media":0,"parent":0,"menu_order":0,"comment_status":"closed","ping_status":"closed","template":"","meta":{"_bbp_topic_count":0,"_bbp_reply_count":0,"_bbp_total_topic_count":0,"_bbp_total_reply_count":0,"_bbp_voice_count":0,"_bbp_anonymous_reply_count":0,"_bbp_topic_count_hidden":0,"_bbp_reply_count_hidden":0,"_bbp_forum_subforum_count":0,"site-sidebar-layout":"default","site-content-layout":"","ast-site-content-layout":"default","site-content-style":"default","site-sidebar-style":"default","ast-global-header-display":"","ast-banner-title-visibility":"","ast-main-header-display":"","ast-hfb-above-header-display":"","ast-hfb-below-header-display":"","ast-hfb-mobile-header-display":"","site-post-title":"","ast-breadcrumbs-content":"","ast-featured-img":"","footer-sml-layout":"","theme-transparent-header-meta":"default","adv-header-id-meta":"","stick-header-meta":"","header-above-stick-meta":"","header-main-stick-meta":"","header-below-stick-meta":"","astra-migrate-meta-layouts":"set","ast-page-background-enabled":"default","ast-page-background-meta":{"desktop":{"background-color":"var(--ast-global-color-4)","background-image":"","background-repeat":"repeat","background-position":"center center","background-size":"auto","background-attachment":"scroll","background-type":"","background-media":"","overlay-type":"","overlay-color":"","overlay-opacity":"","overlay-gradient":""},"tablet":{"background-color":"","background-image":"","background-repeat":"repeat","background-position":"center center","background-size":"auto","background-attachment":"scroll","background-type":"","background-media":"","overlay-type":"","overlay-color":"","overlay-opacity":"","overlay-gradient":""},"mobile":{"background-color":"","background-image":"","background-repeat":"repeat","background-position":"center center","background-size":"auto","background-attachment":"scroll","background-type":"","background-media":"","overlay-type":"","overlay-color":"","overlay-opacity":"","overlay-gradient":""}},"ast-content-background-meta":{"desktop":{"background-color":"var(--ast-global-color-5)","background-image":"","background-repeat":"repeat","background-position":"center center","background-size":"auto","background-attachment":"scroll","background-type":"","background-media":"","overlay-type":"","overlay-color":"","overlay-opacity":"","overlay-gradient":""},"tablet":{"background-color":"var(--ast-global-color-5)","background-image":"","background-repeat":"repeat","background-position":"center center","background-size":"auto","background-attachment":"scroll","background-type":"","background-media":"","overlay-type":"","overlay-color":"","overlay-opacity":"","overlay-gradient":""},"mobile":{"background-color":"var(--ast-global-color-5)","background-image":"","background-repeat":"repeat","background-position":"center center","background-size":"auto","background-attachment":"scroll","background-type":"","background-media":"","overlay-type":"","overlay-color":"","overlay-opacity":"","overlay-gradient":""}},"footnotes":""},"class_list":["post-4606","page","type-page","status-publish","hentry"],"post_mailing_queue_ids":[],"_links":{"self":[{"href":"https:\/\/agora.xtec.cat\/cee-josepsol\/wp-json\/wp\/v2\/pages\/4606","targetHints":{"allow":["GET"]}}],"collection":[{"href":"https:\/\/agora.xtec.cat\/cee-josepsol\/wp-json\/wp\/v2\/pages"}],"about":[{"href":"https:\/\/agora.xtec.cat\/cee-josepsol\/wp-json\/wp\/v2\/types\/page"}],"author":[{"embeddable":true,"href":"https:\/\/agora.xtec.cat\/cee-josepsol\/wp-json\/wp\/v2\/users\/1"}],"replies":[{"embeddable":true,"href":"https:\/\/agora.xtec.cat\/cee-josepsol\/wp-json\/wp\/v2\/comments?post=4606"}],"version-history":[{"count":6,"href":"https:\/\/agora.xtec.cat\/cee-josepsol\/wp-json\/wp\/v2\/pages\/4606\/revisions"}],"predecessor-version":[{"id":4643,"href":"https:\/\/agora.xtec.cat\/cee-josepsol\/wp-json\/wp\/v2\/pages\/4606\/revisions\/4643"}],"wp:attachment":[{"href":"https:\/\/agora.xtec.cat\/cee-josepsol\/wp-json\/wp\/v2\/media?parent=4606"}],"curies":[{"name":"wp","href":"https:\/\/api.w.org\/{rel}","templated":true}]}}