{"id":38,"date":"2014-09-18T12:34:08","date_gmt":"2014-09-18T11:34:08","guid":{"rendered":"http:\/\/agora.xtec.cat\/cee-josepsol\/?page_id=38"},"modified":"2019-02-11T16:48:26","modified_gmt":"2019-02-11T15:48:26","slug":"salut","status":"publish","type":"page","link":"https:\/\/agora.xtec.cat\/cee-josepsol\/lescola\/salut\/","title":{"rendered":"Salut"},"content":{"rendered":"<p>Els aspectes sanitari m\u00e9s importants al nostre centre s\u00f3n els seg\u00fcents.<\/p>\n<p><strong>Medicaments <a href=\"http:\/\/agora.xtec.cat\/cee-josepsol\/wp-content\/uploads\/usu23\/2014\/09\/MEDICAMENTS-2.jpg\"><img loading=\"lazy\" decoding=\"async\" class=\"wp-image-550 alignleft\" src=\"http:\/\/agora.xtec.cat\/cee-josepsol\/wp-content\/uploads\/usu23\/2014\/09\/MEDICAMENTS-2.jpg\" alt=\"\" width=\"81\" height=\"79\" \/><\/a> <\/strong><\/p>\n<p>Quan el seu fill\/filla hagi de prendre medicaci\u00f3 dins l\u2019horari escolar, cal informar per escrit al tutor\/a de l\u2019horari i la dosi d\u2019administraci\u00f3, aix\u00ed com <strong>adjuntar la fotoc\u00f2pia de la recepta m\u00e8dica<\/strong> i omplir l\u2019autoritzaci\u00f3 de l\u2019agenda.<\/p>\n<p><strong>\u00a0<a href=\"http:\/\/agora.xtec.cat\/cee-josepsol\/wp-content\/uploads\/usu23\/2014\/09\/hospital.png\"><img loading=\"lazy\" decoding=\"async\" class=\"wp-image-554 alignleft\" src=\"http:\/\/agora.xtec.cat\/cee-josepsol\/wp-content\/uploads\/usu23\/2014\/09\/hospital.png\" alt=\"\" width=\"73\" height=\"73\" srcset=\"https:\/\/agora.xtec.cat\/cee-josepsol\/wp-content\/uploads\/usu23\/2014\/09\/hospital.png 500w, https:\/\/agora.xtec.cat\/cee-josepsol\/wp-content\/uploads\/usu23\/2014\/09\/hospital-150x150.png 150w, https:\/\/agora.xtec.cat\/cee-josepsol\/wp-content\/uploads\/usu23\/2014\/09\/hospital-300x300.png 300w\" sizes=\"auto, (max-width: 73px) 100vw, 73px\" \/><\/a>Accidents escolars.<\/strong><\/p>\n<p>El sistema establert en el nostre centre quan es produeix un accident que requereix atenci\u00f3 m\u00e8dica \u00e9s el seg\u00fcent: La infermera at\u00e9n immediatament l\u2019alumne fent les primeres cures si cal atenci\u00f3 m\u00e8dica, avisem a la fam\u00edlia perqu\u00e8 portin al seu fill\/a\u00a0 al metge o a l\u2019hospital. Si no es pot connectar amb la fam\u00edlia s\u2019avisa al servei m\u00e8dic i juntament amb un acompanyant es porta l\u2019alumne a urg\u00e8ncies fins que vingui la fam\u00edlia.<\/p>\n<p><strong>N<a href=\"http:\/\/agora.xtec.cat\/cee-josepsol\/wp-content\/uploads\/usu23\/2014\/09\/MALALT1.jpg\"><img loading=\"lazy\" decoding=\"async\" class=\"wp-image-552 alignleft\" src=\"http:\/\/agora.xtec.cat\/cee-josepsol\/wp-content\/uploads\/usu23\/2014\/09\/MALALT1.jpg\" alt=\"\" width=\"82\" height=\"80\" \/><\/a>ormes sanit\u00e0ries.<\/strong><\/p>\n<p>En el cas que un alumne es posi malalt mentre \u00e9s al centre, el tutor\/a avisar\u00e0 immediatament la fam\u00edlia.<\/p>\n<p><strong> No es podr\u00e0 assistir al centre en cas de<\/strong>:<\/p>\n<ul>\n<li>Febre, letargia o irritabilitat,que plori constantment,que respiri amb dificultat o que tingui altres s\u00edmptomes que evidenci\u00efn una malaltia greu.<\/li>\n<li>Diarrees<\/li>\n<li>Malaltia en proc\u00e9s infecci\u00f3s<\/li>\n<\/ul>\n","protected":false},"excerpt":{"rendered":"<p>Els aspectes sanitari m\u00e9s importants al nostre centre s\u00f3n els seg\u00fcents. Medicaments Quan el seu fill\/filla hagi de prendre medicaci\u00f3 dins l\u2019horari escolar, cal informar per escrit al tutor\/a de l\u2019horari i la dosi d\u2019administraci\u00f3, aix\u00ed com adjuntar la fotoc\u00f2pia de la recepta m\u00e8dica i omplir l\u2019autoritzaci\u00f3 de l\u2019agenda. \u00a0Accidents escolars. El sistema establert en [&hellip;]<\/p>\n","protected":false},"author":1,"featured_media":0,"parent":22,"menu_order":80,"comment_status":"closed","ping_status":"closed","template":"page-templates\/side-menu.php","meta":{"_bbp_topic_count":0,"_bbp_reply_count":0,"_bbp_total_topic_count":0,"_bbp_total_reply_count":0,"_bbp_voice_count":0,"_bbp_anonymous_reply_count":0,"_bbp_topic_count_hidden":0,"_bbp_reply_count_hidden":0,"_bbp_forum_subforum_count":0,"site-sidebar-layout":"default","site-content-layout":"","ast-site-content-layout":"","site-content-style":"default","site-sidebar-style":"default","ast-global-header-display":"","ast-banner-title-visibility":"","ast-main-header-display":"","ast-hfb-above-header-display":"","ast-hfb-below-header-display":"","ast-hfb-mobile-header-display":"","site-post-title":"","ast-breadcrumbs-content":"","ast-featured-img":"","footer-sml-layout":"","theme-transparent-header-meta":"","adv-header-id-meta":"","stick-header-meta":"","header-above-stick-meta":"","header-main-stick-meta":"","header-below-stick-meta":"","astra-migrate-meta-layouts":"default","ast-page-background-enabled":"default","ast-page-background-meta":{"desktop":{"background-color":"var(--ast-global-color-4)","background-image":"","background-repeat":"repeat","background-position":"center center","background-size":"auto","background-attachment":"scroll","background-type":"","background-media":"","overlay-type":"","overlay-color":"","overlay-opacity":"","overlay-gradient":""},"tablet":{"background-color":"","background-image":"","background-repeat":"repeat","background-position":"center center","background-size":"auto","background-attachment":"scroll","background-type":"","background-media":"","overlay-type":"","overlay-color":"","overlay-opacity":"","overlay-gradient":""},"mobile":{"background-color":"","background-image":"","background-repeat":"repeat","background-position":"center center","background-size":"auto","background-attachment":"scroll","background-type":"","background-media":"","overlay-type":"","overlay-color":"","overlay-opacity":"","overlay-gradient":""}},"ast-content-background-meta":{"desktop":{"background-color":"var(--ast-global-color-5)","background-image":"","background-repeat":"repeat","background-position":"center center","background-size":"auto","background-attachment":"scroll","background-type":"","background-media":"","overlay-type":"","overlay-color":"","overlay-opacity":"","overlay-gradient":""},"tablet":{"background-color":"var(--ast-global-color-5)","background-image":"","background-repeat":"repeat","background-position":"center center","background-size":"auto","background-attachment":"scroll","background-type":"","background-media":"","overlay-type":"","overlay-color":"","overlay-opacity":"","overlay-gradient":""},"mobile":{"background-color":"var(--ast-global-color-5)","background-image":"","background-repeat":"repeat","background-position":"center center","background-size":"auto","background-attachment":"scroll","background-type":"","background-media":"","overlay-type":"","overlay-color":"","overlay-opacity":"","overlay-gradient":""}},"footnotes":""},"class_list":["post-38","page","type-page","status-publish","hentry"],"post_mailing_queue_ids":[],"_links":{"self":[{"href":"https:\/\/agora.xtec.cat\/cee-josepsol\/wp-json\/wp\/v2\/pages\/38","targetHints":{"allow":["GET"]}}],"collection":[{"href":"https:\/\/agora.xtec.cat\/cee-josepsol\/wp-json\/wp\/v2\/pages"}],"about":[{"href":"https:\/\/agora.xtec.cat\/cee-josepsol\/wp-json\/wp\/v2\/types\/page"}],"author":[{"embeddable":true,"href":"https:\/\/agora.xtec.cat\/cee-josepsol\/wp-json\/wp\/v2\/users\/1"}],"replies":[{"embeddable":true,"href":"https:\/\/agora.xtec.cat\/cee-josepsol\/wp-json\/wp\/v2\/comments?post=38"}],"version-history":[{"count":3,"href":"https:\/\/agora.xtec.cat\/cee-josepsol\/wp-json\/wp\/v2\/pages\/38\/revisions"}],"predecessor-version":[{"id":611,"href":"https:\/\/agora.xtec.cat\/cee-josepsol\/wp-json\/wp\/v2\/pages\/38\/revisions\/611"}],"up":[{"embeddable":true,"href":"https:\/\/agora.xtec.cat\/cee-josepsol\/wp-json\/wp\/v2\/pages\/22"}],"wp:attachment":[{"href":"https:\/\/agora.xtec.cat\/cee-josepsol\/wp-json\/wp\/v2\/media?parent=38"}],"curies":[{"name":"wp","href":"https:\/\/api.w.org\/{rel}","templated":true}]}}