{"id":34,"date":"2014-09-18T12:32:18","date_gmt":"2014-09-18T11:32:18","guid":{"rendered":"http:\/\/agora.xtec.cat\/cee-josepsol\/?page_id=34"},"modified":"2024-09-29T21:01:30","modified_gmt":"2024-09-29T19:01:30","slug":"oferta-educativa","status":"publish","type":"page","link":"https:\/\/agora.xtec.cat\/cee-josepsol\/lescola\/oferta-educativa\/","title":{"rendered":"Oferta educativa"},"content":{"rendered":"<p>El CEE Josep Sol \u00e9s un centre p\u00fablic depenent del Departament d&#8217;Educaci\u00f3 i Formaci\u00f3 Professional. At\u00e9n alumnes <strong>dels 3 fins als 20 anys<\/strong> amb necessitats educatives especials (NEE) permanents que necessiten recursos intensius .<\/p>\n<p>L&#8217;alumnat que es matricula al nostre centre ho fa a partir de l&#8217;informe d&#8217;escolaritzaci\u00f3 de l&#8217;EAP, on es recullen les seves caracter\u00edstiques i les necessitats de suport que se&#8217;n deriven. Actualment l&#8217;alumnat del nostre centre presenten NEE derivades de:<\/p>\n<ul>\n<li>Discapacitat intel\u00b7lectual moderada, severa o profunda.<\/li>\n<li>TEA (Trastorn de l&#8217;Espectre Autista)<\/li>\n<li>Pluridiscapacitat<\/li>\n<li>Altres<\/li>\n<\/ul>\n<p>Per tal de donar una resposta educativa ajustada a les necessitats de cada alumne\/a, el nostre centre t\u00e9 elaborats diferents plans de treball espec\u00edfics per a les diferents tipologies d&#8217;alumnat que at\u00e9n.<\/p>\n<p>Cada alumne t\u00e9 elaborat un PI (Pla de suport Individual) a partir de la comprensi\u00f3 i de les necessitats de suport intensiu educatiu derivades del seu informe NESE i del contingut dels diferents plans de treball.<\/p>\n<p>S&#8217;assigna cada alumne\/a en un grup-tutoria\u00a0 respectant en la mesura del possible la seva edat cronol\u00f2gica, necessitats i capacitats. L&#8217;organitzaci\u00f3 interna del centre fa que els grups es distribueixin de la seg\u00fcent manera:<\/p>\n<p>Infantil at\u00e9n els grups d&#8217;alumnes de 3 a 8 anys.<\/p>\n<p>Ensenyament B\u00e0sic Obligatori, Prim\u00e0ria at\u00e9n els grups d&#8217;alumnes de 9 a 13 anys.<\/p>\n<p>Ensenyament B\u00e0sic Obligatori, Secund\u00e0ria at\u00e9n els grups d&#8217;alumnes de 14 a 20 anys.<\/p>\n","protected":false},"excerpt":{"rendered":"<p>El CEE Josep Sol \u00e9s un centre p\u00fablic depenent del Departament d&#8217;Educaci\u00f3 i Formaci\u00f3 Professional. At\u00e9n alumnes dels 3 fins als 20 anys amb necessitats educatives especials (NEE) permanents que necessiten recursos intensius . L&#8217;alumnat que es matricula al nostre centre ho fa a partir de l&#8217;informe d&#8217;escolaritzaci\u00f3 de l&#8217;EAP, on es recullen les seves [&hellip;]<\/p>\n","protected":false},"author":1,"featured_media":0,"parent":22,"menu_order":60,"comment_status":"closed","ping_status":"closed","template":"page-templates\/side-menu.php","meta":{"_bbp_topic_count":0,"_bbp_reply_count":0,"_bbp_total_topic_count":0,"_bbp_total_reply_count":0,"_bbp_voice_count":0,"_bbp_anonymous_reply_count":0,"_bbp_topic_count_hidden":0,"_bbp_reply_count_hidden":0,"_bbp_forum_subforum_count":0,"site-sidebar-layout":"default","site-content-layout":"","ast-site-content-layout":"","site-content-style":"default","site-sidebar-style":"default","ast-global-header-display":"","ast-banner-title-visibility":"","ast-main-header-display":"","ast-hfb-above-header-display":"","ast-hfb-below-header-display":"","ast-hfb-mobile-header-display":"","site-post-title":"","ast-breadcrumbs-content":"","ast-featured-img":"","footer-sml-layout":"","theme-transparent-header-meta":"","adv-header-id-meta":"","stick-header-meta":"","header-above-stick-meta":"","header-main-stick-meta":"","header-below-stick-meta":"","astra-migrate-meta-layouts":"default","ast-page-background-enabled":"default","ast-page-background-meta":{"desktop":{"background-color":"var(--ast-global-color-4)","background-image":"","background-repeat":"repeat","background-position":"center center","background-size":"auto","background-attachment":"scroll","background-type":"","background-media":"","overlay-type":"","overlay-color":"","overlay-opacity":"","overlay-gradient":""},"tablet":{"background-color":"","background-image":"","background-repeat":"repeat","background-position":"center center","background-size":"auto","background-attachment":"scroll","background-type":"","background-media":"","overlay-type":"","overlay-color":"","overlay-opacity":"","overlay-gradient":""},"mobile":{"background-color":"","background-image":"","background-repeat":"repeat","background-position":"center center","background-size":"auto","background-attachment":"scroll","background-type":"","background-media":"","overlay-type":"","overlay-color":"","overlay-opacity":"","overlay-gradient":""}},"ast-content-background-meta":{"desktop":{"background-color":"var(--ast-global-color-5)","background-image":"","background-repeat":"repeat","background-position":"center center","background-size":"auto","background-attachment":"scroll","background-type":"","background-media":"","overlay-type":"","overlay-color":"","overlay-opacity":"","overlay-gradient":""},"tablet":{"background-color":"var(--ast-global-color-5)","background-image":"","background-repeat":"repeat","background-position":"center center","background-size":"auto","background-attachment":"scroll","background-type":"","background-media":"","overlay-type":"","overlay-color":"","overlay-opacity":"","overlay-gradient":""},"mobile":{"background-color":"var(--ast-global-color-5)","background-image":"","background-repeat":"repeat","background-position":"center center","background-size":"auto","background-attachment":"scroll","background-type":"","background-media":"","overlay-type":"","overlay-color":"","overlay-opacity":"","overlay-gradient":""}},"footnotes":""},"class_list":["post-34","page","type-page","status-publish","hentry"],"post_mailing_queue_ids":[],"_links":{"self":[{"href":"https:\/\/agora.xtec.cat\/cee-josepsol\/wp-json\/wp\/v2\/pages\/34","targetHints":{"allow":["GET"]}}],"collection":[{"href":"https:\/\/agora.xtec.cat\/cee-josepsol\/wp-json\/wp\/v2\/pages"}],"about":[{"href":"https:\/\/agora.xtec.cat\/cee-josepsol\/wp-json\/wp\/v2\/types\/page"}],"author":[{"embeddable":true,"href":"https:\/\/agora.xtec.cat\/cee-josepsol\/wp-json\/wp\/v2\/users\/1"}],"replies":[{"embeddable":true,"href":"https:\/\/agora.xtec.cat\/cee-josepsol\/wp-json\/wp\/v2\/comments?post=34"}],"version-history":[{"count":5,"href":"https:\/\/agora.xtec.cat\/cee-josepsol\/wp-json\/wp\/v2\/pages\/34\/revisions"}],"predecessor-version":[{"id":4118,"href":"https:\/\/agora.xtec.cat\/cee-josepsol\/wp-json\/wp\/v2\/pages\/34\/revisions\/4118"}],"up":[{"embeddable":true,"href":"https:\/\/agora.xtec.cat\/cee-josepsol\/wp-json\/wp\/v2\/pages\/22"}],"wp:attachment":[{"href":"https:\/\/agora.xtec.cat\/cee-josepsol\/wp-json\/wp\/v2\/media?parent=34"}],"curies":[{"name":"wp","href":"https:\/\/api.w.org\/{rel}","templated":true}]}}