{"id":30,"date":"2014-09-18T12:30:23","date_gmt":"2014-09-18T11:30:23","guid":{"rendered":"http:\/\/agora.xtec.cat\/cee-josepsol\/?page_id=30"},"modified":"2024-09-29T20:57:39","modified_gmt":"2024-09-29T18:57:39","slug":"instal%c2%b7lacions","status":"publish","type":"page","link":"https:\/\/agora.xtec.cat\/cee-josepsol\/lescola\/instal%c2%b7lacions\/","title":{"rendered":"Instal\u00b7lacions"},"content":{"rendered":"<p>El nostre centre es distribueix en tres plantes. Cada planta t\u00e9 dos espais ben delimitats, un on trobem les aules dels alumnes i un altre on hi ha espais de treball destinats a diferents activitats. A cada planta trobem tamb\u00e9 un espai de treball individual. A la planta m\u00e9s alta trobem els despatxos.<\/p>\n\n<p>El centre compta amb uns espais d&#8217;\u00fas com\u00fa i d&#8217;altres d&#8217;\u00fas m\u00e9s espec\u00edfic. A l&#8217;interior trobem els menjadors, una sala de fisioter\u00e0pia, la infermeria, una sala de psicomotricitat, una sala d&#8217;audiovisuals amb zona d&#8217;estimulaci\u00f3 visual, dues sales d&#8217;inform\u00e0tica, un gimn\u00e0s, una sala d&#8217;estimulaci\u00f3 multisensorial, l&#8217;aula de m\u00fasica, tres aules de logop\u00e8dia,tallers de manipulaci\u00f3, fusta i dom\u00e8stica, una sala de dormir,\u00a0 una piscina, una sala d&#8217;actes<\/p>\n<p>A l&#8217;exterior hi ha l&#8217;hort,\u00a0 un sorral, una pista de b\u00e0squet i una pista de futbol.<\/p>\n<p>Aquests espais esdevenen part dels diferents projectes educatius, el que fa que no tots els alumnes en facin \u00fas de tots ni de la mateixa manera. Els diferents espais <strong>s\u00f3n considerats llocs de treball<\/strong>, pel que\u00a0 l&#8217;alumnat en fan \u00fas sempre i quan les seves necessitats i caracter\u00edstiques es recullin en el pla de treball.<\/p>\n<p>&nbsp;<\/p>\n","protected":false},"excerpt":{"rendered":"<p>El nostre centre es distribueix en tres plantes. Cada planta t\u00e9 dos espais ben delimitats, un on trobem les aules dels alumnes i un altre on hi ha espais de treball destinats a diferents activitats. A cada planta trobem tamb\u00e9 un espai de treball individual. A la planta m\u00e9s alta trobem els despatxos. El centre [&hellip;]<\/p>\n","protected":false},"author":1,"featured_media":0,"parent":22,"menu_order":40,"comment_status":"closed","ping_status":"closed","template":"page-templates\/side-menu.php","meta":{"_bbp_topic_count":0,"_bbp_reply_count":0,"_bbp_total_topic_count":0,"_bbp_total_reply_count":0,"_bbp_voice_count":0,"_bbp_anonymous_reply_count":0,"_bbp_topic_count_hidden":0,"_bbp_reply_count_hidden":0,"_bbp_forum_subforum_count":0,"site-sidebar-layout":"default","site-content-layout":"","ast-site-content-layout":"","site-content-style":"default","site-sidebar-style":"default","ast-global-header-display":"","ast-banner-title-visibility":"","ast-main-header-display":"","ast-hfb-above-header-display":"","ast-hfb-below-header-display":"","ast-hfb-mobile-header-display":"","site-post-title":"","ast-breadcrumbs-content":"","ast-featured-img":"","footer-sml-layout":"","theme-transparent-header-meta":"","adv-header-id-meta":"","stick-header-meta":"","header-above-stick-meta":"","header-main-stick-meta":"","header-below-stick-meta":"","astra-migrate-meta-layouts":"default","ast-page-background-enabled":"default","ast-page-background-meta":{"desktop":{"background-color":"var(--ast-global-color-4)","background-image":"","background-repeat":"repeat","background-position":"center center","background-size":"auto","background-attachment":"scroll","background-type":"","background-media":"","overlay-type":"","overlay-color":"","overlay-opacity":"","overlay-gradient":""},"tablet":{"background-color":"","background-image":"","background-repeat":"repeat","background-position":"center center","background-size":"auto","background-attachment":"scroll","background-type":"","background-media":"","overlay-type":"","overlay-color":"","overlay-opacity":"","overlay-gradient":""},"mobile":{"background-color":"","background-image":"","background-repeat":"repeat","background-position":"center center","background-size":"auto","background-attachment":"scroll","background-type":"","background-media":"","overlay-type":"","overlay-color":"","overlay-opacity":"","overlay-gradient":""}},"ast-content-background-meta":{"desktop":{"background-color":"var(--ast-global-color-5)","background-image":"","background-repeat":"repeat","background-position":"center center","background-size":"auto","background-attachment":"scroll","background-type":"","background-media":"","overlay-type":"","overlay-color":"","overlay-opacity":"","overlay-gradient":""},"tablet":{"background-color":"var(--ast-global-color-5)","background-image":"","background-repeat":"repeat","background-position":"center center","background-size":"auto","background-attachment":"scroll","background-type":"","background-media":"","overlay-type":"","overlay-color":"","overlay-opacity":"","overlay-gradient":""},"mobile":{"background-color":"var(--ast-global-color-5)","background-image":"","background-repeat":"repeat","background-position":"center center","background-size":"auto","background-attachment":"scroll","background-type":"","background-media":"","overlay-type":"","overlay-color":"","overlay-opacity":"","overlay-gradient":""}},"footnotes":""},"class_list":["post-30","page","type-page","status-publish","hentry"],"post_mailing_queue_ids":[],"_links":{"self":[{"href":"https:\/\/agora.xtec.cat\/cee-josepsol\/wp-json\/wp\/v2\/pages\/30","targetHints":{"allow":["GET"]}}],"collection":[{"href":"https:\/\/agora.xtec.cat\/cee-josepsol\/wp-json\/wp\/v2\/pages"}],"about":[{"href":"https:\/\/agora.xtec.cat\/cee-josepsol\/wp-json\/wp\/v2\/types\/page"}],"author":[{"embeddable":true,"href":"https:\/\/agora.xtec.cat\/cee-josepsol\/wp-json\/wp\/v2\/users\/1"}],"replies":[{"embeddable":true,"href":"https:\/\/agora.xtec.cat\/cee-josepsol\/wp-json\/wp\/v2\/comments?post=30"}],"version-history":[{"count":4,"href":"https:\/\/agora.xtec.cat\/cee-josepsol\/wp-json\/wp\/v2\/pages\/30\/revisions"}],"predecessor-version":[{"id":4115,"href":"https:\/\/agora.xtec.cat\/cee-josepsol\/wp-json\/wp\/v2\/pages\/30\/revisions\/4115"}],"up":[{"embeddable":true,"href":"https:\/\/agora.xtec.cat\/cee-josepsol\/wp-json\/wp\/v2\/pages\/22"}],"wp:attachment":[{"href":"https:\/\/agora.xtec.cat\/cee-josepsol\/wp-json\/wp\/v2\/media?parent=30"}],"curies":[{"name":"wp","href":"https:\/\/api.w.org\/{rel}","templated":true}]}}