{"id":1235,"date":"2019-11-06T16:13:47","date_gmt":"2019-11-06T15:13:47","guid":{"rendered":"https:\/\/agora.xtec.cat\/cee-josepsol\/?page_id=1235"},"modified":"2023-01-23T22:31:41","modified_gmt":"2023-01-23T21:31:41","slug":"ceepsir","status":"publish","type":"page","link":"https:\/\/agora.xtec.cat\/cee-josepsol\/ceepsir\/","title":{"rendered":"CEEPSIR"},"content":{"rendered":"<p>El nostre centre ofereix el recurs CEEPSIR des del curs 2017-2018. \u00c9s un suport intensiu que treballa per la inclusi\u00f3 d\u2019alumnes amb NEE\u00a0 als centres ordinaris de Santa Coloma de Gramenet.<\/p>\n<p><span style=\"font-weight: 400;\">Els recursos i suports intensius que ofereix el CEEPSIR\u00a0 tenen com a finalitat els seg\u00fcents dos objectius generals:<\/span><\/p>\n<ul>\n<li style=\"font-weight: 400;\"><span style=\"font-weight: 400;\">Promoure l\u2019autonomia i l\u2019autodeterminaci\u00f3 de l\u2019alumne\/a.<\/span><\/li>\n<li style=\"font-weight: 400;\"><span style=\"font-weight: 400;\">Establir estrat\u00e8gies organitzatives i metodol\u00f2giques que fomentin la implicaci\u00f3 i l\u2019aprenentatge dels equips docents i del mateix centre per millorar la qualitat de la resposta educativa dirigida als i les alumnes, \u00e9s a dir, millorar el grau d\u2019inclusivitat dels centres i aix\u00ed afavorir la inserci\u00f3 escolar, social i laboral.<\/span><\/li>\n<\/ul>\n<p><span style=\"font-weight: 400;\">El nostre programa espec\u00edfic de suport s&#8217;ha orientat a l\u2019\u00e0mbit d\u2019atenci\u00f3 educativa en alumnes de l\u2019etapa d\u2019educaci\u00f3 infantil i primer cicle d&#8217;educaci\u00f3 prim\u00e0ria amb informe NESE derivat de TEA.<\/span><\/p>\n<p><span style=\"font-weight: 400;\">Un dels punts claus de les nostres intervencions, \u00e9s el treball directe amb els i les professionals oferint-los una nova mirada de l\u2019alumnat per tal que els ajudi a generar noves expectatives i a repensar i replantejar-se el proc\u00e9s educatiu.<\/span><span style=\"font-weight: 400;\">\u00a0<\/span><\/p>\n<p>M\u00e9s informaci\u00f3 sobre el CEEPSIR a la web <a href=\"http:\/\/xtec.gencat.cat\/ca\/curriculum\/diversitat-i-inclusio\/xarxa-de-suports-a-leducacio-inclusiva\/ceepsir\/\">xtec<\/a><\/p>\n","protected":false},"excerpt":{"rendered":"<p>El nostre centre ofereix el recurs CEEPSIR des del curs 2017-2018. \u00c9s un suport intensiu que treballa per la inclusi\u00f3 d\u2019alumnes amb NEE\u00a0 als centres ordinaris de Santa Coloma de Gramenet. Els recursos i suports intensius que ofereix el CEEPSIR\u00a0 tenen com a finalitat els seg\u00fcents dos objectius generals: Promoure l\u2019autonomia i l\u2019autodeterminaci\u00f3 de l\u2019alumne\/a. [&hellip;]<\/p>\n","protected":false},"author":1,"featured_media":0,"parent":0,"menu_order":1,"comment_status":"closed","ping_status":"closed","template":"","meta":{"_bbp_topic_count":0,"_bbp_reply_count":0,"_bbp_total_topic_count":0,"_bbp_total_reply_count":0,"_bbp_voice_count":0,"_bbp_anonymous_reply_count":0,"_bbp_topic_count_hidden":0,"_bbp_reply_count_hidden":0,"_bbp_forum_subforum_count":0,"site-sidebar-layout":"default","site-content-layout":"","ast-site-content-layout":"","site-content-style":"default","site-sidebar-style":"default","ast-global-header-display":"","ast-banner-title-visibility":"","ast-main-header-display":"","ast-hfb-above-header-display":"","ast-hfb-below-header-display":"","ast-hfb-mobile-header-display":"","site-post-title":"","ast-breadcrumbs-content":"","ast-featured-img":"","footer-sml-layout":"","theme-transparent-header-meta":"","adv-header-id-meta":"","stick-header-meta":"","header-above-stick-meta":"","header-main-stick-meta":"","header-below-stick-meta":"","astra-migrate-meta-layouts":"default","ast-page-background-enabled":"default","ast-page-background-meta":{"desktop":{"background-color":"var(--ast-global-color-4)","background-image":"","background-repeat":"repeat","background-position":"center center","background-size":"auto","background-attachment":"scroll","background-type":"","background-media":"","overlay-type":"","overlay-color":"","overlay-opacity":"","overlay-gradient":""},"tablet":{"background-color":"","background-image":"","background-repeat":"repeat","background-position":"center center","background-size":"auto","background-attachment":"scroll","background-type":"","background-media":"","overlay-type":"","overlay-color":"","overlay-opacity":"","overlay-gradient":""},"mobile":{"background-color":"","background-image":"","background-repeat":"repeat","background-position":"center center","background-size":"auto","background-attachment":"scroll","background-type":"","background-media":"","overlay-type":"","overlay-color":"","overlay-opacity":"","overlay-gradient":""}},"ast-content-background-meta":{"desktop":{"background-color":"var(--ast-global-color-5)","background-image":"","background-repeat":"repeat","background-position":"center center","background-size":"auto","background-attachment":"scroll","background-type":"","background-media":"","overlay-type":"","overlay-color":"","overlay-opacity":"","overlay-gradient":""},"tablet":{"background-color":"var(--ast-global-color-5)","background-image":"","background-repeat":"repeat","background-position":"center center","background-size":"auto","background-attachment":"scroll","background-type":"","background-media":"","overlay-type":"","overlay-color":"","overlay-opacity":"","overlay-gradient":""},"mobile":{"background-color":"var(--ast-global-color-5)","background-image":"","background-repeat":"repeat","background-position":"center center","background-size":"auto","background-attachment":"scroll","background-type":"","background-media":"","overlay-type":"","overlay-color":"","overlay-opacity":"","overlay-gradient":""}},"footnotes":""},"class_list":["post-1235","page","type-page","status-publish","hentry"],"post_mailing_queue_ids":[],"_links":{"self":[{"href":"https:\/\/agora.xtec.cat\/cee-josepsol\/wp-json\/wp\/v2\/pages\/1235","targetHints":{"allow":["GET"]}}],"collection":[{"href":"https:\/\/agora.xtec.cat\/cee-josepsol\/wp-json\/wp\/v2\/pages"}],"about":[{"href":"https:\/\/agora.xtec.cat\/cee-josepsol\/wp-json\/wp\/v2\/types\/page"}],"author":[{"embeddable":true,"href":"https:\/\/agora.xtec.cat\/cee-josepsol\/wp-json\/wp\/v2\/users\/1"}],"replies":[{"embeddable":true,"href":"https:\/\/agora.xtec.cat\/cee-josepsol\/wp-json\/wp\/v2\/comments?post=1235"}],"version-history":[{"count":3,"href":"https:\/\/agora.xtec.cat\/cee-josepsol\/wp-json\/wp\/v2\/pages\/1235\/revisions"}],"predecessor-version":[{"id":3862,"href":"https:\/\/agora.xtec.cat\/cee-josepsol\/wp-json\/wp\/v2\/pages\/1235\/revisions\/3862"}],"wp:attachment":[{"href":"https:\/\/agora.xtec.cat\/cee-josepsol\/wp-json\/wp\/v2\/media?parent=1235"}],"curies":[{"name":"wp","href":"https:\/\/api.w.org\/{rel}","templated":true}]}}