{"id":38,"date":"2014-09-18T12:34:08","date_gmt":"2014-09-18T11:34:08","guid":{"rendered":"http:\/\/agora.xtec.cat\/cee-jeronimoragas-cerdanyola\/?page_id=38"},"modified":"2022-02-04T12:21:28","modified_gmt":"2022-02-04T11:21:28","slug":"salut","status":"publish","type":"page","link":"https:\/\/agora.xtec.cat\/cee-jeronimoragas-cerdanyola\/lescola\/salut\/","title":{"rendered":"Salut"},"content":{"rendered":"<p><strong>Dietes, malalties i medicacions:<\/strong><\/p>\n<p>En cas que el vostre fill \/a pateixi algun tipus d\u2019al\u00b7l\u00e8rgia (aliments, medicaments&#8230;), cal que ho comuniqueu al seu tutor\/a el m\u00e9s aviat possible, a la fitxa m\u00e8dica que ens heu de fer arribar, especificant molt clarament els efectes que produeix .Tamb\u00e9 cal que ens f\u00e9ssiu arribar un informe del seu pediatre o metge de cap\u00e7alera que ho especifiqui.<\/p>\n<p>Mentre el vostre fill\/a estigui superant un proc\u00e9s de malaltia que es consideri contagi\u00f3s, per les persones i companys que l\u2019envolten, ser\u00e0 convenient que sigui el metge que decideixi quan no hi ha risc de contagi i pot reincorporar-se a l\u2019escola.<\/p>\n<p>Les medicacions cal donar-les a casa. Si aix\u00f2 no \u00e9s possible per q\u00fcestions d\u2019horari, cal una recepta del metge especificant el medicament, la dosi i les hores en qu\u00e8 cal administrar-la. Les medicacions que s\u2019han d\u2019administrar cada 12h o 24h caldr\u00e0 que es donin sempre a casa.<br \/>\nEls professionals del centre no podran administrar cap medicament que no vingui acompanyat d\u2019una prescripci\u00f3 m\u00e8dica.<\/p>\n<p>En el cas que el vostre fill\/a necessiti alguna dieta especifica, cal portar a l\u2019escola el paper del metge on consti els tipus d\u2019aliments que pot o no pot menjar.<\/p>\n","protected":false},"excerpt":{"rendered":"<p>Dietes, malalties i medicacions:<br \/>\nEn cas que el vostre fill \/a pateixi algun tipus d\u2019al\u00b7l\u00e8rgia (aliments, medicaments&#8230;), cal que ho comuniqueu al seu tutor\/a el m\u00e9s aviat possible, a la fitxa m\u00e8dica que ens heu de fer arribar, especificant molt clarament els efectes que produeix .Tamb\u00e9&hellip;  <a href=\"https:\/\/agora.xtec.cat\/cee-jeronimoragas-cerdanyola\/lescola\/salut\/\" title=\"Read Salut\">Llegeix m\u00e9s\u00bb<\/a><\/p>\n","protected":false},"author":1,"featured_media":0,"parent":22,"menu_order":80,"comment_status":"closed","ping_status":"closed","template":"page-templates\/side-menu.php","meta":{"_bbp_topic_count":0,"_bbp_reply_count":0,"_bbp_total_topic_count":0,"_bbp_total_reply_count":0,"_bbp_voice_count":0,"_bbp_anonymous_reply_count":0,"_bbp_topic_count_hidden":0,"_bbp_reply_count_hidden":0,"_bbp_forum_subforum_count":0,"footnotes":""},"class_list":["post-38","page","type-page","status-publish","hentry"],"post_mailing_queue_ids":[],"_links":{"self":[{"href":"https:\/\/agora.xtec.cat\/cee-jeronimoragas-cerdanyola\/wp-json\/wp\/v2\/pages\/38","targetHints":{"allow":["GET"]}}],"collection":[{"href":"https:\/\/agora.xtec.cat\/cee-jeronimoragas-cerdanyola\/wp-json\/wp\/v2\/pages"}],"about":[{"href":"https:\/\/agora.xtec.cat\/cee-jeronimoragas-cerdanyola\/wp-json\/wp\/v2\/types\/page"}],"author":[{"embeddable":true,"href":"https:\/\/agora.xtec.cat\/cee-jeronimoragas-cerdanyola\/wp-json\/wp\/v2\/users\/1"}],"replies":[{"embeddable":true,"href":"https:\/\/agora.xtec.cat\/cee-jeronimoragas-cerdanyola\/wp-json\/wp\/v2\/comments?post=38"}],"version-history":[{"count":3,"href":"https:\/\/agora.xtec.cat\/cee-jeronimoragas-cerdanyola\/wp-json\/wp\/v2\/pages\/38\/revisions"}],"predecessor-version":[{"id":815,"href":"https:\/\/agora.xtec.cat\/cee-jeronimoragas-cerdanyola\/wp-json\/wp\/v2\/pages\/38\/revisions\/815"}],"up":[{"embeddable":true,"href":"https:\/\/agora.xtec.cat\/cee-jeronimoragas-cerdanyola\/wp-json\/wp\/v2\/pages\/22"}],"wp:attachment":[{"href":"https:\/\/agora.xtec.cat\/cee-jeronimoragas-cerdanyola\/wp-json\/wp\/v2\/media?parent=38"}],"curies":[{"name":"wp","href":"https:\/\/api.w.org\/{rel}","templated":true}]}}