{"id":64,"date":"2014-09-18T12:39:08","date_gmt":"2014-09-18T11:39:08","guid":{"rendered":"http:\/\/agora.xtec.cat\/cee-francescbellapart-sabadell\/?page_id=64"},"modified":"2025-12-01T13:50:00","modified_gmt":"2025-12-01T12:50:00","slug":"projecte-educatiu","status":"publish","type":"page","link":"https:\/\/agora.xtec.cat\/cee-francescbellapart-sabadell\/lescola\/projecte-educatiu\/","title":{"rendered":"Documents de centre"},"content":{"rendered":"<p>En aquesta secci\u00f3 podeu trobar els diferents documents de centre de funcionament.<\/p>\n<h4><strong>Programaci\u00f3 General Anual<\/strong><\/h4>\n<p>PLA ANUAL 2025-2026<\/p>\n<h4><strong>Normes d&#8217;Organitzaci\u00f3 i Funcionament de Centre<\/strong><\/h4>\n<p><a href=\"https:\/\/agora.xtec.cat\/cee-francescbellapart-sabadell\/wp-content\/uploads\/usu1447\/2025\/12\/NOFC_2025.pdf\">NOFC\u00a0<\/a><\/p>\n<h4><strong>Projecte de conviv\u00e8ncia<\/strong><\/h4>\n<p><a href=\"https:\/\/agora.xtec.cat\/cee-francescbellapart-sabadell\/wp-content\/uploads\/usu1447\/2022\/05\/PLA-DE-CONVIVENCIA.pdf\">PC<\/a><\/p>\n<h4><strong>Projecte de Direcci\u00f3 (PdD)<\/strong><\/h4>\n<p><a href=\"https:\/\/agora.xtec.cat\/cee-francescbellapart-sabadell\/wp-content\/uploads\/usu1447\/2025\/07\/Presentacio_PdD_2024-2028_PDF_compressed.pdf\">Presentaci\u00f3 del Projecte de Direcci\u00f3 (2024-2028)<\/a><\/p>\n<h4><strong>Projecte Educatiu de Centre (PEC)<\/strong><\/h4>\n<p>El PEC \u00e9s un documents on queda recollit de forma detallada la identitat, els objectius i l&#8217;organitzaci\u00f3 del centre.<\/p>\n<p><a href=\"https:\/\/agora.xtec.cat\/cee-francescbellapart-sabadell\/wp-content\/uploads\/usu1447\/2025\/12\/PEC_2025.pdf\">PEC (Projecte Educatiu de Centre)<\/a><\/p>\n<h4><strong>Projecte Ling\u00fc\u00edstic de Centre (PLC)<\/strong><\/h4>\n<p>Al nostre PLC tenim definida la situaci\u00f3 ling\u00fc\u00edstica actual del nostre centre.<\/p>\n<p><a href=\"https:\/\/agora.xtec.cat\/cee-francescbellapart-sabadell\/wp-content\/uploads\/usu1447\/2025\/12\/PL_2025.pdf\">Projecte Ling\u00fc\u00edstic de Centre\u00a0<\/a><\/p>\n<h4><strong>Documents de Funcionament.<\/strong><\/h4>\n<p>A continuaci\u00f3 trobareu els documents de funcionament de les diferents etapes educatives.<\/p>\n<p><a href=\"https:\/\/agora.xtec.cat\/cee-francescbellapart-sabadell\/wp-content\/uploads\/usu1447\/2024\/11\/DOCUMENT-PEDAGOGIC-ETAPA-INFANTIL.pdf\">DOCUMENT PEDAG\u00d2GIC ETAPA INFANTIL<\/a><\/p>\n<p><a href=\"https:\/\/agora.xtec.cat\/cee-francescbellapart-sabadell\/wp-content\/uploads\/usu1447\/2024\/11\/DOCUMENT-PEDAGOGIC-ETAPA-PRIMARIA.docx.pdf\">DOCUMENT PEDAG\u00d2GIC ETAPA PRIM\u00c0RIA<\/a><\/p>\n<p><a href=\"https:\/\/agora.xtec.cat\/cee-francescbellapart-sabadell\/wp-content\/uploads\/usu1447\/2024\/11\/DOCUMENT-PEDAGOGIC-ETAPA-SECUNDARIA.docx.pdf\">DOCUMENT PEDAG\u00d2GIC ETAPA SECUND\u00c0RIA<\/a><\/p>\n<p><a href=\"https:\/\/agora.xtec.cat\/cee-francescbellapart-sabadell\/wp-content\/uploads\/usu1447\/2024\/11\/DOCUMENT-PEDAGOGIC-DE-LES-ESPECIALITATS-DEL-CENTRE.pdf\">DOCUMENT PEDAG\u00d2GIC DE LES ESPECIALITATS DEL CENTRE<\/a><\/p>\n<p><a href=\"https:\/\/agora.xtec.cat\/cee-francescbellapart-sabadell\/wp-content\/uploads\/usu1447\/2025\/07\/DOCUMENT-DE-FUNCIONAMENT-AIS_setembre-2020.pdf\">DOCUMENT FUNCIONAMENT AIS\u00a0 (en revisi\u00f3)<\/a><\/p>\n<h4><strong>Projecte de Biblioteca Escolar<\/strong><\/h4>\n<p>A continuaci\u00f3, podeu tenim el nou projecte de biblioteca escolar de l&#8217;escola.<\/p>\n<p><a href=\"https:\/\/agora.xtec.cat\/cee-francescbellapart-sabadell\/wp-content\/uploads\/usu1447\/2024\/11\/ProjecteBibliotecaEscolar_CEE-Francesc-Bellapart.pdf\">Projecte Biblioteca Escolar (En revisi\u00f3)<\/a><\/p>\n<h4><strong>Projecte &#8220;escoles amigues&#8221;:<\/strong><\/h4>\n<p>A continuaci\u00f3, podeu tenim el\u00a0 projecte d&#8217;escoles amigues que compartim amb l&#8217;escola Cifuentes.<\/p>\n<p><a href=\"https:\/\/agora.xtec.cat\/cee-francescbellapart-sabadell\/wp-content\/uploads\/usu1447\/2024\/11\/PROJECTE-ESCOLES-AMIGUES.pdf\">PROJECTE ESCOLES AMIGUES<\/a><\/p>\n\n\n<p><\/p>\n","protected":false},"excerpt":{"rendered":"<p>En aquesta secci\u00f3 podeu trobar els diferents documents de centre de funcionament. Programaci\u00f3 General Anual PLA ANUAL 2025-2026 Normes d&#8217;Organitzaci\u00f3 i Funcionament de Centre NOFC\u00a0 Projecte de conviv\u00e8ncia PC Projecte de Direcci\u00f3 (PdD) Presentaci\u00f3 del Projecte de Direcci\u00f3 (2024-2028) Projecte Educatiu de Centre (PEC) El PEC \u00e9s un documents on queda recollit de forma detallada [&hellip;]<\/p>\n","protected":false},"author":1,"featured_media":0,"parent":22,"menu_order":40,"comment_status":"closed","ping_status":"closed","template":"","meta":{"_bbp_topic_count":0,"_bbp_reply_count":0,"_bbp_total_topic_count":0,"_bbp_total_reply_count":0,"_bbp_voice_count":0,"_bbp_anonymous_reply_count":0,"_bbp_topic_count_hidden":0,"_bbp_reply_count_hidden":0,"_bbp_forum_subforum_count":0,"site-sidebar-layout":"default","site-content-layout":"","ast-site-content-layout":"default","site-content-style":"default","site-sidebar-style":"default","ast-global-header-display":"","ast-banner-title-visibility":"","ast-main-header-display":"","ast-hfb-above-header-display":"","ast-hfb-below-header-display":"","ast-hfb-mobile-header-display":"","site-post-title":"","ast-breadcrumbs-content":"","ast-featured-img":"","footer-sml-layout":"","theme-transparent-header-meta":"","adv-header-id-meta":"","stick-header-meta":"","header-above-stick-meta":"","header-main-stick-meta":"","header-below-stick-meta":"","astra-migrate-meta-layouts":"set","ast-page-background-enabled":"default","ast-page-background-meta":{"desktop":{"background-color":"var(--ast-global-color-4)","background-image":"","background-repeat":"repeat","background-position":"center center","background-size":"auto","background-attachment":"scroll","background-type":"","background-media":"","overlay-type":"","overlay-color":"","overlay-opacity":"","overlay-gradient":""},"tablet":{"background-color":"","background-image":"","background-repeat":"repeat","background-position":"center center","background-size":"auto","background-attachment":"scroll","background-type":"","background-media":"","overlay-type":"","overlay-color":"","overlay-opacity":"","overlay-gradient":""},"mobile":{"background-color":"","background-image":"","background-repeat":"repeat","background-position":"center center","background-size":"auto","background-attachment":"scroll","background-type":"","background-media":"","overlay-type":"","overlay-color":"","overlay-opacity":"","overlay-gradient":""}},"ast-content-background-meta":{"desktop":{"background-color":"var(--ast-global-color-5)","background-image":"","background-repeat":"repeat","background-position":"center center","background-size":"auto","background-attachment":"scroll","background-type":"","background-media":"","overlay-type":"","overlay-color":"","overlay-opacity":"","overlay-gradient":""},"tablet":{"background-color":"var(--ast-global-color-5)","background-image":"","background-repeat":"repeat","background-position":"center center","background-size":"auto","background-attachment":"scroll","background-type":"","background-media":"","overlay-type":"","overlay-color":"","overlay-opacity":"","overlay-gradient":""},"mobile":{"background-color":"var(--ast-global-color-5)","background-image":"","background-repeat":"repeat","background-position":"center center","background-size":"auto","background-attachment":"scroll","background-type":"","background-media":"","overlay-type":"","overlay-color":"","overlay-opacity":"","overlay-gradient":""}},"footnotes":""},"class_list":["post-64","page","type-page","status-publish","hentry"],"post_mailing_queue_ids":[],"_links":{"self":[{"href":"https:\/\/agora.xtec.cat\/cee-francescbellapart-sabadell\/wp-json\/wp\/v2\/pages\/64","targetHints":{"allow":["GET"]}}],"collection":[{"href":"https:\/\/agora.xtec.cat\/cee-francescbellapart-sabadell\/wp-json\/wp\/v2\/pages"}],"about":[{"href":"https:\/\/agora.xtec.cat\/cee-francescbellapart-sabadell\/wp-json\/wp\/v2\/types\/page"}],"author":[{"embeddable":true,"href":"https:\/\/agora.xtec.cat\/cee-francescbellapart-sabadell\/wp-json\/wp\/v2\/users\/1"}],"replies":[{"embeddable":true,"href":"https:\/\/agora.xtec.cat\/cee-francescbellapart-sabadell\/wp-json\/wp\/v2\/comments?post=64"}],"version-history":[{"count":6,"href":"https:\/\/agora.xtec.cat\/cee-francescbellapart-sabadell\/wp-json\/wp\/v2\/pages\/64\/revisions"}],"predecessor-version":[{"id":3580,"href":"https:\/\/agora.xtec.cat\/cee-francescbellapart-sabadell\/wp-json\/wp\/v2\/pages\/64\/revisions\/3580"}],"up":[{"embeddable":true,"href":"https:\/\/agora.xtec.cat\/cee-francescbellapart-sabadell\/wp-json\/wp\/v2\/pages\/22"}],"wp:attachment":[{"href":"https:\/\/agora.xtec.cat\/cee-francescbellapart-sabadell\/wp-json\/wp\/v2\/media?parent=64"}],"curies":[{"name":"wp","href":"https:\/\/api.w.org\/{rel}","templated":true}]}}