{"id":596,"date":"2020-04-08T20:14:54","date_gmt":"2020-04-08T18:14:54","guid":{"rendered":"https:\/\/agora.xtec.cat\/cee-francescbellapart-sabadell\/?page_id=596"},"modified":"2025-12-17T14:01:18","modified_gmt":"2025-12-17T13:01:18","slug":"etapa-secundaria","status":"publish","type":"page","link":"https:\/\/agora.xtec.cat\/cee-francescbellapart-sabadell\/etapes-educatives\/etapa-secundaria\/","title":{"rendered":"ETAPA SECUND\u00c0RIA"},"content":{"rendered":"<p>A l\u2019etapa de secund\u00e0ria es c<span style=\"font-family: inherit; font-size: 1em;\">ontemplen activitats que puguin ser el m\u00e0xim de significatives i properes a l\u2019etapa posterior, \u00e9s a dir, a la introducci\u00f3 al m\u00f3n laboral i de la vida adulta.<\/span><\/p>\n<p>Per aquest motiu es dissenyen activitats que, d\u2019acord amb les capacitats de cada alumne\/a, puguin aportar coneixements pr\u00e0ctics i propers a la vida adulta. Aquestes activitats es concentren b\u00e0sicament en la franja hor\u00e0ria de la tarda i els alumnes van circulant de manera rotativa per cada un dels tallers planificats.<\/p>\n","protected":false},"excerpt":{"rendered":"<p>A l\u2019etapa de secund\u00e0ria es contemplen activitats que puguin ser el m\u00e0xim de significatives i properes a l\u2019etapa posterior, \u00e9s a dir, a la introducci\u00f3 al m\u00f3n laboral i de la vida adulta. Per aquest motiu es dissenyen activitats que, d\u2019acord amb les capacitats de cada alumne\/a, puguin aportar coneixements pr\u00e0ctics i propers a la [&hellip;]<\/p>\n","protected":false},"author":1,"featured_media":0,"parent":1616,"menu_order":0,"comment_status":"closed","ping_status":"closed","template":"","meta":{"_bbp_topic_count":0,"_bbp_reply_count":0,"_bbp_total_topic_count":0,"_bbp_total_reply_count":0,"_bbp_voice_count":0,"_bbp_anonymous_reply_count":0,"_bbp_topic_count_hidden":0,"_bbp_reply_count_hidden":0,"_bbp_forum_subforum_count":0,"site-sidebar-layout":"left-sidebar","site-content-layout":"","ast-site-content-layout":"default","site-content-style":"default","site-sidebar-style":"default","ast-global-header-display":"","ast-banner-title-visibility":"","ast-main-header-display":"","ast-hfb-above-header-display":"","ast-hfb-below-header-display":"","ast-hfb-mobile-header-display":"","site-post-title":"","ast-breadcrumbs-content":"","ast-featured-img":"","footer-sml-layout":"","theme-transparent-header-meta":"","adv-header-id-meta":"","stick-header-meta":"","header-above-stick-meta":"","header-main-stick-meta":"","header-below-stick-meta":"","astra-migrate-meta-layouts":"set","ast-page-background-enabled":"default","ast-page-background-meta":{"desktop":{"background-color":"var(--ast-global-color-4)","background-image":"","background-repeat":"repeat","background-position":"center center","background-size":"auto","background-attachment":"scroll","background-type":"","background-media":"","overlay-type":"","overlay-color":"","overlay-opacity":"","overlay-gradient":""},"tablet":{"background-color":"","background-image":"","background-repeat":"repeat","background-position":"center center","background-size":"auto","background-attachment":"scroll","background-type":"","background-media":"","overlay-type":"","overlay-color":"","overlay-opacity":"","overlay-gradient":""},"mobile":{"background-color":"","background-image":"","background-repeat":"repeat","background-position":"center center","background-size":"auto","background-attachment":"scroll","background-type":"","background-media":"","overlay-type":"","overlay-color":"","overlay-opacity":"","overlay-gradient":""}},"ast-content-background-meta":{"desktop":{"background-color":"var(--ast-global-color-5)","background-image":"","background-repeat":"repeat","background-position":"center center","background-size":"auto","background-attachment":"scroll","background-type":"","background-media":"","overlay-type":"","overlay-color":"","overlay-opacity":"","overlay-gradient":""},"tablet":{"background-color":"var(--ast-global-color-5)","background-image":"","background-repeat":"repeat","background-position":"center center","background-size":"auto","background-attachment":"scroll","background-type":"","background-media":"","overlay-type":"","overlay-color":"","overlay-opacity":"","overlay-gradient":""},"mobile":{"background-color":"var(--ast-global-color-5)","background-image":"","background-repeat":"repeat","background-position":"center center","background-size":"auto","background-attachment":"scroll","background-type":"","background-media":"","overlay-type":"","overlay-color":"","overlay-opacity":"","overlay-gradient":""}},"footnotes":""},"class_list":["post-596","page","type-page","status-publish","hentry"],"post_mailing_queue_ids":[],"_links":{"self":[{"href":"https:\/\/agora.xtec.cat\/cee-francescbellapart-sabadell\/wp-json\/wp\/v2\/pages\/596","targetHints":{"allow":["GET"]}}],"collection":[{"href":"https:\/\/agora.xtec.cat\/cee-francescbellapart-sabadell\/wp-json\/wp\/v2\/pages"}],"about":[{"href":"https:\/\/agora.xtec.cat\/cee-francescbellapart-sabadell\/wp-json\/wp\/v2\/types\/page"}],"author":[{"embeddable":true,"href":"https:\/\/agora.xtec.cat\/cee-francescbellapart-sabadell\/wp-json\/wp\/v2\/users\/1"}],"replies":[{"embeddable":true,"href":"https:\/\/agora.xtec.cat\/cee-francescbellapart-sabadell\/wp-json\/wp\/v2\/comments?post=596"}],"version-history":[{"count":5,"href":"https:\/\/agora.xtec.cat\/cee-francescbellapart-sabadell\/wp-json\/wp\/v2\/pages\/596\/revisions"}],"predecessor-version":[{"id":3588,"href":"https:\/\/agora.xtec.cat\/cee-francescbellapart-sabadell\/wp-json\/wp\/v2\/pages\/596\/revisions\/3588"}],"up":[{"embeddable":true,"href":"https:\/\/agora.xtec.cat\/cee-francescbellapart-sabadell\/wp-json\/wp\/v2\/pages\/1616"}],"wp:attachment":[{"href":"https:\/\/agora.xtec.cat\/cee-francescbellapart-sabadell\/wp-json\/wp\/v2\/media?parent=596"}],"curies":[{"name":"wp","href":"https:\/\/api.w.org\/{rel}","templated":true}]}}