{"id":2268,"date":"2021-09-13T12:47:17","date_gmt":"2021-09-13T10:47:17","guid":{"rendered":"https:\/\/agora.xtec.cat\/cee-francescbellapart-sabadell\/?page_id=2268"},"modified":"2026-02-04T10:22:10","modified_gmt":"2026-02-04T09:22:10","slug":"desembre","status":"publish","type":"page","link":"https:\/\/agora.xtec.cat\/cee-francescbellapart-sabadell\/menjador-escolar\/desembre\/","title":{"rendered":"Desembre"},"content":{"rendered":"\n<p><a href=\"https:\/\/agora.xtec.cat\/cee-francescbellapart-sabadell\/wp-content\/uploads\/usu1447\/2025\/12\/MENU-BASAL-DESEMBRE.25.pdf\">MEN\u00da BASAL<\/a><\/p>\n\n\n\n<p><a href=\"https:\/\/agora.xtec.cat\/cee-francescbellapart-sabadell\/wp-content\/uploads\/usu1447\/2025\/12\/MENU-DERIVACIONS.1-DESEMBRE.25.pdf\">MEN\u00da DERIVACIONS 1<\/a><\/p>\n\n\n\n<p><a href=\"https:\/\/agora.xtec.cat\/cee-francescbellapart-sabadell\/wp-content\/uploads\/usu1447\/2025\/12\/MENU-DERIVACIONS.2-DESEMBRE.25.pdf\">MEN\u00da DERIVACIONS 2<\/a><\/p>\n\n\n\n<p><a href=\"https:\/\/agora.xtec.cat\/cee-francescbellapart-sabadell\/wp-content\/uploads\/usu1447\/2025\/12\/MENU-ADAPTATS-DESEMBRE.25.pdf\">MEN\u00da ADAPTAT <\/a><\/p>\n\n\n\n<p><a href=\"https:\/\/agora.xtec.cat\/cee-francescbellapart-sabadell\/wp-content\/uploads\/usu1447\/2025\/12\/MENU-CETOGENIC-DESEMBRE.25.pdf\">MEN\u00da CETOG\u00c8NIC<\/a><\/p>\n\n\n\n<p><a href=\"https:\/\/agora.xtec.cat\/cee-francescbellapart-sabadell\/wp-content\/uploads\/usu1447\/2025\/12\/MENU-DIABETIC-DESEMBRE.25-1.pdf\">MEN\u00da DIAB\u00c8TIC<\/a><\/p>\n\n\n\n<p><\/p>\n\n\n\n<p><\/p>\n","protected":false},"excerpt":{"rendered":"<p>MEN\u00da BASAL MEN\u00da DERIVACIONS 1 MEN\u00da DERIVACIONS 2 MEN\u00da ADAPTAT MEN\u00da CETOG\u00c8NIC MEN\u00da DIAB\u00c8TIC<\/p>\n","protected":false},"author":1,"featured_media":0,"parent":73,"menu_order":4,"comment_status":"closed","ping_status":"closed","template":"","meta":{"_bbp_topic_count":0,"_bbp_reply_count":0,"_bbp_total_topic_count":0,"_bbp_total_reply_count":0,"_bbp_voice_count":0,"_bbp_anonymous_reply_count":0,"_bbp_topic_count_hidden":0,"_bbp_reply_count_hidden":0,"_bbp_forum_subforum_count":0,"site-sidebar-layout":"default","site-content-layout":"","ast-site-content-layout":"default","site-content-style":"default","site-sidebar-style":"default","ast-global-header-display":"","ast-banner-title-visibility":"","ast-main-header-display":"","ast-hfb-above-header-display":"","ast-hfb-below-header-display":"","ast-hfb-mobile-header-display":"","site-post-title":"","ast-breadcrumbs-content":"","ast-featured-img":"","footer-sml-layout":"","theme-transparent-header-meta":"","adv-header-id-meta":"","stick-header-meta":"","header-above-stick-meta":"","header-main-stick-meta":"","header-below-stick-meta":"","astra-migrate-meta-layouts":"set","ast-page-background-enabled":"default","ast-page-background-meta":{"desktop":{"background-color":"var(--ast-global-color-4)","background-image":"","background-repeat":"repeat","background-position":"center center","background-size":"auto","background-attachment":"scroll","background-type":"","background-media":"","overlay-type":"","overlay-color":"","overlay-opacity":"","overlay-gradient":""},"tablet":{"background-color":"","background-image":"","background-repeat":"repeat","background-position":"center center","background-size":"auto","background-attachment":"scroll","background-type":"","background-media":"","overlay-type":"","overlay-color":"","overlay-opacity":"","overlay-gradient":""},"mobile":{"background-color":"","background-image":"","background-repeat":"repeat","background-position":"center center","background-size":"auto","background-attachment":"scroll","background-type":"","background-media":"","overlay-type":"","overlay-color":"","overlay-opacity":"","overlay-gradient":""}},"ast-content-background-meta":{"desktop":{"background-color":"var(--ast-global-color-5)","background-image":"","background-repeat":"repeat","background-position":"center center","background-size":"auto","background-attachment":"scroll","background-type":"","background-media":"","overlay-type":"","overlay-color":"","overlay-opacity":"","overlay-gradient":""},"tablet":{"background-color":"var(--ast-global-color-5)","background-image":"","background-repeat":"repeat","background-position":"center center","background-size":"auto","background-attachment":"scroll","background-type":"","background-media":"","overlay-type":"","overlay-color":"","overlay-opacity":"","overlay-gradient":""},"mobile":{"background-color":"var(--ast-global-color-5)","background-image":"","background-repeat":"repeat","background-position":"center center","background-size":"auto","background-attachment":"scroll","background-type":"","background-media":"","overlay-type":"","overlay-color":"","overlay-opacity":"","overlay-gradient":""}},"footnotes":""},"class_list":["post-2268","page","type-page","status-publish","hentry"],"post_mailing_queue_ids":[],"_links":{"self":[{"href":"https:\/\/agora.xtec.cat\/cee-francescbellapart-sabadell\/wp-json\/wp\/v2\/pages\/2268","targetHints":{"allow":["GET"]}}],"collection":[{"href":"https:\/\/agora.xtec.cat\/cee-francescbellapart-sabadell\/wp-json\/wp\/v2\/pages"}],"about":[{"href":"https:\/\/agora.xtec.cat\/cee-francescbellapart-sabadell\/wp-json\/wp\/v2\/types\/page"}],"author":[{"embeddable":true,"href":"https:\/\/agora.xtec.cat\/cee-francescbellapart-sabadell\/wp-json\/wp\/v2\/users\/1"}],"replies":[{"embeddable":true,"href":"https:\/\/agora.xtec.cat\/cee-francescbellapart-sabadell\/wp-json\/wp\/v2\/comments?post=2268"}],"version-history":[{"count":5,"href":"https:\/\/agora.xtec.cat\/cee-francescbellapart-sabadell\/wp-json\/wp\/v2\/pages\/2268\/revisions"}],"predecessor-version":[{"id":3576,"href":"https:\/\/agora.xtec.cat\/cee-francescbellapart-sabadell\/wp-json\/wp\/v2\/pages\/2268\/revisions\/3576"}],"up":[{"embeddable":true,"href":"https:\/\/agora.xtec.cat\/cee-francescbellapart-sabadell\/wp-json\/wp\/v2\/pages\/73"}],"wp:attachment":[{"href":"https:\/\/agora.xtec.cat\/cee-francescbellapart-sabadell\/wp-json\/wp\/v2\/media?parent=2268"}],"curies":[{"name":"wp","href":"https:\/\/api.w.org\/{rel}","templated":true}]}}