{"id":2265,"date":"2021-09-13T12:47:16","date_gmt":"2021-09-13T10:47:16","guid":{"rendered":"https:\/\/agora.xtec.cat\/cee-francescbellapart-sabadell\/?page_id=2265"},"modified":"2026-02-04T10:21:10","modified_gmt":"2026-02-04T09:21:10","slug":"setembre","status":"publish","type":"page","link":"https:\/\/agora.xtec.cat\/cee-francescbellapart-sabadell\/menjador-escolar\/setembre\/","title":{"rendered":"Setembre"},"content":{"rendered":"<p><a href=\"https:\/\/agora.xtec.cat\/cee-francescbellapart-sabadell\/wp-content\/uploads\/usu1447\/2025\/09\/MENU-BASAL-SETEMBRE.25.pdf\">MEN\u00da BASAL<\/a><\/p>\n<p><a href=\"https:\/\/agora.xtec.cat\/cee-francescbellapart-sabadell\/wp-content\/uploads\/usu1447\/2025\/09\/MENU-DERIVACIONS-SETEMBRE.25.pdf\">MEN\u00da DERIVACIONS<\/a><\/p>\n<p><a href=\"https:\/\/agora.xtec.cat\/cee-francescbellapart-sabadell\/wp-content\/uploads\/usu1447\/2025\/09\/MENU-DERIVACIONS.2-SETEMBRE.25.pdf\">MEN\u00da DERIVACIONS 2<\/a><\/p>\n<p><a href=\"https:\/\/agora.xtec.cat\/cee-francescbellapart-sabadell\/wp-content\/uploads\/usu1447\/2025\/09\/MENU-ADAPTAT.1-SETEMBRE.25.pdf\">MEN\u00da ADAPTAT 1<\/a><\/p>\n<p><a href=\"https:\/\/agora.xtec.cat\/cee-francescbellapart-sabadell\/wp-content\/uploads\/usu1447\/2025\/09\/MENU-ADAPTAT.2-SETEMBRE.25.pdf\">MEN\u00da ADAPTAT 2<\/a><\/p>\n<p><a href=\"https:\/\/agora.xtec.cat\/cee-francescbellapart-sabadell\/wp-content\/uploads\/usu1447\/2025\/09\/MENU-ADAPTAT.3-SETEMBRE.25.pdf\">MEN\u00da ADAPTAT 3<\/a><\/p>\n<p><a href=\"https:\/\/agora.xtec.cat\/cee-francescbellapart-sabadell\/wp-content\/uploads\/usu1447\/2025\/09\/MENU-DIABETIC-SETEMBRE.25.pdf\">MEN\u00da DIAB\u00c8TIC<\/a><\/p>\n<p><a href=\"https:\/\/agora.xtec.cat\/cee-francescbellapart-sabadell\/wp-content\/uploads\/usu1447\/2025\/09\/MENU.PKU-SETEMBRE.25.pdf\">MEN\u00da PKU<\/a><\/p>\n","protected":false},"excerpt":{"rendered":"<p>MEN\u00da BASAL MEN\u00da DERIVACIONS MEN\u00da DERIVACIONS 2 MEN\u00da ADAPTAT 1 MEN\u00da ADAPTAT 2 MEN\u00da ADAPTAT 3 MEN\u00da DIAB\u00c8TIC MEN\u00da PKU<\/p>\n","protected":false},"author":1,"featured_media":0,"parent":73,"menu_order":1,"comment_status":"closed","ping_status":"closed","template":"","meta":{"_bbp_topic_count":0,"_bbp_reply_count":0,"_bbp_total_topic_count":0,"_bbp_total_reply_count":0,"_bbp_voice_count":0,"_bbp_anonymous_reply_count":0,"_bbp_topic_count_hidden":0,"_bbp_reply_count_hidden":0,"_bbp_forum_subforum_count":0,"site-sidebar-layout":"default","site-content-layout":"","ast-site-content-layout":"default","site-content-style":"default","site-sidebar-style":"default","ast-global-header-display":"","ast-banner-title-visibility":"","ast-main-header-display":"","ast-hfb-above-header-display":"","ast-hfb-below-header-display":"","ast-hfb-mobile-header-display":"","site-post-title":"","ast-breadcrumbs-content":"","ast-featured-img":"","footer-sml-layout":"","theme-transparent-header-meta":"","adv-header-id-meta":"","stick-header-meta":"","header-above-stick-meta":"","header-main-stick-meta":"","header-below-stick-meta":"","astra-migrate-meta-layouts":"set","ast-page-background-enabled":"default","ast-page-background-meta":{"desktop":{"background-color":"var(--ast-global-color-4)","background-image":"","background-repeat":"repeat","background-position":"center center","background-size":"auto","background-attachment":"scroll","background-type":"","background-media":"","overlay-type":"","overlay-color":"","overlay-opacity":"","overlay-gradient":""},"tablet":{"background-color":"","background-image":"","background-repeat":"repeat","background-position":"center center","background-size":"auto","background-attachment":"scroll","background-type":"","background-media":"","overlay-type":"","overlay-color":"","overlay-opacity":"","overlay-gradient":""},"mobile":{"background-color":"","background-image":"","background-repeat":"repeat","background-position":"center center","background-size":"auto","background-attachment":"scroll","background-type":"","background-media":"","overlay-type":"","overlay-color":"","overlay-opacity":"","overlay-gradient":""}},"ast-content-background-meta":{"desktop":{"background-color":"var(--ast-global-color-5)","background-image":"","background-repeat":"repeat","background-position":"center center","background-size":"auto","background-attachment":"scroll","background-type":"","background-media":"","overlay-type":"","overlay-color":"","overlay-opacity":"","overlay-gradient":""},"tablet":{"background-color":"var(--ast-global-color-5)","background-image":"","background-repeat":"repeat","background-position":"center center","background-size":"auto","background-attachment":"scroll","background-type":"","background-media":"","overlay-type":"","overlay-color":"","overlay-opacity":"","overlay-gradient":""},"mobile":{"background-color":"var(--ast-global-color-5)","background-image":"","background-repeat":"repeat","background-position":"center center","background-size":"auto","background-attachment":"scroll","background-type":"","background-media":"","overlay-type":"","overlay-color":"","overlay-opacity":"","overlay-gradient":""}},"footnotes":""},"class_list":["post-2265","page","type-page","status-publish","hentry"],"post_mailing_queue_ids":[],"_links":{"self":[{"href":"https:\/\/agora.xtec.cat\/cee-francescbellapart-sabadell\/wp-json\/wp\/v2\/pages\/2265","targetHints":{"allow":["GET"]}}],"collection":[{"href":"https:\/\/agora.xtec.cat\/cee-francescbellapart-sabadell\/wp-json\/wp\/v2\/pages"}],"about":[{"href":"https:\/\/agora.xtec.cat\/cee-francescbellapart-sabadell\/wp-json\/wp\/v2\/types\/page"}],"author":[{"embeddable":true,"href":"https:\/\/agora.xtec.cat\/cee-francescbellapart-sabadell\/wp-json\/wp\/v2\/users\/1"}],"replies":[{"embeddable":true,"href":"https:\/\/agora.xtec.cat\/cee-francescbellapart-sabadell\/wp-json\/wp\/v2\/comments?post=2265"}],"version-history":[{"count":5,"href":"https:\/\/agora.xtec.cat\/cee-francescbellapart-sabadell\/wp-json\/wp\/v2\/pages\/2265\/revisions"}],"predecessor-version":[{"id":3542,"href":"https:\/\/agora.xtec.cat\/cee-francescbellapart-sabadell\/wp-json\/wp\/v2\/pages\/2265\/revisions\/3542"}],"up":[{"embeddable":true,"href":"https:\/\/agora.xtec.cat\/cee-francescbellapart-sabadell\/wp-json\/wp\/v2\/pages\/73"}],"wp:attachment":[{"href":"https:\/\/agora.xtec.cat\/cee-francescbellapart-sabadell\/wp-json\/wp\/v2\/media?parent=2265"}],"curies":[{"name":"wp","href":"https:\/\/api.w.org\/{rel}","templated":true}]}}