{"id":1541,"date":"2021-02-26T14:48:02","date_gmt":"2021-02-26T13:48:02","guid":{"rendered":"https:\/\/agora.xtec.cat\/cee-francescbellapart-sabadell\/?page_id=1541"},"modified":"2025-12-17T14:05:12","modified_gmt":"2025-12-17T13:05:12","slug":"ais","status":"publish","type":"page","link":"https:\/\/agora.xtec.cat\/cee-francescbellapart-sabadell\/serveis\/ais\/","title":{"rendered":"AIS"},"content":{"rendered":"<p><strong>Espai educatiu i terap<\/strong><strong>\u00e8<\/strong><strong>utic<\/strong> singular que t\u00e9 com objectiu proporcionar, de <strong>forma temporal<\/strong>, una atenci\u00f3 integral i intensiva per tal de retornar al context escolar ordinari. L\u2019AIS \u00e9s una aula ubicada fora de l\u2019entorn del CEE.\u00a0 Aquest curs est\u00e0 localitzada\u00a0 dins l\u2019edifici de l\u2019escola Miquel Carreres de Sabadell.\u00a0<\/p>\n<p>El model d\u2019atenci\u00f3 es basa en la idea que l\u2019alumne \u00e9s el centre de la intervenci\u00f3 i l\u2019equip s\u2019organitza en funci\u00f3 de les seves necessitats educatives i terap\u00e8utiques.<\/p>\n<p><a href=\"https:\/\/agora.xtec.cat\/cee-francescbellapart-sabadell\/wp-content\/uploads\/usu1447\/2025\/07\/Imatge-de-WhatsApp-2025-07-01-a-les-15.52.05_b1aa93c9-scaled.jpg\"><img loading=\"lazy\" decoding=\"async\" class=\"aligncenter  wp-image-3495\" src=\"https:\/\/agora.xtec.cat\/cee-francescbellapart-sabadell\/wp-content\/uploads\/usu1447\/2025\/07\/Imatge-de-WhatsApp-2025-07-01-a-les-15.52.05_b1aa93c9-scaled.jpg\" alt=\"\" width=\"466\" height=\"621\" srcset=\"https:\/\/agora.xtec.cat\/cee-francescbellapart-sabadell\/wp-content\/uploads\/usu1447\/2025\/07\/Imatge-de-WhatsApp-2025-07-01-a-les-15.52.05_b1aa93c9-scaled.jpg 1920w, https:\/\/agora.xtec.cat\/cee-francescbellapart-sabadell\/wp-content\/uploads\/usu1447\/2025\/07\/Imatge-de-WhatsApp-2025-07-01-a-les-15.52.05_b1aa93c9-225x300.jpg 225w, https:\/\/agora.xtec.cat\/cee-francescbellapart-sabadell\/wp-content\/uploads\/usu1447\/2025\/07\/Imatge-de-WhatsApp-2025-07-01-a-les-15.52.05_b1aa93c9-768x1024.jpg 768w, https:\/\/agora.xtec.cat\/cee-francescbellapart-sabadell\/wp-content\/uploads\/usu1447\/2025\/07\/Imatge-de-WhatsApp-2025-07-01-a-les-15.52.05_b1aa93c9-1152x1536.jpg 1152w, https:\/\/agora.xtec.cat\/cee-francescbellapart-sabadell\/wp-content\/uploads\/usu1447\/2025\/07\/Imatge-de-WhatsApp-2025-07-01-a-les-15.52.05_b1aa93c9-1536x2048.jpg 1536w\" sizes=\"auto, (max-width: 466px) 100vw, 466px\" \/><\/a><\/p>\n\n\n<p><\/p>\n","protected":false},"excerpt":{"rendered":"<p>Espai educatiu i terap\u00e8utic singular que t\u00e9 com objectiu proporcionar, de forma temporal, una atenci\u00f3 integral i intensiva per tal de retornar al context escolar ordinari. L\u2019AIS \u00e9s una aula ubicada fora de l\u2019entorn del CEE.\u00a0 Aquest curs est\u00e0 localitzada\u00a0 dins l\u2019edifici de l\u2019escola Miquel Carreres de Sabadell.\u00a0 El model d\u2019atenci\u00f3 es basa en la [&hellip;]<\/p>\n","protected":false},"author":1,"featured_media":0,"parent":3424,"menu_order":0,"comment_status":"closed","ping_status":"closed","template":"","meta":{"_bbp_topic_count":0,"_bbp_reply_count":0,"_bbp_total_topic_count":0,"_bbp_total_reply_count":0,"_bbp_voice_count":0,"_bbp_anonymous_reply_count":0,"_bbp_topic_count_hidden":0,"_bbp_reply_count_hidden":0,"_bbp_forum_subforum_count":0,"site-sidebar-layout":"left-sidebar","site-content-layout":"","ast-site-content-layout":"default","site-content-style":"default","site-sidebar-style":"default","ast-global-header-display":"","ast-banner-title-visibility":"","ast-main-header-display":"","ast-hfb-above-header-display":"","ast-hfb-below-header-display":"","ast-hfb-mobile-header-display":"","site-post-title":"","ast-breadcrumbs-content":"","ast-featured-img":"","footer-sml-layout":"","theme-transparent-header-meta":"","adv-header-id-meta":"","stick-header-meta":"","header-above-stick-meta":"","header-main-stick-meta":"","header-below-stick-meta":"","astra-migrate-meta-layouts":"set","ast-page-background-enabled":"default","ast-page-background-meta":{"desktop":{"background-color":"var(--ast-global-color-4)","background-image":"","background-repeat":"repeat","background-position":"center center","background-size":"auto","background-attachment":"scroll","background-type":"","background-media":"","overlay-type":"","overlay-color":"","overlay-opacity":"","overlay-gradient":""},"tablet":{"background-color":"","background-image":"","background-repeat":"repeat","background-position":"center center","background-size":"auto","background-attachment":"scroll","background-type":"","background-media":"","overlay-type":"","overlay-color":"","overlay-opacity":"","overlay-gradient":""},"mobile":{"background-color":"","background-image":"","background-repeat":"repeat","background-position":"center center","background-size":"auto","background-attachment":"scroll","background-type":"","background-media":"","overlay-type":"","overlay-color":"","overlay-opacity":"","overlay-gradient":""}},"ast-content-background-meta":{"desktop":{"background-color":"var(--ast-global-color-5)","background-image":"","background-repeat":"repeat","background-position":"center center","background-size":"auto","background-attachment":"scroll","background-type":"","background-media":"","overlay-type":"","overlay-color":"","overlay-opacity":"","overlay-gradient":""},"tablet":{"background-color":"var(--ast-global-color-5)","background-image":"","background-repeat":"repeat","background-position":"center center","background-size":"auto","background-attachment":"scroll","background-type":"","background-media":"","overlay-type":"","overlay-color":"","overlay-opacity":"","overlay-gradient":""},"mobile":{"background-color":"var(--ast-global-color-5)","background-image":"","background-repeat":"repeat","background-position":"center center","background-size":"auto","background-attachment":"scroll","background-type":"","background-media":"","overlay-type":"","overlay-color":"","overlay-opacity":"","overlay-gradient":""}},"footnotes":""},"class_list":["post-1541","page","type-page","status-publish","hentry"],"post_mailing_queue_ids":[],"_links":{"self":[{"href":"https:\/\/agora.xtec.cat\/cee-francescbellapart-sabadell\/wp-json\/wp\/v2\/pages\/1541","targetHints":{"allow":["GET"]}}],"collection":[{"href":"https:\/\/agora.xtec.cat\/cee-francescbellapart-sabadell\/wp-json\/wp\/v2\/pages"}],"about":[{"href":"https:\/\/agora.xtec.cat\/cee-francescbellapart-sabadell\/wp-json\/wp\/v2\/types\/page"}],"author":[{"embeddable":true,"href":"https:\/\/agora.xtec.cat\/cee-francescbellapart-sabadell\/wp-json\/wp\/v2\/users\/1"}],"replies":[{"embeddable":true,"href":"https:\/\/agora.xtec.cat\/cee-francescbellapart-sabadell\/wp-json\/wp\/v2\/comments?post=1541"}],"version-history":[{"count":6,"href":"https:\/\/agora.xtec.cat\/cee-francescbellapart-sabadell\/wp-json\/wp\/v2\/pages\/1541\/revisions"}],"predecessor-version":[{"id":3595,"href":"https:\/\/agora.xtec.cat\/cee-francescbellapart-sabadell\/wp-json\/wp\/v2\/pages\/1541\/revisions\/3595"}],"up":[{"embeddable":true,"href":"https:\/\/agora.xtec.cat\/cee-francescbellapart-sabadell\/wp-json\/wp\/v2\/pages\/3424"}],"wp:attachment":[{"href":"https:\/\/agora.xtec.cat\/cee-francescbellapart-sabadell\/wp-json\/wp\/v2\/media?parent=1541"}],"curies":[{"name":"wp","href":"https:\/\/api.w.org\/{rel}","templated":true}]}}