{"id":5084,"date":"2026-03-02T15:33:49","date_gmt":"2026-03-02T14:33:49","guid":{"rendered":"https:\/\/agora.xtec.cat\/cee-esperanca\/?page_id=5084"},"modified":"2026-03-13T10:12:47","modified_gmt":"2026-03-13T09:12:47","slug":"pla-educatiu-dentorn","status":"publish","type":"page","link":"https:\/\/agora.xtec.cat\/cee-esperanca\/pla-educatiu-dentorn\/","title":{"rendered":"Pla Educatiu d&#8217;Entorn"},"content":{"rendered":"\n<div class=\"wp-block-getwid-image-box is-style-rounded getwid-animation has-text-center has-mobile-layout-default has-mobile-alignment-default\" data-animation=\"zoomBig\"><div class=\"wp-block-getwid-image-box__image-container is-position-top\"><a href=\"https:\/\/educacio.paeria.cat\/ca\/pla-educatiu-dentorn-lleida\" target=\"_blank\" rel=\"noreferrer noopener\" class=\"wp-block-getwid-image-box__image-wrapper\"><img loading=\"lazy\" decoding=\"async\" width=\"199\" height=\"127\" src=\"https:\/\/agora.xtec.cat\/cee-esperanca\/wp-content\/uploads\/usu368\/2026\/03\/pee-1.jpg\" class=\"wp-block-getwid-image-box__image wp-image-5096\"\/><\/a><\/div><div class=\"wp-block-getwid-image-box__content\"><\/div><\/div>\n\n\n\n<figure class=\"wp-block-pullquote\">\n<blockquote>\n<p style=\"text-align: center;\">L&#8217;escola Esperan\u00e7a participa en diversos projectes del Pla Educatiu d&#8217;Entorn (PEE) que \u00e9s una proposta de cooperaci\u00f3 educativa entre el Departament d\u2019Educaci\u00f3 i Formaci\u00f3 Professional i l\u2019Ajuntament. T\u00e9 com a objectiu aconseguir l\u2019\u00e8xit educatiu de tot l\u2019alumnat i contribuir a la cohesi\u00f3 social mitjan\u00e7ant l\u2019equitat, l\u2019educaci\u00f3 intercultural, el foment de la conviv\u00e8ncia i l\u2019\u00fas de la llengua catalana.<\/p>\n<\/blockquote>\n<\/figure>\n\n\n\n<div class=\"wp-block-group is-nowrap is-layout-flex wp-container-core-group-is-layout-1 wp-block-group-is-layout-flex\">\n<figure class=\"wp-block-video\"><video controls poster=\"https:\/\/agora.xtec.cat\/cee-esperanca\/wp-content\/uploads\/usu368\/2026\/03\/LOGO-CATALA-1.png\" src=\"https:\/\/agora.xtec.cat\/cee-esperanca\/wp-content\/uploads\/usu368\/2026\/03\/WhatsApp-Video-2026-03-02-at-18.41.21.mp4\"><\/video><\/figure>\n\n\n\n<figure class=\"wp-block-image size-large is-resized\"><a href=\"https:\/\/agora.xtec.cat\/cee-esperanca\/wp-content\/uploads\/usu368\/2026\/03\/Cartells-PEE_page-0001.jpg\"><img loading=\"lazy\" decoding=\"async\" width=\"725\" height=\"1024\" src=\"https:\/\/agora.xtec.cat\/cee-esperanca\/wp-content\/uploads\/usu368\/2026\/03\/Cartells-PEE_page-0001-725x1024.jpg\" alt=\"\" class=\"wp-image-5102\" style=\"width:339px;height:auto\" srcset=\"https:\/\/agora.xtec.cat\/cee-esperanca\/wp-content\/uploads\/usu368\/2026\/03\/Cartells-PEE_page-0001-725x1024.jpg 725w, https:\/\/agora.xtec.cat\/cee-esperanca\/wp-content\/uploads\/usu368\/2026\/03\/Cartells-PEE_page-0001-212x300.jpg 212w, https:\/\/agora.xtec.cat\/cee-esperanca\/wp-content\/uploads\/usu368\/2026\/03\/Cartells-PEE_page-0001-768x1085.jpg 768w, https:\/\/agora.xtec.cat\/cee-esperanca\/wp-content\/uploads\/usu368\/2026\/03\/Cartells-PEE_page-0001-1087x1536.jpg 1087w, https:\/\/agora.xtec.cat\/cee-esperanca\/wp-content\/uploads\/usu368\/2026\/03\/Cartells-PEE_page-0001.jpg 1241w\" sizes=\"auto, (max-width: 725px) 100vw, 725px\" \/><\/a><\/figure>\n<\/div>\n","protected":false},"excerpt":{"rendered":"<p><a href=\"https:\/\/educacio.paeria.cat\/ca\/pla-educatiu-dentorn-lleida\" target=\"_blank\" rel=\"noreferrer noopener\" class=\"wp-block-getwid-image-box__image-wrapper\"><\/a><\/p>\n<p>L&#8217;escola Esperan\u00e7a participa en diversos projectes del Pla Educatiu d&#8217;Entorn (PEE) que \u00e9s una proposta de cooperaci\u00f3 educativa entre el Departament d\u2019Educaci\u00f3 i Formaci\u00f3 Professional i l\u2019Ajuntament. T\u00e9 com a objectiu aconseguir l\u2019\u00e8xit educatiu de tot l\u2019alumnat i contribuir a&hellip;  <a href=\"https:\/\/agora.xtec.cat\/cee-esperanca\/pla-educatiu-dentorn\/\" title=\"Read Pla Educatiu d&#8217;Entorn\">Llegeix m\u00e9s\u00bb<\/a><\/p>\n","protected":false},"author":1,"featured_media":0,"parent":0,"menu_order":1,"comment_status":"closed","ping_status":"close","template":"","meta":{"_bbp_topic_count":0,"_bbp_reply_count":0,"_bbp_total_topic_count":0,"_bbp_total_reply_count":0,"_bbp_voice_count":0,"_bbp_anonymous_reply_count":0,"_bbp_topic_count_hidden":0,"_bbp_reply_count_hidden":0,"_bbp_forum_subforum_count":0,"footnotes":""},"class_list":["post-5084","page","type-page","status-publish","hentry"],"post_mailing_queue_ids":[],"_links":{"self":[{"href":"https:\/\/agora.xtec.cat\/cee-esperanca\/wp-json\/wp\/v2\/pages\/5084","targetHints":{"allow":["GET"]}}],"collection":[{"href":"https:\/\/agora.xtec.cat\/cee-esperanca\/wp-json\/wp\/v2\/pages"}],"about":[{"href":"https:\/\/agora.xtec.cat\/cee-esperanca\/wp-json\/wp\/v2\/types\/page"}],"author":[{"embeddable":true,"href":"https:\/\/agora.xtec.cat\/cee-esperanca\/wp-json\/wp\/v2\/users\/1"}],"replies":[{"embeddable":true,"href":"https:\/\/agora.xtec.cat\/cee-esperanca\/wp-json\/wp\/v2\/comments?post=5084"}],"version-history":[{"count":6,"href":"https:\/\/agora.xtec.cat\/cee-esperanca\/wp-json\/wp\/v2\/pages\/5084\/revisions"}],"predecessor-version":[{"id":5115,"href":"https:\/\/agora.xtec.cat\/cee-esperanca\/wp-json\/wp\/v2\/pages\/5084\/revisions\/5115"}],"wp:attachment":[{"href":"https:\/\/agora.xtec.cat\/cee-esperanca\/wp-json\/wp\/v2\/media?parent=5084"}],"curies":[{"name":"wp","href":"https:\/\/api.w.org\/{rel}","templated":true}]}}