{"id":4535,"date":"2022-10-21T12:56:59","date_gmt":"2022-10-21T10:56:59","guid":{"rendered":"https:\/\/agora.xtec.cat\/cee-esperanca\/?page_id=4535"},"modified":"2023-07-07T16:17:07","modified_gmt":"2023-07-07T14:17:07","slug":"organitzacio","status":"publish","type":"page","link":"https:\/\/agora.xtec.cat\/cee-esperanca\/lescola-2\/organitzacio\/","title":{"rendered":"Com treballem?"},"content":{"rendered":"<p>Al CEE ens estructurem amb 4 grans blocs (peces) segons les necessitats i caracter\u00edstiques dels nostres alumnes. La suma de tots ells formen l&#8217;Esperan\u00e7a.<\/p>\n<table style=\"border-collapse: collapse; width: 94.3446%; height: 581px;\">\n<tbody>\n<tr style=\"height: 103px;\">\n<td style=\"width: 13.8723%; height: 103px;\">\n<h6><img loading=\"lazy\" decoding=\"async\" class=\"alignnone wp-image-4585 size-thumbnail\" src=\"https:\/\/agora.xtec.cat\/cee-esperanca\/wp-content\/uploads\/usu368\/2022\/11\/ESPAI-1-150x150.jpg\" alt=\"\" width=\"150\" height=\"150\" srcset=\"https:\/\/agora.xtec.cat\/cee-esperanca\/wp-content\/uploads\/usu368\/2022\/11\/ESPAI-1-150x150.jpg 150w, https:\/\/agora.xtec.cat\/cee-esperanca\/wp-content\/uploads\/usu368\/2022\/11\/ESPAI-1-300x300.jpg 300w, https:\/\/agora.xtec.cat\/cee-esperanca\/wp-content\/uploads\/usu368\/2022\/11\/ESPAI-1.jpg 690w\" sizes=\"auto, (max-width: 150px) 100vw, 150px\" \/><\/h6>\n<\/td>\n<td style=\"width: 86.1277%; height: 103px; text-align: justify;\">\n<h6>Situat a la planta baixa de l\u2019edifici, est\u00e0 format pels grups 1, 2 , 3 i 4. Hi ha alumnes d\u2019Educaci\u00f3 Infantil i 1r cicle de Prim\u00e0ria i tamb\u00e9 alumnes amb moltes NESE.<\/h6>\n<\/td>\n<\/tr>\n<tr style=\"height: 103px;\">\n<td style=\"width: 13.8723%; height: 103px;\"><img loading=\"lazy\" decoding=\"async\" class=\"alignleft wp-image-4587 size-thumbnail\" src=\"https:\/\/agora.xtec.cat\/cee-esperanca\/wp-content\/uploads\/usu368\/2022\/11\/ESPAI-2-150x150.jpg\" alt=\"\" width=\"150\" height=\"150\" srcset=\"https:\/\/agora.xtec.cat\/cee-esperanca\/wp-content\/uploads\/usu368\/2022\/11\/ESPAI-2-150x150.jpg 150w, https:\/\/agora.xtec.cat\/cee-esperanca\/wp-content\/uploads\/usu368\/2022\/11\/ESPAI-2-298x300.jpg 298w, https:\/\/agora.xtec.cat\/cee-esperanca\/wp-content\/uploads\/usu368\/2022\/11\/ESPAI-2.jpg 683w\" sizes=\"auto, (max-width: 150px) 100vw, 150px\" \/><\/td>\n<td style=\"width: 86.1277%; height: 103px; text-align: justify;\">\n<h6>Situat al primer pis de l\u2019edifici, est\u00e0 format pels grups 5 i 6. S\u00f3n alumnes d\u2019escolaritat compartida de Prim\u00e0ria i de Secund\u00e0ria.<\/h6>\n<\/td>\n<\/tr>\n<tr style=\"height: 118px;\">\n<td style=\"width: 13.8723%; height: 118px;\"><img loading=\"lazy\" decoding=\"async\" class=\"alignleft wp-image-4586 size-thumbnail\" src=\"https:\/\/agora.xtec.cat\/cee-esperanca\/wp-content\/uploads\/usu368\/2022\/11\/ESPAI-3-150x150.jpg\" alt=\"\" width=\"150\" height=\"150\" srcset=\"https:\/\/agora.xtec.cat\/cee-esperanca\/wp-content\/uploads\/usu368\/2022\/11\/ESPAI-3-150x150.jpg 150w, https:\/\/agora.xtec.cat\/cee-esperanca\/wp-content\/uploads\/usu368\/2022\/11\/ESPAI-3-300x300.jpg 300w, https:\/\/agora.xtec.cat\/cee-esperanca\/wp-content\/uploads\/usu368\/2022\/11\/ESPAI-3.jpg 689w\" sizes=\"auto, (max-width: 150px) 100vw, 150px\" \/><\/td>\n<td style=\"width: 86.1277%; height: 118px; text-align: justify;\">\n<h6>Tamb\u00e9 s\u2019ubica al primer pis i el formen els grups 7, 8 i 9. Generalment els alumnes s\u00f3n d&#8217;escolaritat total al nostre centre i es caracteritzen per realitzar continguts de pre i transici\u00f3 a la vida adulta (TVA i PRE-TVA).<\/h6>\n<\/td>\n<\/tr>\n<tr style=\"height: 257px;\">\n<td style=\"width: 13.8723%; height: 257px;\"><img loading=\"lazy\" decoding=\"async\" class=\"alignnone size-medium wp-image-4588\" src=\"https:\/\/agora.xtec.cat\/cee-esperanca\/wp-content\/uploads\/usu368\/2022\/11\/AIS-300x300.jpg\" alt=\"\" width=\"300\" height=\"300\" srcset=\"https:\/\/agora.xtec.cat\/cee-esperanca\/wp-content\/uploads\/usu368\/2022\/11\/AIS-300x300.jpg 300w, https:\/\/agora.xtec.cat\/cee-esperanca\/wp-content\/uploads\/usu368\/2022\/11\/AIS-150x150.jpg 150w, https:\/\/agora.xtec.cat\/cee-esperanca\/wp-content\/uploads\/usu368\/2022\/11\/AIS.jpg 686w\" sizes=\"auto, (max-width: 300px) 100vw, 300px\" \/><\/td>\n<td style=\"width: 86.1277%; height: 257px;\">\n<h6 style=\"text-align: justify;\"><strong>Finalment, les AIS (Aules Integrals de Suport) es situen al segon pis. El formen alumnes de prim\u00e0ria i secund\u00e0ria respectivament. L&#8217;alumnat s&#8217;agrupa segons l&#8217;edat, el diagn\u00f2stic cl\u00ednic, trastorn de la conducta i segons les necessitats. Tots s\u00f3n alumnes d&#8217;escolaritat compartida que s\u00f3n intervinguts pel CSMIJ.\u00a0<\/strong>\u00c9s un recurs temporal (m\u00e0xim 2 anys), l&#8217;objectiu principal \u00e9s assolir l&#8217;equilibri i benestar personal suficient pel retorn a contextos ordinaris, afavorint la seva inclusi\u00f3.<\/h6>\n<\/td>\n<\/tr>\n<\/tbody>\n<\/table>\n<p>&nbsp;<\/p>\n","protected":false},"excerpt":{"rendered":"<p>Al CEE ens estructurem amb 4 grans blocs (peces) segons les necessitats i caracter\u00edstiques dels nostres alumnes. La suma de tots ells formen l&#8217;Esperan\u00e7a.<\/p>\n<p>Situat a la planta baixa de l\u2019edifici, est\u00e0 format pels grups 1, 2 , 3 i 4. Hi ha alumnes d\u2019Educaci\u00f3 Infantil&hellip;  <a href=\"https:\/\/agora.xtec.cat\/cee-esperanca\/lescola-2\/organitzacio\/\" title=\"Read Com treballem?\">Llegeix m\u00e9s\u00bb<\/a><\/p>\n","protected":false},"author":1,"featured_media":0,"parent":4377,"menu_order":5,"comment_status":"closed","ping_status":"closed","template":"page-templates\/side-menu.php","meta":{"_bbp_topic_count":0,"_bbp_reply_count":0,"_bbp_total_topic_count":0,"_bbp_total_reply_count":0,"_bbp_voice_count":0,"_bbp_anonymous_reply_count":0,"_bbp_topic_count_hidden":0,"_bbp_reply_count_hidden":0,"_bbp_forum_subforum_count":0,"footnotes":""},"class_list":["post-4535","page","type-page","status-publish","hentry"],"post_mailing_queue_ids":[],"_links":{"self":[{"href":"https:\/\/agora.xtec.cat\/cee-esperanca\/wp-json\/wp\/v2\/pages\/4535","targetHints":{"allow":["GET"]}}],"collection":[{"href":"https:\/\/agora.xtec.cat\/cee-esperanca\/wp-json\/wp\/v2\/pages"}],"about":[{"href":"https:\/\/agora.xtec.cat\/cee-esperanca\/wp-json\/wp\/v2\/types\/page"}],"author":[{"embeddable":true,"href":"https:\/\/agora.xtec.cat\/cee-esperanca\/wp-json\/wp\/v2\/users\/1"}],"replies":[{"embeddable":true,"href":"https:\/\/agora.xtec.cat\/cee-esperanca\/wp-json\/wp\/v2\/comments?post=4535"}],"version-history":[{"count":4,"href":"https:\/\/agora.xtec.cat\/cee-esperanca\/wp-json\/wp\/v2\/pages\/4535\/revisions"}],"predecessor-version":[{"id":4810,"href":"https:\/\/agora.xtec.cat\/cee-esperanca\/wp-json\/wp\/v2\/pages\/4535\/revisions\/4810"}],"up":[{"embeddable":true,"href":"https:\/\/agora.xtec.cat\/cee-esperanca\/wp-json\/wp\/v2\/pages\/4377"}],"wp:attachment":[{"href":"https:\/\/agora.xtec.cat\/cee-esperanca\/wp-json\/wp\/v2\/media?parent=4535"}],"curies":[{"name":"wp","href":"https:\/\/api.w.org\/{rel}","templated":true}]}}