{"id":4491,"date":"2022-10-21T10:15:14","date_gmt":"2022-10-21T08:15:14","guid":{"rendered":"https:\/\/agora.xtec.cat\/cee-esperanca\/?page_id=4491"},"modified":"2025-02-06T16:02:13","modified_gmt":"2025-02-06T15:02:13","slug":"teacch","status":"publish","type":"page","link":"https:\/\/agora.xtec.cat\/cee-esperanca\/com-treballem\/teacch\/","title":{"rendered":"TEACCH"},"content":{"rendered":"\n<p>El TEACCH \u00e9s una metodologia de treball per alumnes TEA (Trastorn de l&#8217;Espectre Autista) que t\u00e9 com a finalitat l&#8217;estructuraci\u00f3 del proc\u00e9s educatiu.<br><\/p>\n\n\n\n<div class=\"wp-block-getwid-banner has-animation-style4 has-text-animation-opacity-bottom\"><a href=\"#\" class=\"wp-block-getwid-banner__link\"><div class=\"wp-block-getwid-banner__wrapper\"><img loading=\"lazy\" decoding=\"async\" width=\"1024\" height=\"1024\" src=\"https:\/\/agora.xtec.cat\/cee-esperanca\/wp-content\/uploads\/usu368\/2022\/10\/WhatsApp-Image-2022-10-21-at-12.39.52-1024x1024.jpeg\" alt=\"\" class=\"wp-block-getwid-banner__image wp-block-getwid-banner__source wp-image-4529\" srcset=\"https:\/\/agora.xtec.cat\/cee-esperanca\/wp-content\/uploads\/usu368\/2022\/10\/WhatsApp-Image-2022-10-21-at-12.39.52.jpeg 1024w, https:\/\/agora.xtec.cat\/cee-esperanca\/wp-content\/uploads\/usu368\/2022\/10\/WhatsApp-Image-2022-10-21-at-12.39.52-300x300.jpeg 300w, https:\/\/agora.xtec.cat\/cee-esperanca\/wp-content\/uploads\/usu368\/2022\/10\/WhatsApp-Image-2022-10-21-at-12.39.52-150x150.jpeg 150w, https:\/\/agora.xtec.cat\/cee-esperanca\/wp-content\/uploads\/usu368\/2022\/10\/WhatsApp-Image-2022-10-21-at-12.39.52-768x768.jpeg 768w\" sizes=\"auto, (max-width: 1024px) 100vw, 1024px\" \/><div class=\"wp-block-getwid-banner__caption\"><div class=\"wp-block-getwid-banner__caption-wrapper\"><span class=\"wp-block-getwid-banner__title\">RECURSOS TEACCH<\/span><p class=\"wp-block-getwid-banner__text\">AULA QUE DISPOSA EL CENTRE AMB ELS RECURSOS TEACCH<\/p><\/div><\/div><\/div><\/a><\/div>\n\n\n\n<div data-wp-interactive=\"core\/file\" class=\"wp-block-file\"><object data-wp-bind--hidden=\"!state.hasPdfPreview\" hidden class=\"wp-block-file__embed\" data=\"https:\/\/agora.xtec.cat\/cee-esperanca\/wp-content\/uploads\/usu368\/2025\/02\/PRESENTACIO-METODOLOGIA-TEACCH-CURS-24-25.pdf\" type=\"application\/pdf\" style=\"width:100%;height:600px\" aria-label=\"Incrustaci\u00f3 del fitxer PRESENTACI\u00d3 METODOLOGIA TEACCH CURS 24-25.\"><\/object><a id=\"wp-block-file--media-d5fa1b49-81d8-455f-b275-39437e275cea\" href=\"https:\/\/agora.xtec.cat\/cee-esperanca\/wp-content\/uploads\/usu368\/2025\/02\/PRESENTACIO-METODOLOGIA-TEACCH-CURS-24-25.pdf\">PRESENTACI\u00d3 METODOLOGIA TEACCH CURS 24-25<\/a><a href=\"https:\/\/agora.xtec.cat\/cee-esperanca\/wp-content\/uploads\/usu368\/2025\/02\/PRESENTACIO-METODOLOGIA-TEACCH-CURS-24-25.pdf\" class=\"wp-block-file__button wp-element-button\" download aria-describedby=\"wp-block-file--media-d5fa1b49-81d8-455f-b275-39437e275cea\">Baixa<\/a><\/div>\n\n\n\n\n\n\n\n<pre class=\"wp-block-verse\"><\/pre>\n\n\n\n<figure class=\"wp-block-pullquote\"><blockquote><p><\/p><\/blockquote><\/figure>\n","protected":false},"excerpt":{"rendered":"<p>El TEACCH \u00e9s una metodologia de treball per alumnes TEA (Trastorn de l&#8217;Espectre Autista) que t\u00e9 com a finalitat l&#8217;estructuraci\u00f3 del proc\u00e9s educatiu.<\/p>\n<p><a href=\"#\" class=\"wp-block-getwid-banner__link\">RECURSOS TEACCHAULA QUE DISPOSA EL CENTRE AMB ELS RECURSOS TEACCH<\/a><\/p>\n<p><a id=\"wp-block-file--media-d5fa1b49-81d8-455f-b275-39437e275cea\" href=\"https:\/\/agora.xtec.cat\/cee-esperanca\/wp-content\/uploads\/usu368\/2025\/02\/PRESENTACIO-METODOLOGIA-TEACCH-CURS-24-25.pdf\">PRESENTACI\u00d3 METODOLOGIA TEACCH CURS 24-25<\/a><a href=\"https:\/\/agora.xtec.cat\/cee-esperanca\/wp-content\/uploads\/usu368\/2025\/02\/PRESENTACIO-METODOLOGIA-TEACCH-CURS-24-25.pdf\" class=\"wp-block-file__button wp-element-button\" download aria-describedby=\"wp-block-file--media-d5fa1b49-81d8-455f-b275-39437e275cea\">Baixa<\/a><\/p>\n","protected":false},"author":1,"featured_media":0,"parent":4386,"menu_order":5,"comment_status":"closed","ping_status":"closed","template":"page-templates\/side-menu.php","meta":{"_bbp_topic_count":0,"_bbp_reply_count":0,"_bbp_total_topic_count":0,"_bbp_total_reply_count":0,"_bbp_voice_count":0,"_bbp_anonymous_reply_count":0,"_bbp_topic_count_hidden":0,"_bbp_reply_count_hidden":0,"_bbp_forum_subforum_count":0,"footnotes":""},"class_list":["post-4491","page","type-page","status-publish","hentry"],"post_mailing_queue_ids":[],"_links":{"self":[{"href":"https:\/\/agora.xtec.cat\/cee-esperanca\/wp-json\/wp\/v2\/pages\/4491","targetHints":{"allow":["GET"]}}],"collection":[{"href":"https:\/\/agora.xtec.cat\/cee-esperanca\/wp-json\/wp\/v2\/pages"}],"about":[{"href":"https:\/\/agora.xtec.cat\/cee-esperanca\/wp-json\/wp\/v2\/types\/page"}],"author":[{"embeddable":true,"href":"https:\/\/agora.xtec.cat\/cee-esperanca\/wp-json\/wp\/v2\/users\/1"}],"replies":[{"embeddable":true,"href":"https:\/\/agora.xtec.cat\/cee-esperanca\/wp-json\/wp\/v2\/comments?post=4491"}],"version-history":[{"count":4,"href":"https:\/\/agora.xtec.cat\/cee-esperanca\/wp-json\/wp\/v2\/pages\/4491\/revisions"}],"predecessor-version":[{"id":4966,"href":"https:\/\/agora.xtec.cat\/cee-esperanca\/wp-json\/wp\/v2\/pages\/4491\/revisions\/4966"}],"up":[{"embeddable":true,"href":"https:\/\/agora.xtec.cat\/cee-esperanca\/wp-json\/wp\/v2\/pages\/4386"}],"wp:attachment":[{"href":"https:\/\/agora.xtec.cat\/cee-esperanca\/wp-json\/wp\/v2\/media?parent=4491"}],"curies":[{"name":"wp","href":"https:\/\/api.w.org\/{rel}","templated":true}]}}