{"id":4179,"date":"2022-04-24T23:12:26","date_gmt":"2022-04-24T21:12:26","guid":{"rendered":"https:\/\/agora.xtec.cat\/cee-esperanca\/?page_id=4179"},"modified":"2025-01-30T17:54:16","modified_gmt":"2025-01-30T16:54:16","slug":"estrategia-digital-de-centre","status":"publish","type":"page","link":"https:\/\/agora.xtec.cat\/cee-esperanca\/estrategia-digital-de-centre\/","title":{"rendered":"Estrat\u00e8gia Digital de Centre"},"content":{"rendered":"<div class=\"oKdM2c Kzv0Me\">\n<div id=\"h.1e20679ca657a2da_31\" class=\"hJDwNd-AhqUyc-uQSCkd jXK9ad D2fZ2 OjCsFc GNzUNc\">\n<div class=\"jXK9ad-SmKAyb\">\n<div class=\"tyJCtd mGzaTb baZpAe\">\n<p dir=\"ltr\"><a href=\"https:\/\/agora.xtec.cat\/cee-esperanca\/estrategia-digital-de-centre\/attachment\/edc\/\" rel=\"attachment wp-att-4182\"><code><\/code><img loading=\"lazy\" decoding=\"async\" class=\"aligncenter size-large wp-image-4182\" src=\"https:\/\/agora.xtec.cat\/cee-esperanca\/wp-content\/uploads\/usu368\/2022\/04\/edc-1024x122.png\" alt=\"\" width=\"1024\" height=\"122\" srcset=\"https:\/\/agora.xtec.cat\/cee-esperanca\/wp-content\/uploads\/usu368\/2022\/04\/edc-1024x122.png 1024w, https:\/\/agora.xtec.cat\/cee-esperanca\/wp-content\/uploads\/usu368\/2022\/04\/edc-300x36.png 300w, https:\/\/agora.xtec.cat\/cee-esperanca\/wp-content\/uploads\/usu368\/2022\/04\/edc-768x91.png 768w, https:\/\/agora.xtec.cat\/cee-esperanca\/wp-content\/uploads\/usu368\/2022\/04\/edc.png 1472w\" sizes=\"auto, (max-width: 1024px) 100vw, 1024px\" \/><\/a><img loading=\"lazy\" decoding=\"async\" class=\"aligncenter wp-image-4098\" src=\"https:\/\/agora.xtec.cat\/cee-esperanca\/wp-content\/uploads\/usu368\/2022\/03\/3b6982bf4ee809f9e63c902f14c252b01.gif\" alt=\"\" width=\"179\" height=\"184\" \/><\/p>\n<p class=\"CDt4Ke zfr3Q\" dir=\"ltr\">L&#8217;<strong>ESTRAT\u00c8GIA DIGITAL de CENTRE<\/strong> <strong>(EDC) <\/strong> \u00e9s un instrument que defineix i concreta les l\u00ednies d&#8217;actuaci\u00f3 fent possible que professionals i alumnat assoleixin la compet\u00e8ncia digital.<code><\/code><\/p>\n<\/div>\n<\/div>\n<\/div>\n<\/div>\n<p class=\"CDt4Ke zfr3Q\" dir=\"ltr\"><a href=\"https:\/\/projectes.xtec.cat\/edc-suport\/\" target=\"_blank\" rel=\"noopener\"><strong>Consulta la web l&#8217;Estrat\u00e8gia Digital de entre del Departament d&#8217;Educaci\u00f3<\/strong><\/a><\/p>\n<div style=\"width: 100%;\">\n<div style=\"position: relative; padding-bottom: 56.25%; padding-top: 0; height: 0;\"><iframe loading=\"lazy\" style=\"position: absolute; top: 0; left: 0; width: 100%; height: 100%;\" src=\"https:\/\/view.genial.ly\/6271331827cc93001132e5c5\" width=\"1200\" height=\"675\" frameborder=\"0\" scrolling=\"yes\" allowfullscreen=\"allowfullscreen\"><\/iframe><\/div>\n<\/div>\n<p>Infografies<\/p>\n\n\n<figure class=\"wp-block-gallery has-nested-images columns-default is-cropped wp-block-gallery-1 is-layout-flex wp-block-gallery-is-layout-flex\">\n<figure class=\"wp-block-image size-large is-style-default\"><a href=\"https:\/\/agora.xtec.cat\/cee-esperanca\/wp-content\/uploads\/usu368\/2025\/01\/Infografia_primera_infancia.pdf.jpg\"><img loading=\"lazy\" decoding=\"async\" width=\"331\" height=\"1024\" data-id=\"4956\" src=\"https:\/\/agora.xtec.cat\/cee-esperanca\/wp-content\/uploads\/usu368\/2025\/01\/Infografia_primera_infancia.pdf-331x1024.jpg\" alt=\"\" class=\"wp-image-4956\" srcset=\"https:\/\/agora.xtec.cat\/cee-esperanca\/wp-content\/uploads\/usu368\/2025\/01\/Infografia_primera_infancia.pdf-331x1024.jpg 331w, https:\/\/agora.xtec.cat\/cee-esperanca\/wp-content\/uploads\/usu368\/2025\/01\/Infografia_primera_infancia.pdf-97x300.jpg 97w, https:\/\/agora.xtec.cat\/cee-esperanca\/wp-content\/uploads\/usu368\/2025\/01\/Infografia_primera_infancia.pdf-768x2375.jpg 768w, https:\/\/agora.xtec.cat\/cee-esperanca\/wp-content\/uploads\/usu368\/2025\/01\/Infografia_primera_infancia.pdf-497x1536.jpg 497w, https:\/\/agora.xtec.cat\/cee-esperanca\/wp-content\/uploads\/usu368\/2025\/01\/Infografia_primera_infancia.pdf-662x2048.jpg 662w, https:\/\/agora.xtec.cat\/cee-esperanca\/wp-content\/uploads\/usu368\/2025\/01\/Infografia_primera_infancia.pdf.jpg 793w\" sizes=\"auto, (max-width: 331px) 100vw, 331px\" \/><\/a><figcaption class=\"wp-element-caption\">Infografia Educaci\u00f3 Infantil<\/figcaption><\/figure>\n\n\n\n<figure class=\"wp-block-image size-large\"><a href=\"https:\/\/agora.xtec.cat\/cee-esperanca\/wp-content\/uploads\/usu368\/2025\/01\/Infografia_primaria.pdf.jpg\"><img loading=\"lazy\" decoding=\"async\" width=\"331\" height=\"1024\" data-id=\"4955\" src=\"https:\/\/agora.xtec.cat\/cee-esperanca\/wp-content\/uploads\/usu368\/2025\/01\/Infografia_primaria.pdf-331x1024.jpg\" alt=\"\" class=\"wp-image-4955\" srcset=\"https:\/\/agora.xtec.cat\/cee-esperanca\/wp-content\/uploads\/usu368\/2025\/01\/Infografia_primaria.pdf-331x1024.jpg 331w, https:\/\/agora.xtec.cat\/cee-esperanca\/wp-content\/uploads\/usu368\/2025\/01\/Infografia_primaria.pdf-97x300.jpg 97w, https:\/\/agora.xtec.cat\/cee-esperanca\/wp-content\/uploads\/usu368\/2025\/01\/Infografia_primaria.pdf-768x2375.jpg 768w, https:\/\/agora.xtec.cat\/cee-esperanca\/wp-content\/uploads\/usu368\/2025\/01\/Infografia_primaria.pdf-497x1536.jpg 497w, https:\/\/agora.xtec.cat\/cee-esperanca\/wp-content\/uploads\/usu368\/2025\/01\/Infografia_primaria.pdf-662x2048.jpg 662w, https:\/\/agora.xtec.cat\/cee-esperanca\/wp-content\/uploads\/usu368\/2025\/01\/Infografia_primaria.pdf.jpg 793w\" sizes=\"auto, (max-width: 331px) 100vw, 331px\" \/><\/a><figcaption class=\"wp-element-caption\">Infografia Educaci\u00f3 Prim\u00e0ria<\/figcaption><\/figure>\n\n\n\n<figure class=\"wp-block-image size-large\"><a href=\"https:\/\/agora.xtec.cat\/cee-esperanca\/wp-content\/uploads\/usu368\/2025\/01\/Infografia_secundaria.pdf.jpg\"><img loading=\"lazy\" decoding=\"async\" width=\"331\" height=\"1024\" data-id=\"4954\" src=\"https:\/\/agora.xtec.cat\/cee-esperanca\/wp-content\/uploads\/usu368\/2025\/01\/Infografia_secundaria.pdf-331x1024.jpg\" alt=\"\" class=\"wp-image-4954\" srcset=\"https:\/\/agora.xtec.cat\/cee-esperanca\/wp-content\/uploads\/usu368\/2025\/01\/Infografia_secundaria.pdf-331x1024.jpg 331w, https:\/\/agora.xtec.cat\/cee-esperanca\/wp-content\/uploads\/usu368\/2025\/01\/Infografia_secundaria.pdf-97x300.jpg 97w, https:\/\/agora.xtec.cat\/cee-esperanca\/wp-content\/uploads\/usu368\/2025\/01\/Infografia_secundaria.pdf-768x2375.jpg 768w, https:\/\/agora.xtec.cat\/cee-esperanca\/wp-content\/uploads\/usu368\/2025\/01\/Infografia_secundaria.pdf-497x1536.jpg 497w, https:\/\/agora.xtec.cat\/cee-esperanca\/wp-content\/uploads\/usu368\/2025\/01\/Infografia_secundaria.pdf-662x2048.jpg 662w, https:\/\/agora.xtec.cat\/cee-esperanca\/wp-content\/uploads\/usu368\/2025\/01\/Infografia_secundaria.pdf.jpg 793w\" sizes=\"auto, (max-width: 331px) 100vw, 331px\" \/><\/a><figcaption class=\"wp-element-caption\">Infografia Educaci\u00f3 Secund\u00e0ria<\/figcaption><\/figure>\n<\/figure>\n","protected":false},"excerpt":{"rendered":"<p><a href=\"https:\/\/agora.xtec.cat\/cee-esperanca\/estrategia-digital-de-centre\/attachment\/edc\/\" rel=\"attachment wp-att-4182\"><\/a><br \/>\nL&#8217;ESTRAT\u00c8GIA DIGITAL de CENTRE (EDC)  \u00e9s un instrument que defineix i concreta les l\u00ednies d&#8217;actuaci\u00f3 fent possible que professionals i alumnat assoleixin la compet\u00e8ncia digital.<\/p>\n<p><a href=\"https:\/\/projectes.xtec.cat\/edc-suport\/\" target=\"_blank\" rel=\"noopener\">Consulta la web l&#8217;Estrat\u00e8gia Digital de entre del Departament d&#8217;Educaci\u00f3<\/a><\/p>\n<p>Infografies<\/p>\n<p><a href=\"https:\/\/agora.xtec.cat\/cee-esperanca\/wp-content\/uploads\/usu368\/2025\/01\/Infografia_primera_infancia.pdf.jpg\"><\/a>Infografia Educaci\u00f3 Infantil<\/p>\n<p><a href=\"https:\/\/agora.xtec.cat\/cee-esperanca\/wp-content\/uploads\/usu368\/2025\/01\/Infografia_primaria.pdf.jpg\"><\/a>Infografia&hellip;  <a href=\"https:\/\/agora.xtec.cat\/cee-esperanca\/estrategia-digital-de-centre\/\" title=\"Read Estrat\u00e8gia Digital de Centre\">Llegeix m\u00e9s\u00bb<\/a><\/p>\n","protected":false},"author":1,"featured_media":0,"parent":0,"menu_order":0,"comment_status":"closed","ping_status":"closed","template":"page-templates\/side-menu.php","meta":{"_bbp_topic_count":0,"_bbp_reply_count":0,"_bbp_total_topic_count":0,"_bbp_total_reply_count":0,"_bbp_voice_count":0,"_bbp_anonymous_reply_count":0,"_bbp_topic_count_hidden":0,"_bbp_reply_count_hidden":0,"_bbp_forum_subforum_count":0,"footnotes":""},"class_list":["post-4179","page","type-page","status-publish","hentry"],"post_mailing_queue_ids":[],"_links":{"self":[{"href":"https:\/\/agora.xtec.cat\/cee-esperanca\/wp-json\/wp\/v2\/pages\/4179","targetHints":{"allow":["GET"]}}],"collection":[{"href":"https:\/\/agora.xtec.cat\/cee-esperanca\/wp-json\/wp\/v2\/pages"}],"about":[{"href":"https:\/\/agora.xtec.cat\/cee-esperanca\/wp-json\/wp\/v2\/types\/page"}],"author":[{"embeddable":true,"href":"https:\/\/agora.xtec.cat\/cee-esperanca\/wp-json\/wp\/v2\/users\/1"}],"replies":[{"embeddable":true,"href":"https:\/\/agora.xtec.cat\/cee-esperanca\/wp-json\/wp\/v2\/comments?post=4179"}],"version-history":[{"count":5,"href":"https:\/\/agora.xtec.cat\/cee-esperanca\/wp-json\/wp\/v2\/pages\/4179\/revisions"}],"predecessor-version":[{"id":4957,"href":"https:\/\/agora.xtec.cat\/cee-esperanca\/wp-json\/wp\/v2\/pages\/4179\/revisions\/4957"}],"wp:attachment":[{"href":"https:\/\/agora.xtec.cat\/cee-esperanca\/wp-json\/wp\/v2\/media?parent=4179"}],"curies":[{"name":"wp","href":"https:\/\/api.w.org\/{rel}","templated":true}]}}