{"id":26,"date":"2014-09-18T12:24:32","date_gmt":"2014-09-18T11:24:32","guid":{"rendered":"http:\/\/agora.xtec.cat\/cee-esperanca\/?page_id=26"},"modified":"2022-10-21T15:22:18","modified_gmt":"2022-10-21T13:22:18","slug":"historia","status":"publish","type":"page","link":"https:\/\/agora.xtec.cat\/cee-esperanca\/lescola-2\/historia\/","title":{"rendered":"Una mica d&#8217;hist\u00f2ria"},"content":{"rendered":"<p style=\"text-align: justify;\"><span style=\"font-size: medium;\">L&#8217;escola Espera<\/span><span style=\"font-size: medium;\">n\u00e7a\u00a0va ser la primera escola d&#8217;Educaci\u00f3 Especial de la prov\u00edn<\/span><span style=\"font-size: medium;\">cia de Ll<\/span><span style=\"font-size: medium;\">eida i durant una d\u00e8cada va ser l&#8217;\u00fanic centre d&#8217;aquestes caracter\u00edstiques. <\/span><\/p>\n<p style=\"text-align: justify;\"><span style=\"font-size: medium;\">Va ser creat als anys 60 per un grup de pares i mares de nois i noies amb retard mental que volien que els seus fills i filles rebessin una educaci\u00f3. Aquest centre que disposava d&#8217;un internat es va convertir, en anys posteriors, en <\/span><span style=\"font-size: medium;\">un &#8220;Patron<\/span><span style=\"font-size: medium;\">ato<\/span><span style=\"font-size: medium;\">&#8221; c<\/span><span style=\"font-size: medium;\">o<\/span><span style=\"font-size: medium;\">nformat per la iniciativa privada (els pares i les mares fundadors), una entitat financera (la Caja de Ahorros y Monte de Piedad de L\u00e9rida &#8220;Montep\u00edo&#8221;) i l&#8217;Administraci\u00f3 Educativa (Ministerio de Educaci\u00f3n y Ciencia)<\/span>.<\/p>\n<p><span style=\"font-size: medium;\">Representants d&#8217;aquestes tres entitats constitu\u00efen l&#8217;\u00f2rgan rector del Centre.\u00a0<\/span><\/p>\n<p><span style=\"font-size: medium;\">A\u00a0la d\u00e8cada dels 80 el <\/span><span style=\"font-size: medium;\">Centre va passar a ser de titularitat de la Caixa de Pensions de Barcelona &#8220;la Caixa&#8221; (entitat que va absorbir el &#8220;Montep\u00edo&#8221;) i concertat amb el Departament d&#8217;Ensenyament de la Generalitat de Catalunya. El dia 16 d&#8217;octubre de 1991, i per acord del titular (la Caixa), el Departament d&#8217;Ensenyament i l&#8217;Ajuntament d<\/span><span style=\"font-size: medium;\">e Lleida, el centr<\/span><span style=\"font-size: medium;\">e es va convertir en centre p\u00fablic.<\/span><\/p>\n<p><span style=\"font-size: medium;\">Actualment, el <\/span><span style=\"font-size: medium;\">nostre centre conviu amb 4 centres m\u00e9s d&#8217;educaci\u00f3 especial, ubicats a la ciutat i que tots ells escolaritzen alumne<\/span><span style=\"font-size: medium;\">s de la comarca del Segri\u00e0 i de la Franja.<\/span><\/p>\n","protected":false},"excerpt":{"rendered":"<p>L&#8217;escola Esperan\u00e7a\u00a0va ser la primera escola d&#8217;Educaci\u00f3 Especial de la prov\u00edncia de Lleida i durant una d\u00e8cada va ser l&#8217;\u00fanic centre d&#8217;aquestes caracter\u00edstiques.<br \/>\nVa ser creat als anys 60 per un grup de pares i mares de nois i noies amb retard mental que volien&hellip;  <a href=\"https:\/\/agora.xtec.cat\/cee-esperanca\/lescola-2\/historia\/\" title=\"Read Una mica d&#8217;hist\u00f2ria\">Llegeix m\u00e9s\u00bb<\/a><\/p>\n","protected":false},"author":2,"featured_media":0,"parent":4377,"menu_order":1,"comment_status":"closed","ping_status":"closed","template":"page-templates\/side-menu.php","meta":{"_bbp_topic_count":0,"_bbp_reply_count":0,"_bbp_total_topic_count":0,"_bbp_total_reply_count":0,"_bbp_voice_count":0,"_bbp_anonymous_reply_count":0,"_bbp_topic_count_hidden":0,"_bbp_reply_count_hidden":0,"_bbp_forum_subforum_count":0,"footnotes":""},"class_list":["post-26","page","type-page","status-publish","hentry"],"post_mailing_queue_ids":[],"_links":{"self":[{"href":"https:\/\/agora.xtec.cat\/cee-esperanca\/wp-json\/wp\/v2\/pages\/26","targetHints":{"allow":["GET"]}}],"collection":[{"href":"https:\/\/agora.xtec.cat\/cee-esperanca\/wp-json\/wp\/v2\/pages"}],"about":[{"href":"https:\/\/agora.xtec.cat\/cee-esperanca\/wp-json\/wp\/v2\/types\/page"}],"author":[{"embeddable":true,"href":"https:\/\/agora.xtec.cat\/cee-esperanca\/wp-json\/wp\/v2\/users\/2"}],"replies":[{"embeddable":true,"href":"https:\/\/agora.xtec.cat\/cee-esperanca\/wp-json\/wp\/v2\/comments?post=26"}],"version-history":[{"count":3,"href":"https:\/\/agora.xtec.cat\/cee-esperanca\/wp-json\/wp\/v2\/pages\/26\/revisions"}],"predecessor-version":[{"id":4472,"href":"https:\/\/agora.xtec.cat\/cee-esperanca\/wp-json\/wp\/v2\/pages\/26\/revisions\/4472"}],"up":[{"embeddable":true,"href":"https:\/\/agora.xtec.cat\/cee-esperanca\/wp-json\/wp\/v2\/pages\/4377"}],"wp:attachment":[{"href":"https:\/\/agora.xtec.cat\/cee-esperanca\/wp-json\/wp\/v2\/media?parent=26"}],"curies":[{"name":"wp","href":"https:\/\/api.w.org\/{rel}","templated":true}]}}