{"id":662,"date":"2018-01-26T16:07:10","date_gmt":"2018-01-26T15:07:10","guid":{"rendered":"http:\/\/agora.xtec.cat\/cee-elsangels\/?page_id=662"},"modified":"2025-12-12T09:41:55","modified_gmt":"2025-12-12T08:41:55","slug":"etapa-3","status":"publish","type":"page","link":"https:\/\/agora.xtec.cat\/cee-elsangels\/nivells\/etapa-3\/","title":{"rendered":"ETAPA 3"},"content":{"rendered":"\n<p>L\u2019organitzaci\u00f3 de l\u2019escola segueix les l\u00ednies generals establertes pel nostre sistema educatiu per\u00f2 amb les adaptacions necess\u00e0ries segons el nombre, distribuci\u00f3 i caracter\u00edstiques del nostre alumnat. Ens organitzem en 3 grans etapes:<\/p>\n\n\n\n<p><strong>Etapa 3:<\/strong> \u00e9s l\u2019etapa de la transici\u00f3 a la vida adulta (TVA) amb alumnes que van dels 16 fins als 21 anys com a m\u00e0xim.<\/p>\n\n\n\n<h6 class=\"wp-block-heading has-ast-global-color-0-color has-text-color has-link-color wp-elements-a0783733d4f3af385ceb08c14d54e8dd\">A l\u2019etapa 3, prioritzem els seg\u00fcents objectius:<\/h6>\n\n\n\n<ul class=\"wp-block-list\">\n<li>Adquirir el m\u00e0xim d\u2019h\u00e0bits relacionats amb les responsabilitats de la vida adulta.<\/li>\n\n\n\n<li>Adquirir el m\u00e0xim d\u2019h\u00e0bits relacionats amb l\u2019acompanyament a les fam\u00edlies en el proc\u00e9s de sortida del centre i la incorporaci\u00f3 a altres serveis.<\/li>\n<\/ul>\n\n\n\n<p>S\u2019organitzen grups classe en funci\u00f3 del nombre i caracter\u00edstiques de l\u2019alumnat, considerant la seves capacitats i necessitats. Cada any es concreten els grups que foment part de cada etapa, valorant que el treball per afinitats pot afavorir l\u2019alumnat i la coordinaci\u00f3 entre professionals. Tamb\u00e9 es tenen en  compte les edats.<\/p>\n\n\n\n<p><\/p>\n","protected":false},"excerpt":{"rendered":"<p>L\u2019organitzaci\u00f3 de l\u2019escola segueix les l\u00ednies generals establertes pel nostre sistema educatiu per\u00f2 amb les adaptacions necess\u00e0ries segons el nombre, [&hellip;]<\/p>\n","protected":false},"author":1,"featured_media":0,"parent":87,"menu_order":3,"comment_status":"closed","ping_status":"closed","template":"","meta":{"_bbp_topic_count":0,"_bbp_reply_count":0,"_bbp_total_topic_count":0,"_bbp_total_reply_count":0,"_bbp_voice_count":0,"_bbp_anonymous_reply_count":0,"_bbp_topic_count_hidden":0,"_bbp_reply_count_hidden":0,"_bbp_forum_subforum_count":0,"site-sidebar-layout":"default","site-content-layout":"","ast-site-content-layout":"default","site-content-style":"default","site-sidebar-style":"default","ast-global-header-display":"","ast-banner-title-visibility":"","ast-main-header-display":"","ast-hfb-above-header-display":"","ast-hfb-below-header-display":"","ast-hfb-mobile-header-display":"","site-post-title":"","ast-breadcrumbs-content":"","ast-featured-img":"","footer-sml-layout":"","theme-transparent-header-meta":"","adv-header-id-meta":"","stick-header-meta":"","header-above-stick-meta":"","header-main-stick-meta":"","header-below-stick-meta":"","astra-migrate-meta-layouts":"set","ast-page-background-enabled":"default","ast-page-background-meta":{"desktop":{"background-color":"var(--ast-global-color-4)","background-image":"","background-repeat":"repeat","background-position":"center center","background-size":"auto","background-attachment":"scroll","background-type":"","background-media":"","overlay-type":"","overlay-color":"","overlay-opacity":"","overlay-gradient":""},"tablet":{"background-color":"","background-image":"","background-repeat":"repeat","background-position":"center center","background-size":"auto","background-attachment":"scroll","background-type":"","background-media":"","overlay-type":"","overlay-color":"","overlay-opacity":"","overlay-gradient":""},"mobile":{"background-color":"","background-image":"","background-repeat":"repeat","background-position":"center center","background-size":"auto","background-attachment":"scroll","background-type":"","background-media":"","overlay-type":"","overlay-color":"","overlay-opacity":"","overlay-gradient":""}},"ast-content-background-meta":{"desktop":{"background-color":"var(--ast-global-color-5)","background-image":"","background-repeat":"repeat","background-position":"center center","background-size":"auto","background-attachment":"scroll","background-type":"","background-media":"","overlay-type":"","overlay-color":"","overlay-opacity":"","overlay-gradient":""},"tablet":{"background-color":"var(--ast-global-color-5)","background-image":"","background-repeat":"repeat","background-position":"center center","background-size":"auto","background-attachment":"scroll","background-type":"","background-media":"","overlay-type":"","overlay-color":"","overlay-opacity":"","overlay-gradient":""},"mobile":{"background-color":"var(--ast-global-color-5)","background-image":"","background-repeat":"repeat","background-position":"center center","background-size":"auto","background-attachment":"scroll","background-type":"","background-media":"","overlay-type":"","overlay-color":"","overlay-opacity":"","overlay-gradient":""}},"footnotes":""},"class_list":["post-662","page","type-page","status-publish","hentry"],"post_mailing_queue_ids":[],"_links":{"self":[{"href":"https:\/\/agora.xtec.cat\/cee-elsangels\/wp-json\/wp\/v2\/pages\/662","targetHints":{"allow":["GET"]}}],"collection":[{"href":"https:\/\/agora.xtec.cat\/cee-elsangels\/wp-json\/wp\/v2\/pages"}],"about":[{"href":"https:\/\/agora.xtec.cat\/cee-elsangels\/wp-json\/wp\/v2\/types\/page"}],"author":[{"embeddable":true,"href":"https:\/\/agora.xtec.cat\/cee-elsangels\/wp-json\/wp\/v2\/users\/1"}],"replies":[{"embeddable":true,"href":"https:\/\/agora.xtec.cat\/cee-elsangels\/wp-json\/wp\/v2\/comments?post=662"}],"version-history":[{"count":3,"href":"https:\/\/agora.xtec.cat\/cee-elsangels\/wp-json\/wp\/v2\/pages\/662\/revisions"}],"predecessor-version":[{"id":5655,"href":"https:\/\/agora.xtec.cat\/cee-elsangels\/wp-json\/wp\/v2\/pages\/662\/revisions\/5655"}],"up":[{"embeddable":true,"href":"https:\/\/agora.xtec.cat\/cee-elsangels\/wp-json\/wp\/v2\/pages\/87"}],"wp:attachment":[{"href":"https:\/\/agora.xtec.cat\/cee-elsangels\/wp-json\/wp\/v2\/media?parent=662"}],"curies":[{"name":"wp","href":"https:\/\/api.w.org\/{rel}","templated":true}]}}