{"id":64,"date":"2014-09-18T12:39:08","date_gmt":"2014-09-18T11:39:08","guid":{"rendered":"http:\/\/agora.xtec.cat\/cee-elsangels\/?page_id=64"},"modified":"2025-04-01T13:50:37","modified_gmt":"2025-04-01T11:50:37","slug":"projecte-educatiu","status":"publish","type":"page","link":"https:\/\/agora.xtec.cat\/cee-elsangels\/activa\/projecte-educatiu\/","title":{"rendered":"Projecte educatiu de centre (PEC)"},"content":{"rendered":"\n<figure class=\"wp-block-image alignright size-full is-resized\"><a href=\"https:\/\/agora.xtec.cat\/cee-elsangels\/wp-content\/uploads\/usu1702\/2021\/09\/3-e1743507687903.jpg\"><img loading=\"lazy\" decoding=\"async\" width=\"500\" height=\"300\" src=\"https:\/\/agora.xtec.cat\/cee-elsangels\/wp-content\/uploads\/usu1702\/2021\/09\/3-e1743507687903.jpg\" alt=\"\" class=\"wp-image-2955\" style=\"width:271px;height:auto\" srcset=\"https:\/\/agora.xtec.cat\/cee-elsangels\/wp-content\/uploads\/usu1702\/2021\/09\/3-e1743507687903.jpg 500w, https:\/\/agora.xtec.cat\/cee-elsangels\/wp-content\/uploads\/usu1702\/2021\/09\/3-e1743507687903-300x180.jpg 300w\" sizes=\"auto, (max-width: 500px) 100vw, 500px\" \/><\/a><\/figure>\n\n\n\n<p>La LEC (Llei d&#8217;Educaci\u00f3 Catalana) estableix que tots els centres educatius vinculats al Servei d\u2019Educaci\u00f3 de Catalunya han de disposar d&#8217;un projecte educatiu de centre (PEC).<\/p>\n\n\n\n<p>En el marc de l\u2019ordenament jur\u00eddic, el PEC, \u00e9s la m\u00e0xima expressi\u00f3 de l\u2019autonomia dels centres educatius. Recull la identitat del centre, explicita els objectius, orienta l\u2019activitat educativa i dona sentit, amb la finalitat que els nens i nenes de l&#8217;escola desenvolupin al m\u00e0xim l\u2019autonomia personal i social i les seves capacitats i compet\u00e8ncies.<\/p>\n\n\n\n<div data-wp-interactive=\"core\/file\" class=\"wp-block-file alignfull\"><object data-wp-bind--hidden=\"!state.hasPdfPreview\" hidden class=\"wp-block-file__embed\" data=\"https:\/\/agora.xtec.cat\/cee-elsangels\/wp-content\/uploads\/usu1702\/2025\/04\/TRETS_PEC.docx.pdf\" type=\"application\/pdf\" style=\"width:100%;height:392px\" aria-label=\"Incrustaci\u00f3 del fitxer TRETS_PEC.docx.\"><\/object><a id=\"wp-block-file--media-c3685eea-8ecf-474a-9cca-f31646032ac7\" href=\"https:\/\/agora.xtec.cat\/cee-elsangels\/wp-content\/uploads\/usu1702\/2025\/04\/TRETS_PEC.docx.pdf\">TRETS_PEC.docx<\/a><\/div>\n","protected":false},"excerpt":{"rendered":"<p>La LEC (Llei d&#8217;Educaci\u00f3 Catalana) estableix que tots els centres educatius vinculats al Servei d\u2019Educaci\u00f3 de Catalunya han de disposar [&hellip;]<\/p>\n","protected":false},"author":1,"featured_media":0,"parent":436,"menu_order":2,"comment_status":"closed","ping_status":"closed","template":"","meta":{"_bbp_topic_count":0,"_bbp_reply_count":0,"_bbp_total_topic_count":0,"_bbp_total_reply_count":0,"_bbp_voice_count":0,"_bbp_anonymous_reply_count":0,"_bbp_topic_count_hidden":0,"_bbp_reply_count_hidden":0,"_bbp_forum_subforum_count":0,"site-sidebar-layout":"default","site-content-layout":"","ast-site-content-layout":"default","site-content-style":"default","site-sidebar-style":"default","ast-global-header-display":"","ast-banner-title-visibility":"","ast-main-header-display":"","ast-hfb-above-header-display":"","ast-hfb-below-header-display":"","ast-hfb-mobile-header-display":"","site-post-title":"","ast-breadcrumbs-content":"","ast-featured-img":"","footer-sml-layout":"","theme-transparent-header-meta":"","adv-header-id-meta":"","stick-header-meta":"","header-above-stick-meta":"","header-main-stick-meta":"","header-below-stick-meta":"","astra-migrate-meta-layouts":"set","ast-page-background-enabled":"default","ast-page-background-meta":{"desktop":{"background-color":"var(--ast-global-color-4)","background-image":"","background-repeat":"repeat","background-position":"center center","background-size":"auto","background-attachment":"scroll","background-type":"","background-media":"","overlay-type":"","overlay-color":"","overlay-opacity":"","overlay-gradient":""},"tablet":{"background-color":"","background-image":"","background-repeat":"repeat","background-position":"center center","background-size":"auto","background-attachment":"scroll","background-type":"","background-media":"","overlay-type":"","overlay-color":"","overlay-opacity":"","overlay-gradient":""},"mobile":{"background-color":"","background-image":"","background-repeat":"repeat","background-position":"center center","background-size":"auto","background-attachment":"scroll","background-type":"","background-media":"","overlay-type":"","overlay-color":"","overlay-opacity":"","overlay-gradient":""}},"ast-content-background-meta":{"desktop":{"background-color":"var(--ast-global-color-5)","background-image":"","background-repeat":"repeat","background-position":"center center","background-size":"auto","background-attachment":"scroll","background-type":"","background-media":"","overlay-type":"","overlay-color":"","overlay-opacity":"","overlay-gradient":""},"tablet":{"background-color":"var(--ast-global-color-5)","background-image":"","background-repeat":"repeat","background-position":"center center","background-size":"auto","background-attachment":"scroll","background-type":"","background-media":"","overlay-type":"","overlay-color":"","overlay-opacity":"","overlay-gradient":""},"mobile":{"background-color":"var(--ast-global-color-5)","background-image":"","background-repeat":"repeat","background-position":"center center","background-size":"auto","background-attachment":"scroll","background-type":"","background-media":"","overlay-type":"","overlay-color":"","overlay-opacity":"","overlay-gradient":""}},"footnotes":""},"class_list":["post-64","page","type-page","status-publish","hentry"],"post_mailing_queue_ids":[],"_links":{"self":[{"href":"https:\/\/agora.xtec.cat\/cee-elsangels\/wp-json\/wp\/v2\/pages\/64","targetHints":{"allow":["GET"]}}],"collection":[{"href":"https:\/\/agora.xtec.cat\/cee-elsangels\/wp-json\/wp\/v2\/pages"}],"about":[{"href":"https:\/\/agora.xtec.cat\/cee-elsangels\/wp-json\/wp\/v2\/types\/page"}],"author":[{"embeddable":true,"href":"https:\/\/agora.xtec.cat\/cee-elsangels\/wp-json\/wp\/v2\/users\/1"}],"replies":[{"embeddable":true,"href":"https:\/\/agora.xtec.cat\/cee-elsangels\/wp-json\/wp\/v2\/comments?post=64"}],"version-history":[{"count":6,"href":"https:\/\/agora.xtec.cat\/cee-elsangels\/wp-json\/wp\/v2\/pages\/64\/revisions"}],"predecessor-version":[{"id":5105,"href":"https:\/\/agora.xtec.cat\/cee-elsangels\/wp-json\/wp\/v2\/pages\/64\/revisions\/5105"}],"up":[{"embeddable":true,"href":"https:\/\/agora.xtec.cat\/cee-elsangels\/wp-json\/wp\/v2\/pages\/436"}],"wp:attachment":[{"href":"https:\/\/agora.xtec.cat\/cee-elsangels\/wp-json\/wp\/v2\/media?parent=64"}],"curies":[{"name":"wp","href":"https:\/\/api.w.org\/{rel}","templated":true}]}}