{"id":627,"date":"2018-01-23T11:22:43","date_gmt":"2018-01-23T10:22:43","guid":{"rendered":"http:\/\/agora.xtec.cat\/cee-elsangels\/?page_id=627"},"modified":"2025-12-12T09:46:21","modified_gmt":"2025-12-12T08:46:21","slug":"ife","status":"publish","type":"page","link":"https:\/\/agora.xtec.cat\/cee-elsangels\/ife\/","title":{"rendered":"QU\u00c8 \u00c9S L&#8217;IFE?"},"content":{"rendered":"\n<p class=\"has-text-align-left has-black-color has-text-color has-link-color wp-elements-373d0985691418ffe0041e1c30b846dd\"><strong>Qu\u00e8 s\u00f3n els itineraris formatius espec\u00edfics?<\/strong><br>Els itineraris formatius espec\u00edfics (IFE) s\u00f3n ensenyaments professionals que s&#8217;adrecen a alumnes amb necessitats educatives especials associades a una discapacitat intel\u00b7lectual lleu o moderada, amb l&#8217;objectiu d&#8217;oferir atenci\u00f3 educativa, a l&#8217;etapa post obligat\u00f2ria, segons les necessitats individuals i les capacitats i habilitats pr\u00f2pies.<br>La finalitat d&#8217;aquests ensenyaments \u00e9s que els i les alumnes incrementin l&#8217;autonomia personal i assoleixin les compet\u00e8ncies professionals que els facilitin la transici\u00f3 a la vida adulta i la inclusi\u00f3 social i laboral.<\/p>\n\n\n\n<p class=\"has-text-align-left has-black-color has-text-color has-link-color wp-elements-ea899a3acefe13f5ce85270c984d7832\"><strong>Quin itinerari oferim al CEE- CEEPSIR Els \u00c0ngels?<\/strong><br>Al nostre centre oferim l\u2019itinerari formatiu espec\u00edfic en cura d\u2019animals i espais verds.<br>Aquests estudis desenvolupen compet\u00e8ncies per fer tasques auxiliars d\u2019atenci\u00f3 als animals, el manteniment i la higiene d\u2019instal\u00b7lacions ramaderes, de producci\u00f3 de plantes en vivers i en centres de jardineria, i de manteniment de jardins, parcs i zones verdes, observant les normes de prevenci\u00f3 de riscos laborals i protecci\u00f3 mediambiental corresponents, aix\u00ed com compet\u00e8ncies de comunicaci\u00f3, autonomia personal i participaci\u00f3 en activitats comunit\u00e0ries.<br>La durada \u00e9s de 3.360 hores distribu\u00efdes en quatre cursos acad\u00e8mics. El darrer curs inclou la formaci\u00f3 en centres de treball.<\/p>\n\n\n\n<p class=\"has-text-align-left has-black-color has-text-color has-link-color wp-elements-17cf37d5c1512f6b6922c95126dd4728\"><strong>Qu\u00e8 necessito per accedir-hi?<\/strong><br>Poden accedir als itineraris els joves amb necessitats educatives especials associades a discapacitat intel\u00b7lectual lleu o moderada que tenen com a m\u00ednim 16 anys d\u2019edat i com a m\u00e0xim 20, l\u2019any natural d\u2019inici de l\u2019itinerari. S&#8217;hi pot accedir amb i sense graduat d&#8217;educaci\u00f3 secund\u00e0ria.<br><strong>Com preinscriure&#8217;m: <\/strong>Per cursar els itineraris formatius espec\u00edfics (IFE) cal formalitzar la sol\u00b7licitud de preinscripci\u00f3 corresponent encara que s&#8217;estiguin cursant altres ensenyaments al mateix centre. Aquesta sol\u00b7licitud s&#8217;ha de presentar al centre.<br><em><strong>Trobareu m\u00e9s informaci\u00f3 al web <a href=\"https:\/\/preinscripcio.gencat.cat\/ca\/inici\">preinscripcio.gencat.cat.<\/a><\/strong><\/em><\/p>\n\n\n\n<p class=\"has-text-align-left has-black-color has-text-color has-link-color wp-elements-deb502110eb86778f13362e56e3294ba\"><strong>Quines s\u00f3n les sortides acad\u00e8miques i professionals?<\/strong><br>La superaci\u00f3 de l\u2019itinerari comporta l\u2019obtenci\u00f3 del certificat acad\u00e8mic i professional amb la qualificaci\u00f3 final obtinguda i l\u2019acreditaci\u00f3 de les compet\u00e8ncies professionals assolides.<br>Com s\u2019estructuren?<br>Els itineraris s\u2019estructuren en m\u00f2duls professionals comuns i m\u00f2duls espec\u00edfics:<\/p>\n\n\n\n<p class=\"has-black-color has-text-color has-link-color wp-elements-6807cd948c5e1689ff2148d52d302655\"><strong>M\u00f2duls comuns<\/strong><\/p>\n\n\n\n<p>\u25cf M\u00f2duls professionals de transici\u00f3 a la vida adulta per a l\u2019adquisici\u00f3 de les compet\u00e8ncies personals i socials que faciliten el<br>desenvolupament dels joves com a ciutadans de ple dret.<br>\u25cf M\u00f2duls professionals de car\u00e0cter general per apropar-se a l\u2019activitat laboral.<br>M\u00f2duls espec\u00edfics<br>\u25cf M\u00f2duls professionals pensats per a l\u2019assoliment de les compet\u00e8ncies professionals; un d\u2019aquests \u00e9s el de formaci\u00f3 en centres de treball. Els m\u00f2duls espec\u00edfics poden anar associats a unitats de compet\u00e8ncia de nivell 1 del Cat\u00e0leg de qualificacions vigent a Catalunya i estan inclosos en el curr\u00edculum b\u00e0sic dels cicles regulats pel Reial decret 127\/2014, de 28 de febrer, que regula aspectes espec\u00edfics de la formaci\u00f3 professional b\u00e0sica.<\/p>\n\n\n\n<p class=\"has-black-color has-text-color has-link-color wp-elements-bb82488b23e1332cb8ca5799176fceec\"><strong>Quines s\u00f3n les mat\u00e8ries i continguts que s&#8217;imparteixen?<\/strong><br><em>M\u00f2duls professionals comuns<\/em><br>Vida Saludable i Cura d&#8217;un Mateix (210 hores)<br>Comunicaci\u00f3 i Relacions Interpersonals (210 hores)<br>Viure en Entorns Propers (175 hores)<br>\u00das d&#8217;Establiments i Serveis (140 hores)<br>Organitzaci\u00f3 Personal (175 hores)<br>Activitats Comunit\u00e0ries (140 hores)<br>Participaci\u00f3 Ciutadana (140 hores)<br>Iniciaci\u00f3 a l&#8217;Activitat Laboral (385 hores)<br>Organitzaci\u00f3 de les Empreses (105 hores)<br>M\u00f3n Laboral (105 hores)<br>Desenvolupament en el Lloc de Treball (140 hores)<br>Tutoria (70 hores per curs)<br><em>M\u00f2duls professionals espec\u00edfics<\/em><br>Operacions B\u00e0siques d&#8217;Atenci\u00f3 als Animals (140 hores)<br>Operacions B\u00e0siques de Producci\u00f3 i Manteniment de Plantes en Vivers i Centres de Jardineria (245 hores)<br>Operacions Auxiliars de Manteniment i Higiene en Instal\u00b7lacions Ramaderes (140 hores)<br>Operacions B\u00e0siques per al Manteniment de Jardins, Parcs i Zones Verdes (245 hores)<br>Formaci\u00f3 en Centres de Treball (385 hores)<\/p>\n\n\n\n<p class=\"has-black-color has-text-color has-link-color wp-elements-998b8d19389ae2d1911a02440992d5c8\"><strong>Quin \u00e9s el nostre equip?<\/strong><br>El nostre equip est\u00e0 format per:<br>\u25cf Quatre orientadors\/es educatives<br>\u25cf Dos professionals t\u00e8cnics\/ques<br>\u25cf Dues t\u00e8cniques d\u2019integraci\u00f3 social<\/p>\n\n\n\n<p><a href=\"https:\/\/docs.google.com\/document\/d\/11Y9h-aEYdItssOpUAPL11DC8lUlLBjJnb8kYnooT8uk\/edit?usp=drivesdk\">Projecte Empresa IFE<\/a><\/p>\n\n\n\n<div class=\"wp-block-getwid-images-slider has-arrows-inside has-dots-inside is-carousel has-slides-gap-none has-images-center has-fitted-images\"><div class=\"wp-block-getwid-images-slider__wrapper\" data-effect=\"slide\" data-slides-show=\"3\" data-slides-show-laptop=\"1\" data-slides-show-tablet=\"1\" data-slides-show-mobile=\"1\" data-slides-scroll=\"1\" data-autoplay=\"false\" data-pause-hover=\"false\" data-autoplay-speed=\"6000\" data-infinite=\"true\" data-animation-speed=\"800\" data-center-mode=\"false\" data-variable-width=\"false\" data-arrows=\"inside\" data-dots=\"inside\" data-spacing=\"none\"><div class=\"wp-block-getwid-images-slider__item\"><figure><img loading=\"lazy\" decoding=\"async\" width=\"2196\" height=\"2196\" src=\"https:\/\/agora.xtec.cat\/cee-elsangels\/wp-content\/uploads\/usu1702\/2025\/02\/IMG_20240924_135226-1.jpg\" data-id=\"4922\" data-link=\"https:\/\/agora.xtec.cat\/cee-elsangels\/ife\/attachment\/img_20240924_135226-1\/\" data-original-link=\"https:\/\/agora.xtec.cat\/cee-elsangels\/wp-content\/uploads\/usu1702\/2025\/02\/IMG_20240924_135226-1.jpg\" class=\"wp-block-getwid-images-slider__image wp-image-4922\" srcset=\"https:\/\/agora.xtec.cat\/cee-elsangels\/wp-content\/uploads\/usu1702\/2025\/02\/IMG_20240924_135226-1.jpg 2196w, https:\/\/agora.xtec.cat\/cee-elsangels\/wp-content\/uploads\/usu1702\/2025\/02\/IMG_20240924_135226-1-300x300.jpg 300w, https:\/\/agora.xtec.cat\/cee-elsangels\/wp-content\/uploads\/usu1702\/2025\/02\/IMG_20240924_135226-1-1024x1024.jpg 1024w, https:\/\/agora.xtec.cat\/cee-elsangels\/wp-content\/uploads\/usu1702\/2025\/02\/IMG_20240924_135226-1-150x150.jpg 150w, https:\/\/agora.xtec.cat\/cee-elsangels\/wp-content\/uploads\/usu1702\/2025\/02\/IMG_20240924_135226-1-768x768.jpg 768w, https:\/\/agora.xtec.cat\/cee-elsangels\/wp-content\/uploads\/usu1702\/2025\/02\/IMG_20240924_135226-1-1536x1536.jpg 1536w, https:\/\/agora.xtec.cat\/cee-elsangels\/wp-content\/uploads\/usu1702\/2025\/02\/IMG_20240924_135226-1-2048x2048.jpg 2048w\" sizes=\"auto, (max-width: 2196px) 100vw, 2196px\" \/><\/figure><\/div><div class=\"wp-block-getwid-images-slider__item\"><figure><img loading=\"lazy\" decoding=\"async\" width=\"2335\" height=\"2335\" src=\"https:\/\/agora.xtec.cat\/cee-elsangels\/wp-content\/uploads\/usu1702\/2025\/02\/IMG20240507113610.jpg\" data-id=\"4923\" data-link=\"https:\/\/agora.xtec.cat\/cee-elsangels\/ife\/attachment\/img20240507113610\/\" data-original-link=\"https:\/\/agora.xtec.cat\/cee-elsangels\/wp-content\/uploads\/usu1702\/2025\/02\/IMG20240507113610.jpg\" class=\"wp-block-getwid-images-slider__image wp-image-4923\" srcset=\"https:\/\/agora.xtec.cat\/cee-elsangels\/wp-content\/uploads\/usu1702\/2025\/02\/IMG20240507113610.jpg 2335w, https:\/\/agora.xtec.cat\/cee-elsangels\/wp-content\/uploads\/usu1702\/2025\/02\/IMG20240507113610-300x300.jpg 300w, https:\/\/agora.xtec.cat\/cee-elsangels\/wp-content\/uploads\/usu1702\/2025\/02\/IMG20240507113610-1024x1024.jpg 1024w, https:\/\/agora.xtec.cat\/cee-elsangels\/wp-content\/uploads\/usu1702\/2025\/02\/IMG20240507113610-150x150.jpg 150w, https:\/\/agora.xtec.cat\/cee-elsangels\/wp-content\/uploads\/usu1702\/2025\/02\/IMG20240507113610-768x768.jpg 768w, https:\/\/agora.xtec.cat\/cee-elsangels\/wp-content\/uploads\/usu1702\/2025\/02\/IMG20240507113610-1536x1536.jpg 1536w, https:\/\/agora.xtec.cat\/cee-elsangels\/wp-content\/uploads\/usu1702\/2025\/02\/IMG20240507113610-2048x2048.jpg 2048w\" sizes=\"auto, (max-width: 2335px) 100vw, 2335px\" \/><\/figure><\/div><div class=\"wp-block-getwid-images-slider__item\"><figure><img loading=\"lazy\" decoding=\"async\" width=\"2560\" height=\"2560\" src=\"https:\/\/agora.xtec.cat\/cee-elsangels\/wp-content\/uploads\/usu1702\/2025\/02\/DSC02072-scaled.jpg\" data-id=\"4924\" data-link=\"https:\/\/agora.xtec.cat\/cee-elsangels\/ife\/attachment\/dsc02072\/\" data-original-link=\"https:\/\/agora.xtec.cat\/cee-elsangels\/wp-content\/uploads\/usu1702\/2025\/02\/DSC02072-scaled.jpg\" class=\"wp-block-getwid-images-slider__image wp-image-4924\" srcset=\"https:\/\/agora.xtec.cat\/cee-elsangels\/wp-content\/uploads\/usu1702\/2025\/02\/DSC02072-scaled.jpg 2560w, https:\/\/agora.xtec.cat\/cee-elsangels\/wp-content\/uploads\/usu1702\/2025\/02\/DSC02072-300x300.jpg 300w, https:\/\/agora.xtec.cat\/cee-elsangels\/wp-content\/uploads\/usu1702\/2025\/02\/DSC02072-1024x1024.jpg 1024w, https:\/\/agora.xtec.cat\/cee-elsangels\/wp-content\/uploads\/usu1702\/2025\/02\/DSC02072-150x150.jpg 150w, https:\/\/agora.xtec.cat\/cee-elsangels\/wp-content\/uploads\/usu1702\/2025\/02\/DSC02072-768x768.jpg 768w, https:\/\/agora.xtec.cat\/cee-elsangels\/wp-content\/uploads\/usu1702\/2025\/02\/DSC02072-1536x1536.jpg 1536w, https:\/\/agora.xtec.cat\/cee-elsangels\/wp-content\/uploads\/usu1702\/2025\/02\/DSC02072-2048x2048.jpg 2048w\" sizes=\"auto, (max-width: 2560px) 100vw, 2560px\" \/><\/figure><\/div><div class=\"wp-block-getwid-images-slider__item\"><figure><img loading=\"lazy\" decoding=\"async\" width=\"2560\" height=\"2560\" src=\"https:\/\/agora.xtec.cat\/cee-elsangels\/wp-content\/uploads\/usu1702\/2025\/02\/DSC01976-scaled.jpg\" data-id=\"4925\" data-link=\"https:\/\/agora.xtec.cat\/cee-elsangels\/ife\/attachment\/dsc01976\/\" data-original-link=\"https:\/\/agora.xtec.cat\/cee-elsangels\/wp-content\/uploads\/usu1702\/2025\/02\/DSC01976-scaled.jpg\" class=\"wp-block-getwid-images-slider__image wp-image-4925\" srcset=\"https:\/\/agora.xtec.cat\/cee-elsangels\/wp-content\/uploads\/usu1702\/2025\/02\/DSC01976-scaled.jpg 2560w, https:\/\/agora.xtec.cat\/cee-elsangels\/wp-content\/uploads\/usu1702\/2025\/02\/DSC01976-300x300.jpg 300w, https:\/\/agora.xtec.cat\/cee-elsangels\/wp-content\/uploads\/usu1702\/2025\/02\/DSC01976-1024x1024.jpg 1024w, https:\/\/agora.xtec.cat\/cee-elsangels\/wp-content\/uploads\/usu1702\/2025\/02\/DSC01976-150x150.jpg 150w, https:\/\/agora.xtec.cat\/cee-elsangels\/wp-content\/uploads\/usu1702\/2025\/02\/DSC01976-768x768.jpg 768w, https:\/\/agora.xtec.cat\/cee-elsangels\/wp-content\/uploads\/usu1702\/2025\/02\/DSC01976-1536x1536.jpg 1536w, https:\/\/agora.xtec.cat\/cee-elsangels\/wp-content\/uploads\/usu1702\/2025\/02\/DSC01976-2048x2048.jpg 2048w\" sizes=\"auto, (max-width: 2560px) 100vw, 2560px\" \/><\/figure><\/div><div class=\"wp-block-getwid-images-slider__item\"><figure><img loading=\"lazy\" decoding=\"async\" width=\"1222\" height=\"1222\" src=\"https:\/\/agora.xtec.cat\/cee-elsangels\/wp-content\/uploads\/usu1702\/2025\/02\/20230508_130215-1.jpg\" data-id=\"4926\" data-link=\"https:\/\/agora.xtec.cat\/cee-elsangels\/ife\/attachment\/20230508_130215-1\/\" data-original-link=\"https:\/\/agora.xtec.cat\/cee-elsangels\/wp-content\/uploads\/usu1702\/2025\/02\/20230508_130215-1.jpg\" class=\"wp-block-getwid-images-slider__image wp-image-4926\" srcset=\"https:\/\/agora.xtec.cat\/cee-elsangels\/wp-content\/uploads\/usu1702\/2025\/02\/20230508_130215-1.jpg 1222w, https:\/\/agora.xtec.cat\/cee-elsangels\/wp-content\/uploads\/usu1702\/2025\/02\/20230508_130215-1-300x300.jpg 300w, https:\/\/agora.xtec.cat\/cee-elsangels\/wp-content\/uploads\/usu1702\/2025\/02\/20230508_130215-1-1024x1024.jpg 1024w, https:\/\/agora.xtec.cat\/cee-elsangels\/wp-content\/uploads\/usu1702\/2025\/02\/20230508_130215-1-150x150.jpg 150w, https:\/\/agora.xtec.cat\/cee-elsangels\/wp-content\/uploads\/usu1702\/2025\/02\/20230508_130215-1-768x768.jpg 768w\" sizes=\"auto, (max-width: 1222px) 100vw, 1222px\" \/><\/figure><\/div><div class=\"wp-block-getwid-images-slider__item\"><figure><img loading=\"lazy\" decoding=\"async\" width=\"1222\" height=\"1222\" src=\"https:\/\/agora.xtec.cat\/cee-elsangels\/wp-content\/uploads\/usu1702\/2025\/03\/IMG_20240214_134352.jpg\" data-id=\"5001\" data-link=\"https:\/\/agora.xtec.cat\/cee-elsangels\/ife\/attachment\/img_20240214_134352\/\" data-original-link=\"https:\/\/agora.xtec.cat\/cee-elsangels\/wp-content\/uploads\/usu1702\/2025\/03\/IMG_20240214_134352.jpg\" class=\"wp-block-getwid-images-slider__image wp-image-5001\" srcset=\"https:\/\/agora.xtec.cat\/cee-elsangels\/wp-content\/uploads\/usu1702\/2025\/03\/IMG_20240214_134352.jpg 1222w, https:\/\/agora.xtec.cat\/cee-elsangels\/wp-content\/uploads\/usu1702\/2025\/03\/IMG_20240214_134352-300x300.jpg 300w, https:\/\/agora.xtec.cat\/cee-elsangels\/wp-content\/uploads\/usu1702\/2025\/03\/IMG_20240214_134352-1024x1024.jpg 1024w, https:\/\/agora.xtec.cat\/cee-elsangels\/wp-content\/uploads\/usu1702\/2025\/03\/IMG_20240214_134352-150x150.jpg 150w, https:\/\/agora.xtec.cat\/cee-elsangels\/wp-content\/uploads\/usu1702\/2025\/03\/IMG_20240214_134352-768x768.jpg 768w\" sizes=\"auto, (max-width: 1222px) 100vw, 1222px\" \/><\/figure><\/div><div class=\"wp-block-getwid-images-slider__item\"><figure><img loading=\"lazy\" decoding=\"async\" width=\"1222\" height=\"1222\" src=\"https:\/\/agora.xtec.cat\/cee-elsangels\/wp-content\/uploads\/usu1702\/2025\/03\/IMG20230830135453.jpg\" data-id=\"5002\" data-link=\"https:\/\/agora.xtec.cat\/cee-elsangels\/ife\/attachment\/img20230830135453\/\" data-original-link=\"https:\/\/agora.xtec.cat\/cee-elsangels\/wp-content\/uploads\/usu1702\/2025\/03\/IMG20230830135453.jpg\" class=\"wp-block-getwid-images-slider__image wp-image-5002\" srcset=\"https:\/\/agora.xtec.cat\/cee-elsangels\/wp-content\/uploads\/usu1702\/2025\/03\/IMG20230830135453.jpg 1222w, https:\/\/agora.xtec.cat\/cee-elsangels\/wp-content\/uploads\/usu1702\/2025\/03\/IMG20230830135453-300x300.jpg 300w, https:\/\/agora.xtec.cat\/cee-elsangels\/wp-content\/uploads\/usu1702\/2025\/03\/IMG20230830135453-1024x1024.jpg 1024w, https:\/\/agora.xtec.cat\/cee-elsangels\/wp-content\/uploads\/usu1702\/2025\/03\/IMG20230830135453-150x150.jpg 150w, https:\/\/agora.xtec.cat\/cee-elsangels\/wp-content\/uploads\/usu1702\/2025\/03\/IMG20230830135453-768x768.jpg 768w\" sizes=\"auto, (max-width: 1222px) 100vw, 1222px\" \/><\/figure><\/div><div class=\"wp-block-getwid-images-slider__item\"><figure><img loading=\"lazy\" decoding=\"async\" width=\"1222\" height=\"1222\" src=\"https:\/\/agora.xtec.cat\/cee-elsangels\/wp-content\/uploads\/usu1702\/2025\/03\/IMG20230926110511.jpg\" data-id=\"5003\" data-link=\"https:\/\/agora.xtec.cat\/cee-elsangels\/ife\/attachment\/img20230926110511\/\" data-original-link=\"https:\/\/agora.xtec.cat\/cee-elsangels\/wp-content\/uploads\/usu1702\/2025\/03\/IMG20230926110511.jpg\" class=\"wp-block-getwid-images-slider__image wp-image-5003\" srcset=\"https:\/\/agora.xtec.cat\/cee-elsangels\/wp-content\/uploads\/usu1702\/2025\/03\/IMG20230926110511.jpg 1222w, https:\/\/agora.xtec.cat\/cee-elsangels\/wp-content\/uploads\/usu1702\/2025\/03\/IMG20230926110511-300x300.jpg 300w, https:\/\/agora.xtec.cat\/cee-elsangels\/wp-content\/uploads\/usu1702\/2025\/03\/IMG20230926110511-1024x1024.jpg 1024w, https:\/\/agora.xtec.cat\/cee-elsangels\/wp-content\/uploads\/usu1702\/2025\/03\/IMG20230926110511-150x150.jpg 150w, https:\/\/agora.xtec.cat\/cee-elsangels\/wp-content\/uploads\/usu1702\/2025\/03\/IMG20230926110511-768x768.jpg 768w\" sizes=\"auto, (max-width: 1222px) 100vw, 1222px\" \/><\/figure><\/div><div class=\"wp-block-getwid-images-slider__item\"><figure><img loading=\"lazy\" decoding=\"async\" width=\"1222\" height=\"1222\" src=\"https:\/\/agora.xtec.cat\/cee-elsangels\/wp-content\/uploads\/usu1702\/2025\/03\/IMG20240221103637.jpg\" data-id=\"5004\" data-link=\"https:\/\/agora.xtec.cat\/cee-elsangels\/ife\/attachment\/img20240221103637\/\" data-original-link=\"https:\/\/agora.xtec.cat\/cee-elsangels\/wp-content\/uploads\/usu1702\/2025\/03\/IMG20240221103637.jpg\" class=\"wp-block-getwid-images-slider__image wp-image-5004\" srcset=\"https:\/\/agora.xtec.cat\/cee-elsangels\/wp-content\/uploads\/usu1702\/2025\/03\/IMG20240221103637.jpg 1222w, https:\/\/agora.xtec.cat\/cee-elsangels\/wp-content\/uploads\/usu1702\/2025\/03\/IMG20240221103637-300x300.jpg 300w, https:\/\/agora.xtec.cat\/cee-elsangels\/wp-content\/uploads\/usu1702\/2025\/03\/IMG20240221103637-1024x1024.jpg 1024w, https:\/\/agora.xtec.cat\/cee-elsangels\/wp-content\/uploads\/usu1702\/2025\/03\/IMG20240221103637-150x150.jpg 150w, https:\/\/agora.xtec.cat\/cee-elsangels\/wp-content\/uploads\/usu1702\/2025\/03\/IMG20240221103637-768x768.jpg 768w\" sizes=\"auto, (max-width: 1222px) 100vw, 1222px\" \/><\/figure><\/div><\/div><\/div>\n\n\n\n<ul class=\"wp-block-social-links has-huge-icon-size is-content-justification-space-between is-layout-flex wp-container-core-social-links-is-layout-1 wp-block-social-links-is-layout-flex\"><li class=\"wp-social-link wp-social-link-instagram  wp-block-social-link\"><a href=\"https:\/\/www.instagram.com\/ifepalamos\/\" class=\"wp-block-social-link-anchor\"><svg width=\"24\" height=\"24\" viewBox=\"0 0 24 24\" version=\"1.1\" xmlns=\"http:\/\/www.w3.org\/2000\/svg\" aria-hidden=\"true\" focusable=\"false\"><path d=\"M12,4.622c2.403,0,2.688,0.009,3.637,0.052c0.877,0.04,1.354,0.187,1.671,0.31c0.42,0.163,0.72,0.358,1.035,0.673 c0.315,0.315,0.51,0.615,0.673,1.035c0.123,0.317,0.27,0.794,0.31,1.671c0.043,0.949,0.052,1.234,0.052,3.637 s-0.009,2.688-0.052,3.637c-0.04,0.877-0.187,1.354-0.31,1.671c-0.163,0.42-0.358,0.72-0.673,1.035 c-0.315,0.315-0.615,0.51-1.035,0.673c-0.317,0.123-0.794,0.27-1.671,0.31c-0.949,0.043-1.233,0.052-3.637,0.052 s-2.688-0.009-3.637-0.052c-0.877-0.04-1.354-0.187-1.671-0.31c-0.42-0.163-0.72-0.358-1.035-0.673 c-0.315-0.315-0.51-0.615-0.673-1.035c-0.123-0.317-0.27-0.794-0.31-1.671C4.631,14.688,4.622,14.403,4.622,12 s0.009-2.688,0.052-3.637c0.04-0.877,0.187-1.354,0.31-1.671c0.163-0.42,0.358-0.72,0.673-1.035 c0.315-0.315,0.615-0.51,1.035-0.673c0.317-0.123,0.794-0.27,1.671-0.31C9.312,4.631,9.597,4.622,12,4.622 M12,3 C9.556,3,9.249,3.01,8.289,3.054C7.331,3.098,6.677,3.25,6.105,3.472C5.513,3.702,5.011,4.01,4.511,4.511 c-0.5,0.5-0.808,1.002-1.038,1.594C3.25,6.677,3.098,7.331,3.054,8.289C3.01,9.249,3,9.556,3,12c0,2.444,0.01,2.751,0.054,3.711 c0.044,0.958,0.196,1.612,0.418,2.185c0.23,0.592,0.538,1.094,1.038,1.594c0.5,0.5,1.002,0.808,1.594,1.038 c0.572,0.222,1.227,0.375,2.185,0.418C9.249,20.99,9.556,21,12,21s2.751-0.01,3.711-0.054c0.958-0.044,1.612-0.196,2.185-0.418 c0.592-0.23,1.094-0.538,1.594-1.038c0.5-0.5,0.808-1.002,1.038-1.594c0.222-0.572,0.375-1.227,0.418-2.185 C20.99,14.751,21,14.444,21,12s-0.01-2.751-0.054-3.711c-0.044-0.958-0.196-1.612-0.418-2.185c-0.23-0.592-0.538-1.094-1.038-1.594 c-0.5-0.5-1.002-0.808-1.594-1.038c-0.572-0.222-1.227-0.375-2.185-0.418C14.751,3.01,14.444,3,12,3L12,3z M12,7.378 c-2.552,0-4.622,2.069-4.622,4.622S9.448,16.622,12,16.622s4.622-2.069,4.622-4.622S14.552,7.378,12,7.378z M12,15 c-1.657,0-3-1.343-3-3s1.343-3,3-3s3,1.343,3,3S13.657,15,12,15z M16.804,6.116c-0.596,0-1.08,0.484-1.08,1.08 s0.484,1.08,1.08,1.08c0.596,0,1.08-0.484,1.08-1.08S17.401,6.116,16.804,6.116z\"><\/path><\/svg><span class=\"wp-block-social-link-label screen-reader-text\">Instagram<\/span><\/a><\/li><\/ul>\n\n\n\n<p><\/p>\n","protected":false},"excerpt":{"rendered":"<p>Qu\u00e8 s\u00f3n els itineraris formatius espec\u00edfics?Els itineraris formatius espec\u00edfics (IFE) s\u00f3n ensenyaments professionals que s&#8217;adrecen a alumnes amb necessitats educatives [&hellip;]<\/p>\n","protected":false},"author":1,"featured_media":0,"parent":0,"menu_order":4,"comment_status":"closed","ping_status":"closed","template":"","meta":{"_bbp_topic_count":0,"_bbp_reply_count":0,"_bbp_total_topic_count":0,"_bbp_total_reply_count":0,"_bbp_voice_count":0,"_bbp_anonymous_reply_count":0,"_bbp_topic_count_hidden":0,"_bbp_reply_count_hidden":0,"_bbp_forum_subforum_count":0,"site-sidebar-layout":"default","site-content-layout":"","ast-site-content-layout":"default","site-content-style":"default","site-sidebar-style":"default","ast-global-header-display":"","ast-banner-title-visibility":"","ast-main-header-display":"","ast-hfb-above-header-display":"","ast-hfb-below-header-display":"","ast-hfb-mobile-header-display":"","site-post-title":"","ast-breadcrumbs-content":"","ast-featured-img":"","footer-sml-layout":"","theme-transparent-header-meta":"","adv-header-id-meta":"","stick-header-meta":"","header-above-stick-meta":"","header-main-stick-meta":"","header-below-stick-meta":"","astra-migrate-meta-layouts":"set","ast-page-background-enabled":"default","ast-page-background-meta":{"desktop":{"background-color":"var(--ast-global-color-4)","background-image":"","background-repeat":"repeat","background-position":"center center","background-size":"auto","background-attachment":"scroll","background-type":"","background-media":"","overlay-type":"","overlay-color":"","overlay-opacity":"","overlay-gradient":""},"tablet":{"background-color":"","background-image":"","background-repeat":"repeat","background-position":"center center","background-size":"auto","background-attachment":"scroll","background-type":"","background-media":"","overlay-type":"","overlay-color":"","overlay-opacity":"","overlay-gradient":""},"mobile":{"background-color":"","background-image":"","background-repeat":"repeat","background-position":"center center","background-size":"auto","background-attachment":"scroll","background-type":"","background-media":"","overlay-type":"","overlay-color":"","overlay-opacity":"","overlay-gradient":""}},"ast-content-background-meta":{"desktop":{"background-color":"var(--ast-global-color-5)","background-image":"","background-repeat":"repeat","background-position":"center center","background-size":"auto","background-attachment":"scroll","background-type":"","background-media":"","overlay-type":"","overlay-color":"","overlay-opacity":"","overlay-gradient":""},"tablet":{"background-color":"var(--ast-global-color-5)","background-image":"","background-repeat":"repeat","background-position":"center center","background-size":"auto","background-attachment":"scroll","background-type":"","background-media":"","overlay-type":"","overlay-color":"","overlay-opacity":"","overlay-gradient":""},"mobile":{"background-color":"var(--ast-global-color-5)","background-image":"","background-repeat":"repeat","background-position":"center center","background-size":"auto","background-attachment":"scroll","background-type":"","background-media":"","overlay-type":"","overlay-color":"","overlay-opacity":"","overlay-gradient":""}},"footnotes":""},"class_list":["post-627","page","type-page","status-publish","hentry"],"post_mailing_queue_ids":[],"_links":{"self":[{"href":"https:\/\/agora.xtec.cat\/cee-elsangels\/wp-json\/wp\/v2\/pages\/627","targetHints":{"allow":["GET"]}}],"collection":[{"href":"https:\/\/agora.xtec.cat\/cee-elsangels\/wp-json\/wp\/v2\/pages"}],"about":[{"href":"https:\/\/agora.xtec.cat\/cee-elsangels\/wp-json\/wp\/v2\/types\/page"}],"author":[{"embeddable":true,"href":"https:\/\/agora.xtec.cat\/cee-elsangels\/wp-json\/wp\/v2\/users\/1"}],"replies":[{"embeddable":true,"href":"https:\/\/agora.xtec.cat\/cee-elsangels\/wp-json\/wp\/v2\/comments?post=627"}],"version-history":[{"count":6,"href":"https:\/\/agora.xtec.cat\/cee-elsangels\/wp-json\/wp\/v2\/pages\/627\/revisions"}],"predecessor-version":[{"id":5656,"href":"https:\/\/agora.xtec.cat\/cee-elsangels\/wp-json\/wp\/v2\/pages\/627\/revisions\/5656"}],"wp:attachment":[{"href":"https:\/\/agora.xtec.cat\/cee-elsangels\/wp-json\/wp\/v2\/media?parent=627"}],"curies":[{"name":"wp","href":"https:\/\/api.w.org\/{rel}","templated":true}]}}