{"id":3747,"date":"2023-10-16T13:52:35","date_gmt":"2023-10-16T11:52:35","guid":{"rendered":"https:\/\/agora.xtec.cat\/cee-elsangels\/?page_id=3747"},"modified":"2025-05-13T13:13:22","modified_gmt":"2025-05-13T11:13:22","slug":"pedagogia-de-la-llum","status":"publish","type":"page","link":"https:\/\/agora.xtec.cat\/cee-elsangels\/activa\/projecte-educatiu\/pedagogia-de-la-llum\/","title":{"rendered":"Pedagogia de la llum"},"content":{"rendered":"\n<p>Experimentar, investigar, relacionar, jugar\u2026 A l&#8217;escola volem despertar l&#8217;inter\u00e8s dels infants perqu\u00e8 a trav\u00e9s dels sentits descobreixin el m\u00f3n que els envolta i totes les seves possibilitats. La llum, com a element natural i artificial, permet totes aquestes accions. Creem un clima de calma, bellesa i sensorialitat, on la m\u00e0gia ens convida a descobrir. L&#8217;atenci\u00f3 i la concentraci\u00f3 davant les propostes presentades fan que sense adonar-nos-en sorgeixi la ci\u00e8ncia, l&#8217;art, la imaginaci\u00f3 i el joc que els ajuda en el seu creixement personal i social. Estem preparades per l&#8217;aventura, hem analitzat quines s\u00f3n les necessitats aut\u00e8ntiques del nostre alumnat, les motivacions i interessos, i hem estructurat un espai on la m\u00e0gia els far\u00e0 volar\u2026<\/p>\n\n\n\n<div class=\"wp-block-getwid-images-slider has-arrows-inside has-dots-inside has-images-center has-cropped-images\"><div class=\"wp-block-getwid-images-slider__wrapper\" data-effect=\"slide\" data-slides-show=\"1\" data-slides-show-laptop=\"1\" data-slides-show-tablet=\"1\" data-slides-show-mobile=\"1\" data-slides-scroll=\"1\" data-autoplay=\"true\" data-pause-hover=\"false\" data-autoplay-speed=\"6000\" data-infinite=\"true\" data-animation-speed=\"800\" data-center-mode=\"false\" data-variable-width=\"false\" data-arrows=\"inside\" data-dots=\"inside\" data-spacing=\"none\"><div class=\"wp-block-getwid-images-slider__item\"><figure><img loading=\"lazy\" decoding=\"async\" width=\"1920\" height=\"1080\" src=\"https:\/\/agora.xtec.cat\/cee-elsangels\/wp-content\/uploads\/usu1702\/2025\/05\/1.jpg\" data-id=\"5174\" data-link=\"https:\/\/agora.xtec.cat\/cee-elsangels\/activa\/projecte-educatiu\/pedagogia-de-la-llum\/attachment\/1-8\/\" data-original-link=\"https:\/\/agora.xtec.cat\/cee-elsangels\/wp-content\/uploads\/usu1702\/2025\/05\/1.jpg\" class=\"wp-block-getwid-images-slider__image wp-image-5174\" srcset=\"https:\/\/agora.xtec.cat\/cee-elsangels\/wp-content\/uploads\/usu1702\/2025\/05\/1.jpg 1920w, https:\/\/agora.xtec.cat\/cee-elsangels\/wp-content\/uploads\/usu1702\/2025\/05\/1-300x169.jpg 300w, https:\/\/agora.xtec.cat\/cee-elsangels\/wp-content\/uploads\/usu1702\/2025\/05\/1-1024x576.jpg 1024w, https:\/\/agora.xtec.cat\/cee-elsangels\/wp-content\/uploads\/usu1702\/2025\/05\/1-768x432.jpg 768w, https:\/\/agora.xtec.cat\/cee-elsangels\/wp-content\/uploads\/usu1702\/2025\/05\/1-1536x864.jpg 1536w\" sizes=\"auto, (max-width: 1920px) 100vw, 1920px\" \/><\/figure><\/div><div class=\"wp-block-getwid-images-slider__item\"><figure><img loading=\"lazy\" decoding=\"async\" width=\"1920\" height=\"1080\" src=\"https:\/\/agora.xtec.cat\/cee-elsangels\/wp-content\/uploads\/usu1702\/2025\/05\/2.jpg\" data-id=\"5175\" data-link=\"https:\/\/agora.xtec.cat\/cee-elsangels\/activa\/projecte-educatiu\/pedagogia-de-la-llum\/attachment\/2-11\/\" data-original-link=\"https:\/\/agora.xtec.cat\/cee-elsangels\/wp-content\/uploads\/usu1702\/2025\/05\/2.jpg\" class=\"wp-block-getwid-images-slider__image wp-image-5175\" srcset=\"https:\/\/agora.xtec.cat\/cee-elsangels\/wp-content\/uploads\/usu1702\/2025\/05\/2.jpg 1920w, https:\/\/agora.xtec.cat\/cee-elsangels\/wp-content\/uploads\/usu1702\/2025\/05\/2-300x169.jpg 300w, https:\/\/agora.xtec.cat\/cee-elsangels\/wp-content\/uploads\/usu1702\/2025\/05\/2-1024x576.jpg 1024w, https:\/\/agora.xtec.cat\/cee-elsangels\/wp-content\/uploads\/usu1702\/2025\/05\/2-768x432.jpg 768w, https:\/\/agora.xtec.cat\/cee-elsangels\/wp-content\/uploads\/usu1702\/2025\/05\/2-1536x864.jpg 1536w\" sizes=\"auto, (max-width: 1920px) 100vw, 1920px\" \/><\/figure><\/div><div class=\"wp-block-getwid-images-slider__item\"><figure><img loading=\"lazy\" decoding=\"async\" width=\"1920\" height=\"1080\" src=\"https:\/\/agora.xtec.cat\/cee-elsangels\/wp-content\/uploads\/usu1702\/2025\/05\/3.jpg\" data-id=\"5176\" data-link=\"https:\/\/agora.xtec.cat\/cee-elsangels\/activa\/projecte-educatiu\/pedagogia-de-la-llum\/attachment\/3-9\/\" data-original-link=\"https:\/\/agora.xtec.cat\/cee-elsangels\/wp-content\/uploads\/usu1702\/2025\/05\/3.jpg\" class=\"wp-block-getwid-images-slider__image wp-image-5176\" srcset=\"https:\/\/agora.xtec.cat\/cee-elsangels\/wp-content\/uploads\/usu1702\/2025\/05\/3.jpg 1920w, https:\/\/agora.xtec.cat\/cee-elsangels\/wp-content\/uploads\/usu1702\/2025\/05\/3-300x169.jpg 300w, https:\/\/agora.xtec.cat\/cee-elsangels\/wp-content\/uploads\/usu1702\/2025\/05\/3-1024x576.jpg 1024w, https:\/\/agora.xtec.cat\/cee-elsangels\/wp-content\/uploads\/usu1702\/2025\/05\/3-768x432.jpg 768w, https:\/\/agora.xtec.cat\/cee-elsangels\/wp-content\/uploads\/usu1702\/2025\/05\/3-1536x864.jpg 1536w\" sizes=\"auto, (max-width: 1920px) 100vw, 1920px\" \/><\/figure><\/div><div class=\"wp-block-getwid-images-slider__item\"><figure><img loading=\"lazy\" decoding=\"async\" width=\"1920\" height=\"1080\" src=\"https:\/\/agora.xtec.cat\/cee-elsangels\/wp-content\/uploads\/usu1702\/2025\/05\/4.jpg\" data-id=\"5177\" data-link=\"https:\/\/agora.xtec.cat\/cee-elsangels\/activa\/projecte-educatiu\/pedagogia-de-la-llum\/attachment\/4-5\/\" data-original-link=\"https:\/\/agora.xtec.cat\/cee-elsangels\/wp-content\/uploads\/usu1702\/2025\/05\/4.jpg\" class=\"wp-block-getwid-images-slider__image wp-image-5177\" srcset=\"https:\/\/agora.xtec.cat\/cee-elsangels\/wp-content\/uploads\/usu1702\/2025\/05\/4.jpg 1920w, https:\/\/agora.xtec.cat\/cee-elsangels\/wp-content\/uploads\/usu1702\/2025\/05\/4-300x169.jpg 300w, https:\/\/agora.xtec.cat\/cee-elsangels\/wp-content\/uploads\/usu1702\/2025\/05\/4-1024x576.jpg 1024w, https:\/\/agora.xtec.cat\/cee-elsangels\/wp-content\/uploads\/usu1702\/2025\/05\/4-768x432.jpg 768w, https:\/\/agora.xtec.cat\/cee-elsangels\/wp-content\/uploads\/usu1702\/2025\/05\/4-1536x864.jpg 1536w\" sizes=\"auto, (max-width: 1920px) 100vw, 1920px\" \/><\/figure><\/div><div class=\"wp-block-getwid-images-slider__item\"><figure><img loading=\"lazy\" decoding=\"async\" width=\"1920\" height=\"1080\" src=\"https:\/\/agora.xtec.cat\/cee-elsangels\/wp-content\/uploads\/usu1702\/2025\/05\/5.jpg\" data-id=\"5178\" data-link=\"https:\/\/agora.xtec.cat\/cee-elsangels\/activa\/projecte-educatiu\/pedagogia-de-la-llum\/attachment\/5-6\/\" data-original-link=\"https:\/\/agora.xtec.cat\/cee-elsangels\/wp-content\/uploads\/usu1702\/2025\/05\/5.jpg\" class=\"wp-block-getwid-images-slider__image wp-image-5178\" srcset=\"https:\/\/agora.xtec.cat\/cee-elsangels\/wp-content\/uploads\/usu1702\/2025\/05\/5.jpg 1920w, https:\/\/agora.xtec.cat\/cee-elsangels\/wp-content\/uploads\/usu1702\/2025\/05\/5-300x169.jpg 300w, https:\/\/agora.xtec.cat\/cee-elsangels\/wp-content\/uploads\/usu1702\/2025\/05\/5-1024x576.jpg 1024w, https:\/\/agora.xtec.cat\/cee-elsangels\/wp-content\/uploads\/usu1702\/2025\/05\/5-768x432.jpg 768w, https:\/\/agora.xtec.cat\/cee-elsangels\/wp-content\/uploads\/usu1702\/2025\/05\/5-1536x864.jpg 1536w\" sizes=\"auto, (max-width: 1920px) 100vw, 1920px\" \/><\/figure><\/div><div class=\"wp-block-getwid-images-slider__item\"><figure><img loading=\"lazy\" decoding=\"async\" width=\"1920\" height=\"1080\" src=\"https:\/\/agora.xtec.cat\/cee-elsangels\/wp-content\/uploads\/usu1702\/2025\/05\/6.jpg\" data-id=\"5179\" data-link=\"https:\/\/agora.xtec.cat\/cee-elsangels\/activa\/projecte-educatiu\/pedagogia-de-la-llum\/attachment\/6-5\/\" data-original-link=\"https:\/\/agora.xtec.cat\/cee-elsangels\/wp-content\/uploads\/usu1702\/2025\/05\/6.jpg\" class=\"wp-block-getwid-images-slider__image wp-image-5179\" srcset=\"https:\/\/agora.xtec.cat\/cee-elsangels\/wp-content\/uploads\/usu1702\/2025\/05\/6.jpg 1920w, https:\/\/agora.xtec.cat\/cee-elsangels\/wp-content\/uploads\/usu1702\/2025\/05\/6-300x169.jpg 300w, https:\/\/agora.xtec.cat\/cee-elsangels\/wp-content\/uploads\/usu1702\/2025\/05\/6-1024x576.jpg 1024w, https:\/\/agora.xtec.cat\/cee-elsangels\/wp-content\/uploads\/usu1702\/2025\/05\/6-768x432.jpg 768w, https:\/\/agora.xtec.cat\/cee-elsangels\/wp-content\/uploads\/usu1702\/2025\/05\/6-1536x864.jpg 1536w\" sizes=\"auto, (max-width: 1920px) 100vw, 1920px\" \/><\/figure><\/div><div class=\"wp-block-getwid-images-slider__item\"><figure><img loading=\"lazy\" decoding=\"async\" width=\"1920\" height=\"1080\" src=\"https:\/\/agora.xtec.cat\/cee-elsangels\/wp-content\/uploads\/usu1702\/2025\/05\/7.jpg\" data-id=\"5180\" data-link=\"https:\/\/agora.xtec.cat\/cee-elsangels\/activa\/projecte-educatiu\/pedagogia-de-la-llum\/attachment\/7-5\/\" data-original-link=\"https:\/\/agora.xtec.cat\/cee-elsangels\/wp-content\/uploads\/usu1702\/2025\/05\/7.jpg\" class=\"wp-block-getwid-images-slider__image wp-image-5180\" srcset=\"https:\/\/agora.xtec.cat\/cee-elsangels\/wp-content\/uploads\/usu1702\/2025\/05\/7.jpg 1920w, https:\/\/agora.xtec.cat\/cee-elsangels\/wp-content\/uploads\/usu1702\/2025\/05\/7-300x169.jpg 300w, https:\/\/agora.xtec.cat\/cee-elsangels\/wp-content\/uploads\/usu1702\/2025\/05\/7-1024x576.jpg 1024w, https:\/\/agora.xtec.cat\/cee-elsangels\/wp-content\/uploads\/usu1702\/2025\/05\/7-768x432.jpg 768w, https:\/\/agora.xtec.cat\/cee-elsangels\/wp-content\/uploads\/usu1702\/2025\/05\/7-1536x864.jpg 1536w\" sizes=\"auto, (max-width: 1920px) 100vw, 1920px\" \/><\/figure><\/div><div class=\"wp-block-getwid-images-slider__item\"><figure><img loading=\"lazy\" decoding=\"async\" width=\"1920\" height=\"1080\" src=\"https:\/\/agora.xtec.cat\/cee-elsangels\/wp-content\/uploads\/usu1702\/2025\/05\/8.jpg\" data-id=\"5181\" data-link=\"https:\/\/agora.xtec.cat\/cee-elsangels\/activa\/projecte-educatiu\/pedagogia-de-la-llum\/attachment\/8-6\/\" data-original-link=\"https:\/\/agora.xtec.cat\/cee-elsangels\/wp-content\/uploads\/usu1702\/2025\/05\/8.jpg\" class=\"wp-block-getwid-images-slider__image wp-image-5181\" srcset=\"https:\/\/agora.xtec.cat\/cee-elsangels\/wp-content\/uploads\/usu1702\/2025\/05\/8.jpg 1920w, https:\/\/agora.xtec.cat\/cee-elsangels\/wp-content\/uploads\/usu1702\/2025\/05\/8-300x169.jpg 300w, https:\/\/agora.xtec.cat\/cee-elsangels\/wp-content\/uploads\/usu1702\/2025\/05\/8-1024x576.jpg 1024w, https:\/\/agora.xtec.cat\/cee-elsangels\/wp-content\/uploads\/usu1702\/2025\/05\/8-768x432.jpg 768w, https:\/\/agora.xtec.cat\/cee-elsangels\/wp-content\/uploads\/usu1702\/2025\/05\/8-1536x864.jpg 1536w\" sizes=\"auto, (max-width: 1920px) 100vw, 1920px\" \/><\/figure><\/div><div class=\"wp-block-getwid-images-slider__item\"><figure><img loading=\"lazy\" decoding=\"async\" width=\"1920\" height=\"1080\" src=\"https:\/\/agora.xtec.cat\/cee-elsangels\/wp-content\/uploads\/usu1702\/2025\/05\/9-1.jpg\" data-id=\"5182\" data-link=\"https:\/\/agora.xtec.cat\/cee-elsangels\/activa\/projecte-educatiu\/pedagogia-de-la-llum\/attachment\/9-1\/\" data-original-link=\"https:\/\/agora.xtec.cat\/cee-elsangels\/wp-content\/uploads\/usu1702\/2025\/05\/9-1.jpg\" class=\"wp-block-getwid-images-slider__image wp-image-5182\" srcset=\"https:\/\/agora.xtec.cat\/cee-elsangels\/wp-content\/uploads\/usu1702\/2025\/05\/9-1.jpg 1920w, https:\/\/agora.xtec.cat\/cee-elsangels\/wp-content\/uploads\/usu1702\/2025\/05\/9-1-300x169.jpg 300w, https:\/\/agora.xtec.cat\/cee-elsangels\/wp-content\/uploads\/usu1702\/2025\/05\/9-1-1024x576.jpg 1024w, https:\/\/agora.xtec.cat\/cee-elsangels\/wp-content\/uploads\/usu1702\/2025\/05\/9-1-768x432.jpg 768w, https:\/\/agora.xtec.cat\/cee-elsangels\/wp-content\/uploads\/usu1702\/2025\/05\/9-1-1536x864.jpg 1536w\" sizes=\"auto, (max-width: 1920px) 100vw, 1920px\" \/><\/figure><\/div><div class=\"wp-block-getwid-images-slider__item\"><figure><img loading=\"lazy\" decoding=\"async\" width=\"1920\" height=\"1080\" src=\"https:\/\/agora.xtec.cat\/cee-elsangels\/wp-content\/uploads\/usu1702\/2025\/05\/10.jpg\" data-id=\"5183\" data-link=\"https:\/\/agora.xtec.cat\/cee-elsangels\/activa\/projecte-educatiu\/pedagogia-de-la-llum\/attachment\/10-2\/\" data-original-link=\"https:\/\/agora.xtec.cat\/cee-elsangels\/wp-content\/uploads\/usu1702\/2025\/05\/10.jpg\" class=\"wp-block-getwid-images-slider__image wp-image-5183\" srcset=\"https:\/\/agora.xtec.cat\/cee-elsangels\/wp-content\/uploads\/usu1702\/2025\/05\/10.jpg 1920w, https:\/\/agora.xtec.cat\/cee-elsangels\/wp-content\/uploads\/usu1702\/2025\/05\/10-300x169.jpg 300w, https:\/\/agora.xtec.cat\/cee-elsangels\/wp-content\/uploads\/usu1702\/2025\/05\/10-1024x576.jpg 1024w, https:\/\/agora.xtec.cat\/cee-elsangels\/wp-content\/uploads\/usu1702\/2025\/05\/10-768x432.jpg 768w, https:\/\/agora.xtec.cat\/cee-elsangels\/wp-content\/uploads\/usu1702\/2025\/05\/10-1536x864.jpg 1536w\" sizes=\"auto, (max-width: 1920px) 100vw, 1920px\" \/><\/figure><\/div><div class=\"wp-block-getwid-images-slider__item\"><figure><img loading=\"lazy\" decoding=\"async\" width=\"1920\" height=\"1080\" src=\"https:\/\/agora.xtec.cat\/cee-elsangels\/wp-content\/uploads\/usu1702\/2025\/05\/11.jpg\" data-id=\"5184\" data-link=\"https:\/\/agora.xtec.cat\/cee-elsangels\/activa\/projecte-educatiu\/pedagogia-de-la-llum\/attachment\/11-4\/\" data-original-link=\"https:\/\/agora.xtec.cat\/cee-elsangels\/wp-content\/uploads\/usu1702\/2025\/05\/11.jpg\" class=\"wp-block-getwid-images-slider__image wp-image-5184\" srcset=\"https:\/\/agora.xtec.cat\/cee-elsangels\/wp-content\/uploads\/usu1702\/2025\/05\/11.jpg 1920w, https:\/\/agora.xtec.cat\/cee-elsangels\/wp-content\/uploads\/usu1702\/2025\/05\/11-300x169.jpg 300w, https:\/\/agora.xtec.cat\/cee-elsangels\/wp-content\/uploads\/usu1702\/2025\/05\/11-1024x576.jpg 1024w, https:\/\/agora.xtec.cat\/cee-elsangels\/wp-content\/uploads\/usu1702\/2025\/05\/11-768x432.jpg 768w, https:\/\/agora.xtec.cat\/cee-elsangels\/wp-content\/uploads\/usu1702\/2025\/05\/11-1536x864.jpg 1536w\" sizes=\"auto, (max-width: 1920px) 100vw, 1920px\" \/><\/figure><\/div><\/div><\/div>\n","protected":false},"excerpt":{"rendered":"<p>Experimentar, investigar, relacionar, jugar\u2026 A l&#8217;escola volem despertar l&#8217;inter\u00e8s dels infants perqu\u00e8 a trav\u00e9s dels sentits descobreixin el m\u00f3n que [&hellip;]<\/p>\n","protected":false},"author":1,"featured_media":0,"parent":64,"menu_order":0,"comment_status":"closed","ping_status":"closed","template":"","meta":{"_bbp_topic_count":0,"_bbp_reply_count":0,"_bbp_total_topic_count":0,"_bbp_total_reply_count":0,"_bbp_voice_count":0,"_bbp_anonymous_reply_count":0,"_bbp_topic_count_hidden":0,"_bbp_reply_count_hidden":0,"_bbp_forum_subforum_count":0,"site-sidebar-layout":"default","site-content-layout":"","ast-site-content-layout":"default","site-content-style":"default","site-sidebar-style":"default","ast-global-header-display":"","ast-banner-title-visibility":"","ast-main-header-display":"","ast-hfb-above-header-display":"","ast-hfb-below-header-display":"","ast-hfb-mobile-header-display":"","site-post-title":"","ast-breadcrumbs-content":"","ast-featured-img":"","footer-sml-layout":"","theme-transparent-header-meta":"","adv-header-id-meta":"","stick-header-meta":"","header-above-stick-meta":"","header-main-stick-meta":"","header-below-stick-meta":"","astra-migrate-meta-layouts":"set","ast-page-background-enabled":"default","ast-page-background-meta":{"desktop":{"background-color":"var(--ast-global-color-4)","background-image":"","background-repeat":"repeat","background-position":"center center","background-size":"auto","background-attachment":"scroll","background-type":"","background-media":"","overlay-type":"","overlay-color":"","overlay-opacity":"","overlay-gradient":""},"tablet":{"background-color":"","background-image":"","background-repeat":"repeat","background-position":"center center","background-size":"auto","background-attachment":"scroll","background-type":"","background-media":"","overlay-type":"","overlay-color":"","overlay-opacity":"","overlay-gradient":""},"mobile":{"background-color":"","background-image":"","background-repeat":"repeat","background-position":"center center","background-size":"auto","background-attachment":"scroll","background-type":"","background-media":"","overlay-type":"","overlay-color":"","overlay-opacity":"","overlay-gradient":""}},"ast-content-background-meta":{"desktop":{"background-color":"var(--ast-global-color-5)","background-image":"","background-repeat":"repeat","background-position":"center center","background-size":"auto","background-attachment":"scroll","background-type":"","background-media":"","overlay-type":"","overlay-color":"","overlay-opacity":"","overlay-gradient":""},"tablet":{"background-color":"var(--ast-global-color-5)","background-image":"","background-repeat":"repeat","background-position":"center center","background-size":"auto","background-attachment":"scroll","background-type":"","background-media":"","overlay-type":"","overlay-color":"","overlay-opacity":"","overlay-gradient":""},"mobile":{"background-color":"var(--ast-global-color-5)","background-image":"","background-repeat":"repeat","background-position":"center center","background-size":"auto","background-attachment":"scroll","background-type":"","background-media":"","overlay-type":"","overlay-color":"","overlay-opacity":"","overlay-gradient":""}},"footnotes":""},"class_list":["post-3747","page","type-page","status-publish","hentry"],"post_mailing_queue_ids":[],"_links":{"self":[{"href":"https:\/\/agora.xtec.cat\/cee-elsangels\/wp-json\/wp\/v2\/pages\/3747","targetHints":{"allow":["GET"]}}],"collection":[{"href":"https:\/\/agora.xtec.cat\/cee-elsangels\/wp-json\/wp\/v2\/pages"}],"about":[{"href":"https:\/\/agora.xtec.cat\/cee-elsangels\/wp-json\/wp\/v2\/types\/page"}],"author":[{"embeddable":true,"href":"https:\/\/agora.xtec.cat\/cee-elsangels\/wp-json\/wp\/v2\/users\/1"}],"replies":[{"embeddable":true,"href":"https:\/\/agora.xtec.cat\/cee-elsangels\/wp-json\/wp\/v2\/comments?post=3747"}],"version-history":[{"count":6,"href":"https:\/\/agora.xtec.cat\/cee-elsangels\/wp-json\/wp\/v2\/pages\/3747\/revisions"}],"predecessor-version":[{"id":5187,"href":"https:\/\/agora.xtec.cat\/cee-elsangels\/wp-json\/wp\/v2\/pages\/3747\/revisions\/5187"}],"up":[{"embeddable":true,"href":"https:\/\/agora.xtec.cat\/cee-elsangels\/wp-json\/wp\/v2\/pages\/64"}],"wp:attachment":[{"href":"https:\/\/agora.xtec.cat\/cee-elsangels\/wp-json\/wp\/v2\/media?parent=3747"}],"curies":[{"name":"wp","href":"https:\/\/api.w.org\/{rel}","templated":true}]}}