{"id":3742,"date":"2023-01-13T09:52:58","date_gmt":"2023-01-13T08:52:58","guid":{"rendered":"https:\/\/agora.xtec.cat\/cee-elsangels\/?page_id=3742"},"modified":"2025-05-16T13:29:59","modified_gmt":"2025-05-16T11:29:59","slug":"terapia-assistida-amb-cavalls","status":"publish","type":"page","link":"https:\/\/agora.xtec.cat\/cee-elsangels\/activa\/projecte-educatiu\/terapia-assistida-amb-cavalls\/","title":{"rendered":"Ter\u00e0pia assistida amb cavalls"},"content":{"rendered":"\n<figure class=\"wp-block-image alignleft size-full is-resized\"><a href=\"https:\/\/agora.xtec.cat\/cee-elsangels\/wp-content\/uploads\/usu1702\/2023\/01\/EQUINOTERAPIA.jpg\"><img loading=\"lazy\" decoding=\"async\" width=\"500\" height=\"500\" src=\"https:\/\/agora.xtec.cat\/cee-elsangels\/wp-content\/uploads\/usu1702\/2023\/01\/EQUINOTERAPIA.jpg\" alt=\"\" class=\"wp-image-3743\" style=\"width:338px;height:auto\" srcset=\"https:\/\/agora.xtec.cat\/cee-elsangels\/wp-content\/uploads\/usu1702\/2023\/01\/EQUINOTERAPIA.jpg 500w, https:\/\/agora.xtec.cat\/cee-elsangels\/wp-content\/uploads\/usu1702\/2023\/01\/EQUINOTERAPIA-300x300.jpg 300w, https:\/\/agora.xtec.cat\/cee-elsangels\/wp-content\/uploads\/usu1702\/2023\/01\/EQUINOTERAPIA-150x150.jpg 150w\" sizes=\"auto, (max-width: 500px) 100vw, 500px\" \/><\/a><\/figure>\n\n\n\n<p>A l\u2019escola Els \u00c0ngels portem des de l\u2019any 2000 utilitzant la ter\u00e0pia assistida amb cavalls o equinoter\u00e0pia. Hem anat fent l\u2019activitat a diferents centres h\u00edpics de la Comarca i al pati de l\u2019escola.<\/p>\n\n\n\n<p>Els professionals del centre ens hem anat formant fent jornades, cursos i postgraus.<\/p>\n\n\n\n<p>Per l\u2019escola \u00e9s una activitat terap\u00e8utica que potencia els beneficis f\u00edsics, cognitius, emocional, social i comunicatius, amb un entorn natural&nbsp;que estimula el nen\/a en els seus aprenentatges.<\/p>\n\n\n\n<p>S&#8217;utilitza la ter\u00e0pia assistida amb cavalls (TAC) o Equinoter\u00e0pia per complementar els objectius pedag\u00f2gics i terap\u00e8utics plantejats per a cada alumne.<\/p>\n\n\n\n<p>Gr\u00e0cies a la subvenci\u00f3 de la Diputaci\u00f3 de Girona que rebem cada curs escolar podem donar continu\u00eftat aquesta activitat.<\/p>\n\n\n\n<div data-wp-interactive=\"core\/file\" class=\"wp-block-file alignfull\"><object data-wp-bind--hidden=\"!state.hasPdfPreview\" hidden class=\"wp-block-file__embed\" data=\"https:\/\/agora.xtec.cat\/cee-elsangels\/wp-content\/uploads\/usu1702\/2025\/05\/LA_TERAPIA_ASSISTIDA_AMB_CAVALLS.pdf\" type=\"application\/pdf\" style=\"width:100%;height:600px\" aria-label=\"Incrustaci\u00f3 del fitxer LA_TERAPIA_ASSISTIDA_AMB_CAVALLS.\"><\/object><a id=\"wp-block-file--media-2fe18e22-0924-4868-a857-edd11df54409\" href=\"https:\/\/agora.xtec.cat\/cee-elsangels\/wp-content\/uploads\/usu1702\/2025\/05\/LA_TERAPIA_ASSISTIDA_AMB_CAVALLS.pdf\">LA_TERAPIA_ASSISTIDA_AMB_CAVALLS<\/a><a href=\"https:\/\/agora.xtec.cat\/cee-elsangels\/wp-content\/uploads\/usu1702\/2025\/05\/LA_TERAPIA_ASSISTIDA_AMB_CAVALLS.pdf\" class=\"wp-block-file__button wp-element-button\" download aria-describedby=\"wp-block-file--media-2fe18e22-0924-4868-a857-edd11df54409\">Baixa<\/a><\/div>\n","protected":false},"excerpt":{"rendered":"<p>A l\u2019escola Els \u00c0ngels portem des de l\u2019any 2000 utilitzant la ter\u00e0pia assistida amb cavalls o equinoter\u00e0pia. Hem anat fent [&hellip;]<\/p>\n","protected":false},"author":1,"featured_media":0,"parent":64,"menu_order":0,"comment_status":"closed","ping_status":"closed","template":"","meta":{"_bbp_topic_count":0,"_bbp_reply_count":0,"_bbp_total_topic_count":0,"_bbp_total_reply_count":0,"_bbp_voice_count":0,"_bbp_anonymous_reply_count":0,"_bbp_topic_count_hidden":0,"_bbp_reply_count_hidden":0,"_bbp_forum_subforum_count":0,"site-sidebar-layout":"default","site-content-layout":"","ast-site-content-layout":"default","site-content-style":"default","site-sidebar-style":"default","ast-global-header-display":"","ast-banner-title-visibility":"","ast-main-header-display":"","ast-hfb-above-header-display":"","ast-hfb-below-header-display":"","ast-hfb-mobile-header-display":"","site-post-title":"","ast-breadcrumbs-content":"","ast-featured-img":"","footer-sml-layout":"","theme-transparent-header-meta":"","adv-header-id-meta":"","stick-header-meta":"","header-above-stick-meta":"","header-main-stick-meta":"","header-below-stick-meta":"","astra-migrate-meta-layouts":"set","ast-page-background-enabled":"default","ast-page-background-meta":{"desktop":{"background-color":"var(--ast-global-color-4)","background-image":"","background-repeat":"repeat","background-position":"center center","background-size":"auto","background-attachment":"scroll","background-type":"","background-media":"","overlay-type":"","overlay-color":"","overlay-opacity":"","overlay-gradient":""},"tablet":{"background-color":"","background-image":"","background-repeat":"repeat","background-position":"center center","background-size":"auto","background-attachment":"scroll","background-type":"","background-media":"","overlay-type":"","overlay-color":"","overlay-opacity":"","overlay-gradient":""},"mobile":{"background-color":"","background-image":"","background-repeat":"repeat","background-position":"center center","background-size":"auto","background-attachment":"scroll","background-type":"","background-media":"","overlay-type":"","overlay-color":"","overlay-opacity":"","overlay-gradient":""}},"ast-content-background-meta":{"desktop":{"background-color":"var(--ast-global-color-5)","background-image":"","background-repeat":"repeat","background-position":"center center","background-size":"auto","background-attachment":"scroll","background-type":"","background-media":"","overlay-type":"","overlay-color":"","overlay-opacity":"","overlay-gradient":""},"tablet":{"background-color":"var(--ast-global-color-5)","background-image":"","background-repeat":"repeat","background-position":"center center","background-size":"auto","background-attachment":"scroll","background-type":"","background-media":"","overlay-type":"","overlay-color":"","overlay-opacity":"","overlay-gradient":""},"mobile":{"background-color":"var(--ast-global-color-5)","background-image":"","background-repeat":"repeat","background-position":"center center","background-size":"auto","background-attachment":"scroll","background-type":"","background-media":"","overlay-type":"","overlay-color":"","overlay-opacity":"","overlay-gradient":""}},"footnotes":""},"class_list":["post-3742","page","type-page","status-publish","hentry"],"post_mailing_queue_ids":[],"_links":{"self":[{"href":"https:\/\/agora.xtec.cat\/cee-elsangels\/wp-json\/wp\/v2\/pages\/3742","targetHints":{"allow":["GET"]}}],"collection":[{"href":"https:\/\/agora.xtec.cat\/cee-elsangels\/wp-json\/wp\/v2\/pages"}],"about":[{"href":"https:\/\/agora.xtec.cat\/cee-elsangels\/wp-json\/wp\/v2\/types\/page"}],"author":[{"embeddable":true,"href":"https:\/\/agora.xtec.cat\/cee-elsangels\/wp-json\/wp\/v2\/users\/1"}],"replies":[{"embeddable":true,"href":"https:\/\/agora.xtec.cat\/cee-elsangels\/wp-json\/wp\/v2\/comments?post=3742"}],"version-history":[{"count":4,"href":"https:\/\/agora.xtec.cat\/cee-elsangels\/wp-json\/wp\/v2\/pages\/3742\/revisions"}],"predecessor-version":[{"id":5256,"href":"https:\/\/agora.xtec.cat\/cee-elsangels\/wp-json\/wp\/v2\/pages\/3742\/revisions\/5256"}],"up":[{"embeddable":true,"href":"https:\/\/agora.xtec.cat\/cee-elsangels\/wp-json\/wp\/v2\/pages\/64"}],"wp:attachment":[{"href":"https:\/\/agora.xtec.cat\/cee-elsangels\/wp-json\/wp\/v2\/media?parent=3742"}],"curies":[{"name":"wp","href":"https:\/\/api.w.org\/{rel}","templated":true}]}}