{"id":2619,"date":"2021-05-12T13:25:26","date_gmt":"2021-05-12T11:25:26","guid":{"rendered":"http:\/\/agora.xtec.cat\/cee-elsangels\/?page_id=2619"},"modified":"2025-05-16T09:25:07","modified_gmt":"2025-05-16T07:25:07","slug":"preinscripcions-ife","status":"publish","type":"page","link":"https:\/\/agora.xtec.cat\/cee-elsangels\/ife\/preinscripcions-ife\/","title":{"rendered":"PREINSCRIPCIONS IFE"},"content":{"rendered":"\n<h2 class=\"wp-block-heading\"><strong>Calendari i els terminis IFE curs 25-26<\/strong><\/h2>\n\n\n\n<h3 class=\"wp-block-heading has-ast-global-color-0-color has-text-color has-link-color wp-elements-24eb0f194f766c5eb4965d806dfbc969\"><strong>Abans de la preinscripci\u00f3<\/strong><\/h3>\n\n\n\n<p class=\"has-black-color has-text-color has-link-color wp-elements-0119888862e21edb25eea8aa9e8d8eb6\"><strong>9 de maig de 2025:<\/strong> oferta inicial de places escolars<br>Publicaci\u00f3 del nombre de places per centre i curs.<\/p>\n\n\n\n<h3 class=\"wp-block-heading has-ast-global-color-0-color has-text-color has-link-color wp-elements-35c5b727deb06c7e7790119b33559391\"><strong>Durant la preparaci\u00f3, presentaci\u00f3 i seguiment de la sol\u00b7licitud de preinscripci\u00f3<\/strong><\/h3>\n\n\n\n<h4 class=\"wp-block-heading has-black-color has-text-color has-link-color wp-elements-378ea5ce69294a9243854bcd3c400896\"><strong>Del 12 al 23 de maig de 2025:<\/strong> <em><strong>presentaci\u00f3 de sol\u00b7licituds<\/strong>.<\/em> <\/h4>\n\n\n\n<p class=\"has-black-color has-text-color has-link-color wp-elements-0ee08fec037a236b54abc89b0fc44089\">\u00c9s molt important respectar les dates, perqu\u00e8 les sol\u00b7licituds que es presentin fora d&#8217;aquest termini perdran totes les prioritats que haurien pogut tenir a l&#8217;hora d&#8217;obtenir la pla\u00e7a. Els criteris de prioritat serveixen per donar una puntuaci\u00f3 a cada sol\u00b7licitud. D&#8217;aquesta manera s&#8217;estableix l&#8217;ordre d&#8217;acc\u00e9s a les places de cada centre. Cal presentar la sol\u00b7licitud i adjuntar-hi la documentaci\u00f3 d&#8217;identificaci\u00f3 o de criteris que correspongui. Per m\u00e9s informaci\u00f3 podeu consultar:<\/p>\n\n\n\n<p><a href=\" https:\/\/educacio.gencat.cat\/ca\/tramits\/tramits-temes\/preinscripcio-ife \">https:\/\/educacio.gencat.cat\/ca\/tramits\/tramits-temes\/preinscripcio-ife <\/a><\/p>\n\n\n\n<p>La Sol\u00b7licitud de preinscripci\u00f3 s&#8217;ha de fer de manera presencial al centre. A continuaci\u00f3 teniu el document de inscripci\u00f3 que cal presentar. El podeu descarregar<\/p>\n\n\n\n<div data-wp-interactive=\"core\/file\" class=\"wp-block-file alignfull\"><object data-wp-bind--hidden=\"!state.hasPdfPreview\" hidden class=\"wp-block-file__embed\" data=\"https:\/\/agora.xtec.cat\/cee-elsangels\/wp-content\/uploads\/usu1702\/2025\/05\/A309.pdf\" type=\"application\/pdf\" style=\"width:100%;height:600px\" aria-label=\"Incrustaci\u00f3 del fitxer A309.\"><\/object><a id=\"wp-block-file--media-7128df95-d6a6-4bca-9201-29e43d723892\" href=\"https:\/\/agora.xtec.cat\/cee-elsangels\/wp-content\/uploads\/usu1702\/2025\/05\/A309.pdf\">A309<\/a><a href=\"https:\/\/agora.xtec.cat\/cee-elsangels\/wp-content\/uploads\/usu1702\/2025\/05\/A309.pdf\" class=\"wp-block-file__button wp-element-button\" download aria-describedby=\"wp-block-file--media-7128df95-d6a6-4bca-9201-29e43d723892\">Baixa<\/a><\/div>\n\n\n\n<h4 class=\"wp-block-heading\"><strong>30 de maig de 2025: <em>llista de sol\u00b7licituds amb la puntuaci\u00f3 provisional.<\/em> <\/strong><\/h4>\n\n\n\n<p class=\"has-black-color has-text-color has-link-color wp-elements-1a82e8c1c3c9d10bef0bfe8ccbff0080\">Un cop acabat el per\u00edode de presentaci\u00f3 de sol\u00b7licituds, els centres educatius estudien cadascuna de les peticions que han rebut: n&#8217;analitzen les dades, els criteris de prioritat que les fam\u00edlies demanen que es tinguin en compte, i tamb\u00e9 els documents justificatius. Tot seguit, publiquen la llista de sol\u00b7licituds amb els barems provisionals. En aquesta llista hi ha les sol\u00b7licituds ordenades alfab\u00e8ticament amb la puntuaci\u00f3 que ha rebut cada sol\u00b7licitud en aplicar-hi el barem.<br><strong>Criteris de prioritat:<\/strong><br>&#8211; 1r lloc: l\u2019alumnat que compleix 16 o 17 anys durant l\u2019any en qu\u00e8 accedeix a l\u2019 IFE<br>&#8211; 2n lloc: l\u2019alumnat que compleix 18 anys durant l\u2019any en qu\u00e8 accedeix a l\u2019 IFE<br>&#8211; 3r lloc l\u2019alumnat que compleix 19 anys durant l\u2019any en qu\u00e8 accedeix a l\u2019 IFE<br>&#8211; 4t lloc l\u2019alumnat que compleix els 20 anys durant l\u2019any en qu\u00e8 accedeix a l\u2019 IFE<br>Dins de cadascun dels grups d\u2019edats establerts anteriorment, les sol\u00b7licituds es prioritzen d\u2019acord amb els criteris seg\u00fcents:<br>&#8211; Situaci\u00f3 d\u2019escolaritzaci\u00f3 en el curs acad\u00e8mic 24-25: per estar matriculat en un centre ordinari o en un<br>centre d\u2019educaci\u00f3 especial a l\u2019etapa obligat\u00f2ria, 25 punts.<br>&#8211; Participaci\u00f3 per primera vegada en programes post-obligatoris: per no haver cursat i finalitzat<br>programes de qualificaci\u00f3 professional inicial (PQPI) ni programes d\u2019inserci\u00f3 (PFI), 10 punts.<\/p>\n\n\n\n<h4 class=\"wp-block-heading\"><strong>2 de juny de 2025: <em>sorteig per resoldre les sol\u00b7licituds empatades en punts<\/em><\/strong><\/h4>\n\n\n\n<p class=\"has-black-color has-text-color has-link-color wp-elements-1a2a203dcb2a08f083001ae49395d0f3\">El nombre de places a cada centre educatiu \u00e9s limitat. Si el nombre de peticions supera el d&#8217;alumnes que l&#8217;escola pot acollir, cal aplicar un sistema de desempat entre les sol\u00b7licituds que tenen la mateixa puntuaci\u00f3. Per fer-ho, s&#8217;obt\u00e9 un n\u00famero per sorteig a partir del qual s&#8217;ordenen totes les peticions empatades en punts, tenint en<br>compte el n\u00famero de desempat que s&#8217;ha assignat a cada sol\u00b7licitud. El sorteig tindr\u00e0 lloc en el mateix centre.<\/p>\n\n\n\n<h4 class=\"wp-block-heading\"><strong>Del 3 al 10 de juny de 2025, <em>ambd\u00f3s inclosos: presentaci\u00f3 de reclamacions<\/em><\/strong><\/h4>\n\n\n\n<p class=\"has-black-color has-text-color has-link-color wp-elements-c98ab26e2152ac0a69d5b551fcd10198\">Durant aquest per\u00edode, si detectes alguna errada o anomalia en el barem assignat, pots presentar una reclamaci\u00f3.<\/p>\n\n\n\n<h4 class=\"wp-block-heading\"><strong>16 de juny de 2025: llista d&#8217;alumnes admesos<\/strong><\/h4>\n\n\n\n<p class=\"has-black-color has-text-color has-link-color wp-elements-36e4ade822289f4a4769eaba0c5a710f\">Finalment, es publica la llista d&#8217;alumnes admesos al centre.<\/p>\n\n\n\n<h3 class=\"wp-block-heading has-ast-global-color-0-color has-text-color has-link-color wp-elements-49348e468175132989b7e2890f780267\">A l&#8217;hora de formalitzar la matriculaci\u00f3<\/h3>\n\n\n\n<h4 class=\"wp-block-heading\"><strong>Del 19 al 27 de juny de 2025: matriculaci\u00f3<\/strong><\/h4>\n\n\n\n<p class=\"has-black-color has-text-color has-link-color wp-elements-f686469aef6247aaff2f6c60f9350ca7\">Un cop s&#8217;ha publicat la llista final d&#8217;alumnes admesos en cada centre, comen\u00e7a el per\u00edode de matriculaci\u00f3 dels preinscrits amb pla\u00e7a assignada.<\/p>\n","protected":false},"excerpt":{"rendered":"<p>Calendari i els terminis IFE curs 25-26 Abans de la preinscripci\u00f3 9 de maig de 2025: oferta inicial de places [&hellip;]<\/p>\n","protected":false},"author":1,"featured_media":0,"parent":627,"menu_order":0,"comment_status":"closed","ping_status":"closed","template":"","meta":{"_bbp_topic_count":0,"_bbp_reply_count":0,"_bbp_total_topic_count":0,"_bbp_total_reply_count":0,"_bbp_voice_count":0,"_bbp_anonymous_reply_count":0,"_bbp_topic_count_hidden":0,"_bbp_reply_count_hidden":0,"_bbp_forum_subforum_count":0,"site-sidebar-layout":"default","site-content-layout":"","ast-site-content-layout":"default","site-content-style":"default","site-sidebar-style":"default","ast-global-header-display":"","ast-banner-title-visibility":"","ast-main-header-display":"","ast-hfb-above-header-display":"","ast-hfb-below-header-display":"","ast-hfb-mobile-header-display":"","site-post-title":"","ast-breadcrumbs-content":"","ast-featured-img":"","footer-sml-layout":"","theme-transparent-header-meta":"","adv-header-id-meta":"","stick-header-meta":"","header-above-stick-meta":"","header-main-stick-meta":"","header-below-stick-meta":"","astra-migrate-meta-layouts":"set","ast-page-background-enabled":"default","ast-page-background-meta":{"desktop":{"background-color":"var(--ast-global-color-4)","background-image":"","background-repeat":"repeat","background-position":"center center","background-size":"auto","background-attachment":"scroll","background-type":"","background-media":"","overlay-type":"","overlay-color":"","overlay-opacity":"","overlay-gradient":""},"tablet":{"background-color":"","background-image":"","background-repeat":"repeat","background-position":"center center","background-size":"auto","background-attachment":"scroll","background-type":"","background-media":"","overlay-type":"","overlay-color":"","overlay-opacity":"","overlay-gradient":""},"mobile":{"background-color":"","background-image":"","background-repeat":"repeat","background-position":"center center","background-size":"auto","background-attachment":"scroll","background-type":"","background-media":"","overlay-type":"","overlay-color":"","overlay-opacity":"","overlay-gradient":""}},"ast-content-background-meta":{"desktop":{"background-color":"var(--ast-global-color-5)","background-image":"","background-repeat":"repeat","background-position":"center center","background-size":"auto","background-attachment":"scroll","background-type":"","background-media":"","overlay-type":"","overlay-color":"","overlay-opacity":"","overlay-gradient":""},"tablet":{"background-color":"var(--ast-global-color-5)","background-image":"","background-repeat":"repeat","background-position":"center center","background-size":"auto","background-attachment":"scroll","background-type":"","background-media":"","overlay-type":"","overlay-color":"","overlay-opacity":"","overlay-gradient":""},"mobile":{"background-color":"var(--ast-global-color-5)","background-image":"","background-repeat":"repeat","background-position":"center center","background-size":"auto","background-attachment":"scroll","background-type":"","background-media":"","overlay-type":"","overlay-color":"","overlay-opacity":"","overlay-gradient":""}},"footnotes":""},"class_list":["post-2619","page","type-page","status-publish","hentry"],"post_mailing_queue_ids":[],"_links":{"self":[{"href":"https:\/\/agora.xtec.cat\/cee-elsangels\/wp-json\/wp\/v2\/pages\/2619","targetHints":{"allow":["GET"]}}],"collection":[{"href":"https:\/\/agora.xtec.cat\/cee-elsangels\/wp-json\/wp\/v2\/pages"}],"about":[{"href":"https:\/\/agora.xtec.cat\/cee-elsangels\/wp-json\/wp\/v2\/types\/page"}],"author":[{"embeddable":true,"href":"https:\/\/agora.xtec.cat\/cee-elsangels\/wp-json\/wp\/v2\/users\/1"}],"replies":[{"embeddable":true,"href":"https:\/\/agora.xtec.cat\/cee-elsangels\/wp-json\/wp\/v2\/comments?post=2619"}],"version-history":[{"count":6,"href":"https:\/\/agora.xtec.cat\/cee-elsangels\/wp-json\/wp\/v2\/pages\/2619\/revisions"}],"predecessor-version":[{"id":5246,"href":"https:\/\/agora.xtec.cat\/cee-elsangels\/wp-json\/wp\/v2\/pages\/2619\/revisions\/5246"}],"up":[{"embeddable":true,"href":"https:\/\/agora.xtec.cat\/cee-elsangels\/wp-json\/wp\/v2\/pages\/627"}],"wp:attachment":[{"href":"https:\/\/agora.xtec.cat\/cee-elsangels\/wp-json\/wp\/v2\/media?parent=2619"}],"curies":[{"name":"wp","href":"https:\/\/api.w.org\/{rel}","templated":true}]}}