{"id":1826,"date":"2020-03-18T16:13:08","date_gmt":"2020-03-18T15:13:08","guid":{"rendered":"http:\/\/agora.xtec.cat\/cee-elsangels\/?page_id=1826"},"modified":"2020-05-28T16:27:10","modified_gmt":"2020-05-28T14:27:10","slug":"recursos-per-tot-lalumnat","status":"publish","type":"page","link":"https:\/\/agora.xtec.cat\/cee-elsangels\/recursos-per-tot-lalumnat\/","title":{"rendered":"RECURSOS PER A TOT L&#8217;ALUMNAT"},"content":{"rendered":"<p><strong><span style=\"color: #99cc00;\">En aquest apartat trobareu informaci\u00f3 i recursos per dur a terme amb tot l&#8217;alumnat de l&#8217;escola.<\/span><\/strong><\/p>\n<p><span style=\"color: #5b065e;\"><a style=\"color: #5b065e;\" href=\"https:\/\/agora.xtec.cat\/cee-elsangels\/wp-content\/uploads\/usu1702\/2020\/03\/Recursos-comuns-per-a-tot-lalumnat-1.pdf\">Recursos comuns per a tot l&#8217;alumnat<\/a><\/span><\/p>\n<p><span style=\"color: #5b1275;\"><a style=\"color: #5b1275;\" href=\"https:\/\/agora.xtec.cat\/cee-elsangels\/wp-content\/uploads\/usu1702\/2020\/03\/creaobjecte.pdf\">creaobjecte<\/a> <\/span><\/p>\n<p><span style=\"color: #5b1275;\"><a style=\"color: #5b1275;\" href=\"https:\/\/agora.xtec.cat\/cee-elsangels\/wp-content\/uploads\/usu1702\/2020\/03\/RECETAS_SENSORIALES.pdf\">RECETAS_SENSORIALES<\/a><\/span><\/p>\n<p><span style=\"color: #5b1275;\"><a style=\"color: #5b1275;\" href=\"https:\/\/agora.xtec.cat\/cee-elsangels\/wp-content\/uploads\/usu1702\/2020\/03\/NO-ANEM-A-LESCOLA.pdf\">NO ANEM A L&#8217;ESCOLA<\/a><\/span><\/p>\n<p><span style=\"color: #960f96;\"><a style=\"color: #960f96;\" href=\"https:\/\/agora.xtec.cat\/cee-elsangels\/wp-content\/uploads\/usu1702\/2020\/03\/ENS-QUEDEM-A-CASA-1.pdf\">ENS QUEDEM A CASA! (1)<\/a><\/span><\/p>\n<p><strong><span style=\"color: #99cc00;\">Recursos de logop\u00e8dia:\u00a0<\/span> <\/strong><\/p>\n<p><b>CONTE: LA FADA MANDARINA<\/b><\/p>\n<p><span style=\"color: #99cc00;\">Benvolgudes fam\u00edlies! Avui us portem un conte sensorial i tamb\u00e9 logop\u00e8dic. <\/span><\/p>\n<p><span style=\"color: #99cc00;\">A l\u2019inici del v\u00eddeo us expliquem el material que podeu utilitzar per reproduir les sensacions del conte, i tamb\u00e9 un petit experiment que podeu fer amb els vostres fills\/es.\u00a0<\/span><\/p>\n<p><span style=\"color: #99cc00;\">Un cop finalitzat el conte, us expliquem alguns exercicis (pr\u00e0xics) que poden fer els nens i les nenes, per treballar tant la tonicitat i el moviment de la boca com la col\u00b7locaci\u00f3 dels llavis i de la llengua en l\u2019emissi\u00f3 de determinats sons.<\/span><\/p>\n<div class=\"ast-oembed-container \" style=\"height: 100%;\"><iframe loading=\"lazy\" title=\"LA FADA MANDARINA\" width=\"500\" height=\"281\" src=\"https:\/\/www.youtube.com\/embed\/MDfz5crf1fw?feature=oembed\" frameborder=\"0\" allow=\"accelerometer; autoplay; clipboard-write; encrypted-media; gyroscope; picture-in-picture; web-share\" referrerpolicy=\"strict-origin-when-cross-origin\" allowfullscreen><\/iframe><\/div>\n<p><strong><span style=\"color: #99cc00;\">Contes explicats pels alumnes d&#8217;IFE:<\/span><\/strong><\/p>\n<p><span style=\"font-weight: 400;\"><strong>Conte de &#8220;La granja&#8221;:\u00a0<\/strong><span style=\"color: #5b065e;\"><br \/>\n<\/span><\/span><\/p>\n<div class=\"ast-oembed-container \" style=\"height: 100%;\"><iframe loading=\"lazy\" title=\"El conte de la granja\" width=\"500\" height=\"281\" src=\"https:\/\/www.youtube.com\/embed\/IOSK88NT8Ko?feature=oembed\" frameborder=\"0\" allow=\"accelerometer; autoplay; clipboard-write; encrypted-media; gyroscope; picture-in-picture; web-share\" referrerpolicy=\"strict-origin-when-cross-origin\" allowfullscreen><\/iframe><\/div>\n<p><strong>Qu\u00e8 mengen les estrelles de mar?\u00a0\u00a0<\/strong><\/p>\n<div class=\"ast-oembed-container \" style=\"height: 100%;\"><iframe loading=\"lazy\" title=\"Estrelles de mar\" width=\"500\" height=\"281\" src=\"https:\/\/www.youtube.com\/embed\/oPnOw62xXS0?feature=oembed\" frameborder=\"0\" allow=\"accelerometer; autoplay; clipboard-write; encrypted-media; gyroscope; picture-in-picture; web-share\" referrerpolicy=\"strict-origin-when-cross-origin\" allowfullscreen><\/iframe><\/div>\n<p><strong>Quin animal pon l\u2019ou m\u00e9s gran?<\/strong><\/p>\n<div class=\"ast-oembed-container \" style=\"height: 100%;\"><iframe loading=\"lazy\" title=\"Estru\u00e7\" width=\"500\" height=\"281\" src=\"https:\/\/www.youtube.com\/embed\/B34W1saiKZM?feature=oembed\" frameborder=\"0\" allow=\"accelerometer; autoplay; clipboard-write; encrypted-media; gyroscope; picture-in-picture; web-share\" referrerpolicy=\"strict-origin-when-cross-origin\" allowfullscreen><\/iframe><\/div>\n<p><strong>Com dormen els cavalls?<\/strong><b><br \/>\n<\/b><\/p>\n<div class=\"ast-oembed-container \" style=\"height: 100%;\"><iframe loading=\"lazy\" title=\"VID 20200521 114336\" width=\"500\" height=\"281\" src=\"https:\/\/www.youtube.com\/embed\/DgghEiQpRLM?feature=oembed\" frameborder=\"0\" allow=\"accelerometer; autoplay; clipboard-write; encrypted-media; gyroscope; picture-in-picture; web-share\" referrerpolicy=\"strict-origin-when-cross-origin\" allowfullscreen><\/iframe><\/div>\n","protected":false},"excerpt":{"rendered":"<p>En aquest apartat trobareu informaci\u00f3 i recursos per dur a terme amb tot l&#8217;alumnat de l&#8217;escola. Recursos comuns per a [&hellip;]<\/p>\n","protected":false},"author":1,"featured_media":0,"parent":0,"menu_order":0,"comment_status":"closed","ping_status":"closed","template":"","meta":{"_bbp_topic_count":0,"_bbp_reply_count":0,"_bbp_total_topic_count":0,"_bbp_total_reply_count":0,"_bbp_voice_count":0,"_bbp_anonymous_reply_count":0,"_bbp_topic_count_hidden":0,"_bbp_reply_count_hidden":0,"_bbp_forum_subforum_count":0,"site-sidebar-layout":"default","site-content-layout":"","ast-site-content-layout":"","site-content-style":"default","site-sidebar-style":"default","ast-global-header-display":"","ast-banner-title-visibility":"","ast-main-header-display":"","ast-hfb-above-header-display":"","ast-hfb-below-header-display":"","ast-hfb-mobile-header-display":"","site-post-title":"","ast-breadcrumbs-content":"","ast-featured-img":"","footer-sml-layout":"","theme-transparent-header-meta":"","adv-header-id-meta":"","stick-header-meta":"","header-above-stick-meta":"","header-main-stick-meta":"","header-below-stick-meta":"","astra-migrate-meta-layouts":"default","ast-page-background-enabled":"default","ast-page-background-meta":{"desktop":{"background-color":"var(--ast-global-color-4)","background-image":"","background-repeat":"repeat","background-position":"center center","background-size":"auto","background-attachment":"scroll","background-type":"","background-media":"","overlay-type":"","overlay-color":"","overlay-opacity":"","overlay-gradient":""},"tablet":{"background-color":"","background-image":"","background-repeat":"repeat","background-position":"center center","background-size":"auto","background-attachment":"scroll","background-type":"","background-media":"","overlay-type":"","overlay-color":"","overlay-opacity":"","overlay-gradient":""},"mobile":{"background-color":"","background-image":"","background-repeat":"repeat","background-position":"center center","background-size":"auto","background-attachment":"scroll","background-type":"","background-media":"","overlay-type":"","overlay-color":"","overlay-opacity":"","overlay-gradient":""}},"ast-content-background-meta":{"desktop":{"background-color":"var(--ast-global-color-5)","background-image":"","background-repeat":"repeat","background-position":"center center","background-size":"auto","background-attachment":"scroll","background-type":"","background-media":"","overlay-type":"","overlay-color":"","overlay-opacity":"","overlay-gradient":""},"tablet":{"background-color":"var(--ast-global-color-5)","background-image":"","background-repeat":"repeat","background-position":"center center","background-size":"auto","background-attachment":"scroll","background-type":"","background-media":"","overlay-type":"","overlay-color":"","overlay-opacity":"","overlay-gradient":""},"mobile":{"background-color":"var(--ast-global-color-5)","background-image":"","background-repeat":"repeat","background-position":"center center","background-size":"auto","background-attachment":"scroll","background-type":"","background-media":"","overlay-type":"","overlay-color":"","overlay-opacity":"","overlay-gradient":""}},"footnotes":""},"class_list":["post-1826","page","type-page","status-publish","hentry"],"post_mailing_queue_ids":[],"_links":{"self":[{"href":"https:\/\/agora.xtec.cat\/cee-elsangels\/wp-json\/wp\/v2\/pages\/1826","targetHints":{"allow":["GET"]}}],"collection":[{"href":"https:\/\/agora.xtec.cat\/cee-elsangels\/wp-json\/wp\/v2\/pages"}],"about":[{"href":"https:\/\/agora.xtec.cat\/cee-elsangels\/wp-json\/wp\/v2\/types\/page"}],"author":[{"embeddable":true,"href":"https:\/\/agora.xtec.cat\/cee-elsangels\/wp-json\/wp\/v2\/users\/1"}],"replies":[{"embeddable":true,"href":"https:\/\/agora.xtec.cat\/cee-elsangels\/wp-json\/wp\/v2\/comments?post=1826"}],"version-history":[{"count":4,"href":"https:\/\/agora.xtec.cat\/cee-elsangels\/wp-json\/wp\/v2\/pages\/1826\/revisions"}],"predecessor-version":[{"id":2013,"href":"https:\/\/agora.xtec.cat\/cee-elsangels\/wp-json\/wp\/v2\/pages\/1826\/revisions\/2013"}],"wp:attachment":[{"href":"https:\/\/agora.xtec.cat\/cee-elsangels\/wp-json\/wp\/v2\/media?parent=1826"}],"curies":[{"name":"wp","href":"https:\/\/api.w.org\/{rel}","templated":true}]}}