{"id":562,"date":"2025-01-29T21:23:27","date_gmt":"2025-01-29T20:23:27","guid":{"rendered":"https:\/\/agora.xtec.cat\/cee-crespinell\/?page_id=562"},"modified":"2025-12-03T15:24:06","modified_gmt":"2025-12-03T14:24:06","slug":"secundaria","status":"publish","type":"page","link":"https:\/\/agora.xtec.cat\/cee-crespinell\/etapes-educatives\/secundaria\/","title":{"rendered":"Secund\u00e0ria"},"content":{"rendered":"\n<p class=\"has-text-align-left\">Al grup de <strong>Secund\u00e0ria <\/strong>del CEE Crespinell acompanyem els nois i noies en una etapa de creixement personal i escolar molt important. A trav\u00e9s d\u2019experi\u00e8ncies reals, properes i significatives, l\u2019alumnat desenvolupa compet\u00e8ncies \u00fatils per a la vida quotidiana, potencia la seva autonomia i apr\u00e8n a treballar en equip.<\/p>\n\n\n\n<p class=\"has-text-align-left\">Participem en <strong>projectes de col\u00b7laboraci\u00f3 amb l\u2019INS Can Roca i l\u2019INS Montserrat Roig<\/strong>, que ens permeten compartir experi\u00e8ncies educatives, fomentar la inclusi\u00f3 i crear vincles amb altres joves de la comunitat. Tot aquest proc\u00e9s ajuda els alumnes a consolidar els aprenentatges adquirits i a preparar-se per als reptes del futur.<\/p>\n\n\n\n<p><\/p>\n","protected":false},"excerpt":{"rendered":"<p>Al grup de Secund\u00e0ria del CEE Crespinell acompanyem els nois i noies en una etapa de creixement personal i escolar [&hellip;]<\/p>\n","protected":false},"author":1,"featured_media":0,"parent":2168,"menu_order":2,"comment_status":"closed","ping_status":"close","template":"","meta":{"site-sidebar-layout":"default","site-content-layout":"","ast-site-content-layout":"default","site-content-style":"default","site-sidebar-style":"default","ast-global-header-display":"","ast-banner-title-visibility":"","ast-main-header-display":"","ast-hfb-above-header-display":"","ast-hfb-below-header-display":"","ast-hfb-mobile-header-display":"","site-post-title":"","ast-breadcrumbs-content":"","ast-featured-img":"","footer-sml-layout":"","theme-transparent-header-meta":"","adv-header-id-meta":"","stick-header-meta":"","header-above-stick-meta":"","header-main-stick-meta":"","header-below-stick-meta":"","astra-migrate-meta-layouts":"set","ast-page-background-enabled":"default","ast-page-background-meta":{"desktop":{"background-color":"var(--ast-global-color-4)","background-image":"","background-repeat":"repeat","background-position":"center center","background-size":"auto","background-attachment":"scroll","background-type":"","background-media":"","overlay-type":"","overlay-color":"","overlay-opacity":"","overlay-gradient":""},"tablet":{"background-color":"","background-image":"","background-repeat":"repeat","background-position":"center center","background-size":"auto","background-attachment":"scroll","background-type":"","background-media":"","overlay-type":"","overlay-color":"","overlay-opacity":"","overlay-gradient":""},"mobile":{"background-color":"","background-image":"","background-repeat":"repeat","background-position":"center center","background-size":"auto","background-attachment":"scroll","background-type":"","background-media":"","overlay-type":"","overlay-color":"","overlay-opacity":"","overlay-gradient":""}},"ast-content-background-meta":{"desktop":{"background-color":"var(--ast-global-color-5)","background-image":"","background-repeat":"repeat","background-position":"center center","background-size":"auto","background-attachment":"scroll","background-type":"","background-media":"","overlay-type":"","overlay-color":"","overlay-opacity":"","overlay-gradient":""},"tablet":{"background-color":"var(--ast-global-color-5)","background-image":"","background-repeat":"repeat","background-position":"center center","background-size":"auto","background-attachment":"scroll","background-type":"","background-media":"","overlay-type":"","overlay-color":"","overlay-opacity":"","overlay-gradient":""},"mobile":{"background-color":"var(--ast-global-color-5)","background-image":"","background-repeat":"repeat","background-position":"center center","background-size":"auto","background-attachment":"scroll","background-type":"","background-media":"","overlay-type":"","overlay-color":"","overlay-opacity":"","overlay-gradient":""}},"footnotes":""},"class_list":["post-562","page","type-page","status-publish","hentry"],"post_mailing_queue_ids":[],"_links":{"self":[{"href":"https:\/\/agora.xtec.cat\/cee-crespinell\/wp-json\/wp\/v2\/pages\/562","targetHints":{"allow":["GET"]}}],"collection":[{"href":"https:\/\/agora.xtec.cat\/cee-crespinell\/wp-json\/wp\/v2\/pages"}],"about":[{"href":"https:\/\/agora.xtec.cat\/cee-crespinell\/wp-json\/wp\/v2\/types\/page"}],"author":[{"embeddable":true,"href":"https:\/\/agora.xtec.cat\/cee-crespinell\/wp-json\/wp\/v2\/users\/1"}],"replies":[{"embeddable":true,"href":"https:\/\/agora.xtec.cat\/cee-crespinell\/wp-json\/wp\/v2\/comments?post=562"}],"version-history":[{"count":6,"href":"https:\/\/agora.xtec.cat\/cee-crespinell\/wp-json\/wp\/v2\/pages\/562\/revisions"}],"predecessor-version":[{"id":2225,"href":"https:\/\/agora.xtec.cat\/cee-crespinell\/wp-json\/wp\/v2\/pages\/562\/revisions\/2225"}],"up":[{"embeddable":true,"href":"https:\/\/agora.xtec.cat\/cee-crespinell\/wp-json\/wp\/v2\/pages\/2168"}],"wp:attachment":[{"href":"https:\/\/agora.xtec.cat\/cee-crespinell\/wp-json\/wp\/v2\/media?parent=562"}],"curies":[{"name":"wp","href":"https:\/\/api.w.org\/{rel}","templated":true}]}}