{"id":540,"date":"2025-01-23T20:14:18","date_gmt":"2025-01-23T19:14:18","guid":{"rendered":"https:\/\/agora.xtec.cat\/cee-crespinell\/?page_id=540"},"modified":"2025-03-05T16:24:15","modified_gmt":"2025-03-05T15:24:15","slug":"contacte","status":"publish","type":"page","link":"https:\/\/agora.xtec.cat\/cee-crespinell\/contacte\/","title":{"rendered":"Contacte"},"content":{"rendered":"\n<p><strong>Tel\u00e8fon<\/strong>:  600003574<\/p>\n\n\n\n<p><strong>Adre\u00e7a<\/strong> : C\/ Consell de Cent 146, 08226 TERRASSA<\/p>\n\n\n\n<p><strong>Adreces electr\u00f2niques<\/strong> :<\/p>\n\n\n\n<ul class=\"wp-block-list\">\n<li>Direcci\u00f3: direccio@escolacrepinell.cat<\/li>\n\n\n\n<li>Cap d&#8217;estudis: capdestudis@escolacrespinell.cat<\/li>\n\n\n\n<li>Secretaria: secretaria@escolacrespinell.cat<\/li>\n<\/ul>\n\n\n\n<p>Prim\u00e0ria:<\/p>\n\n\n\n<ul class=\"wp-block-list\">\n<li>segon@escolacrespinell.cat&nbsp;<\/li>\n\n\n\n<li>tercer@escolacrespinell.cat&nbsp;<\/li>\n\n\n\n<li>sise@escolacrespinell.cat&nbsp;<\/li>\n<\/ul>\n\n\n\n<p>Secund\u00e0ria:<\/p>\n\n\n\n<ul class=\"wp-block-list\">\n<li>secundaria1@escolacrespinell.cat<\/li>\n\n\n\n<li>secundaria3@escolacrespinell.cat<\/li>\n<\/ul>\n\n\n\n<p>Transici\u00f3 a la vida adulta:<\/p>\n\n\n\n<ul class=\"wp-block-list\">\n<li>tva1@escolacrespinell.cat<\/li>\n\n\n\n<li>tva2@escolacrespinell.cat<\/li>\n\n\n\n<li>tva3@escolacrespinell.cat<\/li>\n<\/ul>\n","protected":false},"excerpt":{"rendered":"<p>Tel\u00e8fon: 600003574 Adre\u00e7a : C\/ Consell de Cent 146, 08226 TERRASSA Adreces electr\u00f2niques : Prim\u00e0ria: Secund\u00e0ria: Transici\u00f3 a la vida [&hellip;]<\/p>\n","protected":false},"author":1,"featured_media":0,"parent":0,"menu_order":0,"comment_status":"closed","ping_status":"close","template":"","meta":{"site-sidebar-layout":"default","site-content-layout":"","ast-site-content-layout":"default","site-content-style":"default","site-sidebar-style":"default","ast-global-header-display":"","ast-banner-title-visibility":"","ast-main-header-display":"","ast-hfb-above-header-display":"","ast-hfb-below-header-display":"","ast-hfb-mobile-header-display":"","site-post-title":"","ast-breadcrumbs-content":"","ast-featured-img":"","footer-sml-layout":"","theme-transparent-header-meta":"","adv-header-id-meta":"","stick-header-meta":"","header-above-stick-meta":"","header-main-stick-meta":"","header-below-stick-meta":"","astra-migrate-meta-layouts":"set","ast-page-background-enabled":"default","ast-page-background-meta":{"desktop":{"background-color":"var(--ast-global-color-4)","background-image":"","background-repeat":"repeat","background-position":"center center","background-size":"auto","background-attachment":"scroll","background-type":"","background-media":"","overlay-type":"","overlay-color":"","overlay-opacity":"","overlay-gradient":""},"tablet":{"background-color":"","background-image":"","background-repeat":"repeat","background-position":"center center","background-size":"auto","background-attachment":"scroll","background-type":"","background-media":"","overlay-type":"","overlay-color":"","overlay-opacity":"","overlay-gradient":""},"mobile":{"background-color":"","background-image":"","background-repeat":"repeat","background-position":"center center","background-size":"auto","background-attachment":"scroll","background-type":"","background-media":"","overlay-type":"","overlay-color":"","overlay-opacity":"","overlay-gradient":""}},"ast-content-background-meta":{"desktop":{"background-color":"var(--ast-global-color-5)","background-image":"","background-repeat":"repeat","background-position":"center center","background-size":"auto","background-attachment":"scroll","background-type":"","background-media":"","overlay-type":"","overlay-color":"","overlay-opacity":"","overlay-gradient":""},"tablet":{"background-color":"var(--ast-global-color-5)","background-image":"","background-repeat":"repeat","background-position":"center center","background-size":"auto","background-attachment":"scroll","background-type":"","background-media":"","overlay-type":"","overlay-color":"","overlay-opacity":"","overlay-gradient":""},"mobile":{"background-color":"var(--ast-global-color-5)","background-image":"","background-repeat":"repeat","background-position":"center center","background-size":"auto","background-attachment":"scroll","background-type":"","background-media":"","overlay-type":"","overlay-color":"","overlay-opacity":"","overlay-gradient":""}},"footnotes":""},"class_list":["post-540","page","type-page","status-publish","hentry"],"post_mailing_queue_ids":[],"_links":{"self":[{"href":"https:\/\/agora.xtec.cat\/cee-crespinell\/wp-json\/wp\/v2\/pages\/540","targetHints":{"allow":["GET"]}}],"collection":[{"href":"https:\/\/agora.xtec.cat\/cee-crespinell\/wp-json\/wp\/v2\/pages"}],"about":[{"href":"https:\/\/agora.xtec.cat\/cee-crespinell\/wp-json\/wp\/v2\/types\/page"}],"author":[{"embeddable":true,"href":"https:\/\/agora.xtec.cat\/cee-crespinell\/wp-json\/wp\/v2\/users\/1"}],"replies":[{"embeddable":true,"href":"https:\/\/agora.xtec.cat\/cee-crespinell\/wp-json\/wp\/v2\/comments?post=540"}],"version-history":[{"count":6,"href":"https:\/\/agora.xtec.cat\/cee-crespinell\/wp-json\/wp\/v2\/pages\/540\/revisions"}],"predecessor-version":[{"id":886,"href":"https:\/\/agora.xtec.cat\/cee-crespinell\/wp-json\/wp\/v2\/pages\/540\/revisions\/886"}],"wp:attachment":[{"href":"https:\/\/agora.xtec.cat\/cee-crespinell\/wp-json\/wp\/v2\/media?parent=540"}],"curies":[{"name":"wp","href":"https:\/\/api.w.org\/{rel}","templated":true}]}}