{"id":2889,"date":"2026-04-21T15:23:23","date_gmt":"2026-04-21T13:23:23","guid":{"rendered":"https:\/\/agora.xtec.cat\/cee-crespinell\/?page_id=2889"},"modified":"2026-04-21T15:47:12","modified_gmt":"2026-04-21T13:47:12","slug":"matricules","status":"publish","type":"page","link":"https:\/\/agora.xtec.cat\/cee-crespinell\/matricules\/","title":{"rendered":"Matr\u00edcules escolars"},"content":{"rendered":"\n<figure class=\"wp-block-image aligncenter size-full\"><a href=\"https:\/\/tramits.gencat.cat\/ca\/tramits\/tramits-temes\/escolaritzacio-educacio-especial?moda=1\"><img loading=\"lazy\" decoding=\"async\" width=\"957\" height=\"192\" src=\"https:\/\/agora.xtec.cat\/cee-crespinell\/wp-content\/uploads\/usu3060\/2026\/02\/Sense-titol.png\" alt=\"\" class=\"wp-image-2741\" srcset=\"https:\/\/agora.xtec.cat\/cee-crespinell\/wp-content\/uploads\/usu3060\/2026\/02\/Sense-titol.png 957w, https:\/\/agora.xtec.cat\/cee-crespinell\/wp-content\/uploads\/usu3060\/2026\/02\/Sense-titol-300x60.png 300w, https:\/\/agora.xtec.cat\/cee-crespinell\/wp-content\/uploads\/usu3060\/2026\/02\/Sense-titol-768x154.png 768w\" sizes=\"auto, (max-width: 957px) 100vw, 957px\" \/><\/a><\/figure>\n\n\n\n<p><strong>Escolaritzaci\u00f3 en centres d&#8217;educaci\u00f3 especial: infantil 3-6, educaci\u00f3 prim\u00e0ria i ESO.<\/strong><\/p>\n\n\n\n<p>L&#8217;alumnat que no est\u00e0 escolaritzat a cap centre educatiu o que canvia d&#8217;etapa educativa i no pot continuar al centre educatiu actual, ha de fer la preinscripci\u00f3 ordin\u00e0ria.<\/p>\n\n\n\n<p>Els pares, mares o tutors\/es legals d&#8217;alumnes amb discapacitats o severes que necessitin una elevada intensitat de suport educatiu i mesures curriculars, metodol\u00f2giques, organitzatives o psicopedag\u00f2giques altament individualitzades, a m\u00e9s de participar en la preinscripci\u00f3 ordin\u00e0ria, poden sol\u00b7licitar l&#8217;escolaritzaci\u00f3 en un centre d&#8217;educaci\u00f3 especial per al seu fill o filla. Per sol\u00b7licitar-ho han de seguir un procediment espec\u00edfic d&#8217;escolaritzaci\u00f3.<\/p>\n","protected":false},"excerpt":{"rendered":"<p>Escolaritzaci\u00f3 en centres d&#8217;educaci\u00f3 especial: infantil 3-6, educaci\u00f3 prim\u00e0ria i ESO. L&#8217;alumnat que no est\u00e0 escolaritzat a cap centre educatiu [&hellip;]<\/p>\n","protected":false},"author":1,"featured_media":0,"parent":0,"menu_order":0,"comment_status":"closed","ping_status":"close","template":"","meta":{"site-sidebar-layout":"no-sidebar","site-content-layout":"","ast-site-content-layout":"default","site-content-style":"default","site-sidebar-style":"default","ast-global-header-display":"","ast-banner-title-visibility":"","ast-main-header-display":"","ast-hfb-above-header-display":"","ast-hfb-below-header-display":"","ast-hfb-mobile-header-display":"","site-post-title":"","ast-breadcrumbs-content":"","ast-featured-img":"","footer-sml-layout":"","theme-transparent-header-meta":"","adv-header-id-meta":"","stick-header-meta":"","header-above-stick-meta":"","header-main-stick-meta":"","header-below-stick-meta":"","astra-migrate-meta-layouts":"set","ast-page-background-enabled":"default","ast-page-background-meta":{"desktop":{"background-color":"var(--ast-global-color-4)","background-image":"","background-repeat":"repeat","background-position":"center center","background-size":"auto","background-attachment":"scroll","background-type":"","background-media":"","overlay-type":"","overlay-color":"","overlay-opacity":"","overlay-gradient":""},"tablet":{"background-color":"","background-image":"","background-repeat":"repeat","background-position":"center center","background-size":"auto","background-attachment":"scroll","background-type":"","background-media":"","overlay-type":"","overlay-color":"","overlay-opacity":"","overlay-gradient":""},"mobile":{"background-color":"","background-image":"","background-repeat":"repeat","background-position":"center center","background-size":"auto","background-attachment":"scroll","background-type":"","background-media":"","overlay-type":"","overlay-color":"","overlay-opacity":"","overlay-gradient":""}},"ast-content-background-meta":{"desktop":{"background-color":"var(--ast-global-color-5)","background-image":"","background-repeat":"repeat","background-position":"center center","background-size":"auto","background-attachment":"scroll","background-type":"","background-media":"","overlay-type":"","overlay-color":"","overlay-opacity":"","overlay-gradient":""},"tablet":{"background-color":"var(--ast-global-color-5)","background-image":"","background-repeat":"repeat","background-position":"center center","background-size":"auto","background-attachment":"scroll","background-type":"","background-media":"","overlay-type":"","overlay-color":"","overlay-opacity":"","overlay-gradient":""},"mobile":{"background-color":"var(--ast-global-color-5)","background-image":"","background-repeat":"repeat","background-position":"center center","background-size":"auto","background-attachment":"scroll","background-type":"","background-media":"","overlay-type":"","overlay-color":"","overlay-opacity":"","overlay-gradient":""}},"footnotes":""},"class_list":["post-2889","page","type-page","status-publish","hentry"],"post_mailing_queue_ids":[],"_links":{"self":[{"href":"https:\/\/agora.xtec.cat\/cee-crespinell\/wp-json\/wp\/v2\/pages\/2889","targetHints":{"allow":["GET"]}}],"collection":[{"href":"https:\/\/agora.xtec.cat\/cee-crespinell\/wp-json\/wp\/v2\/pages"}],"about":[{"href":"https:\/\/agora.xtec.cat\/cee-crespinell\/wp-json\/wp\/v2\/types\/page"}],"author":[{"embeddable":true,"href":"https:\/\/agora.xtec.cat\/cee-crespinell\/wp-json\/wp\/v2\/users\/1"}],"replies":[{"embeddable":true,"href":"https:\/\/agora.xtec.cat\/cee-crespinell\/wp-json\/wp\/v2\/comments?post=2889"}],"version-history":[{"count":6,"href":"https:\/\/agora.xtec.cat\/cee-crespinell\/wp-json\/wp\/v2\/pages\/2889\/revisions"}],"predecessor-version":[{"id":2901,"href":"https:\/\/agora.xtec.cat\/cee-crespinell\/wp-json\/wp\/v2\/pages\/2889\/revisions\/2901"}],"wp:attachment":[{"href":"https:\/\/agora.xtec.cat\/cee-crespinell\/wp-json\/wp\/v2\/media?parent=2889"}],"curies":[{"name":"wp","href":"https:\/\/api.w.org\/{rel}","templated":true}]}}