{"id":26,"date":"2014-09-18T12:24:32","date_gmt":"2014-09-18T11:24:32","guid":{"rendered":"http:\/\/agora.xtec.cat\/cee-crespinell\/?page_id=26"},"modified":"2025-12-02T18:39:54","modified_gmt":"2025-12-02T17:39:54","slug":"historia","status":"publish","type":"page","link":"https:\/\/agora.xtec.cat\/cee-crespinell\/lescola\/qui-som\/historia\/","title":{"rendered":"Hist\u00f2ria de l&#8217;escola"},"content":{"rendered":"\n<p>L&#8217;Escola Crespinell va n\u00e9ixer el 1979 com una cooperativa impulsada per quatre estudiants de pedagogia. L&#8217;objectiu principal era cobrir les necessitats educatives especials d&#8217;infants que quedaven fora de l&#8217;oferta existent. Des del seu inici, es va concebre com una entitat sense \u00e0nim de lucre, amb una forta vocaci\u00f3 social i comunit\u00e0ria. Els i les docents s&#8217;incorporaven com a socies de la cooperativa, tenint veu i vot en el projecte.<\/p>\n\n\n\n<p>Des de la seva etapa concertada l\u2019escola ha mantingut un fort comprom\u00eds amb la inclusi\u00f3 i la innovaci\u00f3 educativa. Des dels anys 80, va iniciar col\u00b7laboracions amb escoles ordin\u00e0ries, especialment amb l&#8217;Escola Lanaspa, per promoure activitats conjuntes i avan\u00e7ar en un model d\u2019integraci\u00f3 i inclusi\u00f3 escolar. Aquest treball compartit es va ampliar el 2002 amb l\u2019Institut Montserrat Roig, refor\u00e7ant la transici\u00f3 a l\u2019educaci\u00f3 secund\u00e0ria per a l\u2019alumnat amb necessitats educatives especials.<\/p>\n\n\n\n<p>L&#8217;experi\u00e8ncia de Crespinell en l\u2019agrupament per edats i la proximitat amb altres centres van facilitar aquesta inclusi\u00f3 progressiva, anticipant-se a la normativa vigent. El model de treball cooperatiu, la participaci\u00f3 en xarxes educatives i la formaci\u00f3 cont\u00ednua del seu equip docent van ser pilars fonamentals del seu \u00e8xit i reconeixement, tant a nivell local com nacional.<\/p>\n\n\n\n<p>Aquest enfocament ha contribu\u00eft a la consolidaci\u00f3 del projecte fins a la seva conversi\u00f3 en un centre de titularitat p\u00fablica, mantenint els seus valors fundacionals de comprom\u00eds amb la inclusi\u00f3 i l\u2019equitat educativa.<\/p>\n","protected":false},"excerpt":{"rendered":"<p>L&#8217;Escola Crespinell va n\u00e9ixer el 1979 com una cooperativa impulsada per quatre estudiants de pedagogia. L&#8217;objectiu principal era cobrir les [&hellip;]<\/p>\n","protected":false},"author":1,"featured_media":0,"parent":2143,"menu_order":1,"comment_status":"closed","ping_status":"closed","template":"","meta":{"site-sidebar-layout":"default","site-content-layout":"","ast-site-content-layout":"default","site-content-style":"default","site-sidebar-style":"default","ast-global-header-display":"","ast-banner-title-visibility":"","ast-main-header-display":"","ast-hfb-above-header-display":"","ast-hfb-below-header-display":"","ast-hfb-mobile-header-display":"","site-post-title":"","ast-breadcrumbs-content":"","ast-featured-img":"","footer-sml-layout":"","theme-transparent-header-meta":"","adv-header-id-meta":"","stick-header-meta":"","header-above-stick-meta":"","header-main-stick-meta":"","header-below-stick-meta":"","astra-migrate-meta-layouts":"set","ast-page-background-enabled":"default","ast-page-background-meta":{"desktop":{"background-color":"var(--ast-global-color-4)","background-image":"","background-repeat":"repeat","background-position":"center center","background-size":"auto","background-attachment":"scroll","background-type":"","background-media":"","overlay-type":"","overlay-color":"","overlay-opacity":"","overlay-gradient":""},"tablet":{"background-color":"","background-image":"","background-repeat":"repeat","background-position":"center center","background-size":"auto","background-attachment":"scroll","background-type":"","background-media":"","overlay-type":"","overlay-color":"","overlay-opacity":"","overlay-gradient":""},"mobile":{"background-color":"","background-image":"","background-repeat":"repeat","background-position":"center center","background-size":"auto","background-attachment":"scroll","background-type":"","background-media":"","overlay-type":"","overlay-color":"","overlay-opacity":"","overlay-gradient":""}},"ast-content-background-meta":{"desktop":{"background-color":"var(--ast-global-color-5)","background-image":"","background-repeat":"repeat","background-position":"center center","background-size":"auto","background-attachment":"scroll","background-type":"","background-media":"","overlay-type":"","overlay-color":"","overlay-opacity":"","overlay-gradient":""},"tablet":{"background-color":"var(--ast-global-color-5)","background-image":"","background-repeat":"repeat","background-position":"center center","background-size":"auto","background-attachment":"scroll","background-type":"","background-media":"","overlay-type":"","overlay-color":"","overlay-opacity":"","overlay-gradient":""},"mobile":{"background-color":"var(--ast-global-color-5)","background-image":"","background-repeat":"repeat","background-position":"center center","background-size":"auto","background-attachment":"scroll","background-type":"","background-media":"","overlay-type":"","overlay-color":"","overlay-opacity":"","overlay-gradient":""}},"footnotes":""},"class_list":["post-26","page","type-page","status-publish","hentry"],"post_mailing_queue_ids":[],"_links":{"self":[{"href":"https:\/\/agora.xtec.cat\/cee-crespinell\/wp-json\/wp\/v2\/pages\/26","targetHints":{"allow":["GET"]}}],"collection":[{"href":"https:\/\/agora.xtec.cat\/cee-crespinell\/wp-json\/wp\/v2\/pages"}],"about":[{"href":"https:\/\/agora.xtec.cat\/cee-crespinell\/wp-json\/wp\/v2\/types\/page"}],"author":[{"embeddable":true,"href":"https:\/\/agora.xtec.cat\/cee-crespinell\/wp-json\/wp\/v2\/users\/1"}],"replies":[{"embeddable":true,"href":"https:\/\/agora.xtec.cat\/cee-crespinell\/wp-json\/wp\/v2\/comments?post=26"}],"version-history":[{"count":2,"href":"https:\/\/agora.xtec.cat\/cee-crespinell\/wp-json\/wp\/v2\/pages\/26\/revisions"}],"predecessor-version":[{"id":822,"href":"https:\/\/agora.xtec.cat\/cee-crespinell\/wp-json\/wp\/v2\/pages\/26\/revisions\/822"}],"up":[{"embeddable":true,"href":"https:\/\/agora.xtec.cat\/cee-crespinell\/wp-json\/wp\/v2\/pages\/2143"}],"wp:attachment":[{"href":"https:\/\/agora.xtec.cat\/cee-crespinell\/wp-json\/wp\/v2\/media?parent=26"}],"curies":[{"name":"wp","href":"https:\/\/api.w.org\/{rel}","templated":true}]}}