{"id":2029,"date":"2025-11-11T16:12:21","date_gmt":"2025-11-11T15:12:21","guid":{"rendered":"https:\/\/agora.xtec.cat\/cee-crespinell\/?page_id=2029"},"modified":"2025-11-11T19:00:23","modified_gmt":"2025-11-11T18:00:23","slug":"programa-dinnovacio-ceepsir","status":"publish","type":"page","link":"https:\/\/agora.xtec.cat\/cee-crespinell\/programa-dinnovacio-ceepsir\/","title":{"rendered":"PROGRAMA D&#8217;INNOVACI\u00d3 CEEPSIR"},"content":{"rendered":"\n<p>El Programa d\u2019innovaci\u00f3 educativa&nbsp;<strong>\u201cDe centre d\u2019educaci\u00f3 especial (CEE) a centre prove\u00efdor de serveis i recursos (CEEPSIR)\u201d<\/strong>&nbsp;impulsa un model de&nbsp;<strong>millora educativa centrat en l\u2019acompanyament<\/strong>&nbsp;dels centres d\u2019educaci\u00f3 especial en el seu proc\u00e9s d\u2019evoluci\u00f3 cap a un rol m\u00e9s inclusiu, de col\u00b7laboraci\u00f3 activa amb centres ordinaris i de refer\u00e8ncia en la comunitat educativa.&nbsp;&nbsp;<\/p>\n\n\n\n<p>El programa s\u2019emmarca en el prop\u00f2sit transformador global que impulsa el Departament d\u2019Educaci\u00f3 i Formaci\u00f3 Professional per fer avan\u00e7ar el conjunt del sistema en termes d\u2019inclusi\u00f3 i equitat. Els centres participants en el programa implementaran processos de millora que inclouen la&nbsp;<strong>revisi\u00f3 dels \u00e0mbits d\u2019organitzaci\u00f3, gesti\u00f3 i funcionament, basant-se en una diagnosi acurada que tingui en compte la seva realitat i context<\/strong>. A m\u00e9s, se\u2019ls proporcionar\u00e0 acc\u00e9s a recursos i eines espec\u00edfiques per facilitar el proc\u00e9s de canvi i a una xarxa col\u00b7laborativa per intercanviar experi\u00e8ncies, bones pr\u00e0ctiques i generar coneixement entre iguals.&nbsp;<\/p>\n\n\n\n<p><a href=\"https:\/\/agora.xtec.cat\/cee-crespinell\/wp-content\/uploads\/usu3060\/2025\/11\/transformacio-cee-ceepsir-1.pdf\">Document per a la transformaci\u00f3 dels CEE en CEEPSIR a Catalunya<\/a><\/p>\n\n\n\n<p><\/p>\n","protected":false},"excerpt":{"rendered":"<p>El Programa d\u2019innovaci\u00f3 educativa&nbsp;\u201cDe centre d\u2019educaci\u00f3 especial (CEE) a centre prove\u00efdor de serveis i recursos (CEEPSIR)\u201d&nbsp;impulsa un model de&nbsp;millora educativa [&hellip;]<\/p>\n","protected":false},"author":1,"featured_media":0,"parent":0,"menu_order":0,"comment_status":"closed","ping_status":"close","template":"","meta":{"site-sidebar-layout":"no-sidebar","site-content-layout":"","ast-site-content-layout":"default","site-content-style":"default","site-sidebar-style":"default","ast-global-header-display":"","ast-banner-title-visibility":"","ast-main-header-display":"","ast-hfb-above-header-display":"","ast-hfb-below-header-display":"","ast-hfb-mobile-header-display":"","site-post-title":"","ast-breadcrumbs-content":"","ast-featured-img":"","footer-sml-layout":"","theme-transparent-header-meta":"","adv-header-id-meta":"","stick-header-meta":"","header-above-stick-meta":"","header-main-stick-meta":"","header-below-stick-meta":"","astra-migrate-meta-layouts":"set","ast-page-background-enabled":"default","ast-page-background-meta":{"desktop":{"background-color":"var(--ast-global-color-4)","background-image":"","background-repeat":"repeat","background-position":"center center","background-size":"auto","background-attachment":"scroll","background-type":"","background-media":"","overlay-type":"","overlay-color":"","overlay-opacity":"","overlay-gradient":""},"tablet":{"background-color":"","background-image":"","background-repeat":"repeat","background-position":"center center","background-size":"auto","background-attachment":"scroll","background-type":"","background-media":"","overlay-type":"","overlay-color":"","overlay-opacity":"","overlay-gradient":""},"mobile":{"background-color":"","background-image":"","background-repeat":"repeat","background-position":"center center","background-size":"auto","background-attachment":"scroll","background-type":"","background-media":"","overlay-type":"","overlay-color":"","overlay-opacity":"","overlay-gradient":""}},"ast-content-background-meta":{"desktop":{"background-color":"var(--ast-global-color-5)","background-image":"","background-repeat":"repeat","background-position":"center center","background-size":"auto","background-attachment":"scroll","background-type":"","background-media":"","overlay-type":"","overlay-color":"","overlay-opacity":"","overlay-gradient":""},"tablet":{"background-color":"var(--ast-global-color-5)","background-image":"","background-repeat":"repeat","background-position":"center center","background-size":"auto","background-attachment":"scroll","background-type":"","background-media":"","overlay-type":"","overlay-color":"","overlay-opacity":"","overlay-gradient":""},"mobile":{"background-color":"var(--ast-global-color-5)","background-image":"","background-repeat":"repeat","background-position":"center center","background-size":"auto","background-attachment":"scroll","background-type":"","background-media":"","overlay-type":"","overlay-color":"","overlay-opacity":"","overlay-gradient":""}},"footnotes":""},"class_list":["post-2029","page","type-page","status-publish","hentry"],"post_mailing_queue_ids":[],"_links":{"self":[{"href":"https:\/\/agora.xtec.cat\/cee-crespinell\/wp-json\/wp\/v2\/pages\/2029","targetHints":{"allow":["GET"]}}],"collection":[{"href":"https:\/\/agora.xtec.cat\/cee-crespinell\/wp-json\/wp\/v2\/pages"}],"about":[{"href":"https:\/\/agora.xtec.cat\/cee-crespinell\/wp-json\/wp\/v2\/types\/page"}],"author":[{"embeddable":true,"href":"https:\/\/agora.xtec.cat\/cee-crespinell\/wp-json\/wp\/v2\/users\/1"}],"replies":[{"embeddable":true,"href":"https:\/\/agora.xtec.cat\/cee-crespinell\/wp-json\/wp\/v2\/comments?post=2029"}],"version-history":[{"count":3,"href":"https:\/\/agora.xtec.cat\/cee-crespinell\/wp-json\/wp\/v2\/pages\/2029\/revisions"}],"predecessor-version":[{"id":2040,"href":"https:\/\/agora.xtec.cat\/cee-crespinell\/wp-json\/wp\/v2\/pages\/2029\/revisions\/2040"}],"wp:attachment":[{"href":"https:\/\/agora.xtec.cat\/cee-crespinell\/wp-json\/wp\/v2\/media?parent=2029"}],"curies":[{"name":"wp","href":"https:\/\/api.w.org\/{rel}","templated":true}]}}