{"id":1781,"date":"2025-10-14T19:50:04","date_gmt":"2025-10-14T17:50:04","guid":{"rendered":"https:\/\/agora.xtec.cat\/cee-crespinell\/?page_id=1781"},"modified":"2026-01-20T15:45:55","modified_gmt":"2026-01-20T14:45:55","slug":"g3","status":"publish","type":"page","link":"https:\/\/agora.xtec.cat\/cee-crespinell\/etapes-educatives\/nivells\/g3\/","title":{"rendered":"G3"},"content":{"rendered":"\n<p>Hola! Som la classe de G3<strong> \ud83c\udf1f<\/strong><\/p>\n\n\n\n<p>Som els grans de l\u2019etapa de prim\u00e0ria i encara no ens hem cansat d\u2019aprendre. Ens agrada ajudar als m\u00e9s petits, per\u00f2 tamb\u00e9 estem atents a qu\u00e8 fan els grans.<\/p>\n\n\n\n<p>Anem observant com creixem, nosaltres, per\u00f2 tamb\u00e9 ens fixem, ja, amb els altres.<\/p>\n\n\n\n<p>Som un equip fort i hem decidit dir-nos la classe dels mags.<\/p>\n\n\n\n<figure class=\"wp-block-image aligncenter size-large is-resized\"><a href=\"https:\/\/agora.xtec.cat\/cee-crespinell\/wp-content\/uploads\/usu3060\/2026\/01\/G3-REUNIO-FAMILIES.pdf\"><img loading=\"lazy\" decoding=\"async\" width=\"1024\" height=\"574\" src=\"https:\/\/agora.xtec.cat\/cee-crespinell\/wp-content\/uploads\/usu3060\/2026\/01\/g3-1024x574.png\" alt=\"\" class=\"wp-image-2539\" style=\"width:592px;height:auto\" srcset=\"https:\/\/agora.xtec.cat\/cee-crespinell\/wp-content\/uploads\/usu3060\/2026\/01\/g3-1024x574.png 1024w, https:\/\/agora.xtec.cat\/cee-crespinell\/wp-content\/uploads\/usu3060\/2026\/01\/g3-300x168.png 300w, https:\/\/agora.xtec.cat\/cee-crespinell\/wp-content\/uploads\/usu3060\/2026\/01\/g3-768x431.png 768w, https:\/\/agora.xtec.cat\/cee-crespinell\/wp-content\/uploads\/usu3060\/2026\/01\/g3-1536x861.png 1536w, https:\/\/agora.xtec.cat\/cee-crespinell\/wp-content\/uploads\/usu3060\/2026\/01\/g3.png 1707w\" sizes=\"auto, (max-width: 1024px) 100vw, 1024px\" \/><\/a><\/figure>\n","protected":false},"excerpt":{"rendered":"<p>Hola! Som la classe de G3 \ud83c\udf1f Som els grans de l\u2019etapa de prim\u00e0ria i encara no ens hem cansat [&hellip;]<\/p>\n","protected":false},"author":1,"featured_media":0,"parent":87,"menu_order":3,"comment_status":"closed","ping_status":"close","template":"","meta":{"site-sidebar-layout":"default","site-content-layout":"","ast-site-content-layout":"default","site-content-style":"default","site-sidebar-style":"default","ast-global-header-display":"","ast-banner-title-visibility":"","ast-main-header-display":"","ast-hfb-above-header-display":"","ast-hfb-below-header-display":"","ast-hfb-mobile-header-display":"","site-post-title":"","ast-breadcrumbs-content":"","ast-featured-img":"","footer-sml-layout":"","theme-transparent-header-meta":"","adv-header-id-meta":"","stick-header-meta":"","header-above-stick-meta":"","header-main-stick-meta":"","header-below-stick-meta":"","astra-migrate-meta-layouts":"set","ast-page-background-enabled":"default","ast-page-background-meta":{"desktop":{"background-color":"var(--ast-global-color-4)","background-image":"","background-repeat":"repeat","background-position":"center center","background-size":"auto","background-attachment":"scroll","background-type":"","background-media":"","overlay-type":"","overlay-color":"","overlay-opacity":"","overlay-gradient":""},"tablet":{"background-color":"","background-image":"","background-repeat":"repeat","background-position":"center center","background-size":"auto","background-attachment":"scroll","background-type":"","background-media":"","overlay-type":"","overlay-color":"","overlay-opacity":"","overlay-gradient":""},"mobile":{"background-color":"","background-image":"","background-repeat":"repeat","background-position":"center center","background-size":"auto","background-attachment":"scroll","background-type":"","background-media":"","overlay-type":"","overlay-color":"","overlay-opacity":"","overlay-gradient":""}},"ast-content-background-meta":{"desktop":{"background-color":"var(--ast-global-color-5)","background-image":"","background-repeat":"repeat","background-position":"center center","background-size":"auto","background-attachment":"scroll","background-type":"","background-media":"","overlay-type":"","overlay-color":"","overlay-opacity":"","overlay-gradient":""},"tablet":{"background-color":"var(--ast-global-color-5)","background-image":"","background-repeat":"repeat","background-position":"center center","background-size":"auto","background-attachment":"scroll","background-type":"","background-media":"","overlay-type":"","overlay-color":"","overlay-opacity":"","overlay-gradient":""},"mobile":{"background-color":"var(--ast-global-color-5)","background-image":"","background-repeat":"repeat","background-position":"center center","background-size":"auto","background-attachment":"scroll","background-type":"","background-media":"","overlay-type":"","overlay-color":"","overlay-opacity":"","overlay-gradient":""}},"footnotes":""},"class_list":["post-1781","page","type-page","status-publish","hentry"],"post_mailing_queue_ids":[],"_links":{"self":[{"href":"https:\/\/agora.xtec.cat\/cee-crespinell\/wp-json\/wp\/v2\/pages\/1781","targetHints":{"allow":["GET"]}}],"collection":[{"href":"https:\/\/agora.xtec.cat\/cee-crespinell\/wp-json\/wp\/v2\/pages"}],"about":[{"href":"https:\/\/agora.xtec.cat\/cee-crespinell\/wp-json\/wp\/v2\/types\/page"}],"author":[{"embeddable":true,"href":"https:\/\/agora.xtec.cat\/cee-crespinell\/wp-json\/wp\/v2\/users\/1"}],"replies":[{"embeddable":true,"href":"https:\/\/agora.xtec.cat\/cee-crespinell\/wp-json\/wp\/v2\/comments?post=1781"}],"version-history":[{"count":6,"href":"https:\/\/agora.xtec.cat\/cee-crespinell\/wp-json\/wp\/v2\/pages\/1781\/revisions"}],"predecessor-version":[{"id":2548,"href":"https:\/\/agora.xtec.cat\/cee-crespinell\/wp-json\/wp\/v2\/pages\/1781\/revisions\/2548"}],"up":[{"embeddable":true,"href":"https:\/\/agora.xtec.cat\/cee-crespinell\/wp-json\/wp\/v2\/pages\/87"}],"wp:attachment":[{"href":"https:\/\/agora.xtec.cat\/cee-crespinell\/wp-json\/wp\/v2\/media?parent=1781"}],"curies":[{"name":"wp","href":"https:\/\/api.w.org\/{rel}","templated":true}]}}