{"id":1753,"date":"2025-10-07T13:48:43","date_gmt":"2025-10-07T11:48:43","guid":{"rendered":"https:\/\/agora.xtec.cat\/cee-crespinell\/?page_id=1753"},"modified":"2026-01-31T21:03:37","modified_gmt":"2026-01-31T20:03:37","slug":"g10","status":"publish","type":"page","link":"https:\/\/agora.xtec.cat\/cee-crespinell\/etapes-educatives\/tva-3\/g10\/","title":{"rendered":"G10"},"content":{"rendered":"\n<p>\u00a0El nostre grup est\u00e0 format per alumnes que treballen el desenvolupament d\u2019habilitats personals, socials i laborals. <\/p>\n\n\n\n<p>A trav\u00e9s d\u2019experi\u00e8ncies pr\u00e0ctiques fomentem l\u2019autonomia, la responsabilitat i el coneixement de les pr\u00f2pies capacitats. <\/p>\n\n\n\n<p>Realitzem diverses activitats com viv\u00e8ncies en entorns de treball a Decathlon, Fupar i Els Telers. Tamb\u00e9 promovem l\u2019autonomia personal mitjan\u00e7ant el reciclatge, el treball a l\u2019hort de l\u2019escola i el servei de bugaderia. <\/p>\n\n\n\n<p>A partir de situacions d\u2019aprenentatge quotidianes, treballem \u00e0rees curriculars com matem\u00e0tiques i llenguatge. Aix\u00f2 afavoreix un aprenentatge significatiu vinculat a la vida di\u00e0ria.<\/p>\n\n\n\n<figure class=\"wp-block-image aligncenter size-large is-resized\"><a href=\"https:\/\/agora.xtec.cat\/cee-crespinell\/wp-content\/uploads\/usu3060\/2026\/01\/g10_compressed.pdf\"><img loading=\"lazy\" decoding=\"async\" width=\"1024\" height=\"571\" src=\"https:\/\/agora.xtec.cat\/cee-crespinell\/wp-content\/uploads\/usu3060\/2026\/01\/G10-1024x571.png\" alt=\"\" class=\"wp-image-2555\" style=\"width:599px;height:auto\" srcset=\"https:\/\/agora.xtec.cat\/cee-crespinell\/wp-content\/uploads\/usu3060\/2026\/01\/G10-1024x571.png 1024w, https:\/\/agora.xtec.cat\/cee-crespinell\/wp-content\/uploads\/usu3060\/2026\/01\/G10-300x167.png 300w, https:\/\/agora.xtec.cat\/cee-crespinell\/wp-content\/uploads\/usu3060\/2026\/01\/G10-768x428.png 768w, https:\/\/agora.xtec.cat\/cee-crespinell\/wp-content\/uploads\/usu3060\/2026\/01\/G10-1536x857.png 1536w, https:\/\/agora.xtec.cat\/cee-crespinell\/wp-content\/uploads\/usu3060\/2026\/01\/G10.png 1719w\" sizes=\"auto, (max-width: 1024px) 100vw, 1024px\" \/><\/a><\/figure>\n","protected":false},"excerpt":{"rendered":"<p>\u00a0El nostre grup est\u00e0 format per alumnes que treballen el desenvolupament d\u2019habilitats personals, socials i laborals. A trav\u00e9s d\u2019experi\u00e8ncies pr\u00e0ctiques [&hellip;]<\/p>\n","protected":false},"author":1,"featured_media":0,"parent":1738,"menu_order":3,"comment_status":"closed","ping_status":"close","template":"","meta":{"site-sidebar-layout":"default","site-content-layout":"","ast-site-content-layout":"default","site-content-style":"default","site-sidebar-style":"default","ast-global-header-display":"","ast-banner-title-visibility":"","ast-main-header-display":"","ast-hfb-above-header-display":"","ast-hfb-below-header-display":"","ast-hfb-mobile-header-display":"","site-post-title":"","ast-breadcrumbs-content":"","ast-featured-img":"","footer-sml-layout":"","theme-transparent-header-meta":"","adv-header-id-meta":"","stick-header-meta":"","header-above-stick-meta":"","header-main-stick-meta":"","header-below-stick-meta":"","astra-migrate-meta-layouts":"set","ast-page-background-enabled":"default","ast-page-background-meta":{"desktop":{"background-color":"var(--ast-global-color-4)","background-image":"","background-repeat":"repeat","background-position":"center center","background-size":"auto","background-attachment":"scroll","background-type":"","background-media":"","overlay-type":"","overlay-color":"","overlay-opacity":"","overlay-gradient":""},"tablet":{"background-color":"","background-image":"","background-repeat":"repeat","background-position":"center center","background-size":"auto","background-attachment":"scroll","background-type":"","background-media":"","overlay-type":"","overlay-color":"","overlay-opacity":"","overlay-gradient":""},"mobile":{"background-color":"","background-image":"","background-repeat":"repeat","background-position":"center center","background-size":"auto","background-attachment":"scroll","background-type":"","background-media":"","overlay-type":"","overlay-color":"","overlay-opacity":"","overlay-gradient":""}},"ast-content-background-meta":{"desktop":{"background-color":"var(--ast-global-color-5)","background-image":"","background-repeat":"repeat","background-position":"center center","background-size":"auto","background-attachment":"scroll","background-type":"","background-media":"","overlay-type":"","overlay-color":"","overlay-opacity":"","overlay-gradient":""},"tablet":{"background-color":"var(--ast-global-color-5)","background-image":"","background-repeat":"repeat","background-position":"center center","background-size":"auto","background-attachment":"scroll","background-type":"","background-media":"","overlay-type":"","overlay-color":"","overlay-opacity":"","overlay-gradient":""},"mobile":{"background-color":"var(--ast-global-color-5)","background-image":"","background-repeat":"repeat","background-position":"center center","background-size":"auto","background-attachment":"scroll","background-type":"","background-media":"","overlay-type":"","overlay-color":"","overlay-opacity":"","overlay-gradient":""}},"footnotes":""},"class_list":["post-1753","page","type-page","status-publish","hentry"],"post_mailing_queue_ids":[],"_links":{"self":[{"href":"https:\/\/agora.xtec.cat\/cee-crespinell\/wp-json\/wp\/v2\/pages\/1753","targetHints":{"allow":["GET"]}}],"collection":[{"href":"https:\/\/agora.xtec.cat\/cee-crespinell\/wp-json\/wp\/v2\/pages"}],"about":[{"href":"https:\/\/agora.xtec.cat\/cee-crespinell\/wp-json\/wp\/v2\/types\/page"}],"author":[{"embeddable":true,"href":"https:\/\/agora.xtec.cat\/cee-crespinell\/wp-json\/wp\/v2\/users\/1"}],"replies":[{"embeddable":true,"href":"https:\/\/agora.xtec.cat\/cee-crespinell\/wp-json\/wp\/v2\/comments?post=1753"}],"version-history":[{"count":5,"href":"https:\/\/agora.xtec.cat\/cee-crespinell\/wp-json\/wp\/v2\/pages\/1753\/revisions"}],"predecessor-version":[{"id":2597,"href":"https:\/\/agora.xtec.cat\/cee-crespinell\/wp-json\/wp\/v2\/pages\/1753\/revisions\/2597"}],"up":[{"embeddable":true,"href":"https:\/\/agora.xtec.cat\/cee-crespinell\/wp-json\/wp\/v2\/pages\/1738"}],"wp:attachment":[{"href":"https:\/\/agora.xtec.cat\/cee-crespinell\/wp-json\/wp\/v2\/media?parent=1753"}],"curies":[{"name":"wp","href":"https:\/\/api.w.org\/{rel}","templated":true}]}}