{"id":1746,"date":"2025-10-07T13:45:32","date_gmt":"2025-10-07T11:45:32","guid":{"rendered":"https:\/\/agora.xtec.cat\/cee-crespinell\/?page_id=1746"},"modified":"2026-01-19T15:41:09","modified_gmt":"2026-01-19T14:41:09","slug":"g7","status":"publish","type":"page","link":"https:\/\/agora.xtec.cat\/cee-crespinell\/etapes-educatives\/pre-tva\/g7\/","title":{"rendered":"G7"},"content":{"rendered":"\n<p>Nosaltres som el grup 7 de l&#8217;escola i aquest curs estem en una etapa molt important del nostre aprenentatge: ens preparem per avan\u00e7ar cap a la Transici\u00f3 a la Vida Adulta (TVA). Ara estem aprenent qu\u00e8 vol dir ser de Pre-TVA&nbsp;i estem desenvolupant reptes molt divertits enfocats en l&#8217;autoconeixement i en l&#8217;aprenentatge d&#8217;entorns laborals.<\/p>\n\n\n\n<p>En el nostre dia a dia aprenem habilitats \u00fatils per a la vida quotidiana, millorem la comunicaci\u00f3, les relacions i participem en activitats que ens ajuden a con\u00e8ixer millor els nostres interessos. El repte que m\u00e9s ens agrada es&nbsp;diu &#8220;Obrim la cantina&#8221;; es centra en el disseny i creaci\u00f3 d&#8217;una cantina per la nostra escola.&nbsp;<\/p>\n\n\n\n<figure class=\"wp-block-image aligncenter size-large is-resized\"><a href=\"https:\/\/agora.xtec.cat\/cee-crespinell\/wp-content\/uploads\/usu3060\/2026\/01\/Reunio-de-families-Pre-TVA_compressed.pdf\"><img loading=\"lazy\" decoding=\"async\" width=\"1024\" height=\"551\" src=\"https:\/\/agora.xtec.cat\/cee-crespinell\/wp-content\/uploads\/usu3060\/2026\/01\/g7-1024x551.png\" alt=\"\" class=\"wp-image-2500\" style=\"width:567px;height:auto\" srcset=\"https:\/\/agora.xtec.cat\/cee-crespinell\/wp-content\/uploads\/usu3060\/2026\/01\/g7-1024x551.png 1024w, https:\/\/agora.xtec.cat\/cee-crespinell\/wp-content\/uploads\/usu3060\/2026\/01\/g7-300x161.png 300w, https:\/\/agora.xtec.cat\/cee-crespinell\/wp-content\/uploads\/usu3060\/2026\/01\/g7-768x413.png 768w, https:\/\/agora.xtec.cat\/cee-crespinell\/wp-content\/uploads\/usu3060\/2026\/01\/g7-1536x827.png 1536w, https:\/\/agora.xtec.cat\/cee-crespinell\/wp-content\/uploads\/usu3060\/2026\/01\/g7.png 1715w\" sizes=\"auto, (max-width: 1024px) 100vw, 1024px\" \/><\/a><\/figure>\n\n\n\n<p><\/p>\n","protected":false},"excerpt":{"rendered":"<p>Nosaltres som el grup 7 de l&#8217;escola i aquest curs estem en una etapa molt important del nostre aprenentatge: ens [&hellip;]<\/p>\n","protected":false},"author":1,"featured_media":0,"parent":1742,"menu_order":0,"comment_status":"closed","ping_status":"close","template":"","meta":{"site-sidebar-layout":"left-sidebar","site-content-layout":"","ast-site-content-layout":"default","site-content-style":"default","site-sidebar-style":"default","ast-global-header-display":"","ast-banner-title-visibility":"","ast-main-header-display":"","ast-hfb-above-header-display":"","ast-hfb-below-header-display":"","ast-hfb-mobile-header-display":"","site-post-title":"","ast-breadcrumbs-content":"","ast-featured-img":"","footer-sml-layout":"","theme-transparent-header-meta":"","adv-header-id-meta":"","stick-header-meta":"","header-above-stick-meta":"","header-main-stick-meta":"","header-below-stick-meta":"","astra-migrate-meta-layouts":"set","ast-page-background-enabled":"default","ast-page-background-meta":{"desktop":{"background-color":"var(--ast-global-color-4)","background-image":"","background-repeat":"repeat","background-position":"center center","background-size":"auto","background-attachment":"scroll","background-type":"","background-media":"","overlay-type":"","overlay-color":"","overlay-opacity":"","overlay-gradient":""},"tablet":{"background-color":"","background-image":"","background-repeat":"repeat","background-position":"center center","background-size":"auto","background-attachment":"scroll","background-type":"","background-media":"","overlay-type":"","overlay-color":"","overlay-opacity":"","overlay-gradient":""},"mobile":{"background-color":"","background-image":"","background-repeat":"repeat","background-position":"center center","background-size":"auto","background-attachment":"scroll","background-type":"","background-media":"","overlay-type":"","overlay-color":"","overlay-opacity":"","overlay-gradient":""}},"ast-content-background-meta":{"desktop":{"background-color":"var(--ast-global-color-5)","background-image":"","background-repeat":"repeat","background-position":"center center","background-size":"auto","background-attachment":"scroll","background-type":"","background-media":"","overlay-type":"","overlay-color":"","overlay-opacity":"","overlay-gradient":""},"tablet":{"background-color":"var(--ast-global-color-5)","background-image":"","background-repeat":"repeat","background-position":"center center","background-size":"auto","background-attachment":"scroll","background-type":"","background-media":"","overlay-type":"","overlay-color":"","overlay-opacity":"","overlay-gradient":""},"mobile":{"background-color":"var(--ast-global-color-5)","background-image":"","background-repeat":"repeat","background-position":"center center","background-size":"auto","background-attachment":"scroll","background-type":"","background-media":"","overlay-type":"","overlay-color":"","overlay-opacity":"","overlay-gradient":""}},"footnotes":""},"class_list":["post-1746","page","type-page","status-publish","hentry"],"post_mailing_queue_ids":[],"_links":{"self":[{"href":"https:\/\/agora.xtec.cat\/cee-crespinell\/wp-json\/wp\/v2\/pages\/1746","targetHints":{"allow":["GET"]}}],"collection":[{"href":"https:\/\/agora.xtec.cat\/cee-crespinell\/wp-json\/wp\/v2\/pages"}],"about":[{"href":"https:\/\/agora.xtec.cat\/cee-crespinell\/wp-json\/wp\/v2\/types\/page"}],"author":[{"embeddable":true,"href":"https:\/\/agora.xtec.cat\/cee-crespinell\/wp-json\/wp\/v2\/users\/1"}],"replies":[{"embeddable":true,"href":"https:\/\/agora.xtec.cat\/cee-crespinell\/wp-json\/wp\/v2\/comments?post=1746"}],"version-history":[{"count":6,"href":"https:\/\/agora.xtec.cat\/cee-crespinell\/wp-json\/wp\/v2\/pages\/1746\/revisions"}],"predecessor-version":[{"id":2504,"href":"https:\/\/agora.xtec.cat\/cee-crespinell\/wp-json\/wp\/v2\/pages\/1746\/revisions\/2504"}],"up":[{"embeddable":true,"href":"https:\/\/agora.xtec.cat\/cee-crespinell\/wp-json\/wp\/v2\/pages\/1742"}],"wp:attachment":[{"href":"https:\/\/agora.xtec.cat\/cee-crespinell\/wp-json\/wp\/v2\/media?parent=1746"}],"curies":[{"name":"wp","href":"https:\/\/api.w.org\/{rel}","templated":true}]}}