{"id":1738,"date":"2025-10-06T10:06:48","date_gmt":"2025-10-06T08:06:48","guid":{"rendered":"https:\/\/agora.xtec.cat\/cee-crespinell\/?page_id=1738"},"modified":"2025-12-03T15:25:14","modified_gmt":"2025-12-03T14:25:14","slug":"tva-3","status":"publish","type":"page","link":"https:\/\/agora.xtec.cat\/cee-crespinell\/etapes-educatives\/tva-3\/","title":{"rendered":"TVA"},"content":{"rendered":"\n<p class=\"has-text-align-left\"><br>El grup de <strong>Transici\u00f3 a la Vida Adulta<\/strong> del CEE Crespinell acompanya els joves en el seu pas cap al m\u00f3n adult i laboral. A trav\u00e9s d\u2019<strong>entorns laborals interns i externs<\/strong>, l\u2019alumnat adquireix experi\u00e8ncia real en tasques de responsabilitat i cooperaci\u00f3. <\/p>\n\n\n\n<p class=\"has-text-align-left\">Col\u00b7laborem amb <strong>LaFACT-FUPAR, Prodis, Decathlon i la Resid\u00e8ncia Telers<\/strong>, on els nois i noies poden posar en pr\u00e0ctica les seves habilitats, descobrir interessos professionals i continuar creixent en autonomia, confian\u00e7a i comprom\u00eds amb la comunitat.<br><br><\/p>\n","protected":false},"excerpt":{"rendered":"<p>El grup de Transici\u00f3 a la Vida Adulta del CEE Crespinell acompanya els joves en el seu pas cap al [&hellip;]<\/p>\n","protected":false},"author":1,"featured_media":0,"parent":2168,"menu_order":4,"comment_status":"closed","ping_status":"close","template":"","meta":{"site-sidebar-layout":"default","site-content-layout":"","ast-site-content-layout":"default","site-content-style":"default","site-sidebar-style":"default","ast-global-header-display":"","ast-banner-title-visibility":"","ast-main-header-display":"","ast-hfb-above-header-display":"","ast-hfb-below-header-display":"","ast-hfb-mobile-header-display":"","site-post-title":"","ast-breadcrumbs-content":"","ast-featured-img":"","footer-sml-layout":"","theme-transparent-header-meta":"","adv-header-id-meta":"","stick-header-meta":"","header-above-stick-meta":"","header-main-stick-meta":"","header-below-stick-meta":"","astra-migrate-meta-layouts":"set","ast-page-background-enabled":"default","ast-page-background-meta":{"desktop":{"background-color":"var(--ast-global-color-4)","background-image":"","background-repeat":"repeat","background-position":"center center","background-size":"auto","background-attachment":"scroll","background-type":"","background-media":"","overlay-type":"","overlay-color":"","overlay-opacity":"","overlay-gradient":""},"tablet":{"background-color":"","background-image":"","background-repeat":"repeat","background-position":"center center","background-size":"auto","background-attachment":"scroll","background-type":"","background-media":"","overlay-type":"","overlay-color":"","overlay-opacity":"","overlay-gradient":""},"mobile":{"background-color":"","background-image":"","background-repeat":"repeat","background-position":"center center","background-size":"auto","background-attachment":"scroll","background-type":"","background-media":"","overlay-type":"","overlay-color":"","overlay-opacity":"","overlay-gradient":""}},"ast-content-background-meta":{"desktop":{"background-color":"var(--ast-global-color-5)","background-image":"","background-repeat":"repeat","background-position":"center center","background-size":"auto","background-attachment":"scroll","background-type":"","background-media":"","overlay-type":"","overlay-color":"","overlay-opacity":"","overlay-gradient":""},"tablet":{"background-color":"var(--ast-global-color-5)","background-image":"","background-repeat":"repeat","background-position":"center center","background-size":"auto","background-attachment":"scroll","background-type":"","background-media":"","overlay-type":"","overlay-color":"","overlay-opacity":"","overlay-gradient":""},"mobile":{"background-color":"var(--ast-global-color-5)","background-image":"","background-repeat":"repeat","background-position":"center center","background-size":"auto","background-attachment":"scroll","background-type":"","background-media":"","overlay-type":"","overlay-color":"","overlay-opacity":"","overlay-gradient":""}},"footnotes":""},"class_list":["post-1738","page","type-page","status-publish","hentry"],"post_mailing_queue_ids":[],"_links":{"self":[{"href":"https:\/\/agora.xtec.cat\/cee-crespinell\/wp-json\/wp\/v2\/pages\/1738","targetHints":{"allow":["GET"]}}],"collection":[{"href":"https:\/\/agora.xtec.cat\/cee-crespinell\/wp-json\/wp\/v2\/pages"}],"about":[{"href":"https:\/\/agora.xtec.cat\/cee-crespinell\/wp-json\/wp\/v2\/types\/page"}],"author":[{"embeddable":true,"href":"https:\/\/agora.xtec.cat\/cee-crespinell\/wp-json\/wp\/v2\/users\/1"}],"replies":[{"embeddable":true,"href":"https:\/\/agora.xtec.cat\/cee-crespinell\/wp-json\/wp\/v2\/comments?post=1738"}],"version-history":[{"count":6,"href":"https:\/\/agora.xtec.cat\/cee-crespinell\/wp-json\/wp\/v2\/pages\/1738\/revisions"}],"predecessor-version":[{"id":2227,"href":"https:\/\/agora.xtec.cat\/cee-crespinell\/wp-json\/wp\/v2\/pages\/1738\/revisions\/2227"}],"up":[{"embeddable":true,"href":"https:\/\/agora.xtec.cat\/cee-crespinell\/wp-json\/wp\/v2\/pages\/2168"}],"wp:attachment":[{"href":"https:\/\/agora.xtec.cat\/cee-crespinell\/wp-json\/wp\/v2\/media?parent=1738"}],"curies":[{"name":"wp","href":"https:\/\/api.w.org\/{rel}","templated":true}]}}