{"id":1173,"date":"2025-03-28T12:23:16","date_gmt":"2025-03-28T11:23:16","guid":{"rendered":"https:\/\/agora.xtec.cat\/cee-crespinell\/?page_id=1173"},"modified":"2026-02-12T20:33:41","modified_gmt":"2026-02-12T19:33:41","slug":"menjador-escolar","status":"publish","type":"page","link":"https:\/\/agora.xtec.cat\/cee-crespinell\/serveis\/menjador-escolar\/","title":{"rendered":"Logop\u00e8dia"},"content":{"rendered":"\n<p>L\u2019objectiu principal de la logop\u00e8dia \u00e9s <strong>afavorir la comunicaci\u00f3, el llenguatge i la participaci\u00f3<\/strong> de tots els alumnes en els diferents contextos de la vida escolar i quotidiana.<\/p>\n\n\n\n<p>No nom\u00e9s treballa el llenguatge oral o escrit, sin\u00f3 que promou una comunicaci\u00f3 funcional, multimodal i significativa, adaptada a les necessitats de cada alumne, afavorint que cadascun pugui expressar-se, comprendre i participar en el seu entorn amb el m\u00e0xim grau d\u2019autonomia possible.<\/p>\n\n\n\n<figure class=\"wp-block-gallery has-nested-images columns-default is-cropped wp-block-gallery-1 is-layout-flex wp-block-gallery-is-layout-flex\">\n<figure class=\"wp-block-image size-large\"><a href=\"https:\/\/agora.xtec.cat\/cee-crespinell\/wp-content\/uploads\/usu3060\/2025\/11\/WhatsApp-Image-2025-11-27-at-17.49.47.jpeg\"><img loading=\"lazy\" decoding=\"async\" width=\"1024\" height=\"768\" data-id=\"2112\" src=\"https:\/\/agora.xtec.cat\/cee-crespinell\/wp-content\/uploads\/usu3060\/2025\/11\/WhatsApp-Image-2025-11-27-at-17.49.47-1024x768.jpeg\" alt=\"\" class=\"wp-image-2112\" srcset=\"https:\/\/agora.xtec.cat\/cee-crespinell\/wp-content\/uploads\/usu3060\/2025\/11\/WhatsApp-Image-2025-11-27-at-17.49.47-1024x768.jpeg 1024w, https:\/\/agora.xtec.cat\/cee-crespinell\/wp-content\/uploads\/usu3060\/2025\/11\/WhatsApp-Image-2025-11-27-at-17.49.47-300x225.jpeg 300w, https:\/\/agora.xtec.cat\/cee-crespinell\/wp-content\/uploads\/usu3060\/2025\/11\/WhatsApp-Image-2025-11-27-at-17.49.47-768x576.jpeg 768w, https:\/\/agora.xtec.cat\/cee-crespinell\/wp-content\/uploads\/usu3060\/2025\/11\/WhatsApp-Image-2025-11-27-at-17.49.47-1536x1152.jpeg 1536w, https:\/\/agora.xtec.cat\/cee-crespinell\/wp-content\/uploads\/usu3060\/2025\/11\/WhatsApp-Image-2025-11-27-at-17.49.47.jpeg 2040w\" sizes=\"auto, (max-width: 1024px) 100vw, 1024px\" \/><\/a><\/figure>\n\n\n\n<figure class=\"wp-block-image size-large\"><a href=\"https:\/\/agora.xtec.cat\/cee-crespinell\/wp-content\/uploads\/usu3060\/2026\/02\/20260203_094943.png\"><img loading=\"lazy\" decoding=\"async\" width=\"750\" height=\"1000\" data-id=\"2688\" src=\"https:\/\/agora.xtec.cat\/cee-crespinell\/wp-content\/uploads\/usu3060\/2026\/02\/20260203_094943.png\" alt=\"\" class=\"wp-image-2688\" srcset=\"https:\/\/agora.xtec.cat\/cee-crespinell\/wp-content\/uploads\/usu3060\/2026\/02\/20260203_094943.png 750w, https:\/\/agora.xtec.cat\/cee-crespinell\/wp-content\/uploads\/usu3060\/2026\/02\/20260203_094943-225x300.png 225w\" sizes=\"auto, (max-width: 750px) 100vw, 750px\" \/><\/a><\/figure>\n\n\n\n<figure class=\"wp-block-image size-large\"><a href=\"https:\/\/agora.xtec.cat\/cee-crespinell\/wp-content\/uploads\/usu3060\/2025\/11\/WhatsApp-Image-2025-11-27-at-17.49.47-1.jpeg\"><img loading=\"lazy\" decoding=\"async\" width=\"1024\" height=\"768\" data-id=\"2111\" src=\"https:\/\/agora.xtec.cat\/cee-crespinell\/wp-content\/uploads\/usu3060\/2025\/11\/WhatsApp-Image-2025-11-27-at-17.49.47-1-1024x768.jpeg\" alt=\"\" class=\"wp-image-2111\" srcset=\"https:\/\/agora.xtec.cat\/cee-crespinell\/wp-content\/uploads\/usu3060\/2025\/11\/WhatsApp-Image-2025-11-27-at-17.49.47-1-1024x768.jpeg 1024w, https:\/\/agora.xtec.cat\/cee-crespinell\/wp-content\/uploads\/usu3060\/2025\/11\/WhatsApp-Image-2025-11-27-at-17.49.47-1-300x225.jpeg 300w, https:\/\/agora.xtec.cat\/cee-crespinell\/wp-content\/uploads\/usu3060\/2025\/11\/WhatsApp-Image-2025-11-27-at-17.49.47-1-768x576.jpeg 768w, https:\/\/agora.xtec.cat\/cee-crespinell\/wp-content\/uploads\/usu3060\/2025\/11\/WhatsApp-Image-2025-11-27-at-17.49.47-1-1536x1152.jpeg 1536w, https:\/\/agora.xtec.cat\/cee-crespinell\/wp-content\/uploads\/usu3060\/2025\/11\/WhatsApp-Image-2025-11-27-at-17.49.47-1.jpeg 2040w\" sizes=\"auto, (max-width: 1024px) 100vw, 1024px\" \/><\/a><\/figure>\n<\/figure>\n\n\n\n<figure class=\"wp-block-image aligncenter size-large is-resized\"><a href=\"https:\/\/agora.xtec.cat\/cee-crespinell\/wp-content\/uploads\/usu3060\/2025\/11\/WhatsApp-Image-2025-11-27-at-17.50.02-1.jpeg\"><img loading=\"lazy\" decoding=\"async\" width=\"768\" height=\"1024\" src=\"https:\/\/agora.xtec.cat\/cee-crespinell\/wp-content\/uploads\/usu3060\/2025\/11\/WhatsApp-Image-2025-11-27-at-17.50.02-1-768x1024.jpeg\" alt=\"\" class=\"wp-image-2109\" style=\"width:269px;height:auto\" srcset=\"https:\/\/agora.xtec.cat\/cee-crespinell\/wp-content\/uploads\/usu3060\/2025\/11\/WhatsApp-Image-2025-11-27-at-17.50.02-1-768x1024.jpeg 768w, https:\/\/agora.xtec.cat\/cee-crespinell\/wp-content\/uploads\/usu3060\/2025\/11\/WhatsApp-Image-2025-11-27-at-17.50.02-1-225x300.jpeg 225w, https:\/\/agora.xtec.cat\/cee-crespinell\/wp-content\/uploads\/usu3060\/2025\/11\/WhatsApp-Image-2025-11-27-at-17.50.02-1-1152x1536.jpeg 1152w, https:\/\/agora.xtec.cat\/cee-crespinell\/wp-content\/uploads\/usu3060\/2025\/11\/WhatsApp-Image-2025-11-27-at-17.50.02-1.jpeg 1200w\" sizes=\"auto, (max-width: 768px) 100vw, 768px\" \/><\/a><\/figure>\n","protected":false},"excerpt":{"rendered":"<p>L\u2019objectiu principal de la logop\u00e8dia \u00e9s afavorir la comunicaci\u00f3, el llenguatge i la participaci\u00f3 de tots els alumnes en els [&hellip;]<\/p>\n","protected":false},"author":1,"featured_media":0,"parent":66,"menu_order":0,"comment_status":"closed","ping_status":"close","template":"","meta":{"site-sidebar-layout":"default","site-content-layout":"","ast-site-content-layout":"default","site-content-style":"default","site-sidebar-style":"default","ast-global-header-display":"","ast-banner-title-visibility":"","ast-main-header-display":"","ast-hfb-above-header-display":"","ast-hfb-below-header-display":"","ast-hfb-mobile-header-display":"","site-post-title":"","ast-breadcrumbs-content":"","ast-featured-img":"","footer-sml-layout":"","theme-transparent-header-meta":"","adv-header-id-meta":"","stick-header-meta":"","header-above-stick-meta":"","header-main-stick-meta":"","header-below-stick-meta":"","astra-migrate-meta-layouts":"set","ast-page-background-enabled":"default","ast-page-background-meta":{"desktop":{"background-color":"var(--ast-global-color-4)","background-image":"","background-repeat":"repeat","background-position":"center center","background-size":"auto","background-attachment":"scroll","background-type":"","background-media":"","overlay-type":"","overlay-color":"","overlay-opacity":"","overlay-gradient":""},"tablet":{"background-color":"","background-image":"","background-repeat":"repeat","background-position":"center center","background-size":"auto","background-attachment":"scroll","background-type":"","background-media":"","overlay-type":"","overlay-color":"","overlay-opacity":"","overlay-gradient":""},"mobile":{"background-color":"","background-image":"","background-repeat":"repeat","background-position":"center center","background-size":"auto","background-attachment":"scroll","background-type":"","background-media":"","overlay-type":"","overlay-color":"","overlay-opacity":"","overlay-gradient":""}},"ast-content-background-meta":{"desktop":{"background-color":"var(--ast-global-color-5)","background-image":"","background-repeat":"repeat","background-position":"center center","background-size":"auto","background-attachment":"scroll","background-type":"","background-media":"","overlay-type":"","overlay-color":"","overlay-opacity":"","overlay-gradient":""},"tablet":{"background-color":"var(--ast-global-color-5)","background-image":"","background-repeat":"repeat","background-position":"center center","background-size":"auto","background-attachment":"scroll","background-type":"","background-media":"","overlay-type":"","overlay-color":"","overlay-opacity":"","overlay-gradient":""},"mobile":{"background-color":"var(--ast-global-color-5)","background-image":"","background-repeat":"repeat","background-position":"center center","background-size":"auto","background-attachment":"scroll","background-type":"","background-media":"","overlay-type":"","overlay-color":"","overlay-opacity":"","overlay-gradient":""}},"footnotes":""},"class_list":["post-1173","page","type-page","status-publish","hentry"],"post_mailing_queue_ids":[],"_links":{"self":[{"href":"https:\/\/agora.xtec.cat\/cee-crespinell\/wp-json\/wp\/v2\/pages\/1173","targetHints":{"allow":["GET"]}}],"collection":[{"href":"https:\/\/agora.xtec.cat\/cee-crespinell\/wp-json\/wp\/v2\/pages"}],"about":[{"href":"https:\/\/agora.xtec.cat\/cee-crespinell\/wp-json\/wp\/v2\/types\/page"}],"author":[{"embeddable":true,"href":"https:\/\/agora.xtec.cat\/cee-crespinell\/wp-json\/wp\/v2\/users\/1"}],"replies":[{"embeddable":true,"href":"https:\/\/agora.xtec.cat\/cee-crespinell\/wp-json\/wp\/v2\/comments?post=1173"}],"version-history":[{"count":6,"href":"https:\/\/agora.xtec.cat\/cee-crespinell\/wp-json\/wp\/v2\/pages\/1173\/revisions"}],"predecessor-version":[{"id":2689,"href":"https:\/\/agora.xtec.cat\/cee-crespinell\/wp-json\/wp\/v2\/pages\/1173\/revisions\/2689"}],"up":[{"embeddable":true,"href":"https:\/\/agora.xtec.cat\/cee-crespinell\/wp-json\/wp\/v2\/pages\/66"}],"wp:attachment":[{"href":"https:\/\/agora.xtec.cat\/cee-crespinell\/wp-json\/wp\/v2\/media?parent=1173"}],"curies":[{"name":"wp","href":"https:\/\/api.w.org\/{rel}","templated":true}]}}