{"id":738,"date":"2019-12-22T18:47:43","date_gmt":"2019-12-22T17:47:43","guid":{"rendered":"https:\/\/agora.xtec.cat\/cee-canoriol\/?page_id=738"},"modified":"2023-07-20T19:54:44","modified_gmt":"2023-07-20T17:54:44","slug":"piscina","status":"publish","type":"page","link":"https:\/\/agora.xtec.cat\/cee-canoriol\/serveis\/activitats-descola\/piscina\/","title":{"rendered":"Piscina"},"content":{"rendered":"<p>&nbsp;<\/p>\n<p style=\"text-align: justify;\">L\u2019activitat de piscina est\u00e0 dirigida als alumnes de les etapes de Compartida i d\u2019Infantil i Prim\u00e0ria.<\/p>\n<p style=\"text-align: justify;\">Es fa dins de l&#8217;horari lectiu de centre, en concret, tots els dilluns al mat\u00ed.<\/p>\n<p style=\"text-align: justify;\">L&#8217;activitat es duu a terme al Club Nataci\u00f3 Rub\u00ed, ubicat a les instal\u00b7lacions esportives de Can Ros\u00e9s. L&#8217;alumnat i els\/les professionals que els acompanyen van amb transport des de l&#8217;escola fins a les instal\u00b7lacions.<\/p>\n<p style=\"text-align: justify;\">L&#8217;activitat est\u00e0 dirigida per monitors\/es de nataci\u00f3 del propi club i l&#8217;objectiu principal \u00e9s que els alumnes aprenguin a nedar i a desenvolupar-se sense dificultats en el medi aqu\u00e0tic.<\/p>\n<p style=\"text-align: justify;\">\n<p><img loading=\"lazy\" decoding=\"async\" class=\"alignnone wp-image-882 size-full\" src=\"https:\/\/agora.xtec.cat\/cee-canoriol\/wp-content\/uploads\/usu1200\/2020\/10\/piscina.jpg\" alt=\"\" width=\"2000\" height=\"594\" srcset=\"https:\/\/agora.xtec.cat\/cee-canoriol\/wp-content\/uploads\/usu1200\/2020\/10\/piscina.jpg 2000w, https:\/\/agora.xtec.cat\/cee-canoriol\/wp-content\/uploads\/usu1200\/2020\/10\/piscina-300x89.jpg 300w, https:\/\/agora.xtec.cat\/cee-canoriol\/wp-content\/uploads\/usu1200\/2020\/10\/piscina-768x228.jpg 768w, https:\/\/agora.xtec.cat\/cee-canoriol\/wp-content\/uploads\/usu1200\/2020\/10\/piscina-1024x304.jpg 1024w\" sizes=\"auto, (max-width: 2000px) 100vw, 2000px\" \/><\/p>\n<p>&nbsp;<\/p>\n<p>&nbsp;<\/p>\n<p>&nbsp;<\/p>\n","protected":false},"excerpt":{"rendered":"<p>&nbsp;<br \/>\nL\u2019activitat de piscina est\u00e0 dirigida als alumnes de les etapes de Compartida i d\u2019Infantil i Prim\u00e0ria.<br \/>\nEs fa dins de l&#8217;horari lectiu de centre, en concret, tots els dilluns al mat\u00ed.<br \/>\nL&#8217;activitat es duu a terme al Club Nataci\u00f3 Rub\u00ed, ubicat a les instal\u00b7lacions esportives de Can&hellip;  <a href=\"https:\/\/agora.xtec.cat\/cee-canoriol\/serveis\/activitats-descola\/piscina\/\" title=\"Read Piscina\">Llegeix m\u00e9s\u00bb<\/a><\/p>\n","protected":false},"author":1,"featured_media":0,"parent":1214,"menu_order":1,"comment_status":"closed","ping_status":"closed","template":"page-templates\/side-menu.php","meta":{"_bbp_topic_count":0,"_bbp_reply_count":0,"_bbp_total_topic_count":0,"_bbp_total_reply_count":0,"_bbp_voice_count":0,"_bbp_anonymous_reply_count":0,"_bbp_topic_count_hidden":0,"_bbp_reply_count_hidden":0,"_bbp_forum_subforum_count":0,"footnotes":""},"class_list":["post-738","page","type-page","status-publish","hentry"],"post_mailing_queue_ids":[],"_links":{"self":[{"href":"https:\/\/agora.xtec.cat\/cee-canoriol\/wp-json\/wp\/v2\/pages\/738","targetHints":{"allow":["GET"]}}],"collection":[{"href":"https:\/\/agora.xtec.cat\/cee-canoriol\/wp-json\/wp\/v2\/pages"}],"about":[{"href":"https:\/\/agora.xtec.cat\/cee-canoriol\/wp-json\/wp\/v2\/types\/page"}],"author":[{"embeddable":true,"href":"https:\/\/agora.xtec.cat\/cee-canoriol\/wp-json\/wp\/v2\/users\/1"}],"replies":[{"embeddable":true,"href":"https:\/\/agora.xtec.cat\/cee-canoriol\/wp-json\/wp\/v2\/comments?post=738"}],"version-history":[{"count":3,"href":"https:\/\/agora.xtec.cat\/cee-canoriol\/wp-json\/wp\/v2\/pages\/738\/revisions"}],"predecessor-version":[{"id":1222,"href":"https:\/\/agora.xtec.cat\/cee-canoriol\/wp-json\/wp\/v2\/pages\/738\/revisions\/1222"}],"up":[{"embeddable":true,"href":"https:\/\/agora.xtec.cat\/cee-canoriol\/wp-json\/wp\/v2\/pages\/1214"}],"wp:attachment":[{"href":"https:\/\/agora.xtec.cat\/cee-canoriol\/wp-json\/wp\/v2\/media?parent=738"}],"curies":[{"name":"wp","href":"https:\/\/api.w.org\/{rel}","templated":true}]}}