{"id":71,"date":"2014-09-18T12:44:56","date_gmt":"2014-09-18T10:44:56","guid":{"rendered":"http:\/\/agora.xtec.cat\/cee-canoriol\/?page_id=71"},"modified":"2023-07-20T20:16:07","modified_gmt":"2023-07-20T18:16:07","slug":"serveis-digitals","status":"publish","type":"page","link":"https:\/\/agora.xtec.cat\/cee-canoriol\/serveis\/serveis-digitals\/","title":{"rendered":"Serveis digitals"},"content":{"rendered":"<p><img loading=\"lazy\" decoding=\"async\" class=\"wp-image-933 alignright\" src=\"https:\/\/agora.xtec.cat\/cee-canoriol\/wp-content\/uploads\/usu1200\/2021\/02\/G2-Escola-Compartida-Copy-1024x768.jpg\" alt=\"\" width=\"465\" height=\"349\" srcset=\"https:\/\/agora.xtec.cat\/cee-canoriol\/wp-content\/uploads\/usu1200\/2021\/02\/G2-Escola-Compartida-Copy-1024x768.jpg 1024w, https:\/\/agora.xtec.cat\/cee-canoriol\/wp-content\/uploads\/usu1200\/2021\/02\/G2-Escola-Compartida-Copy-300x225.jpg 300w, https:\/\/agora.xtec.cat\/cee-canoriol\/wp-content\/uploads\/usu1200\/2021\/02\/G2-Escola-Compartida-Copy-768x576.jpg 768w, https:\/\/agora.xtec.cat\/cee-canoriol\/wp-content\/uploads\/usu1200\/2021\/02\/G2-Escola-Compartida-Copy-200x150.jpg 200w, https:\/\/agora.xtec.cat\/cee-canoriol\/wp-content\/uploads\/usu1200\/2021\/02\/G2-Escola-Compartida-Copy.jpg 1984w\" sizes=\"auto, (max-width: 465px) 100vw, 465px\" \/><\/p>\n<p style=\"text-align: left;\"><img loading=\"lazy\" decoding=\"async\" class=\"wp-image-900 alignleft\" src=\"https:\/\/agora.xtec.cat\/cee-canoriol\/wp-content\/uploads\/usu1200\/2020\/10\/Serveis-digitals.jpg\" alt=\"\" width=\"172\" height=\"229\" srcset=\"https:\/\/agora.xtec.cat\/cee-canoriol\/wp-content\/uploads\/usu1200\/2020\/10\/Serveis-digitals.jpg 400w, https:\/\/agora.xtec.cat\/cee-canoriol\/wp-content\/uploads\/usu1200\/2020\/10\/Serveis-digitals-225x300.jpg 225w\" sizes=\"auto, (max-width: 172px) 100vw, 172px\" \/>L&#8217;oferta de serveis\u00a0digitals constitueix un recurs molt important per a l&#8217;aprenentatge de l&#8217;alumnat i s\u00f3n eines d&#8217;\u00fas habitual.<\/p>\n<p style=\"text-align: left;\">Apostem perqu\u00e8 l&#8217;alumnat de l&#8217;escola, tenint en compte les seves capacitats i habilitats, siguin competents digitalment.<\/p>\n<p style=\"text-align: left;\">Totes les aules del centre estan dotades de <strong>pissarres digitals interactives<\/strong> (PDI) i a m\u00e9s cadascuna d&#8217;elles disposa de dues tauletes t\u00e0ctils. Tamb\u00e9 disposem d&#8217;un monitor interactiu per a l&#8217;alumnat de secund\u00e0ria.<\/p>\n<p style=\"text-align: left;\">L&#8217;alumnat participa en l&#8217;elaboraci\u00f3 dels <strong>blogs<\/strong> de les diferents etapes educatives de l&#8217;escola.<\/p>\n<p style=\"text-align: left;\">La comunicaci\u00f3 entre l&#8217;escola i la fam\u00edlia es dur a terme mitjan\u00e7ant l&#8217;<strong>APP DINANTIA<\/strong>.<\/p>\n<p>A conseq\u00fc\u00e8ncia de l&#8217;emerg\u00e8ncia sanit\u00e0ria per la COVID-19 s&#8217;ha implementat l&#8217;\u00fas de les <strong>videotrucades<\/strong> tant per a la coordinaci\u00f3 entre professionals com per a la coordinaci\u00f3 amb les fam\u00edlies.<\/p>\n","protected":false},"excerpt":{"rendered":"<p>L&#8217;oferta de serveis\u00a0digitals constitueix un recurs molt important per a l&#8217;aprenentatge de l&#8217;alumnat i s\u00f3n eines d&#8217;\u00fas habitual.<br \/>\nApostem perqu\u00e8 l&#8217;alumnat de l&#8217;escola, tenint en compte les seves capacitats i habilitats, siguin competents digitalment.<br \/>\nTotes les aules del centre estan dotades de pissarres digitals interactives (PDI) i&hellip;  <a href=\"https:\/\/agora.xtec.cat\/cee-canoriol\/serveis\/serveis-digitals\/\" title=\"Read Serveis digitals\">Llegeix m\u00e9s\u00bb<\/a><\/p>\n","protected":false},"author":1,"featured_media":0,"parent":66,"menu_order":4,"comment_status":"closed","ping_status":"closed","template":"page-templates\/side-menu.php","meta":{"_bbp_topic_count":0,"_bbp_reply_count":0,"_bbp_total_topic_count":0,"_bbp_total_reply_count":0,"_bbp_voice_count":0,"_bbp_anonymous_reply_count":0,"_bbp_topic_count_hidden":0,"_bbp_reply_count_hidden":0,"_bbp_forum_subforum_count":0,"footnotes":""},"class_list":["post-71","page","type-page","status-publish","hentry"],"post_mailing_queue_ids":[],"_links":{"self":[{"href":"https:\/\/agora.xtec.cat\/cee-canoriol\/wp-json\/wp\/v2\/pages\/71","targetHints":{"allow":["GET"]}}],"collection":[{"href":"https:\/\/agora.xtec.cat\/cee-canoriol\/wp-json\/wp\/v2\/pages"}],"about":[{"href":"https:\/\/agora.xtec.cat\/cee-canoriol\/wp-json\/wp\/v2\/types\/page"}],"author":[{"embeddable":true,"href":"https:\/\/agora.xtec.cat\/cee-canoriol\/wp-json\/wp\/v2\/users\/1"}],"replies":[{"embeddable":true,"href":"https:\/\/agora.xtec.cat\/cee-canoriol\/wp-json\/wp\/v2\/comments?post=71"}],"version-history":[{"count":4,"href":"https:\/\/agora.xtec.cat\/cee-canoriol\/wp-json\/wp\/v2\/pages\/71\/revisions"}],"predecessor-version":[{"id":937,"href":"https:\/\/agora.xtec.cat\/cee-canoriol\/wp-json\/wp\/v2\/pages\/71\/revisions\/937"}],"up":[{"embeddable":true,"href":"https:\/\/agora.xtec.cat\/cee-canoriol\/wp-json\/wp\/v2\/pages\/66"}],"wp:attachment":[{"href":"https:\/\/agora.xtec.cat\/cee-canoriol\/wp-json\/wp\/v2\/media?parent=71"}],"curies":[{"name":"wp","href":"https:\/\/api.w.org\/{rel}","templated":true}]}}