{"id":66,"date":"2014-09-18T12:40:47","date_gmt":"2014-09-18T10:40:47","guid":{"rendered":"http:\/\/agora.xtec.cat\/cee-canoriol\/?page_id=66"},"modified":"2023-07-20T19:54:21","modified_gmt":"2023-07-20T17:54:21","slug":"serveis","status":"publish","type":"page","link":"https:\/\/agora.xtec.cat\/cee-canoriol\/serveis\/","title":{"rendered":"Serveis"},"content":{"rendered":"<p>El centre disposa d\u2019uns <strong>serveis propis i gratu\u00efts<\/strong> com a escola p\u00fablica (logop\u00e8dia, fisioter\u00e0pia i\u00a0 serveis digitals) i d\u2019altres que es desenvolupen gr\u00e0cies a l\u2019aportaci\u00f3 econ\u00f2mica de les fam\u00edlies (piscina i activitat esportiva federada).<\/p>\n<p>Com a centre de zona, l\u2019escola disposa d\u2019un <strong>servei de transport escolar<\/strong> obligatori per a aquells alumnes de fora del municipi i subvencionat per a la resta de l\u2019alumnat del municipi de Rub\u00ed.<\/p>\n<p>Pel <strong>servei de menjador<\/strong> l\u2019escola\u00a0 disposa de cuina pr\u00f2pia on s\u2019elabora el men\u00fa diari per l&#8217;alumnat i els\/les professionals del centre que ho sol\u00b7liciten. \u00c9s un servei gratu\u00eft pels alumnes despla\u00e7ats d\u2019altres municipis i subvencionat pels alumnes de Rub\u00ed que el sol\u00b7liciten a trav\u00e9s del sistema d\u2019ajuts del Consell Comarcal.<\/p>\n","protected":false},"excerpt":{"rendered":"<p>El centre disposa d\u2019uns serveis propis i gratu\u00efts com a escola p\u00fablica (logop\u00e8dia, fisioter\u00e0pia i\u00a0 serveis digitals) i d\u2019altres que es desenvolupen gr\u00e0cies a l\u2019aportaci\u00f3 econ\u00f2mica de les fam\u00edlies (piscina i activitat esportiva federada).<br \/>\nCom a centre de zona, l\u2019escola disposa d\u2019un servei de transport escolar&hellip;  <a href=\"https:\/\/agora.xtec.cat\/cee-canoriol\/serveis\/\" title=\"Read Serveis\">Llegeix m\u00e9s\u00bb<\/a><\/p>\n","protected":false},"author":1,"featured_media":0,"parent":0,"menu_order":3,"comment_status":"closed","ping_status":"closed","template":"page-templates\/side-menu.php","meta":{"_bbp_topic_count":0,"_bbp_reply_count":0,"_bbp_total_topic_count":0,"_bbp_total_reply_count":0,"_bbp_voice_count":0,"_bbp_anonymous_reply_count":0,"_bbp_topic_count_hidden":0,"_bbp_reply_count_hidden":0,"_bbp_forum_subforum_count":0,"footnotes":""},"class_list":["post-66","page","type-page","status-publish","hentry"],"post_mailing_queue_ids":[],"_links":{"self":[{"href":"https:\/\/agora.xtec.cat\/cee-canoriol\/wp-json\/wp\/v2\/pages\/66","targetHints":{"allow":["GET"]}}],"collection":[{"href":"https:\/\/agora.xtec.cat\/cee-canoriol\/wp-json\/wp\/v2\/pages"}],"about":[{"href":"https:\/\/agora.xtec.cat\/cee-canoriol\/wp-json\/wp\/v2\/types\/page"}],"author":[{"embeddable":true,"href":"https:\/\/agora.xtec.cat\/cee-canoriol\/wp-json\/wp\/v2\/users\/1"}],"replies":[{"embeddable":true,"href":"https:\/\/agora.xtec.cat\/cee-canoriol\/wp-json\/wp\/v2\/comments?post=66"}],"version-history":[{"count":3,"href":"https:\/\/agora.xtec.cat\/cee-canoriol\/wp-json\/wp\/v2\/pages\/66\/revisions"}],"predecessor-version":[{"id":1096,"href":"https:\/\/agora.xtec.cat\/cee-canoriol\/wp-json\/wp\/v2\/pages\/66\/revisions\/1096"}],"wp:attachment":[{"href":"https:\/\/agora.xtec.cat\/cee-canoriol\/wp-json\/wp\/v2\/media?parent=66"}],"curies":[{"name":"wp","href":"https:\/\/api.w.org\/{rel}","templated":true}]}}