{"id":24,"date":"2014-09-18T12:23:15","date_gmt":"2014-09-18T11:23:15","guid":{"rendered":"http:\/\/agora.xtec.cat\/cee-canoriol\/?page_id=24"},"modified":"2019-11-22T11:04:40","modified_gmt":"2019-11-22T10:04:40","slug":"contacte","status":"publish","type":"page","link":"https:\/\/agora.xtec.cat\/cee-canoriol\/contacte\/","title":{"rendered":"Contacte"},"content":{"rendered":"<p style=\"color: #666666;\"><strong>CEE CA N&#8217;ORIOL<\/strong><br \/>\n<span class=\"street-address\">Carrer Granada, 31<\/span><br \/>\n<span class=\"postal-code\">08191<\/span>\u00a0<span class=\"locality\">Rub\u00ed<\/span><\/p>\n<p>Tel. 93 697 83 90<br \/>\nMail: <a href=\"mailto:cee-canoriol@xtec.cat\">cee-canoriol@xtec.cat<\/a><\/p>\n<p><iframe loading=\"lazy\" style=\"border: 0;\" src=\"https:\/\/www.google.com\/maps\/embed?pb=!1m18!1m12!1m3!1d2988.24105433136!2d2.0432280513158743!3d41.499050779152206!2m3!1f0!2f0!3f0!3m2!1i1024!2i768!4f13.1!3m3!1m2!1s0x12a49167ee5b659d%3A0x1c567af83c0ac5aa!2sCEE%20CA%20N'ORIOL!5e0!3m2!1sen!2ses!4v1574416680208!5m2!1sen!2ses\" width=\"600\" height=\"450\" frameborder=\"0\" allowfullscreen=\"allowfullscreen\"><\/iframe><\/p>\n<h3>Com arribar-hi:<\/h3>\n<ul style=\"list-style-type: circle;\">\n<li>L&#8217;acc\u00e9s m\u00e9s adient \u00e9s per carretra a trav\u00e9s de la sotida 17 de Rub\u00ed-Sant Quirze\/Les Fonts de l&#8217;autopista C-16 o la sortida 23 de l&#8217;AP7.<\/li>\n<li>En transport p\u00fablic es pot accedir a la ciutat amb la RENFE i Ferrocarrils de la Generalitat de Catalunya (l\u00ednia S1).<\/li>\n<li>Per arribar a l&#8217;escola es poden fer servir les l\u00ednies d&#8217;autob\u00fas interurb\u00e0 2, 4 i 5.<\/li>\n<\/ul>\n<p>&nbsp;<\/p>\n","protected":false},"excerpt":{"rendered":"<p>CEE CA N&#8217;ORIOL<br \/>\nCarrer Granada, 31<br \/>\n08191\u00a0Rub\u00ed<br \/>\nTel. 93 697 83 90<br \/>\nMail: <a href=\"mailto:cee-canoriol@xtec.cat\">cee-canoriol@xtec.cat<\/a><\/p>\n<p>Com arribar-hi:<\/p>\n<ul style=\"list-style-type: circle;\">\n<li>L&#8217;acc\u00e9s m\u00e9s adient \u00e9s per carretra a trav\u00e9s de la sotida 17 de Rub\u00ed-Sant Quirze\/Les Fonts de l&#8217;autopista C-16 o la sortida 23 de l&#8217;AP7.<\/li>\n<li>En transport p\u00fablic es pot accedir a la&hellip;  <a href=\"https:\/\/agora.xtec.cat\/cee-canoriol\/contacte\/\" title=\"Read Contacte\">Llegeix m\u00e9s\u00bb<\/a><br \/>\n","protected":false},"author":1,"featured_media":0,"parent":0,"menu_order":10,"comment_status":"closed","ping_status":"closed","template":"page-templates\/side-menu.php","meta":{"_bbp_topic_count":0,"_bbp_reply_count":0,"_bbp_total_topic_count":0,"_bbp_total_reply_count":0,"_bbp_voice_count":0,"_bbp_anonymous_reply_count":0,"_bbp_topic_count_hidden":0,"_bbp_reply_count_hidden":0,"_bbp_forum_subforum_count":0,"footnotes":""},"class_list":["post-24","page","type-page","status-publish","hentry"],"post_mailing_queue_ids":[],"_links":{"self":[{"href":"https:\/\/agora.xtec.cat\/cee-canoriol\/wp-json\/wp\/v2\/pages\/24","targetHints":{"allow":["GET"]}}],"collection":[{"href":"https:\/\/agora.xtec.cat\/cee-canoriol\/wp-json\/wp\/v2\/pages"}],"about":[{"href":"https:\/\/agora.xtec.cat\/cee-canoriol\/wp-json\/wp\/v2\/types\/page"}],"author":[{"embeddable":true,"href":"https:\/\/agora.xtec.cat\/cee-canoriol\/wp-json\/wp\/v2\/users\/1"}],"replies":[{"embeddable":true,"href":"https:\/\/agora.xtec.cat\/cee-canoriol\/wp-json\/wp\/v2\/comments?post=24"}],"version-history":[{"count":3,"href":"https:\/\/agora.xtec.cat\/cee-canoriol\/wp-json\/wp\/v2\/pages\/24\/revisions"}],"predecessor-version":[{"id":530,"href":"https:\/\/agora.xtec.cat\/cee-canoriol\/wp-json\/wp\/v2\/pages\/24\/revisions\/530"}],"wp:attachment":[{"href":"https:\/\/agora.xtec.cat\/cee-canoriol\/wp-json\/wp\/v2\/media?parent=24"}],"curies":[{"name":"wp","href":"https:\/\/api.w.org\/{rel}","templated":true}]}}