{"id":1335,"date":"2023-07-19T14:31:12","date_gmt":"2023-07-19T12:31:12","guid":{"rendered":"https:\/\/agora.xtec.cat\/cee-canoriol\/?page_id=1335"},"modified":"2023-07-19T23:25:39","modified_gmt":"2023-07-19T21:25:39","slug":"comunicacio-amb-lescola","status":"publish","type":"page","link":"https:\/\/agora.xtec.cat\/cee-canoriol\/documents-de-centre\/edc\/cultura-digital\/pla-dacollida-digital-families\/comunicacio-amb-lescola\/","title":{"rendered":"Comunicaci\u00f3 amb l&#8217;escola"},"content":{"rendered":"<p>&nbsp;<\/p>\n<p>La comunicaci\u00f3 amb l&#8217;escola es pot fer a trav\u00e9s dels seg\u00fcents mitjans:<\/p>\n<p>&nbsp;<\/p>\n<table style=\"border-collapse: collapse; width: 59.0907%;\">\n<tbody>\n<tr>\n<td style=\"width: 23.1818%;\"><img loading=\"lazy\" decoding=\"async\" class=\"wp-image-1337 aligncenter\" src=\"https:\/\/agora.xtec.cat\/cee-canoriol\/wp-content\/uploads\/usu1200\/2023\/07\/icono-telefono.png\" alt=\"\" width=\"94\" height=\"94\" srcset=\"https:\/\/agora.xtec.cat\/cee-canoriol\/wp-content\/uploads\/usu1200\/2023\/07\/icono-telefono.png 512w, https:\/\/agora.xtec.cat\/cee-canoriol\/wp-content\/uploads\/usu1200\/2023\/07\/icono-telefono-300x300.png 300w, https:\/\/agora.xtec.cat\/cee-canoriol\/wp-content\/uploads\/usu1200\/2023\/07\/icono-telefono-150x150.png 150w\" sizes=\"auto, (max-width: 94px) 100vw, 94px\" \/><\/td>\n<td style=\"width: 35.9091%;\">\n<h5>93.697.83.90<\/h5>\n<\/td>\n<\/tr>\n<tr>\n<td style=\"width: 23.1818%;\"><img loading=\"lazy\" decoding=\"async\" class=\"aligncenter wp-image-1340\" src=\"https:\/\/agora.xtec.cat\/cee-canoriol\/wp-content\/uploads\/usu1200\/2023\/07\/Mobile_2_Icon_icon-icons.com_76438.png\" alt=\"\" width=\"88\" height=\"88\" srcset=\"https:\/\/agora.xtec.cat\/cee-canoriol\/wp-content\/uploads\/usu1200\/2023\/07\/Mobile_2_Icon_icon-icons.com_76438.png 512w, https:\/\/agora.xtec.cat\/cee-canoriol\/wp-content\/uploads\/usu1200\/2023\/07\/Mobile_2_Icon_icon-icons.com_76438-300x300.png 300w, https:\/\/agora.xtec.cat\/cee-canoriol\/wp-content\/uploads\/usu1200\/2023\/07\/Mobile_2_Icon_icon-icons.com_76438-150x150.png 150w\" sizes=\"auto, (max-width: 88px) 100vw, 88px\" \/><\/td>\n<td style=\"width: 35.9091%;\">\n<h5>650.09.59.07<\/h5>\n<\/td>\n<\/tr>\n<tr>\n<td style=\"width: 23.1818%;\"><img loading=\"lazy\" decoding=\"async\" class=\"aligncenter wp-image-1341\" src=\"https:\/\/agora.xtec.cat\/cee-canoriol\/wp-content\/uploads\/usu1200\/2023\/07\/image_preview.png\" alt=\"\" width=\"96\" height=\"96\" srcset=\"https:\/\/agora.xtec.cat\/cee-canoriol\/wp-content\/uploads\/usu1200\/2023\/07\/image_preview.png 400w, https:\/\/agora.xtec.cat\/cee-canoriol\/wp-content\/uploads\/usu1200\/2023\/07\/image_preview-300x300.png 300w, https:\/\/agora.xtec.cat\/cee-canoriol\/wp-content\/uploads\/usu1200\/2023\/07\/image_preview-150x150.png 150w\" sizes=\"auto, (max-width: 96px) 100vw, 96px\" \/><\/td>\n<td style=\"width: 35.9091%;\">\n<h5>a8054368@xtec.cat<\/h5>\n<\/td>\n<\/tr>\n<\/tbody>\n<\/table>\n<p>&nbsp;<\/p>\n<p>La comunicaci\u00f3 amb els\/les tutor\/es es fa a trav\u00e9s de l&#8217;aplicaci\u00f3 <strong>DINANTIA<\/strong>.<\/p>\n<p>&nbsp;<\/p>\n<p><a href=\"https:\/\/agora.xtec.cat\/cee-canoriol\/wp-content\/uploads\/usu1200\/2023\/07\/instruccions-DINANTIA.pdf\">INSTRUCCIONS DINANTIA<\/a><\/p>\n<p>&nbsp;<\/p>\n<p>A continuaci\u00f3 us deixem diferents v\u00eddeos tutorials que us poden ajudar a con\u00e8ixer millor el funcionament de l&#8217;aplicaci\u00f3:<\/p>\n<p>&nbsp;<\/p>\n<p><a href=\"https:\/\/youtu.be\/IfzN_GF0CvE\">COM ACCEDIR A DINANTIA DES DE L&#8217;ORDINADOR?<\/a><\/p>\n<p><a href=\"https:\/\/youtu.be\/Slem2NnBIFM\">COM ENVIAR UN MISSATGE?<\/a><\/p>\n<p><a href=\"https:\/\/youtu.be\/rCt-puTqHbY\">AJUSTAMENT D&#8217;USUARI<\/a><\/p>\n<p><a href=\"https:\/\/dinantia.com\/es\/faq\/padres\/\">PREGUNTES FREQ\u00dcENTS DE FAM\u00cdLIES<\/a><\/p>\n<p>&nbsp;<\/p>\n<p>&nbsp;<\/p>\n<p>&nbsp;<\/p>\n<p>&nbsp;<\/p>\n","protected":false},"excerpt":{"rendered":"<p>&nbsp;<br \/>\nLa comunicaci\u00f3 amb l&#8217;escola es pot fer a trav\u00e9s dels seg\u00fcents mitjans:<br \/>\n&nbsp;<\/p>\n<p>93.697.83.90<\/p>\n<p>650.09.59.07<\/p>\n<p>a8054368@xtec.cat<\/p>\n<p>&nbsp;<br \/>\nLa comunicaci\u00f3 amb els\/les tutor\/es es fa a trav\u00e9s de l&#8217;aplicaci\u00f3 DINANTIA.<br \/>\n&nbsp;<br \/>\n<a href=\"https:\/\/agora.xtec.cat\/cee-canoriol\/wp-content\/uploads\/usu1200\/2023\/07\/instruccions-DINANTIA.pdf\">INSTRUCCIONS DINANTIA<\/a><br \/>\n&nbsp;<br \/>\nA continuaci\u00f3 us deixem diferents v\u00eddeos tutorials que us poden ajudar a con\u00e8ixer millor el funcionament de l&#8217;aplicaci\u00f3:<br \/>\n&nbsp;<br \/>\n<a href=\"https:\/\/youtu.be\/IfzN_GF0CvE\">COM ACCEDIR A&hellip;  <a href=\"https:\/\/agora.xtec.cat\/cee-canoriol\/documents-de-centre\/edc\/cultura-digital\/pla-dacollida-digital-families\/comunicacio-amb-lescola\/\" title=\"Read Comunicaci\u00f3 amb l&#8217;escola\">Llegeix m\u00e9s\u00bb<\/a><\/p>\n","protected":false},"author":1,"featured_media":0,"parent":1331,"menu_order":2,"comment_status":"closed","ping_status":"closed","template":"page-templates\/side-menu.php","meta":{"_bbp_topic_count":0,"_bbp_reply_count":0,"_bbp_total_topic_count":0,"_bbp_total_reply_count":0,"_bbp_voice_count":0,"_bbp_anonymous_reply_count":0,"_bbp_topic_count_hidden":0,"_bbp_reply_count_hidden":0,"_bbp_forum_subforum_count":0,"footnotes":""},"class_list":["post-1335","page","type-page","status-publish","hentry"],"post_mailing_queue_ids":[],"_links":{"self":[{"href":"https:\/\/agora.xtec.cat\/cee-canoriol\/wp-json\/wp\/v2\/pages\/1335","targetHints":{"allow":["GET"]}}],"collection":[{"href":"https:\/\/agora.xtec.cat\/cee-canoriol\/wp-json\/wp\/v2\/pages"}],"about":[{"href":"https:\/\/agora.xtec.cat\/cee-canoriol\/wp-json\/wp\/v2\/types\/page"}],"author":[{"embeddable":true,"href":"https:\/\/agora.xtec.cat\/cee-canoriol\/wp-json\/wp\/v2\/users\/1"}],"replies":[{"embeddable":true,"href":"https:\/\/agora.xtec.cat\/cee-canoriol\/wp-json\/wp\/v2\/comments?post=1335"}],"version-history":[{"count":3,"href":"https:\/\/agora.xtec.cat\/cee-canoriol\/wp-json\/wp\/v2\/pages\/1335\/revisions"}],"predecessor-version":[{"id":1347,"href":"https:\/\/agora.xtec.cat\/cee-canoriol\/wp-json\/wp\/v2\/pages\/1335\/revisions\/1347"}],"up":[{"embeddable":true,"href":"https:\/\/agora.xtec.cat\/cee-canoriol\/wp-json\/wp\/v2\/pages\/1331"}],"wp:attachment":[{"href":"https:\/\/agora.xtec.cat\/cee-canoriol\/wp-json\/wp\/v2\/media?parent=1335"}],"curies":[{"name":"wp","href":"https:\/\/api.w.org\/{rel}","templated":true}]}}