{"id":930,"date":"2020-05-19T20:41:10","date_gmt":"2020-05-19T18:41:10","guid":{"rendered":"https:\/\/agora.xtec.cat\/cee-canbarriga\/?page_id=930"},"modified":"2022-05-02T13:20:33","modified_gmt":"2022-05-02T11:20:33","slug":"patis-educatius","status":"publish","type":"page","link":"https:\/\/agora.xtec.cat\/cee-canbarriga\/patis-educatius\/","title":{"rendered":"PATIS EDUCATIUS"},"content":{"rendered":"<p>El nostre projecte pret\u00e9n repensar els espais i elements actuals dels nostres patis destinats per al temps d\u2019esbarjo dels alumnes de Secund\u00e0ria i TVA de l\u2019escola d\u2019educaci\u00f3 especial Can Barriga. La nostra intenci\u00f3 \u00e9s dur-lo a terme com un proc\u00e9s d&#8217;aprenentatge, de comprom\u00eds i de cooperaci\u00f3 entre tota la comunitat educativa: professionals de l\u2019escola, fam\u00edlies, alumnes i el barri.<\/p>\n<p>La idea parteix de l\u2019inter\u00e8s d\u2019un grup de professionals de l\u2019escola despr\u00e9s d\u2019assistir a una confer\u00e8ncia de Nou Safareig, on es plantejava una reflexi\u00f3 sobre la idea de millorar aquests espais exteriors com a espais educatius. Millores que no s\u00f3n merament<br \/>\nest\u00e8tiques, sin\u00f3 que tamb\u00e9 tenen una ferma intencionalitat educativa: creixement de la sociabilitat, lloc de conviv\u00e8ncia, motricitat, resoluci\u00f3 de conflictes, exploraci\u00f3, autonomia, seguretat profunda, etc.<\/p>\n<p>La comissi\u00f3 de patis pret\u00e9n que l&#8217;esbarjo esdevingui un espai harm\u00f2nic dins de l&#8217;escola, on hi predominin els espais naturals i on s&#8217;hi pugui dur a terme una educaci\u00f3 integral i el creixement personal de l&#8217;alumnat. Per aquest motiu caldr\u00e0 intervenir en l&#8217;entorn del pati per procurar que aquest sigui un espai ple de possibilitats d&#8217;aprenentatge i, al mateix temps, afavoreixi relacions positives entre els i les alumnes.<\/p>\n<p>Amb tot aix\u00f2, creiem que \u00e9s necess\u00e0ria la incorporaci\u00f3 al centre d&#8217;un projecte de patis que fomenti espais de trobada, de relaci\u00f3 i comunicaci\u00f3, i de cohesi\u00f3 amb tota la comunitat educativa per fer que tots els membres de la comunitat educativa es facin seu el projecte i s&#8217;hi trobin a gust.<\/p>\n<p>&nbsp;<\/p>\n<p>Aqu\u00ed podeu veure el <a href=\"https:\/\/agora.xtec.cat\/cee-canbarriga\/wp-content\/uploads\/usu1664\/2022\/05\/Projecte-Patis-Educatius-CAN-BARRIGA.pdf\">Projecte Patis Educatius CAN BARRIGA<\/a><\/p>\n","protected":false},"excerpt":{"rendered":"<p>El nostre projecte pret\u00e9n repensar els espais i elements actuals dels nostres patis destinats per al temps d\u2019esbarjo dels alumnes de Secund\u00e0ria i TVA de l\u2019escola d\u2019educaci\u00f3 especial Can Barriga. La nostra intenci\u00f3 \u00e9s dur-lo a terme com un proc\u00e9s d&#8217;aprenentatge, de comprom\u00eds i de&hellip;  <a href=\"https:\/\/agora.xtec.cat\/cee-canbarriga\/patis-educatius\/\" title=\"Read PATIS EDUCATIUS\">Llegeix m\u00e9s\u00bb<\/a><\/p>\n","protected":false},"author":1,"featured_media":0,"parent":0,"menu_order":0,"comment_status":"closed","ping_status":"closed","template":"","meta":{"_bbp_topic_count":0,"_bbp_reply_count":0,"_bbp_total_topic_count":0,"_bbp_total_reply_count":0,"_bbp_voice_count":0,"_bbp_anonymous_reply_count":0,"_bbp_topic_count_hidden":0,"_bbp_reply_count_hidden":0,"_bbp_forum_subforum_count":0,"footnotes":""},"class_list":["post-930","page","type-page","status-publish","hentry"],"post_mailing_queue_ids":[],"_links":{"self":[{"href":"https:\/\/agora.xtec.cat\/cee-canbarriga\/wp-json\/wp\/v2\/pages\/930","targetHints":{"allow":["GET"]}}],"collection":[{"href":"https:\/\/agora.xtec.cat\/cee-canbarriga\/wp-json\/wp\/v2\/pages"}],"about":[{"href":"https:\/\/agora.xtec.cat\/cee-canbarriga\/wp-json\/wp\/v2\/types\/page"}],"author":[{"embeddable":true,"href":"https:\/\/agora.xtec.cat\/cee-canbarriga\/wp-json\/wp\/v2\/users\/1"}],"replies":[{"embeddable":true,"href":"https:\/\/agora.xtec.cat\/cee-canbarriga\/wp-json\/wp\/v2\/comments?post=930"}],"version-history":[{"count":2,"href":"https:\/\/agora.xtec.cat\/cee-canbarriga\/wp-json\/wp\/v2\/pages\/930\/revisions"}],"predecessor-version":[{"id":2347,"href":"https:\/\/agora.xtec.cat\/cee-canbarriga\/wp-json\/wp\/v2\/pages\/930\/revisions\/2347"}],"wp:attachment":[{"href":"https:\/\/agora.xtec.cat\/cee-canbarriga\/wp-json\/wp\/v2\/media?parent=930"}],"curies":[{"name":"wp","href":"https:\/\/api.w.org\/{rel}","templated":true}]}}