{"id":927,"date":"2020-05-19T20:40:55","date_gmt":"2020-05-19T18:40:55","guid":{"rendered":"https:\/\/agora.xtec.cat\/cee-canbarriga\/?page_id=927"},"modified":"2022-02-07T22:12:03","modified_gmt":"2022-02-07T21:12:03","slug":"colla-gegantera","status":"publish","type":"page","link":"https:\/\/agora.xtec.cat\/cee-canbarriga\/projecte-educatiu\/colla-gegantera\/","title":{"rendered":"COLLA GEGANTERA"},"content":{"rendered":"<p>A l&#8217;escola Can Barriga comptem des del 2018 amb la Colla Gegantera, on els alumnes, familiars, professionals i amis poden participar en primera persona de les Festes de Maig i de totes les clebracions on hi pugui anar el nostre gegant, en Barrigota.<\/p>\n<p>La imatge d&#8217;en Barrigota va ser votada entre tots els alumnes i professionals de l&#8217;escola, a partir dels dibuixos de la imatge del gegant que cada fam\u00edlia va poder fer a casa seva. El dibuix guanyador va ser l&#8217;Alex Selas, germ\u00e0 de la Cristina, qui va fer aquest dibuix:<\/p>\n<p><a href=\"https:\/\/agora.xtec.cat\/cee-canbarriga\/wp-content\/uploads\/usu1664\/2020\/11\/20180419_151338aa.jpg\"><img loading=\"lazy\" decoding=\"async\" class=\"aligncenter size-medium wp-image-1246\" src=\"https:\/\/agora.xtec.cat\/cee-canbarriga\/wp-content\/uploads\/usu1664\/2020\/11\/20180419_151338aa-245x300.jpg\" alt=\"\" width=\"245\" height=\"300\" srcset=\"https:\/\/agora.xtec.cat\/cee-canbarriga\/wp-content\/uploads\/usu1664\/2020\/11\/20180419_151338aa-245x300.jpg 245w, https:\/\/agora.xtec.cat\/cee-canbarriga\/wp-content\/uploads\/usu1664\/2020\/11\/20180419_151338aa.jpg 278w\" sizes=\"auto, (max-width: 245px) 100vw, 245px\" \/><\/a><\/p>\n<p>Els alumnes del taller art\u00edstic van ser qui van treballar dia a dia amb la creaci\u00f3 del gegant, amb l&#8217;ajuda de la resta d&#8217;alumnes de l&#8217;escola aix\u00ed com dels professionals.<\/p>\n<p>Aqu\u00ed podeu veure part del reball que s&#8217;ha fet per arribar fins aqu\u00ed. Cliqueu l&#8217;enlla\u00e7!<\/p>\n<p><a style=\"color: #2795b6;\" href=\"https:\/\/agora.xtec.cat\/cee-canbarriga\/general\/fotografies-de-la-colla-gegantera\/\">Fotografies de la colla gegantera<\/a><\/p>\n<p>Tamb\u00e9 podeu fer un cop d&#8217;ull al projecte que van fer els professionals impulsors de la Colla:<\/p>\n<p><a href=\"https:\/\/agora.xtec.cat\/cee-canbarriga\/wp-content\/uploads\/usu1664\/2020\/11\/projecte-colla-gegantera.pdf\">Projecte colla gegantera<\/a><\/p>\n<p>&nbsp;<\/p>\n<p><strong>Not\u00edcies sobre la colla gegantera:<\/strong><\/p>\n<ul>\n<li>Al TOT BADALONA un article presentant en BARRIGOTA, el nostre gegant adaptat. <a href=\"https:\/\/agora.xtec.cat\/cee-canbarriga\/wp-content\/uploads\/usu1664\/2020\/11\/20180509_162107.jpg\"><img loading=\"lazy\" decoding=\"async\" class=\"aligncenter size-medium wp-image-1204\" src=\"https:\/\/agora.xtec.cat\/cee-canbarriga\/wp-content\/uploads\/usu1664\/2020\/11\/20180509_162107-215x300.jpg\" alt=\"\" width=\"215\" height=\"300\" srcset=\"https:\/\/agora.xtec.cat\/cee-canbarriga\/wp-content\/uploads\/usu1664\/2020\/11\/20180509_162107-215x300.jpg 215w, https:\/\/agora.xtec.cat\/cee-canbarriga\/wp-content\/uploads\/usu1664\/2020\/11\/20180509_162107-768x1074.jpg 768w, https:\/\/agora.xtec.cat\/cee-canbarriga\/wp-content\/uploads\/usu1664\/2020\/11\/20180509_162107-732x1024.jpg 732w\" sizes=\"auto, (max-width: 215px) 100vw, 215px\" \/><\/a><\/li>\n<\/ul>\n<p>&nbsp;<\/p>\n<ul>\n<li>El Magazine Tres60 de Televisi\u00f3 de Badalona, va presentar en Barrigota. Va sortir en fals directe a l\u2019edici\u00f3 de dimarts 8 de maig, a les 18 h.<\/li>\n<\/ul>\n<p>L\u2019enlla\u00e7 al programa \u00e9s:\u00a0<a href=\"http:\/\/tvbadalona.xiptv.cat\/badalona-tres60\/capitol\/8-de-maig-de-2018\">http:\/\/tvbadalona.xiptv.cat\/badalona-tres60\/capitol\/8-de-maig-de-2018<\/a>, i ens podreu veure al minut 40.<\/p>\n<ul>\n<li>Coneixeu la llegenda d&#8217;en Barrigota? Prem el PLAY!<\/li>\n<\/ul>\n<p style=\"text-align: center;\"><iframe loading=\"lazy\" title=\"La llegenda del Barrigota - Escola Can Barriga\" width=\"500\" height=\"281\" src=\"https:\/\/www.youtube.com\/embed\/VZ9B8CMKap8?feature=oembed\" frameborder=\"0\" allow=\"accelerometer; autoplay; clipboard-write; encrypted-media; gyroscope; picture-in-picture; web-share\" referrerpolicy=\"strict-origin-when-cross-origin\" allowfullscreen><\/iframe><\/p>\n<p>&nbsp;<\/p>\n","protected":false},"excerpt":{"rendered":"<p>A l&#8217;escola Can Barriga comptem des del 2018 amb la Colla Gegantera, on els alumnes, familiars, professionals i amis poden participar en primera persona de les Festes de Maig i de totes les clebracions on hi pugui anar el nostre gegant, en Barrigota.<br \/>\nLa imatge d&#8217;en&hellip;  <a href=\"https:\/\/agora.xtec.cat\/cee-canbarriga\/projecte-educatiu\/colla-gegantera\/\" title=\"Read COLLA GEGANTERA\">Llegeix m\u00e9s\u00bb<\/a><\/p>\n","protected":false},"author":1,"featured_media":0,"parent":57,"menu_order":0,"comment_status":"closed","ping_status":"closed","template":"","meta":{"_bbp_topic_count":0,"_bbp_reply_count":0,"_bbp_total_topic_count":0,"_bbp_total_reply_count":0,"_bbp_voice_count":0,"_bbp_anonymous_reply_count":0,"_bbp_topic_count_hidden":0,"_bbp_reply_count_hidden":0,"_bbp_forum_subforum_count":0,"footnotes":""},"class_list":["post-927","page","type-page","status-publish","hentry"],"post_mailing_queue_ids":[],"_links":{"self":[{"href":"https:\/\/agora.xtec.cat\/cee-canbarriga\/wp-json\/wp\/v2\/pages\/927","targetHints":{"allow":["GET"]}}],"collection":[{"href":"https:\/\/agora.xtec.cat\/cee-canbarriga\/wp-json\/wp\/v2\/pages"}],"about":[{"href":"https:\/\/agora.xtec.cat\/cee-canbarriga\/wp-json\/wp\/v2\/types\/page"}],"author":[{"embeddable":true,"href":"https:\/\/agora.xtec.cat\/cee-canbarriga\/wp-json\/wp\/v2\/users\/1"}],"replies":[{"embeddable":true,"href":"https:\/\/agora.xtec.cat\/cee-canbarriga\/wp-json\/wp\/v2\/comments?post=927"}],"version-history":[{"count":4,"href":"https:\/\/agora.xtec.cat\/cee-canbarriga\/wp-json\/wp\/v2\/pages\/927\/revisions"}],"predecessor-version":[{"id":2240,"href":"https:\/\/agora.xtec.cat\/cee-canbarriga\/wp-json\/wp\/v2\/pages\/927\/revisions\/2240"}],"up":[{"embeddable":true,"href":"https:\/\/agora.xtec.cat\/cee-canbarriga\/wp-json\/wp\/v2\/pages\/57"}],"wp:attachment":[{"href":"https:\/\/agora.xtec.cat\/cee-canbarriga\/wp-json\/wp\/v2\/media?parent=927"}],"curies":[{"name":"wp","href":"https:\/\/api.w.org\/{rel}","templated":true}]}}