{"id":893,"date":"2020-05-19T17:43:30","date_gmt":"2020-05-19T15:43:30","guid":{"rendered":"https:\/\/agora.xtec.cat\/cee-canbarriga\/?page_id=893"},"modified":"2022-05-02T13:29:19","modified_gmt":"2022-05-02T11:29:19","slug":"hort","status":"publish","type":"page","link":"https:\/\/agora.xtec.cat\/cee-canbarriga\/hort\/","title":{"rendered":"HORT"},"content":{"rendered":"<p>\ud83c\udf46\ud83c\udf4e\ud83c\udf40\ud83c\udf41\ud83c\udf48\ud83c\udf47<a href=\"http:\/\/ceecanbarriga.blogspot.com\/p\/el-nostre-hort.html\">PROJECTE HORT <\/a><\/p>\n<p>&nbsp;<\/p>\n<p>&nbsp;<\/p>\n<p>L&#8217; entorn natural\u00a0 \u00a0de l&#8217; escola , ens permet tenir un hort, en el qual els alumnes treballen peri\u00f2dicament per torns .<\/p>\n<p>Plantem , cuidem, collim.<\/p>\n<figure class=\"figure wp-caption alignleft\"><a href=\"https:\/\/agora.xtec.cat\/cee-canbarriga\/wp-content\/uploads\/usu1664\/2020\/05\/WhatsApp-Image-2020-05-10-at-12.30.36-4.jpeg\"><img loading=\"lazy\" decoding=\"async\" class=\"wp-image-905 size-medium\" src=\"https:\/\/agora.xtec.cat\/cee-canbarriga\/wp-content\/uploads\/usu1664\/2020\/05\/WhatsApp-Image-2020-05-10-at-12.30.36-4-300x225.jpeg\" alt=\"\" width=\"300\" height=\"225\" srcset=\"https:\/\/agora.xtec.cat\/cee-canbarriga\/wp-content\/uploads\/usu1664\/2020\/05\/WhatsApp-Image-2020-05-10-at-12.30.36-4-300x225.jpeg 300w, https:\/\/agora.xtec.cat\/cee-canbarriga\/wp-content\/uploads\/usu1664\/2020\/05\/WhatsApp-Image-2020-05-10-at-12.30.36-4-768x576.jpeg 768w, https:\/\/agora.xtec.cat\/cee-canbarriga\/wp-content\/uploads\/usu1664\/2020\/05\/WhatsApp-Image-2020-05-10-at-12.30.36-4-1024x768.jpeg 1024w, https:\/\/agora.xtec.cat\/cee-canbarriga\/wp-content\/uploads\/usu1664\/2020\/05\/WhatsApp-Image-2020-05-10-at-12.30.36-4-200x150.jpeg 200w, https:\/\/agora.xtec.cat\/cee-canbarriga\/wp-content\/uploads\/usu1664\/2020\/05\/WhatsApp-Image-2020-05-10-at-12.30.36-4.jpeg 1600w\" sizes=\"auto, (max-width: 300px) 100vw, 300px\" \/><\/a><figcaption class=\"wp-caption-text\">Cal que creixen les fabes amb una canya de guia .<\/figcaption><\/figure>\n<figure class=\"figure wp-caption aligncenter\"><a href=\"https:\/\/agora.xtec.cat\/cee-canbarriga\/wp-content\/uploads\/usu1664\/2020\/11\/foto-web.jpg\"><img loading=\"lazy\" decoding=\"async\" class=\"wp-image-1194 size-medium\" src=\"https:\/\/agora.xtec.cat\/cee-canbarriga\/wp-content\/uploads\/usu1664\/2020\/11\/foto-web-300x169.jpg\" alt=\"\" width=\"300\" height=\"169\" srcset=\"https:\/\/agora.xtec.cat\/cee-canbarriga\/wp-content\/uploads\/usu1664\/2020\/11\/foto-web-300x169.jpg 300w, https:\/\/agora.xtec.cat\/cee-canbarriga\/wp-content\/uploads\/usu1664\/2020\/11\/foto-web-768x432.jpg 768w, https:\/\/agora.xtec.cat\/cee-canbarriga\/wp-content\/uploads\/usu1664\/2020\/11\/foto-web-1024x576.jpg 1024w\" sizes=\"auto, (max-width: 300px) 100vw, 300px\" \/><\/a><figcaption class=\"wp-caption-text\">Preparem la terra per comen\u00e7ar a plantar<\/figcaption><\/figure>\n<p>&nbsp;<\/p>\n<p>Tenim tot un projecte did\u00e0ctic i pr\u00e0ctic , properament publicarem el diari de l&#8217;hort i m\u00e9s fotos &#8230;\ud83d\ude03<\/p>\n<p>&nbsp;<\/p>\n","protected":false},"excerpt":{"rendered":"<p>\ud83c\udf46\ud83c\udf4e\ud83c\udf40\ud83c\udf41\ud83c\udf48\ud83c\udf47<a href=\"http:\/\/ceecanbarriga.blogspot.com\/p\/el-nostre-hort.html\">PROJECTE HORT <\/a><br \/>\n&nbsp;<br \/>\n&nbsp;<br \/>\nL&#8217; entorn natural\u00a0 \u00a0de l&#8217; escola , ens permet tenir un hort, en el qual els alumnes treballen peri\u00f2dicament per torns .<br \/>\nPlantem , cuidem, collim.<br \/>\n<a href=\"https:\/\/agora.xtec.cat\/cee-canbarriga\/wp-content\/uploads\/usu1664\/2020\/05\/WhatsApp-Image-2020-05-10-at-12.30.36-4.jpeg\"><\/a>Cal que creixen les fabes amb una canya de guia .<br \/>\n<a href=\"https:\/\/agora.xtec.cat\/cee-canbarriga\/wp-content\/uploads\/usu1664\/2020\/11\/foto-web.jpg\"><\/a>Preparem la terra per comen\u00e7ar a&hellip;  <a href=\"https:\/\/agora.xtec.cat\/cee-canbarriga\/hort\/\" title=\"Read HORT\">Llegeix m\u00e9s\u00bb<\/a><\/p>\n","protected":false},"author":1,"featured_media":0,"parent":0,"menu_order":0,"comment_status":"closed","ping_status":"closed","template":"page-templates\/side-menu.php","meta":{"_bbp_topic_count":0,"_bbp_reply_count":0,"_bbp_total_topic_count":0,"_bbp_total_reply_count":0,"_bbp_voice_count":0,"_bbp_anonymous_reply_count":0,"_bbp_topic_count_hidden":0,"_bbp_reply_count_hidden":0,"_bbp_forum_subforum_count":0,"footnotes":""},"class_list":["post-893","page","type-page","status-publish","hentry"],"post_mailing_queue_ids":[],"_links":{"self":[{"href":"https:\/\/agora.xtec.cat\/cee-canbarriga\/wp-json\/wp\/v2\/pages\/893","targetHints":{"allow":["GET"]}}],"collection":[{"href":"https:\/\/agora.xtec.cat\/cee-canbarriga\/wp-json\/wp\/v2\/pages"}],"about":[{"href":"https:\/\/agora.xtec.cat\/cee-canbarriga\/wp-json\/wp\/v2\/types\/page"}],"author":[{"embeddable":true,"href":"https:\/\/agora.xtec.cat\/cee-canbarriga\/wp-json\/wp\/v2\/users\/1"}],"replies":[{"embeddable":true,"href":"https:\/\/agora.xtec.cat\/cee-canbarriga\/wp-json\/wp\/v2\/comments?post=893"}],"version-history":[{"count":4,"href":"https:\/\/agora.xtec.cat\/cee-canbarriga\/wp-json\/wp\/v2\/pages\/893\/revisions"}],"predecessor-version":[{"id":2348,"href":"https:\/\/agora.xtec.cat\/cee-canbarriga\/wp-json\/wp\/v2\/pages\/893\/revisions\/2348"}],"wp:attachment":[{"href":"https:\/\/agora.xtec.cat\/cee-canbarriga\/wp-json\/wp\/v2\/media?parent=893"}],"curies":[{"name":"wp","href":"https:\/\/api.w.org\/{rel}","templated":true}]}}