{"id":795,"date":"2020-05-14T19:39:46","date_gmt":"2020-05-14T17:39:46","guid":{"rendered":"https:\/\/agora.xtec.cat\/cee-canbarriga\/?page_id=795"},"modified":"2020-10-14T21:49:22","modified_gmt":"2020-10-14T19:49:22","slug":"jardi-de-papallones","status":"publish","type":"page","link":"https:\/\/agora.xtec.cat\/cee-canbarriga\/jardi-de-papallones\/","title":{"rendered":"Jard\u00ed de papallones"},"content":{"rendered":"<p>El jard\u00ed de papallones consta d&#8217;unes plantes arom\u00e0tiques que s\u00f3n les necess\u00e0ries per contribuir a preservar la biodiversitat<br \/>\nLes papallones s\u00f3n f\u00e0cils d\u2019observar i\u00a0la seva pres\u00e8ncia indica un indret amb<br \/>\nbona salut ambiental.<br \/>\nPer realitzar el jard\u00ed s&#8217;ha d&#8217; escollir les plantes segons l\u2019esp\u00e8cie de<br \/>\npapallona que nodreixen, agrupades per colors i mides.<\/p>\n<p>Podeu veure aquest v\u00eddeo explicatiu.<a href=\"https:\/\/prezi.com\/xxvzkohu93aa\/jardi\/\">v\u00eddeo del nostre jard\u00ed de papallones<\/a><\/p>\n","protected":false},"excerpt":{"rendered":"<p>El jard\u00ed de papallones consta d&#8217;unes plantes arom\u00e0tiques que s\u00f3n les necess\u00e0ries per contribuir a preservar la biodiversitat<br \/>\nLes papallones s\u00f3n f\u00e0cils d\u2019observar i\u00a0la seva pres\u00e8ncia indica un indret amb<br \/>\nbona salut ambiental.<br \/>\nPer realitzar el jard\u00ed s&#8217;ha d&#8217; escollir les plantes segons l\u2019esp\u00e8cie de<br \/>\npapallona que nodreixen, agrupades&hellip;  <a href=\"https:\/\/agora.xtec.cat\/cee-canbarriga\/jardi-de-papallones\/\" title=\"Read Jard\u00ed de papallones\">Llegeix m\u00e9s\u00bb<\/a><\/p>\n","protected":false},"author":1,"featured_media":0,"parent":0,"menu_order":0,"comment_status":"closed","ping_status":"closed","template":"","meta":{"_bbp_topic_count":0,"_bbp_reply_count":0,"_bbp_total_topic_count":0,"_bbp_total_reply_count":0,"_bbp_voice_count":0,"_bbp_anonymous_reply_count":0,"_bbp_topic_count_hidden":0,"_bbp_reply_count_hidden":0,"_bbp_forum_subforum_count":0,"footnotes":""},"class_list":["post-795","page","type-page","status-publish","hentry"],"post_mailing_queue_ids":[],"_links":{"self":[{"href":"https:\/\/agora.xtec.cat\/cee-canbarriga\/wp-json\/wp\/v2\/pages\/795","targetHints":{"allow":["GET"]}}],"collection":[{"href":"https:\/\/agora.xtec.cat\/cee-canbarriga\/wp-json\/wp\/v2\/pages"}],"about":[{"href":"https:\/\/agora.xtec.cat\/cee-canbarriga\/wp-json\/wp\/v2\/types\/page"}],"author":[{"embeddable":true,"href":"https:\/\/agora.xtec.cat\/cee-canbarriga\/wp-json\/wp\/v2\/users\/1"}],"replies":[{"embeddable":true,"href":"https:\/\/agora.xtec.cat\/cee-canbarriga\/wp-json\/wp\/v2\/comments?post=795"}],"version-history":[{"count":2,"href":"https:\/\/agora.xtec.cat\/cee-canbarriga\/wp-json\/wp\/v2\/pages\/795\/revisions"}],"predecessor-version":[{"id":1146,"href":"https:\/\/agora.xtec.cat\/cee-canbarriga\/wp-json\/wp\/v2\/pages\/795\/revisions\/1146"}],"wp:attachment":[{"href":"https:\/\/agora.xtec.cat\/cee-canbarriga\/wp-json\/wp\/v2\/media?parent=795"}],"curies":[{"name":"wp","href":"https:\/\/api.w.org\/{rel}","templated":true}]}}